{"id":39215,"date":"2025-02-10T01:54:30","date_gmt":"2025-02-10T01:54:30","guid":{"rendered":"https:\/\/bazaar.express\/product\/cartouche-2\/"},"modified":"2025-02-10T01:54:30","modified_gmt":"2025-02-10T01:54:30","slug":"cartouche-2","status":"publish","type":"product","link":"https:\/\/bazaar.express\/ro\/produs\/cartouche-2\/","title":{"rendered":"Cartu\u0219 personalizat"},"content":{"rendered":"<h2 data-start=\"249\" data-end=\"329\">Cartu\u0219 personalizat \u2013 Pandantiv din argint sterling 925 realizat manual \u00een Egipt<\/h2>\n<p data-start=\"331\" data-end=\"693\">Descoper\u0103 elegan\u021ba atemporal\u0103 a Egiptului antic cu pandantivul nostru cartu\u0219 personalizat din argint sterling 925. Aceast\u0103 bijuterie realizat\u0103 manual este mai mult dec\u00e2t o pl\u0103cu\u021b\u0103 cu nume \u2014 este un simbol istoric al identit\u0103\u021bii, protec\u021biei \u0219i mo\u0219tenirii. Cartu\u0219ul, o form\u0103 oval\u0103 care \u00eenconjura numele faraonilor, era considerat protector al sufletului \u0219i p\u0103str\u0103tor al numelui pentru eternitate.<\/p>\n<p data-start=\"695\" data-end=\"999\">Cu numele t\u0103u gravat \u00een hieroglife egiptene autentice, arab\u0103 sau englez\u0103, acest pandantiv personalizat ofer\u0103 o leg\u0103tur\u0103 puternic\u0103 \u0219i personal\u0103 cu istoria antic\u0103. Fie c\u0103 \u00eel por\u021bi pentru mod\u0103, semnifica\u021bie spiritual\u0103 sau apreciere cultural\u0103, acest cartu\u0219 este un simbol al frumuse\u021bii \u0219i for\u021bei atemporale.<\/p>\n<h3 data-start=\"1001\" data-end=\"1025\">Ce este un cartu\u0219?<\/h3>\n<p data-start=\"1027\" data-end=\"1435\">\u00cen Egiptul antic, un cartu\u0219 (scris \u0219i \u201ecartouch\u201d sau \u201ecartush\u201d) era o form\u0103 oval\u0103 cu o linie orizontal\u0103 la un cap\u0103t, care \u00eenconjura numele unei figuri regale. Simboliza protec\u021bia, via\u021ba etern\u0103 \u0219i puterea divin\u0103. Faraonii foloseau cartu\u0219e pentru a se identifica at\u00e2t \u00een via\u021b\u0103, c\u00e2t \u0219i \u00een via\u021ba de apoi. Acest emblem\u0103 sacr\u0103 era considerat\u0103 un scut \u00eempotriva r\u0103ului \u0219i garan\u021bie c\u0103 numele purt\u0103torului va d\u0103inui genera\u021bii la r\u00e2nd.<\/p>\n<p data-start=\"1437\" data-end=\"1567\">Ast\u0103zi, un cartu\u0219 personalizat continu\u0103 aceast\u0103 mo\u0219tenire \u2014 \u00eembin\u00e2nd istorie, simbolism \u0219i stil \u00eentr-un singur accesoriu plin de sens.<\/p>\n<h3 data-start=\"1569\" data-end=\"1615\">De ce s\u0103 alegi pandantivul nostru cartu\u0219 egiptean?<\/h3>\n<ul data-start=\"1617\" data-end=\"2236\">\n<li data-start=\"1617\" data-end=\"1759\">\n<p data-start=\"1619\" data-end=\"1759\"><strong data-start=\"1619\" data-end=\"1655\">Me\u0219te\u0219ug egiptean autentic<\/strong>: Fiecare pandantiv este realizat manual de me\u0219teri egipteni experimenta\u021bi folosind tehnici tradi\u021bionale de bijuterii.<\/p>\n<\/li>\n<li data-start=\"1760\" data-end=\"1863\">\n<p data-start=\"1762\" data-end=\"1863\"><strong data-start=\"1762\" data-end=\"1782\">Material premium<\/strong>: Realizat din argint sterling 925 autentic pentru un finisaj durabil \u0219i elegant care rezist\u0103.<\/p>\n<\/li>\n<li data-start=\"1864\" data-end=\"2016\">\n<p data-start=\"1866\" data-end=\"2016\"><strong data-start=\"1866\" data-end=\"1892\">Gravur\u0103 personalizat\u0103<\/strong>: Personalizeaz\u0103 cu numele t\u0103u (p\u00e2n\u0103 la 9 litere) \u00een hieroglife, arab\u0103 sau englez\u0103 \u2014 tradus cu grij\u0103 de echipa noastr\u0103 de exper\u021bi.<\/p>\n<\/li>\n<li data-start=\"2017\" data-end=\"2131\">\n<p data-start=\"2019\" data-end=\"2131\"><strong data-start=\"2019\" data-end=\"2041\">Simbolic \u0219i stilat<\/strong>: O pies\u0103 statement modern\u0103 cu semnifica\u021bie spiritual\u0103 antic\u0103 \u2014 perfect\u0103 pentru orice ocazie.<\/p>\n<\/li>\n<li data-start=\"2132\" data-end=\"2236\">\n<p data-start=\"2134\" data-end=\"2236\"><strong data-start=\"2134\" data-end=\"2155\">\u0218tampil\u0103 oficial\u0103<\/strong>: \u0218tampilat\u0103 de guvernul egiptean pentru a garanta autenticitatea \u0219i puritatea argintului.<\/p>\n<\/li>\n<\/ul>\n<h3 data-start=\"2238\" data-end=\"2257\">Detalii produs<\/h3>\n<ul data-start=\"2259\" data-end=\"2628\">\n<li data-start=\"2259\" data-end=\"2302\">\n<p data-start=\"2261\" data-end=\"2302\"><strong data-start=\"2261\" data-end=\"2273\">Material<\/strong>: Argint sterling 925 solid<\/p>\n<\/li>\n<li data-start=\"2303\" data-end=\"2384\">\n<p data-start=\"2305\" data-end=\"2384\"><strong data-start=\"2305\" data-end=\"2326\">Op\u021biuni gravur\u0103<\/strong>: Hieroglife, arab\u0103 sau englez\u0103 (p\u00e2n\u0103 la 9 caractere)<\/p>\n<\/li>\n<li data-start=\"2385\" data-end=\"2478\">\n<p data-start=\"2387\" data-end=\"2478\"><strong data-start=\"2387\" data-end=\"2403\">Dimensiune pandantiv<\/strong>: Variaz\u0103 \u00een func\u021bie de lungimea numelui t\u0103u (medie 2 inci \/ 5.1 cm)<\/p>\n<\/li>\n<li data-start=\"2479\" data-end=\"2535\">\n<p data-start=\"2481\" data-end=\"2535\"><strong data-start=\"2481\" data-end=\"2491\">Finisaj<\/strong>: Argint lucios sau oxidat (stil antic)<\/p>\n<\/li>\n<li data-start=\"2536\" data-end=\"2573\">\n<p data-start=\"2538\" data-end=\"2573\"><strong data-start=\"2538\" data-end=\"2547\">Form\u0103<\/strong>: Oval cartu\u0219 clasic<\/p>\n<\/li>\n<li data-start=\"2574\" data-end=\"2628\">\n<p data-start=\"2576\" data-end=\"2628\"><strong data-start=\"2576\" data-end=\"2586\">L\u0103n\u021bi\u0219oare<\/strong>: V\u00e2ndute separat (disponibile \u00een magazinul nostru)<\/p>\n<\/li>\n<\/ul>\n<h3 data-start=\"2630\" data-end=\"2667\">Cum s\u0103 personalizezi cartu\u0219ul t\u0103u<\/h3>\n<p data-start=\"2669\" data-end=\"2709\">La plasarea comenzii, furnizeaz\u0103 pur \u0219i simplu:<\/p>\n<ul data-start=\"2710\" data-end=\"2805\">\n<li data-start=\"2710\" data-end=\"2748\">\n<p data-start=\"2712\" data-end=\"2748\">Numele sau cuv\u00e2ntul pe care vrei s\u0103 fie gravat<\/p>\n<\/li>\n<li data-start=\"2749\" data-end=\"2805\">\n<p data-start=\"2751\" data-end=\"2805\">Limba dorit\u0103: Hieroglific\u0103, arab\u0103 sau englez\u0103<\/p>\n<\/li>\n<\/ul>\n<p data-start=\"2807\" data-end=\"3045\">Op\u021bional: Po\u021bi solicita ad\u0103ugarea de simboluri egiptene antice precum Ankh (via\u021b\u0103), Scarab (rena\u0219tere), Eye of Horus (protec\u021bie), Winged Isis (magie), Lotus (puritate) sau Nefertiti (regalitate) \u2014 fiecare simbol adaug\u0103 un sens mai profund pandantivului t\u0103u.<\/p>\n<h3 data-start=\"3467\" data-end=\"3507\">Un cadou plin de sens cu putere antic\u0103<\/h3>\n<p data-start=\"3509\" data-end=\"3762\">Prezentat \u00eentr-o cutie elegant\u0103 pentru bijuterii, acest cartu\u0219 personalizat reprezint\u0103 un cadou atent \u0219i simbolic pentru zile de na\u0219tere, anivers\u0103ri, absolviri sau orice moment special. Este cadoul perfect pentru oricine este fascinat de istorie, mitologie sau bijuterii spirituale.<\/p>\n<p data-start=\"3764\" data-end=\"4024\">Forma oval\u0103 a cartu\u0219ului provine din \u201einelul shen\u201d, un hieroglif care \u00eenseamn\u0103 eternitate \u0219i \u00eentregime. A\u0219a cum domnitorii antici precum Ramses II \u0219i Tutankhamon \u0219i-au imortalizat numele \u00een aur \u0219i piatr\u0103, acum po\u021bi purta identitatea ta \u00een acela\u0219i cadru sacru.<\/p>\n<p data-start=\"4026\" data-end=\"4100\">Acesta nu este doar un colier \u2014 este o pies\u0103 atemporal\u0103 de mo\u0219tenire \u0219i putere.<\/p>\n<h3 data-start=\"4102\" data-end=\"4129\">Purt\u0103 o bucat\u0103 de istorie<\/h3>\n<p data-start=\"4131\" data-end=\"4297\">Las\u0103-\u021bi numele gravat \u00een aceea\u0219i form\u0103 care odat\u0103 \u00eempodobea monumentele faraonilor. Un cartu\u0219 egiptean personalizat este mai mult dec\u00e2t o declara\u021bie de mod\u0103 \u2014 este o mo\u0219tenire.<\/p>\n<p data-start=\"4299\" data-end=\"4400\">Comand\u0103-\u021bi ast\u0103zi pandantivul personalizat \u0219i poart\u0103-\u021bi identitatea cu m\u00e2ndrie, stil \u0219i for\u021b\u0103 antic\u0103.<\/p>\n","protected":false},"excerpt":{"rendered":"<h3 data-start=\"440\" data-end=\"716\">De\u021bine o pies\u0103 atemporal\u0103 din Egiptul antic cu acest pandantiv cartu\u0219 din argint sterling 925 realizat manual. Personalizat cu numele t\u0103u \u00een hieroglife, arab\u0103 sau englez\u0103, acest colier unic \u00eembin\u0103 mo\u0219tenirea cultural\u0103 cu stilul modern. Fabricat \u00een Egipt \u0219i \u0219tampilat pentru autenticitate.<\/h3>\n","protected":false},"featured_media":9232,"comment_status":"open","ping_status":"closed","template":"","meta":[],"product_brand":[],"product_cat":[1150,1151,1153],"product_tag":[1238],"class_list":{"0":"post-39215","1":"product","2":"type-product","3":"status-publish","4":"has-post-thumbnail","6":"product_cat-comori-egiptene","7":"product_cat-cele-mai-bune-din-egipt","8":"product_cat-oferte-speciale","9":"product_tag-suveniruri","11":"first","12":"instock","13":"sale","14":"shipping-taxable","15":"purchasable","16":"product-type-simple"},"_links":{"self":[{"href":"https:\/\/bazaar.express\/ro\/wp-json\/wp\/v2\/product\/39215","targetHints":{"allow":["GET"]}}],"collection":[{"href":"https:\/\/bazaar.express\/ro\/wp-json\/wp\/v2\/product"}],"about":[{"href":"https:\/\/bazaar.express\/ro\/wp-json\/wp\/v2\/types\/product"}],"replies":[{"embeddable":true,"href":"https:\/\/bazaar.express\/ro\/wp-json\/wp\/v2\/comments?post=39215"}],"wp:featuredmedia":[{"embeddable":true,"href":"https:\/\/bazaar.express\/ro\/wp-json\/wp\/v2\/media\/9232"}],"wp:attachment":[{"href":"https:\/\/bazaar.express\/ro\/wp-json\/wp\/v2\/media?parent=39215"}],"wp:term":[{"taxonomy":"product_brand","embeddable":true,"href":"https:\/\/bazaar.express\/ro\/wp-json\/wp\/v2\/product_brand?post=39215"},{"taxonomy":"product_cat","embeddable":true,"href":"https:\/\/bazaar.express\/ro\/wp-json\/wp\/v2\/product_cat?post=39215"},{"taxonomy":"product_tag","embeddable":true,"href":"https:\/\/bazaar.express\/ro\/wp-json\/wp\/v2\/product_tag?post=39215"}],"curies":[{"name":"wp","href":"https:\/\/api.w.org\/{rel}","templated":true}]}}