{"id":39226,"date":"2025-02-09T02:59:41","date_gmt":"2025-02-09T02:59:41","guid":{"rendered":"https:\/\/bazaar.express\/product\/cartus-5\/"},"modified":"2025-02-09T02:59:41","modified_gmt":"2025-02-09T02:59:41","slug":"cartus-5","status":"publish","type":"product","link":"https:\/\/bazaar.express\/ro\/produs\/cartus-5\/","title":{"rendered":"Colier Cartu\u0219 din Argint"},"content":{"rendered":"<h2 data-start=\"322\" data-end=\"404\"><strong data-start=\"326\" data-end=\"404\">Colier Cartu\u0219 din Argint Sterling \u2013 Bijuterie Egiptean\u0103 Personalizat\u0103 Antic\u0103<\/strong><\/h2>\n<p data-start=\"406\" data-end=\"734\">Transform\u0103-\u021bi numele \u00een hieroglife egiptene antice cu acest superb <strong data-start=\"479\" data-end=\"530\">colier cartu\u0219 din argint sterling cu gravur\u0103 pe ambele fe\u021be<\/strong>, realizat manual \u00een Cairo, Egipt. Fie c\u0103 e\u0219ti pasionat de istorie antic\u0103, simbolism egiptean sau bijuterii personalizate, acest <strong data-start=\"648\" data-end=\"681\">cartu\u0219 din argint sterling 925<\/strong> aduce mistica faraonilor \u00een m\u00e2inile tale.<\/p>\n<p data-start=\"736\" data-end=\"1002\">Fiecare pies\u0103 este <strong data-start=\"750\" data-end=\"786\">realizat\u0103 la comand\u0103 de me\u0219teri experimenta\u021bi<\/strong> \u00een iconicul <strong data-start=\"801\" data-end=\"827\">Khan El Khalili Bazaar<\/strong>, folosind tehnici tradi\u021bionale transmise din genera\u021bie \u00een genera\u021bie. Acest colier personalizat este mai mult dec\u00e2t un accesoriu \u2013 este o leg\u0103tur\u0103 cu o civiliza\u021bie veche de 5.000 de ani.<\/p>\n<h3 data-start=\"1009\" data-end=\"1037\"><strong data-start=\"1013\" data-end=\"1037\">Ce este un cartu\u0219?<\/strong><\/h3>\n<p data-start=\"1039\" data-end=\"1297\">\u00cen Egiptul antic, un <strong data-start=\"1059\" data-end=\"1072\">cartu\u0219<\/strong> (din cuv\u00e2ntul francez pentru \u201ecartu\u0219\u201d) era un <strong data-start=\"1119\" data-end=\"1163\">simbol oval care \u00eenconjura numele regale<\/strong> scrise \u00een hieroglife. Designul s\u0103u \u00een bucl\u0103 \u2013 derivat din <strong data-start=\"1225\" data-end=\"1240\">\u201einelul shen\u201d<\/strong> \u2013 simboliza <strong data-start=\"1254\" data-end=\"1296\">eternitatea, protec\u021bia \u0219i puterea divin\u0103<\/strong>.<\/p>\n<p data-start=\"1299\" data-end=\"1580\">Ini\u021bial folosit de faraonii egipteni, cartu\u0219ul servea at\u00e2t ca <strong data-start=\"1366\" data-end=\"1389\">talisman protector<\/strong>, c\u00e2t \u0219i ca reprezentare a identit\u0103\u021bii divine a regelui. Tradi\u021bia dateaz\u0103 din <strong data-start=\"1474\" data-end=\"1489\">Dinastia a 2-a<\/strong>, c\u00e2\u0219tig\u00e2nd utilizare larg\u0103 \u00een timpul domniei <strong data-start=\"1534\" data-end=\"1553\">faraonului Sneferu<\/strong> din <strong data-start=\"1561\" data-end=\"1579\">Dinastia a 4-a<\/strong>.<\/p>\n<p data-start=\"1582\" data-end=\"1752\"><strong data-start=\"1582\" data-end=\"1595\">Fapt interesant:<\/strong> C\u00e2nd savan\u021bii lui Napoleon au v\u0103zut acest simbol oval \u00een timpul expedi\u021biei sale egiptene din 1798, au crezut c\u0103 seam\u0103n\u0103 cu un cartu\u0219 de glon\u021b, de unde \u0219i numele \u201ecartouche\u201d.<\/p>\n<h3 data-start=\"1759\" data-end=\"1796\"><strong data-start=\"1763\" data-end=\"1796\">Gravur\u0103 personalizat\u0103 cu hieroglife<\/strong><\/h3>\n<p data-start=\"1798\" data-end=\"1921\">Pandantivul t\u0103u cartu\u0219 va fi gravat cu numele sau cuv\u00e2ntul ales de tine folosind <strong data-start=\"1878\" data-end=\"1920\">hieroglife egiptene antice autentice<\/strong>.<\/p>\n<p data-start=\"1923\" data-end=\"2175\">Me\u0219terii no\u0219tri califica\u021bi sunt instrui\u021bi \u00een <strong data-start=\"1959\" data-end=\"1987\">traducerea hieroglific\u0103<\/strong> \u0219i scrierea cartu\u0219elor pentru a asigura <strong data-start=\"2020\" data-end=\"2071\">inscrip\u021bii precise \u0219i respectuoase cultural<\/strong>. Fie c\u0103 numele t\u0103u este \u00een englez\u0103 sau arab\u0103, \u00eel vom traduce cu precizie \u00een <strong data-start=\"2150\" data-end=\"2174\">simboluri hieroglifice<\/strong>.<\/p>\n<p data-start=\"2177\" data-end=\"2213\"><strong data-start=\"2177\" data-end=\"2213\">Op\u021biuni de dimensiune \u0219i limite de caractere:<\/strong><\/p>\n<ul data-start=\"2214\" data-end=\"2376\">\n<li data-start=\"2214\" data-end=\"2252\">\n<p data-start=\"2216\" data-end=\"2252\"><strong data-start=\"2216\" data-end=\"2232\">Mic (1.5&#8243;)<\/strong> \u2013 P\u00e2n\u0103 la 3 simboluri<\/p>\n<\/li>\n<li data-start=\"2253\" data-end=\"2293\">\n<p data-start=\"2255\" data-end=\"2293\"><strong data-start=\"2255\" data-end=\"2273\">Mediu (1.75&#8243;)<\/strong> \u2013 P\u00e2n\u0103 la 5 simboluri<\/p>\n<\/li>\n<li data-start=\"2294\" data-end=\"2330\">\n<p data-start=\"2296\" data-end=\"2330\"><strong data-start=\"2296\" data-end=\"2310\">Mare (2&#8243;)<\/strong> \u2013 P\u00e2n\u0103 la 7 simboluri<\/p>\n<\/li>\n<li data-start=\"2331\" data-end=\"2376\">\n<p data-start=\"2333\" data-end=\"2376\"><strong data-start=\"2333\" data-end=\"2356\">Extra Mare (2.25&#8243;)<\/strong> \u2013 P\u00e2n\u0103 la 9 simboluri<\/p>\n<\/li>\n<\/ul>\n<blockquote data-start=\"2378\" data-end=\"2527\">\n<p data-start=\"2380\" data-end=\"2527\">Pentru personalizare, furnizeaz\u0103-\u021bi pur \u0219i simplu numele la finalizare comand\u0103. Echipa noastr\u0103 se va ocupa de rest, asigur\u00e2ndu-se c\u0103 cartu\u0219ul t\u0103u este redat frumos \u0219i corect.<\/p>\n<\/blockquote>\n<h3 data-start=\"2534\" data-end=\"2564\"><strong data-start=\"2538\" data-end=\"2564\">Specifica\u021bii produs<\/strong><\/h3>\n<ul data-start=\"2566\" data-end=\"2966\">\n<li data-start=\"2566\" data-end=\"2638\">\n<p data-start=\"2568\" data-end=\"2638\"><strong data-start=\"2568\" data-end=\"2581\">Material:<\/strong> Argint Sterling 925 (\u0218tampil\u0103 oficial\u0103 guvernamental\u0103 egiptean\u0103)<\/p>\n<\/li>\n<li data-start=\"2639\" data-end=\"2701\">\n<p data-start=\"2641\" data-end=\"2701\"><strong data-start=\"2641\" data-end=\"2652\">Finisaj:<\/strong> Argint lustruit cu detalii oxidate op\u021bionale<\/p>\n<\/li>\n<li data-start=\"2702\" data-end=\"2782\">\n<p data-start=\"2704\" data-end=\"2782\"><strong data-start=\"2704\" data-end=\"2724\">Personalizare:<\/strong> Gravur\u0103 pe ambele fe\u021be (Hieroglife \/ Arab\u0103 \/ Englez\u0103)<\/p>\n<\/li>\n<li data-start=\"2783\" data-end=\"2845\">\n<p data-start=\"2785\" data-end=\"2845\"><strong data-start=\"2785\" data-end=\"2804\">Lungime pandantiv:<\/strong> \u00cen func\u021bie de num\u0103rul de caractere \u0219i dimensiunea aleas\u0103<\/p>\n<\/li>\n<li data-start=\"2846\" data-end=\"2900\">\n<p data-start=\"2848\" data-end=\"2900\"><strong data-start=\"2848\" data-end=\"2865\">Lungime lan\u021b:<\/strong> Lan\u021b din argint sterling 18&#8243; inclus<\/p>\n<\/li>\n<li data-start=\"2901\" data-end=\"2966\">\n<p data-start=\"2903\" data-end=\"2966\"><strong data-start=\"2903\" data-end=\"2917\">Ambalaj:<\/strong> Cutie elegant\u0103 din catifea \u2013 perfect\u0103 pentru cadou<\/p>\n<\/li>\n<\/ul>\n<h3 data-start=\"3201\" data-end=\"3226\"><strong data-start=\"3205\" data-end=\"3226\">Instruc\u021biuni de \u00eengrijire<\/strong><\/h3>\n<p data-start=\"3228\" data-end=\"3301\">Pentru a men\u021bine frumuse\u021bea \u0219i durabilitatea colierului t\u0103u cartu\u0219 egiptean:<\/p>\n<ul data-start=\"3303\" data-end=\"3492\">\n<li data-start=\"3303\" data-end=\"3351\">\n<p data-start=\"3305\" data-end=\"3351\">Scoate-l \u00eenainte de du\u0219, \u00eenot sau somn<\/p>\n<\/li>\n<li data-start=\"3352\" data-end=\"3404\">\n<p data-start=\"3354\" data-end=\"3404\">Evit\u0103 expunerea la lo\u021biuni, parfumuri \u0219i chimicale<\/p>\n<\/li>\n<li data-start=\"3405\" data-end=\"3449\">\n<p data-start=\"3407\" data-end=\"3449\">Cur\u0103\u021b\u0103-l u\u0219or cu s\u0103pun bl\u00e2nd \u0219i ap\u0103 c\u0103ldu\u021b\u0103<\/p>\n<\/li>\n<li data-start=\"3450\" data-end=\"3492\">\n<p data-start=\"3452\" data-end=\"3492\">P\u0103streaz\u0103-l uscat \u00eentr-o pung\u0103 moale sau cutie de bijuterii<\/p>\n<\/li>\n<\/ul>\n<h3 data-start=\"3499\" data-end=\"3535\"><strong data-start=\"3503\" data-end=\"3535\">Un cadou semnificativ din Egipt<\/strong><\/h3>\n<p data-start=\"3537\" data-end=\"3809\">Fiecare colier ajunge \u00een <strong data-start=\"3562\" data-end=\"3585\">ambalaj luxos<\/strong>, gata s\u0103 fie oferit unei persoane dragi \u2013 sau \u021bie \u00eensu\u021bi! Fie c\u0103 este <strong data-start=\"3649\" data-end=\"3661\">zi de na\u0219tere<\/strong>, <strong data-start=\"3663\" data-end=\"3678\">aniversare<\/strong>, <strong data-start=\"3680\" data-end=\"3694\">absolvire<\/strong> sau <strong data-start=\"3699\" data-end=\"3715\">pur \u0219i simplu<\/strong>, acest pandantiv cartu\u0219 este o pies\u0103 atemporal\u0103 de bijuterie personalizat\u0103 cu r\u0103d\u0103cini culturale profunde.<\/p>\n<p data-start=\"3811\" data-end=\"3990\">Nu este doar un colier \u2013 este o <strong data-start=\"3845\" data-end=\"3867\">pies\u0103 de conversa\u021bie<\/strong>, un <strong data-start=\"3871\" data-end=\"3894\">artefact istoric<\/strong> \u0219i un <strong data-start=\"3902\" data-end=\"3947\">simbol al protec\u021biei, identit\u0103\u021bii \u0219i puterii<\/strong> transmis din epoca faraonilor.<\/p>\n<h3 data-start=\"3997\" data-end=\"4019\"><strong data-start=\"4001\" data-end=\"4019\">De ce s\u0103 ne alegi?<\/strong><\/h3>\n<ul data-start=\"4021\" data-end=\"4280\">\n<li data-start=\"4021\" data-end=\"4066\">\n<p data-start=\"4023\" data-end=\"4066\"><strong data-start=\"4026\" data-end=\"4047\">Realizat manual \u00een Egipt<\/strong> de bijutieri exper\u021bi<\/p>\n<\/li>\n<li data-start=\"4067\" data-end=\"4110\">\n<p data-start=\"4069\" data-end=\"4110\"><strong data-start=\"4072\" data-end=\"4110\">Traducere hieroglific\u0103 autentic\u0103<\/strong><\/p>\n<\/li>\n<li data-start=\"4111\" data-end=\"4164\">\n<p data-start=\"4113\" data-end=\"4164\"><strong data-start=\"4117\" data-end=\"4164\">Precizie cultural\u0103 \u0219i inspira\u021bie istoric\u0103<\/strong><\/p>\n<\/li>\n<li data-start=\"4165\" data-end=\"4201\">\n<p data-start=\"4167\" data-end=\"4201\"><strong data-start=\"4170\" data-end=\"4201\">Sus\u021binut de mo\u0219tenirea egiptean\u0103<\/strong><\/p>\n<\/li>\n<li data-start=\"4202\" data-end=\"4234\">\n<p data-start=\"4204\" data-end=\"4234\"><strong data-start=\"4207\" data-end=\"4234\">Ambalaj gata de cadou<\/strong><\/p>\n<\/li>\n<li data-start=\"4235\" data-end=\"4280\">\n<p data-start=\"4237\" data-end=\"4280\"><strong data-start=\"4240\" data-end=\"4280\">Suport rapid pentru comenzi personalizate<\/strong><\/p>\n<\/li>\n<\/ul>\n<p data-start=\"4287\" data-end=\"4430\"><strong data-start=\"4287\" data-end=\"4430\">Purt\u0103-\u021bi numele ca faraonii. Comand\u0103-\u021bi ast\u0103zi colierul personalizat cartu\u0219 din argint sterling \u0219i de\u021bine o bucat\u0103 din istoria egiptean\u0103 antic\u0103.<\/strong><\/p>\n<p style=\"text-align: center;\">Mul\u021bumim c\u0103 ai cump\u0103rat de la <em data-start=\"415\" data-end=\"431\"><a href=\"https:\/\/bazaar.express\/ro\/\">Bazaar Express<\/a><\/em> \u2013 suntem \u00eenc\u00e2nta\u021bi s\u0103 te avem al\u0103turi!<\/p>\n<p style=\"text-align: center;\">Descoper\u0103 farmecul artei antice cu colec\u021bia noastr\u0103 <a href=\"https:\/\/bazaar.express\/product-category\/egyptian-treasures\/\">Egyptian Treasures<\/a>.<\/p>\n","protected":false},"excerpt":{"rendered":"<h3 data-start=\"528\" data-end=\"697\">Purt\u0103-\u021bi numele ca un faraon cu acest colier personalizat cartu\u0219 din argint, realizat manual \u00een Cairo cu hieroglife egiptene antice autentice. Un cadou atemporal \u0219i simbolic.<\/h3>\n","protected":false},"featured_media":9242,"comment_status":"open","ping_status":"closed","template":"","meta":[],"product_brand":[],"product_cat":[1150],"product_tag":[1238],"class_list":{"0":"post-39226","1":"product","2":"type-product","3":"status-publish","4":"has-post-thumbnail","6":"product_cat-comori-egiptene","7":"product_tag-suveniruri","8":"pa_l-xl-l","9":"pa_l-xl-m","10":"pa_l-xl-s","11":"pa_l-xl-xl","13":"first","14":"instock","15":"sale","16":"shipping-taxable","17":"purchasable","18":"product-type-variable"},"_links":{"self":[{"href":"https:\/\/bazaar.express\/ro\/wp-json\/wp\/v2\/product\/39226","targetHints":{"allow":["GET"]}}],"collection":[{"href":"https:\/\/bazaar.express\/ro\/wp-json\/wp\/v2\/product"}],"about":[{"href":"https:\/\/bazaar.express\/ro\/wp-json\/wp\/v2\/types\/product"}],"replies":[{"embeddable":true,"href":"https:\/\/bazaar.express\/ro\/wp-json\/wp\/v2\/comments?post=39226"}],"wp:featuredmedia":[{"embeddable":true,"href":"https:\/\/bazaar.express\/ro\/wp-json\/wp\/v2\/media\/9242"}],"wp:attachment":[{"href":"https:\/\/bazaar.express\/ro\/wp-json\/wp\/v2\/media?parent=39226"}],"wp:term":[{"taxonomy":"product_brand","embeddable":true,"href":"https:\/\/bazaar.express\/ro\/wp-json\/wp\/v2\/product_brand?post=39226"},{"taxonomy":"product_cat","embeddable":true,"href":"https:\/\/bazaar.express\/ro\/wp-json\/wp\/v2\/product_cat?post=39226"},{"taxonomy":"product_tag","embeddable":true,"href":"https:\/\/bazaar.express\/ro\/wp-json\/wp\/v2\/product_tag?post=39226"}],"curies":[{"name":"wp","href":"https:\/\/api.w.org\/{rel}","templated":true}]}}