{"id":39233,"date":"2025-02-08T00:25:51","date_gmt":"2025-02-08T00:25:51","guid":{"rendered":"https:\/\/bazaar.express\/product\/flowers-marsa-alam\/"},"modified":"2026-02-27T14:28:40","modified_gmt":"2026-02-27T14:28:40","slug":"flowers-marsa-alam","status":"publish","type":"product","link":"https:\/\/bazaar.express\/ro\/produs\/flowers-marsa-alam\/","title":{"rendered":"Flori livrate ast\u0103zi \u00een Marsa Alam"},"content":{"rendered":"<h2 data-start=\"277\" data-end=\"374\"><strong>Flori livrate ast\u0103zi \u00een Marsa Alam \u2013 Livrare \u00een aceea\u0219i zi de trandafiri ro\u0219ii pentru ocazii romantice<\/strong><\/h2>\n<p data-start=\"376\" data-end=\"779\">C\u0103uta\u021bi modul perfect de a face ziua cuiva special\u0103 \u00een Marsa Alam? Serviciul nostru de <strong data-start=\"445\" data-end=\"473\">livrare de flori \u00een aceea\u0219i zi<\/strong> aduce un buchet impresionant de <strong data-start=\"515\" data-end=\"539\">15 trandafiri ro\u0219ii premium<\/strong> direct la u\u0219a persoanei iubite \u2013 proaspete, elegante \u0219i pline de iubire. Fie c\u0103 este o surpriz\u0103 pentru Ziua \u00cendr\u0103gosti\u021bilor, o aniversare romantic\u0103 sau pur \u0219i simplu a\u0219a, acest aranjament floral modern este conceput s\u0103 lase o impresie puternic\u0103 \u0219i de neuitat.<\/p>\n<h3 data-start=\"786\" data-end=\"837\"><strong data-start=\"790\" data-end=\"837\">De ce s\u0103 alege\u021bi 15 trandafiri ro\u0219ii ca dar romantic?<\/strong><\/h3>\n<p data-start=\"839\" data-end=\"1131\">Trandafirii ro\u0219ii sunt de mult simbolul universal al iubirii profunde \u0219i pasiunii. Un buchet de 15 are o semnifica\u021bie suplimentar\u0103 \u2013 simbolizeaz\u0103 scuze, admira\u021bie \u0219i devotament. Aranjamentul nostru realizat cu expertiz\u0103, prezentat \u00een <strong data-start=\"1044\" data-end=\"1068\">ambalaj alb impecabil<\/strong>, adaug\u0103 un aer sleek \u0219i modern unui gest romantic atemporal.<\/p>\n<h3 data-start=\"1138\" data-end=\"1197\"><strong data-start=\"1142\" data-end=\"1197\">Ce include livrarea dvs. de flori \u00een Marsa Alam?<\/strong><\/h3>\n<ul data-start=\"1199\" data-end=\"1560\">\n<li data-start=\"1199\" data-end=\"1271\">\n<p data-start=\"1201\" data-end=\"1271\"><strong data-start=\"1201\" data-end=\"1223\">Tip floare proasp\u0103t\u0103:<\/strong> Trandafiri ro\u0219ii premium cu tulpini lungi, selecta\u021bi manual<\/p>\n<\/li>\n<li data-start=\"1272\" data-end=\"1329\">\n<p data-start=\"1274\" data-end=\"1329\"><strong data-start=\"1274\" data-end=\"1287\">Cantitate:<\/strong> 15 flori vibrante, aranjate frumos<\/p>\n<\/li>\n<li data-start=\"1330\" data-end=\"1404\">\n<p data-start=\"1332\" data-end=\"1404\"><strong data-start=\"1332\" data-end=\"1349\">Prezentare:<\/strong> \u00cempachetat \u00een h\u00e2rtie alb\u0103 elegant\u0103 \u00een stil minimalist<\/p>\n<\/li>\n<li data-start=\"1405\" data-end=\"1509\">\n<p data-start=\"1407\" data-end=\"1509\"><strong data-start=\"1407\" data-end=\"1423\">Perfect pentru:<\/strong> Gesturi romantice, anivers\u0103ri, cereri \u00een c\u0103s\u0103torie, zile de na\u0219tere sau doar pentru a spune \u201eTe iubesc\u201d<\/p>\n<\/li>\n<li data-start=\"1510\" data-end=\"1560\">\n<p data-start=\"1512\" data-end=\"1560\"><strong data-start=\"1512\" data-end=\"1526\">Durat\u0103:<\/strong> Rezist\u0103 5\u20137 zile cu \u00eengrijire adecvat\u0103<\/p>\n<\/li>\n<\/ul>\n<h3 data-start=\"1567\" data-end=\"1637\"><strong data-start=\"1571\" data-end=\"1637\">Livrare de flori \u00een aceea\u0219i zi \u00een Marsa Alam \u2013 Rapid\u0103, gratuit\u0103 \u0219i de \u00eencredere<\/strong><\/h3>\n<p data-start=\"1639\" data-end=\"1890\">\u00cen\u021belegem c\u0103 <strong data-start=\"1658\" data-end=\"1676\">momentul conteaz\u0103<\/strong> c\u00e2nd exprima\u021bi iubirea. De aceea oferim <strong data-start=\"1719\" data-end=\"1758\">livrare \u00een aceea\u0219i zi \u00een Marsa Alam<\/strong> \u2013 gratuit. Fie c\u0103 sunte\u021bi \u00een ora\u0219 sau surprinde\u021bi pe cineva de la distan\u021b\u0103, buchetul va sosi proasp\u0103t \u0219i la timp, garantat.<\/p>\n<ul data-start=\"1892\" data-end=\"2082\">\n<li data-start=\"1892\" data-end=\"1943\">\n<p data-start=\"1894\" data-end=\"1943\"><strong data-start=\"1897\" data-end=\"1923\">Livrare gratuit\u0103 \u00een aceea\u0219i zi<\/strong> \u00een Marsa Alam<\/p>\n<\/li>\n<li data-start=\"1944\" data-end=\"1999\">\n<p data-start=\"1946\" data-end=\"1999\"><strong data-start=\"1949\" data-end=\"1972\">Livrare manual\u0103 local\u0103<\/strong> de c\u0103tre florari profesioni\u0219ti<\/p>\n<\/li>\n<li data-start=\"2000\" data-end=\"2082\">\n<p data-start=\"2002\" data-end=\"2082\"><strong data-start=\"2005\" data-end=\"2023\">Ora limit\u0103 comand\u0103:<\/strong> Livrare \u00een aceea\u0219i zi disponibil\u0103 pentru comenzile plasate \u00eenainte de 16:00<\/p>\n<\/li>\n<\/ul>\n<h3 data-start=\"2089\" data-end=\"2131\"><strong data-start=\"2093\" data-end=\"2131\">Sfaturi de \u00eengrijire pentru trandafiri mai durabili<\/strong><\/h3>\n<p data-start=\"2133\" data-end=\"2170\">Pentru a v\u0103 p\u0103stra trandafirii vii \u0219i proaspe\u021bi:<\/p>\n<ul data-start=\"2172\" data-end=\"2400\">\n<li data-start=\"2172\" data-end=\"2247\">\n<p data-start=\"2174\" data-end=\"2247\">T\u0103ia\u021bi tulpinile diagonal sub ap\u0103 curg\u0103toare \u00eenainte de a le pune \u00een vaz\u0103<\/p>\n<\/li>\n<li data-start=\"2248\" data-end=\"2280\">\n<p data-start=\"2250\" data-end=\"2280\">Schimba\u021bi apa la fiecare 1\u20132 zile<\/p>\n<\/li>\n<li data-start=\"2281\" data-end=\"2346\">\n<p data-start=\"2283\" data-end=\"2346\">\u021aine\u021bi-i \u00eentr-un loc r\u0103coros, departe de lumina direct\u0103 a soarelui \u0219i c\u0103ldur\u0103<\/p>\n<\/li>\n<li data-start=\"2347\" data-end=\"2400\">\n<p data-start=\"2349\" data-end=\"2400\">\u00cendep\u0103rta\u021bi petalele ofilite pentru a ajuta celelalte s\u0103 reziste mai mult<\/p>\n<\/li>\n<\/ul>\n<h3 data-start=\"2407\" data-end=\"2457\"><strong data-start=\"2411\" data-end=\"2457\">Ad\u0103uga\u021bi o not\u0103 personal\u0103 cu un mesaj personalizat<\/strong><\/h3>\n<p data-start=\"2459\" data-end=\"2674\">Fiecare livrare de flori include o <strong data-start=\"2492\" data-end=\"2514\">carte de felicitare gratuit\u0103<\/strong>. Ad\u0103uga\u021bi o not\u0103 de dragoste personal\u0103 sau un mesaj din inim\u0103 \u2013 echipa noastr\u0103 o va tip\u0103ri frumos \u0219i o va include \u00een comanda dvs. Este finisajul perfect pentru a ar\u0103ta c\u0103 v\u0103 pas\u0103.<\/p>\n<h3 data-start=\"2681\" data-end=\"2723\"><strong data-start=\"2685\" data-end=\"2723\">Perfect pentru orice ocazie special\u0103<\/strong><\/h3>\n<ul data-start=\"2725\" data-end=\"3014\">\n<li data-start=\"2725\" data-end=\"2780\">\n<p data-start=\"2727\" data-end=\"2780\"><strong data-start=\"2727\" data-end=\"2746\">Ziua \u00cendr\u0103gosti\u021bilor<\/strong> \u2013 Buchetul romantic suprem<\/p>\n<\/li>\n<li data-start=\"2781\" data-end=\"2843\">\n<p data-start=\"2783\" data-end=\"2843\"><strong data-start=\"2783\" data-end=\"2800\">Anivers\u0103ri<\/strong> \u2013 Declara\u021bie clasic\u0103 de iubire durabil\u0103<\/p>\n<\/li>\n<li data-start=\"2844\" data-end=\"2888\">\n<p data-start=\"2846\" data-end=\"2888\"><strong data-start=\"2846\" data-end=\"2862\">Ziua Mamei<\/strong> \u2013 Elegant \u0219i din inim\u0103<\/p>\n<\/li>\n<li data-start=\"2889\" data-end=\"2954\">\n<p data-start=\"2891\" data-end=\"2954\"><strong data-start=\"2891\" data-end=\"2904\">Zile de na\u0219tere<\/strong> \u2013 Ad\u0103uga\u021bi farmec \u0219i c\u0103ldur\u0103 zilei speciale cuiva<\/p>\n<\/li>\n<li data-start=\"2955\" data-end=\"3014\">\n<p data-start=\"2957\" data-end=\"3014\"><strong data-start=\"2957\" data-end=\"2985\">Scuze sau cadou surpriz\u0103<\/strong> \u2013 C\u00e2nd cuvintele nu sunt suficiente<\/p>\n<\/li>\n<\/ul>\n<h3 data-start=\"3021\" data-end=\"3073\"><strong data-start=\"3025\" data-end=\"3073\">De ce Marsa Alam ne alege pentru livr\u0103ri de flori<\/strong><\/h3>\n<ul data-start=\"3075\" data-end=\"3400\">\n<li data-start=\"3075\" data-end=\"3158\">\n<p data-start=\"3077\" data-end=\"3158\">\u2705 <strong data-start=\"3079\" data-end=\"3099\">Expertiz\u0103 local\u0103:<\/strong> Oper\u0103m din Marsa Alam cu o echip\u0103 dedicat\u0103 de florari<\/p>\n<\/li>\n<li data-start=\"3159\" data-end=\"3216\">\n<p data-start=\"3161\" data-end=\"3216\">\u2705 <strong data-start=\"3163\" data-end=\"3179\">Calitate superioar\u0103:<\/strong> Folosim doar flori proaspete, clasa A<\/p>\n<\/li>\n<li data-start=\"3217\" data-end=\"3304\">\n<p data-start=\"3219\" data-end=\"3304\">\u2705 <strong data-start=\"3221\" data-end=\"3246\">Prezentare elegant\u0103:<\/strong> Fiecare buchet este ambalat cu grij\u0103 pentru un sentiment luxos<\/p>\n<\/li>\n<li data-start=\"3305\" data-end=\"3400\">\n<p data-start=\"3307\" data-end=\"3400\">\u2705 <strong data-start=\"3309\" data-end=\"3332\">Logistic\u0103 de \u00eencredere:<\/strong> De la preparare la livrare la u\u0219\u0103, asigur\u0103m un proces fluent<\/p>\n<\/li>\n<\/ul>\n<h3 data-start=\"3407\" data-end=\"3448\"><strong data-start=\"3411\" data-end=\"3448\">\u00centreb\u0103ri frecvente (\u00ce.F.)<\/strong><\/h3>\n<p data-start=\"3450\" data-end=\"3611\"><strong data-start=\"3450\" data-end=\"3505\">\u00ce: Pot ad\u0103uga ciocolat\u0103 sau un cadou la flori?<\/strong><br data-start=\"3505\" data-end=\"3508\" \/>R: Da! Oferim adaosuri op\u021bionale precum cutii de ciocolat\u0103, baloane \u0219i ur\u0219i de plu\u0219 \u2013 solicita\u021bi la finalizare comand\u0103.<\/p>\n<p data-start=\"3613\" data-end=\"3769\"><strong data-start=\"3613\" data-end=\"3659\">\u00ce: Ce se \u00eent\u00e2mpl\u0103 dac\u0103 nimeni nu este acas\u0103 la livrare?<\/strong><br data-start=\"3659\" data-end=\"3662\" \/>R: Vom contacta destinatarul pentru coordonare sau vom l\u0103sa buchetul \u00eentr-un loc umbros \u0219i sigur, dac\u0103 este permis.<\/p>\n<p data-start=\"3771\" data-end=\"3916\"><strong data-start=\"3771\" data-end=\"3829\">\u00ce: Livreaz\u0103 la resorturi \u0219i hoteluri din Marsa Alam?<\/strong><br data-start=\"3829\" data-end=\"3832\" \/>R: Absolut. Include\u021bi numele complet al hotelului\/resortului \u0219i num\u0103rul camerei, dac\u0103 este disponibil.<\/p>\n<h3 data-start=\"3923\" data-end=\"3996\"><strong data-start=\"3927\" data-end=\"3996\">Comanda\u021bi trandafirii romantici acum \u2013 Locuri limitate pentru livrare \u00een aceea\u0219i zi!<\/strong><\/h3>\n<p data-start=\"3998\" data-end=\"4204\">S\u0103rb\u0103tori\u021bi iubirea \u00een stil cu <strong data-start=\"4032\" data-end=\"4062\">15 trandafiri ro\u0219ii de neuitat<\/strong>, livra\u021bi manual \u00een Marsa Alam. Exper\u021bii no\u0219tri \u00een flori prepar\u0103 fiecare buchet cu grij\u0103, asigur\u00e2nd c\u0103 darul dvs. este memorabil precum momentul trimiterii.<\/p>\n<p data-start=\"4206\" data-end=\"4273\"><strong data-start=\"4209\" data-end=\"4273\">Exprima\u021bi-v\u0103 iubirea cu flori care spun mai mult dec\u00e2t cuvintele.<\/strong><\/p>\n<p data-start=\"4275\" data-end=\"4386\">V\u0103 mul\u021bumim c\u0103 a\u021bi ales <strong data-start=\"4298\" data-end=\"4386\">Bazaar Express \u2013 flor\u0103ria de \u00eencredere din Marsa Alam pentru flori de calitate \u0219i cadouri sincere.<\/strong><\/p>\n<p data-start=\"4275\" data-end=\"4386\">\n<p style=\"text-align: center;\">Mul\u021bumim c\u0103 a\u021bi cump\u0103rat de la <em data-start=\"415\" data-end=\"431\"><a href=\"https:\/\/bazaar.express\/ro\/\">Bazaar Express<\/a><\/em> \u2013 suntem \u00eenc\u00e2nta\u021bi s\u0103 v\u0103 avem!<\/p>\n<p style=\"text-align: center;\">De la vibrante la delicate \u2013 descoperi\u021bi <a href=\"https:\/\/bazaar.express\/product-category\/flowers-red-sea-delivery\/\">Flori<\/a> care vorbesc elegan\u021b\u0103.<\/p>\n","protected":false},"excerpt":{"rendered":"<h3 data-start=\"420\" data-end=\"593\">Trimite\u021bi 15 trandafiri ro\u0219ii premium cu livrare \u00een aceea\u0219i zi \u00een Marsa Alam. Ambala\u021bi elegant \u00een alb, perfec\u021bi pentru gesturi romantice precum Ziua \u00cendr\u0103gosti\u021bilor, anivers\u0103ri sau zile de na\u0219tere.<\/h3>\n<h3><\/h3>\n","protected":false},"featured_media":9246,"comment_status":"open","ping_status":"closed","template":"","meta":[],"product_brand":[],"product_cat":[1149,1157],"product_tag":[],"class_list":{"0":"post-39233","1":"product","2":"type-product","3":"status-publish","4":"has-post-thumbnail","6":"product_cat-livrare-flori-marea-rosie","7":"product_cat-flori-marsa-alam","9":"first","10":"instock","11":"sale","12":"shipping-taxable","13":"purchasable","14":"product-type-simple"},"_links":{"self":[{"href":"https:\/\/bazaar.express\/ro\/wp-json\/wp\/v2\/product\/39233","targetHints":{"allow":["GET"]}}],"collection":[{"href":"https:\/\/bazaar.express\/ro\/wp-json\/wp\/v2\/product"}],"about":[{"href":"https:\/\/bazaar.express\/ro\/wp-json\/wp\/v2\/types\/product"}],"replies":[{"embeddable":true,"href":"https:\/\/bazaar.express\/ro\/wp-json\/wp\/v2\/comments?post=39233"}],"wp:featuredmedia":[{"embeddable":true,"href":"https:\/\/bazaar.express\/ro\/wp-json\/wp\/v2\/media\/9246"}],"wp:attachment":[{"href":"https:\/\/bazaar.express\/ro\/wp-json\/wp\/v2\/media?parent=39233"}],"wp:term":[{"taxonomy":"product_brand","embeddable":true,"href":"https:\/\/bazaar.express\/ro\/wp-json\/wp\/v2\/product_brand?post=39233"},{"taxonomy":"product_cat","embeddable":true,"href":"https:\/\/bazaar.express\/ro\/wp-json\/wp\/v2\/product_cat?post=39233"},{"taxonomy":"product_tag","embeddable":true,"href":"https:\/\/bazaar.express\/ro\/wp-json\/wp\/v2\/product_tag?post=39233"}],"curies":[{"name":"wp","href":"https:\/\/api.w.org\/{rel}","templated":true}]}}