{"id":39280,"date":"2025-01-26T00:23:18","date_gmt":"2025-01-26T00:23:18","guid":{"rendered":"https:\/\/bazaar.express\/product\/vase-2\/"},"modified":"2025-01-26T00:23:18","modified_gmt":"2025-01-26T00:23:18","slug":"vase-2","status":"publish","type":"product","link":"https:\/\/bazaar.express\/ro\/produs\/vase-2\/","title":{"rendered":"Vaz\u0103"},"content":{"rendered":"<h2 data-start=\"307\" data-end=\"372\">Vaz\u0103 \u2013 Elegan\u021b\u0103 egiptean\u0103 din alabastru realizat\u0103 manual \u00een fiecare detaliu<\/h2>\n<h3 data-start=\"374\" data-end=\"440\">Descoperi\u021bi m\u0103iestria atemporal\u0103 cu vaza din alabastru realizat\u0103 manual<\/h3>\n<p data-start=\"442\" data-end=\"822\">Aduce\u021bi o not\u0103 de frumuse\u021be antic\u0103 \u00een spa\u021biul dvs. cu <strong data-start=\"497\" data-end=\"536\">Vaza egiptean\u0103 din alabastru realizat\u0103 manual<\/strong>. Fiecare pies\u0103 este sculptat\u0103 cu m\u0103iestrie de artizani egipteni folosind 100% alabastru natural, o piatr\u0103 luxoas\u0103 renumit\u0103 pentru transluciditatea sa delicat\u0103 \u0219i venaturile unice. Fie expus\u0103 singur\u0103 sau folosit\u0103 pentru aranjamente florale, aceast\u0103 vaz\u0103 confer\u0103 elegan\u021b\u0103 \u0219i istorie oric\u0103rei camere.<\/p>\n<h3 data-start=\"824\" data-end=\"872\">Realizat\u0103 din 100% alabastru egiptean natural<\/h3>\n<p data-start=\"874\" data-end=\"1169\">Vazele noastre sunt confec\u021bionate exclusiv din <strong data-start=\"910\" data-end=\"949\">alabastru autentic extras \u00een Egipt<\/strong>, cunoscut pentru modelele sale naturale \u0219i aspectul luminoase. F\u0103r\u0103 materiale sintetice \u2013 doar piatr\u0103 pur\u0103, autentic\u0103, care aduce spiritul Nilului \u00een casa dvs. Fiecare curb\u0103 \u0219i nuan\u021b\u0103 spune povestea p\u0103m\u00e2ntului din care provine.<\/p>\n<h3 data-start=\"1171\" data-end=\"1212\">Realizat\u0103 manual de artizani egipteni pricepu\u021bi<\/h3>\n<p data-start=\"1214\" data-end=\"1475\">Fiecare vaz\u0103 este <strong data-start=\"1228\" data-end=\"1272\">cioplit\u0103 \u0219i lustruit\u0103 manual cu mare aten\u021bie<\/strong>, asigur\u00e2nd c\u0103 nicio dou\u0103 piese nu sunt identice. Arti\u0219tii folosesc metode tradi\u021bionale transmise din genera\u021bie \u00een genera\u021bie, p\u0103str\u00e2nd mo\u0219tenirea cultural\u0103 a Egiptului \u0219i cre\u00e2nd piese unice pentru case moderne.<\/p>\n<h3 data-start=\"1477\" data-end=\"1516\">Design versatil pentru cas\u0103 sau birou<\/h3>\n<p data-start=\"1518\" data-end=\"1603\">Cu o \u00een\u0103l\u021bime de <strong data-start=\"1535\" data-end=\"1544\">18 cm<\/strong>, aceast\u0103 vaz\u0103 din alabastru este perfect\u0103 pentru diverse utiliz\u0103ri:<\/p>\n<ul data-start=\"1604\" data-end=\"1788\">\n<li data-start=\"1604\" data-end=\"1644\">\n<p data-start=\"1606\" data-end=\"1644\">Expune\u021bi-o singur\u0103 ca pies\u0103 sculptural\u0103.<\/p>\n<\/li>\n<li data-start=\"1645\" data-end=\"1683\">\n<p data-start=\"1647\" data-end=\"1683\">Umple\u021bi-o cu flori uscate sau proaspete.<\/p>\n<\/li>\n<li data-start=\"1684\" data-end=\"1738\">\n<p data-start=\"1686\" data-end=\"1738\">Utiliza\u021bi-o ca element central pe o mas\u0103 de dining sau de cafea.<\/p>\n<\/li>\n<li data-start=\"1739\" data-end=\"1788\">\n<p data-start=\"1741\" data-end=\"1788\">Ad\u0103uga\u021bi o not\u0103 exotic\u0103 biroului sau holului de intrare.<\/p>\n<\/li>\n<\/ul>\n<h3 data-start=\"1790\" data-end=\"1824\">De ce s\u0103 alege\u021bi vaza noastr\u0103 din alabastru?<\/h3>\n<ul data-start=\"1826\" data-end=\"2255\">\n<li data-start=\"1826\" data-end=\"1935\">\n<p data-start=\"1828\" data-end=\"1935\"><strong data-start=\"1828\" data-end=\"1854\">Autentic\u0103 &#038; Exclusiv\u0103:<\/strong> Fiecare vaz\u0103 este unic\u0103 datorit\u0103 venelor naturale ale alabastrului \u0219i finisajului manual.<\/p>\n<\/li>\n<li data-start=\"1936\" data-end=\"2063\">\n<p data-start=\"1938\" data-end=\"2063\"><strong data-start=\"1938\" data-end=\"1962\">Alegere perfect\u0103 de cadou:<\/strong> Ideal\u0103 pentru nun\u021bi, anivers\u0103ri, mut\u0103ri \u00een cas\u0103 nou\u0103 sau colec\u021bionari de art\u0103 care apreciaz\u0103 decorul semnificativ.<\/p>\n<\/li>\n<li data-start=\"2064\" data-end=\"2162\">\n<p data-start=\"2066\" data-end=\"2162\"><strong data-start=\"2066\" data-end=\"2086\">Etic\u0103 &#038; Local\u0103:<\/strong> Realizat\u0103 manual \u00een Egipt, sprijinind artizanii locali \u0219i conservarea patrimoniului.<\/p>\n<\/li>\n<li data-start=\"2163\" data-end=\"2255\">\n<p data-start=\"2165\" data-end=\"2255\"><strong data-start=\"2165\" data-end=\"2188\">Durabilitate natural\u0103:<\/strong> Alabastrul este rezistent pe termen lung \u0219i devine tot mai fermec\u0103tor cu timpul.<\/p>\n<\/li>\n<\/ul>\n<h3 data-start=\"2257\" data-end=\"2283\">Specifica\u021bii produs<\/h3>\n<ul data-start=\"2285\" data-end=\"2480\">\n<li data-start=\"2285\" data-end=\"2334\">\n<p data-start=\"2287\" data-end=\"2334\"><strong data-start=\"2287\" data-end=\"2300\">Material:<\/strong> 100% Alabastru egiptean natural<\/p>\n<\/li>\n<li data-start=\"2335\" data-end=\"2397\">\n<p data-start=\"2337\" data-end=\"2397\"><strong data-start=\"2337\" data-end=\"2347\">Culoare:<\/strong> Variaz\u0103 natural (alb, crem, vene bej deschise)<\/p>\n<\/li>\n<li data-start=\"2398\" data-end=\"2419\">\n<p data-start=\"2400\" data-end=\"2419\"><strong data-start=\"2400\" data-end=\"2411\">\u00cen\u0103l\u021bime:<\/strong> 18 cm<\/p>\n<\/li>\n<li data-start=\"2420\" data-end=\"2448\">\n<p data-start=\"2422\" data-end=\"2448\"><strong data-start=\"2422\" data-end=\"2433\">Greutate:<\/strong> Aprox. 1 kg<\/p>\n<\/li>\n<li data-start=\"2449\" data-end=\"2480\">\n<p data-start=\"2451\" data-end=\"2480\"><strong data-start=\"2451\" data-end=\"2462\">Origine:<\/strong> Realizat manual \u00een Egipt<\/p>\n<\/li>\n<\/ul>\n<h3 data-start=\"2925\" data-end=\"2976\">Aduce\u021bi sufletul Egiptului antic \u00een spa\u021biul dvs.<\/h3>\n<p data-start=\"2978\" data-end=\"3267\">Aceast\u0103 <strong data-start=\"2983\" data-end=\"3022\">Vaz\u0103 egiptean\u0103 din alabastru realizat\u0103 manual<\/strong> nu este doar un accesoriu pentru cas\u0103 \u2013 este o pies\u0103 de art\u0103 atemporal\u0103 care une\u0219te trecutul \u0219i prezentul. Fie c\u0103 decora\u021bi propriul spa\u021biu sau o oferi\u021bi cuiva drag, ea aduce elegan\u021b\u0103, m\u0103iestrie \u0219i o poveste care va d\u0103inui genera\u021bii \u00eentregi.<\/p>\n<p data-start=\"3269\" data-end=\"3340\">\ud83d\uded2 <strong data-start=\"3272\" data-end=\"3340\">Comanda\u021bi acum \u0219i celebra\u021bi arta Egiptului \u00een decorul dvs. zilnic!<\/strong><\/p>\n<h4 style=\"text-align: center;\"><strong>\u00a0<\/strong><\/h4>\n<p style=\"text-align: center;\">Mul\u021bumim c\u0103 a\u021bi ales s\u0103 cump\u0103ra\u021bi de la <em data-start=\"415\" data-end=\"431\"><a href=\"https:\/\/bazaar.express\/ro\/\">Bazaar Express<\/a><\/em> \u2013 suntem bucuro\u0219i s\u0103 v\u0103 avem al\u0103turi!<\/p>\n<p style=\"text-align: center;\">Descoperi\u021bi farmecul artei antice cu colec\u021bia noastr\u0103 <a href=\"https:\/\/bazaar.express\/product-category\/egyptian-treasures\/\">Comori egiptene<\/a>.<\/p>\n","protected":false},"excerpt":{"rendered":"<h3 data-start=\"490\" data-end=\"721\">Aceast\u0103 vaz\u0103 egiptean\u0103 din alabastru realizat\u0103 manual este o pies\u0103 unic\u0103 de decor cioplit\u0103 din 100% piatr\u0103 natural\u0103. Realizat\u0103 de artizani pricepu\u021bi, adaug\u0103 elegan\u021b\u0103 \u0219i mo\u0219tenire oric\u0103rui spa\u021biu. Ideal\u0103 pentru aranjamente florale sau ca pies\u0103 independent\u0103 atemporal\u0103.<\/h3>\n","protected":false},"featured_media":39281,"comment_status":"open","ping_status":"closed","template":"","meta":[],"product_brand":[],"product_cat":[1150],"product_tag":[1246,1238],"class_list":{"0":"post-39280","1":"product","2":"type-product","3":"status-publish","4":"has-post-thumbnail","6":"product_cat-comori-egiptene","7":"product_tag-cadouri","8":"product_tag-suveniruri","10":"first","11":"instock","12":"shipping-taxable","13":"purchasable","14":"product-type-simple"},"_links":{"self":[{"href":"https:\/\/bazaar.express\/ro\/wp-json\/wp\/v2\/product\/39280","targetHints":{"allow":["GET"]}}],"collection":[{"href":"https:\/\/bazaar.express\/ro\/wp-json\/wp\/v2\/product"}],"about":[{"href":"https:\/\/bazaar.express\/ro\/wp-json\/wp\/v2\/types\/product"}],"replies":[{"embeddable":true,"href":"https:\/\/bazaar.express\/ro\/wp-json\/wp\/v2\/comments?post=39280"}],"wp:featuredmedia":[{"embeddable":true,"href":"https:\/\/bazaar.express\/ro\/wp-json\/wp\/v2\/media\/39281"}],"wp:attachment":[{"href":"https:\/\/bazaar.express\/ro\/wp-json\/wp\/v2\/media?parent=39280"}],"wp:term":[{"taxonomy":"product_brand","embeddable":true,"href":"https:\/\/bazaar.express\/ro\/wp-json\/wp\/v2\/product_brand?post=39280"},{"taxonomy":"product_cat","embeddable":true,"href":"https:\/\/bazaar.express\/ro\/wp-json\/wp\/v2\/product_cat?post=39280"},{"taxonomy":"product_tag","embeddable":true,"href":"https:\/\/bazaar.express\/ro\/wp-json\/wp\/v2\/product_tag?post=39280"}],"curies":[{"name":"wp","href":"https:\/\/api.w.org\/{rel}","templated":true}]}}