{"id":39453,"date":"2025-01-22T17:30:59","date_gmt":"2025-01-22T17:30:59","guid":{"rendered":"https:\/\/bazaar.express\/product\/towel-set-6\/"},"modified":"2025-01-22T17:30:59","modified_gmt":"2025-01-22T17:30:59","slug":"towel-set-6","status":"publish","type":"product","link":"https:\/\/bazaar.express\/ro\/produs\/towel-set-6\/","title":{"rendered":"Set de prosoape &#8211; 100% bumbac egiptean"},"content":{"rendered":"<h2 data-start=\"171\" data-end=\"256\">Set prosoape Sigma 55 Gold Jacquard \u2013 4 Buc\u0103\u021bi | 100% Bumbac Egiptean | Fabricat \u00een Egipt<\/h2>\n<h3 data-start=\"258\" data-end=\"318\">Ridica\u021bi rutina zilnic\u0103 cu luxul bumbacului egiptean<\/h3>\n<p data-start=\"320\" data-end=\"699\">Ad\u0103uga\u021bi o not\u0103 de elegan\u021b\u0103 b\u0103ii dvs. cu <strong data-start=\"370\" data-end=\"406\">Setul de prosoape Sigma 55 Gold Jacquard<\/strong>. Acest set de 4 buc\u0103\u021bi, realizat integral din <strong data-start=\"448\" data-end=\"472\">100% bumbac egiptean<\/strong>, combin\u0103 luxul atemporal, absorb\u021bia superioar\u0103 \u0219i un design frumos. Fie c\u0103 moderniza\u021bi esen\u021bialele b\u0103ii sau c\u0103uta\u021bi cadoul perfect, acest set \u00eembin\u0103 func\u021bionalitatea cu stilul pentru o experien\u021b\u0103 de baie rafinat\u0103.<\/p>\n<h3 data-start=\"706\" data-end=\"732\">Ce include setul?<\/h3>\n<p data-start=\"734\" data-end=\"766\">Acest set premium de prosoape include:<\/p>\n<ul data-start=\"767\" data-end=\"915\">\n<li data-start=\"767\" data-end=\"915\">\n<p data-start=\"769\" data-end=\"915\"><strong data-start=\"769\" data-end=\"786\">4 Prosoape de baie<\/strong> \u2013 Fiecare cu dimensiunea <strong data-start=\"804\" data-end=\"819\">55 x 115 cm<\/strong>, suficient de mari pentru a v\u0103 \u00eenveli confortabil corpul \u0219i a v\u0103 usca eficient dup\u0103 fiecare utilizare.<\/p>\n<\/li>\n<\/ul>\n<h3 data-start=\"922\" data-end=\"938\">Caracteristici cheie<\/h3>\n<h4 data-start=\"940\" data-end=\"1001\">100% Bumbac Egiptean \u2013 Moale\u021be \u0219i Durabilitate de Neegalat<\/h4>\n<p data-start=\"1002\" data-end=\"1276\">Prosoapele Sigma sunt realizate din <strong data-start=\"1036\" data-end=\"1063\">bumbac egiptean autentic<\/strong>, celebrat la nivel global pentru <strong data-start=\"1093\" data-end=\"1114\">fibrele sale lungi \u0219i fine<\/strong>. Acest lucru asigur\u0103 o moale\u021be maxim\u0103, rezisten\u021b\u0103 \u0219i durabilitate. Spre deosebire de bumbacul obi\u0219nuit, bumbacul egiptean se simte mai luxos \u0219i r\u0103m\u00e2ne pufos chiar \u0219i dup\u0103 sp\u0103l\u0103ri frecvente.<\/p>\n<h4 data-start=\"1278\" data-end=\"1324\">Design Jacquard \u2013 Frumuse\u021be \u0219i Func\u021bionalitate<\/h4>\n<p data-start=\"1325\" data-end=\"1548\">Fiecare prosop prezint\u0103 un elegant <strong data-start=\"1356\" data-end=\"1381\">model jacquard auriu<\/strong> care adaug\u0103 un aer sofisticat decorului b\u0103ii dvs. Nu este doar o chestiune de aspect \u2013 \u021bes\u0103tura \u00ee\u0219i p\u0103streaz\u0103 moale\u021bea oferind prosopului un look clasic \u0219i elegant.<\/p>\n<h4 data-start=\"1550\" data-end=\"1577\">Absorb\u021bie Excelent\u0103<\/h4>\n<p data-start=\"1578\" data-end=\"1737\">Datorit\u0103 bumbacului egiptean de calitate superioar\u0103, aceste prosoape <strong data-start=\"1635\" data-end=\"1660\">absoarbe apa rapid<\/strong> \u0219i <strong data-start=\"1665\" data-end=\"1679\">se usuc\u0103 mai repede<\/strong>, oferindu-v\u0103 o senza\u021bie revigorant\u0103 dup\u0103 fiecare baie sau du\u0219.<\/p>\n<h4 data-start=\"1739\" data-end=\"1785\">Varietate Multicolor \u2013 Se Potrive\u0219te Oric\u0103rei B\u0103i<\/h4>\n<p data-start=\"1786\" data-end=\"1922\">Acest set este disponibil \u00eentr-o <strong data-start=\"1806\" data-end=\"1835\">gam\u0103 de nuan\u021be multicolor<\/strong>, de la pasteluri moi la culori \u00eendr\u0103zne\u021be, facilit\u00e2nd potrivirea cu orice tem\u0103 de baie.<\/p>\n<h4 data-start=\"1924\" data-end=\"1955\">Durabil \u0219i Rezistent la Decolorare<\/h4>\n<p data-start=\"1956\" data-end=\"2151\">Proiectate pentru utilizare zilnic\u0103, aceste prosoape <strong data-start=\"1995\" data-end=\"2034\">\u00ee\u0219i p\u0103streaz\u0103 str\u0103lucirea \u0219i textura<\/strong> chiar \u0219i dup\u0103 sp\u0103l\u0103ri repetate. Rezisten\u021ba la decolorare \u0219i robuste\u021bea lor asigur\u0103 c\u0103 r\u0103m\u00e2n la fel de vibrante \u0219i moi ca \u00een prima zi.<\/p>\n<h4 data-start=\"2153\" data-end=\"2174\">Bl\u00e2nd cu Pielea<\/h4>\n<p data-start=\"2175\" data-end=\"2304\">Bucura\u021bi-v\u0103 de o experien\u021b\u0103 de tip spa \u00een fiecare zi. Textura bogat\u0103 a bumbacului este <strong data-start=\"2241\" data-end=\"2285\">hipoalergenic\u0103, respirabil\u0103 \u0219i calmant\u0103<\/strong> pentru pielea sensibil\u0103.<\/p>\n<h4 data-start=\"2306\" data-end=\"2329\">U\u0219or de \u00centre\u021binut<\/h4>\n<p data-start=\"2330\" data-end=\"2465\">Potrivite pentru sp\u0103lat la ma\u0219in\u0103 \u0219i construite s\u0103 reziste uzurii zilnice, aceste prosoape ofer\u0103 <strong data-start=\"2413\" data-end=\"2440\">\u00eentre\u021binere f\u0103r\u0103 efort<\/strong> p\u0103str\u00e2ndu-\u0219i caracterul luxos.<\/p>\n<h3 data-start=\"2472\" data-end=\"2524\">De ce s\u0103 alege\u021bi Setul de prosoape Sigma 55 Gold Jacquard?<\/h3>\n<ul data-start=\"2526\" data-end=\"3014\">\n<li data-start=\"2526\" data-end=\"2641\">\n<p data-start=\"2528\" data-end=\"2641\">\u2705 <strong data-start=\"2530\" data-end=\"2547\">Fabricat \u00een Egipt<\/strong> \u2013 V\u0103 aduce bumbac egiptean autentic direct de la surs\u0103, cu prelucrare superioar\u0103.<\/p>\n<\/li>\n<li data-start=\"2642\" data-end=\"2778\">\n<p data-start=\"2644\" data-end=\"2778\">\u2705 <strong data-start=\"2646\" data-end=\"2669\">Lux Zilnic<\/strong> \u2013 Nu trebuie s\u0103 merge\u021bi la un hotel de 5 stele pentru a v\u0103 sim\u021bi r\u0103sf\u0103\u021bat \u2013 acest set de prosoape ofer\u0103 confort de nivel spa acas\u0103.<\/p>\n<\/li>\n<li data-start=\"2779\" data-end=\"2875\">\n<p data-start=\"2781\" data-end=\"2875\">\u2705 <strong data-start=\"2783\" data-end=\"2806\">Perfect pentru Cadouri<\/strong> \u2013 Ideal pentru nun\u021bi, mut\u0103ri \u00een cas\u0103 nou\u0103, zile de na\u0219tere sau r\u0103sf\u0103\u021buri de self-care.<\/p>\n<\/li>\n<li data-start=\"2876\" data-end=\"3014\">\n<p data-start=\"2878\" data-end=\"3014\">\u2705 <strong data-start=\"2880\" data-end=\"2900\">Conceput s\u0103 Reziste<\/strong> \u2013 Cus\u0103turi rezistente, \u021bes\u0103tur\u0103 elastic\u0103 \u0219i tehnologie de fixare a culorilor fac din acest set o investi\u021bie pe termen lung \u00een confortul dvs.<\/p>\n<\/li>\n<\/ul>\n<h3 data-start=\"3427\" data-end=\"3480\">G\u00e2nduri Finale \u2013 \u00cenveli\u021bi-v\u0103 \u00een Lux Zilnic<\/h3>\n<p data-start=\"3482\" data-end=\"3845\">C\u00e2nd alege\u021bi <strong data-start=\"3502\" data-end=\"3538\">Setul de prosoape Sigma 55 Gold Jacquard<\/strong>, alege\u021bi <strong data-start=\"3556\" data-end=\"3588\">calitate, confort \u0219i frumuse\u021be<\/strong>. Conceput pentru cei care apreciaz\u0103 detaliile fine \u0219i performan\u021ba de lung\u0103 durat\u0103, aceste prosoape transform\u0103 rutina zilnic\u0103 \u00een momente mici de r\u0103sf\u0103\u021b. Fie pentru baia dvs. proprie sau ca un cadou atent, acest set aduce lux egiptean atemporal \u00een orice cas\u0103.<\/p>\n<p data-start=\"3847\" data-end=\"3911\"><strong data-start=\"3847\" data-end=\"3911\">Moderniza\u021bi-v\u0103 prosoapele ast\u0103zi \u2013 \u0219i sim\u021bi\u021bi diferen\u021ba Sigma.<\/strong><\/p>\n<p style=\"text-align: center;\">Mul\u021bumim c\u0103 a\u021bi cump\u0103rat de la <em data-start=\"415\" data-end=\"431\"><a href=\"https:\/\/bazaar.express\/ro\/\">Bazaar Express<\/a><\/em> \u2013 suntem \u00eenc\u00e2nta\u021bi s\u0103 v\u0103 avem al\u0103turi!<\/p>\n<p style=\"text-align: center;\">De la moale\u021be la rezisten\u021b\u0103 \u2014 nimic nu se compar\u0103 cu <a href=\"https:\/\/bazaar.express\/ro\/categorie-produs\/bumbac-premium\/\">Bumbacul Premium<\/a>.<\/p>\n","protected":false},"excerpt":{"rendered":"<h3 data-start=\"483\" data-end=\"730\">Experimenta\u021bi luxul zilnic cu Setul de prosoape Sigma 55 Gold Jacquard. Acest set de 4 buc\u0103\u021bi este realizat din 100% bumbac egiptean, oferind moale\u021be de neegalat, confort de uscare rapid\u0103 \u0219i elegan\u021b\u0103 multicolor bogat\u0103. Perfect pentru cas\u0103, spa sau ca dar premium.<\/h3>\n","protected":false},"featured_media":39457,"comment_status":"open","ping_status":"closed","template":"","meta":[],"product_brand":[],"product_cat":[1152,1151],"product_tag":[1230],"class_list":{"0":"post-39453","1":"product","2":"type-product","3":"status-publish","4":"has-post-thumbnail","6":"product_cat-bumbac-premium","7":"product_cat-cele-mai-bune-din-egipt","8":"product_tag-bumbac","10":"first","11":"instock","12":"shipping-taxable","13":"purchasable","14":"product-type-simple"},"_links":{"self":[{"href":"https:\/\/bazaar.express\/ro\/wp-json\/wp\/v2\/product\/39453","targetHints":{"allow":["GET"]}}],"collection":[{"href":"https:\/\/bazaar.express\/ro\/wp-json\/wp\/v2\/product"}],"about":[{"href":"https:\/\/bazaar.express\/ro\/wp-json\/wp\/v2\/types\/product"}],"replies":[{"embeddable":true,"href":"https:\/\/bazaar.express\/ro\/wp-json\/wp\/v2\/comments?post=39453"}],"wp:featuredmedia":[{"embeddable":true,"href":"https:\/\/bazaar.express\/ro\/wp-json\/wp\/v2\/media\/39457"}],"wp:attachment":[{"href":"https:\/\/bazaar.express\/ro\/wp-json\/wp\/v2\/media?parent=39453"}],"wp:term":[{"taxonomy":"product_brand","embeddable":true,"href":"https:\/\/bazaar.express\/ro\/wp-json\/wp\/v2\/product_brand?post=39453"},{"taxonomy":"product_cat","embeddable":true,"href":"https:\/\/bazaar.express\/ro\/wp-json\/wp\/v2\/product_cat?post=39453"},{"taxonomy":"product_tag","embeddable":true,"href":"https:\/\/bazaar.express\/ro\/wp-json\/wp\/v2\/product_tag?post=39453"}],"curies":[{"name":"wp","href":"https:\/\/api.w.org\/{rel}","templated":true}]}}