{"id":39506,"date":"2025-01-18T00:55:21","date_gmt":"2025-01-18T00:55:21","guid":{"rendered":"https:\/\/bazaar.express\/product\/sea-sponge\/"},"modified":"2026-02-27T14:28:20","modified_gmt":"2026-02-27T14:28:20","slug":"sea-sponge","status":"publish","type":"product","link":"https:\/\/bazaar.express\/ro\/produs\/sea-sponge\/","title":{"rendered":"Burete de mare \u2013 100% natural"},"content":{"rendered":"<h2 data-start=\"143\" data-end=\"230\">Burete de mare natural All Over Seas \u2013 100% Ecologic &#038; Bl\u00e2nd pentru toate tipurile de piele<\/h2>\n<h3 data-start=\"232\" data-end=\"299\">O experien\u021b\u0103 natural\u0103 de baie inspirat\u0103 de mare<\/h3>\n<p data-start=\"301\" data-end=\"722\">\u00cengrije\u0219te-\u021bi pielea cu o cur\u0103\u021bare bl\u00e2nd\u0103 \u0219i ecologic\u0103 folosind <strong data-start=\"361\" data-end=\"389\">buretele de mare All Over Seas<\/strong> \u2013 un burete 100% natural, biodegradabil \u0219i prietenos cu mediul, recoltat manual din apele calde \u0219i limpezi ale Mediteranei. Spre deosebire de bure\u021bii sintetici, bure\u021bii no\u0219tri de mare sunt colecta\u021bi sustenabil \u0219i \u00eembog\u0103\u021bi\u021bi natural cu minerale, oferind o solu\u021bie moale, absorbant\u0103 \u0219i neiritant\u0103 pentru rutina zilnic\u0103 de \u00eengrijire a corpului.<\/p>\n<p data-start=\"724\" data-end=\"1059\">Aceste comori naturale sunt perfecte pentru oricine dore\u0219te s\u0103 aduc\u0103 o senza\u021bie spa \u00een baie. Fie c\u0103 cure\u021bi bl\u00e2nd pielea sensibil\u0103, speli un bebelu\u0219 sau cau\u021bi o rutin\u0103 de frumuse\u021be mai prietenoas\u0103 cu P\u0103m\u00e2ntul, buretele de mare All Over Seas ofer\u0103 moliciune, durabilitate \u0219i lini\u0219te la fiecare utilizare.<\/p>\n<h3 data-start=\"1066\" data-end=\"1115\"><strong data-start=\"1070\" data-end=\"1115\">Beneficiile cheie ale bure\u021bilor de mare All Over Seas<\/strong><\/h3>\n<ul data-start=\"1117\" data-end=\"2022\">\n<li data-start=\"1117\" data-end=\"1248\">\n<p data-start=\"1119\" data-end=\"1248\"><strong data-start=\"1122\" data-end=\"1144\">Moale &#038; Prieten cu pielea<\/strong> \u2013 Devine moale \u0219i bl\u00e2nd c\u00e2nd este ud. Perfect pentru pielea delicat\u0103, sensibil\u0103 sau alergic\u0103.<\/p>\n<\/li>\n<li data-start=\"1249\" data-end=\"1374\">\n<p data-start=\"1251\" data-end=\"1374\"><strong data-start=\"1254\" data-end=\"1284\">Ecologic &#038; Sustenabil<\/strong> \u2013 100% biodegradabil, recoltat \u00een mod care sus\u021bine ecosistemele marine \u0219i regenerarea.<\/p>\n<\/li>\n<li data-start=\"1375\" data-end=\"1508\">\n<p data-start=\"1377\" data-end=\"1508\"><strong data-start=\"1380\" data-end=\"1410\">Cur\u0103\u021bare profund\u0103 &#038; Absorbant<\/strong> \u2013 Absoarbe apa \u0219i face spum\u0103 bun\u0103 cu s\u0103pun sau gel de cur\u0103\u021bare, oferind o cur\u0103\u021bare calmant\u0103 a corpului.<\/p>\n<\/li>\n<li data-start=\"1509\" data-end=\"1638\">\n<p data-start=\"1511\" data-end=\"1638\"><strong data-start=\"1514\" data-end=\"1548\">Hipoalergenic &#038; F\u0103r\u0103 chimicale<\/strong> \u2013 F\u0103r\u0103 vopsele artificiale, aditivi sau chimicale dure. Doar natur\u0103 pur\u0103 pe pielea ta.<\/p>\n<\/li>\n<li data-start=\"1639\" data-end=\"1761\">\n<p data-start=\"1641\" data-end=\"1761\"><strong data-start=\"1644\" data-end=\"1677\">Durabil cu \u00eengrijire potrivit\u0103<\/strong> \u2013 Cu \u00eentre\u021binere minim\u0103, rezist\u0103 de multe ori mai mult dec\u00e2t cei sintetici.<\/p>\n<\/li>\n<li data-start=\"1762\" data-end=\"1889\">\n<p data-start=\"1764\" data-end=\"1889\"><strong data-start=\"1767\" data-end=\"1784\">Utiliz\u0103ri multiple<\/strong> \u2013 Ideal pentru fa\u021b\u0103, corp, \u00eengrijire bebelu\u0219i, demachiere, ritualuri spa sau cur\u0103\u021benie casnic\u0103 ecologic\u0103.<\/p>\n<\/li>\n<li data-start=\"1890\" data-end=\"2022\">\n<p data-start=\"1892\" data-end=\"2022\"><strong data-start=\"1895\" data-end=\"1919\">Disponibil \u00een 6 dimensiuni<\/strong> \u2013 Alege dimensiunile 1-6 potrivite nevoilor \u2013 mic pentru fa\u021b\u0103, mare pentru corp sau baie.<\/p>\n<\/li>\n<\/ul>\n<h3 data-start=\"2029\" data-end=\"2063\"><strong data-start=\"2033\" data-end=\"2063\">Cum s\u0103 utilizezi buretele de mare<\/strong><\/h3>\n<ol data-start=\"2065\" data-end=\"2359\">\n<li data-start=\"2065\" data-end=\"2110\">\n<p data-start=\"2068\" data-end=\"2110\">\u00cenmoaie buretele \u00een ap\u0103 p\u00e2n\u0103 se \u00eenmoaie.<\/p>\n<\/li>\n<li data-start=\"2111\" data-end=\"2146\">\n<p data-start=\"2114\" data-end=\"2146\">Stoarce u\u0219or excesul de ap\u0103.<\/p>\n<\/li>\n<li data-start=\"2147\" data-end=\"2217\">\n<p data-start=\"2150\" data-end=\"2217\">Folose\u0219te cu s\u0103pun, gel de du\u0219 sau demachiant \u00een cad\u0103 sau du\u0219.<\/p>\n<\/li>\n<li data-start=\"2218\" data-end=\"2290\">\n<p data-start=\"2221\" data-end=\"2290\">Dup\u0103 utilizare, cl\u0103te\u0219te bine sub ap\u0103 curat\u0103 pentru a \u00eendep\u0103rta reziduurile de s\u0103pun.<\/p>\n<\/li>\n<li data-start=\"2291\" data-end=\"2359\">\n<p data-start=\"2294\" data-end=\"2359\">L\u0103sa-l \u00eentr-un loc uscat \u0219i ventilat s\u0103 se usuce complet \u00eentre utiliz\u0103ri.<\/p>\n<\/li>\n<\/ol>\n<h3 data-start=\"2366\" data-end=\"2411\"><strong data-start=\"2370\" data-end=\"2411\">De ce s\u0103 alegi bure\u021bii de mare All Over Seas?<\/strong><\/h3>\n<p data-start=\"2413\" data-end=\"2823\">Aleg\u00e2nd <strong data-start=\"2422\" data-end=\"2439\">All Over Seas<\/strong> alegi natur\u0103, calitate \u0219i grij\u0103. Bure\u021bii no\u0219tri sunt bl\u00e2nzi cu pielea ta \u0219i cu mediul. Recoltait responsabil \u00een Mediteran\u0103, fiecare burete este un produs regenerabil natural care sus\u021bine \u00eengrijirea pielii \u0219i planeta. Odat\u0103 ce sim\u021bi moliciunea, durabilitatea \u0219i prospe\u021bimea unui burete de mare adev\u0103rat, nu vei mai reveni la sintetice.<\/p>\n<h3 data-start=\"2830\" data-end=\"2853\"><strong data-start=\"2834\" data-end=\"2853\">Detalii produs<\/strong><\/h3>\n<ul data-start=\"2855\" data-end=\"3214\">\n<li data-start=\"2855\" data-end=\"2883\">\n<p data-start=\"2857\" data-end=\"2883\"><strong data-start=\"2857\" data-end=\"2866\">Brand<\/strong>: All Over Seas<\/p>\n<\/li>\n<li data-start=\"2884\" data-end=\"2916\">\n<p data-start=\"2886\" data-end=\"2916\"><strong data-start=\"2886\" data-end=\"2894\">Tip<\/strong>: Burete de mare natural<\/p>\n<\/li>\n<li data-start=\"2917\" data-end=\"2952\">\n<p data-start=\"2919\" data-end=\"2952\"><strong data-start=\"2919\" data-end=\"2928\">Culoare<\/strong>: Galben natural\/Bej<\/p>\n<\/li>\n<li data-start=\"2953\" data-end=\"2984\">\n<p data-start=\"2955\" data-end=\"2984\"><strong data-start=\"2955\" data-end=\"2974\">Dimensiuni disponibile<\/strong>: 1-6<\/p>\n<\/li>\n<li data-start=\"2985\" data-end=\"3026\">\n<p data-start=\"2987\" data-end=\"3026\"><strong data-start=\"2987\" data-end=\"2999\">Material<\/strong>: 100% Burete de mare natural<\/p>\n<\/li>\n<li data-start=\"3027\" data-end=\"3108\">\n<p data-start=\"3029\" data-end=\"3108\"><strong data-start=\"3029\" data-end=\"3036\">Utilizare<\/strong>: Baie, \u00eengrijire corp, cur\u0103\u021bare facial\u0103, demachiere, cur\u0103\u021benie casnic\u0103<\/p>\n<\/li>\n<li data-start=\"3109\" data-end=\"3130\">\n<p data-start=\"3111\" data-end=\"3130\"><strong data-start=\"3111\" data-end=\"3121\">Origine<\/strong>: Egipt<\/p>\n<\/li>\n<li data-start=\"3131\" data-end=\"3214\">\n<p data-start=\"3133\" data-end=\"3214\"><strong data-start=\"3133\" data-end=\"3146\">Ambalaj<\/strong>: Livrat \u00eentr-o plas\u0103 practic\u0103 sau pungu\u021b\u0103 pentru depozitare \u0219i transport u\u0219oare<\/p>\n<\/li>\n<\/ul>\n<h5 style=\"text-align: left;\">Calit\u0103\u021bile speciale ale bure\u021bilor de mare adev\u0103ra\u021bi \u00eei fac ideali pentru o baie durabil\u0103 \u0219i de calitate.<\/h5>\n<p>&nbsp;<\/p>\n<p style=\"text-align: center;\">Mul\u021bumim c\u0103 ai ales <em data-start=\"415\" data-end=\"431\"><a href=\"https:\/\/bazaar.express\/ro\/\">Bazaar Express<\/a><\/em> \u2013 suntem bucuro\u0219i s\u0103 te avem!<\/p>\n<p style=\"text-align: center;\">C\u0103l\u0103toria ta spre \u00eengrijire personal\u0103 mai bun\u0103 \u00eencepe aici \u2013 cu <a href=\"https:\/\/bazaar.express\/product-category\/beauty-care\/\">Beauty &#038; Care<\/a> de \u00eencredere.<\/p>\n<h4 style=\"text-align: center;\"><\/h4>\n","protected":false},"excerpt":{"rendered":"<h3 data-start=\"3890\" data-end=\"4046\">Burete de mare 100% natural, bl\u00e2nd cu pielea \u0219i prietenos cu planeta. Perfect pentru baie zilnic\u0103, sp\u0103lare facial\u0103 sau ritualuri spa. Hipoalergenic \u0219i biodegradabil.<\/h3>\n","protected":false},"featured_media":39508,"comment_status":"open","ping_status":"closed","template":"","meta":[],"product_brand":[],"product_cat":[1145,1151],"product_tag":[1210,1211],"class_list":{"0":"post-39506","1":"product","2":"type-product","3":"status-publish","4":"has-post-thumbnail","6":"product_cat-ingrijire-frumusete","7":"product_cat-cele-mai-bune-din-egipt","8":"product_tag-ingrijire-a-pielii","9":"product_tag-ingrijire-de-frumusete","11":"first","12":"instock","13":"shipping-taxable","14":"purchasable","15":"product-type-variable"},"_links":{"self":[{"href":"https:\/\/bazaar.express\/ro\/wp-json\/wp\/v2\/product\/39506","targetHints":{"allow":["GET"]}}],"collection":[{"href":"https:\/\/bazaar.express\/ro\/wp-json\/wp\/v2\/product"}],"about":[{"href":"https:\/\/bazaar.express\/ro\/wp-json\/wp\/v2\/types\/product"}],"replies":[{"embeddable":true,"href":"https:\/\/bazaar.express\/ro\/wp-json\/wp\/v2\/comments?post=39506"}],"wp:featuredmedia":[{"embeddable":true,"href":"https:\/\/bazaar.express\/ro\/wp-json\/wp\/v2\/media\/39508"}],"wp:attachment":[{"href":"https:\/\/bazaar.express\/ro\/wp-json\/wp\/v2\/media?parent=39506"}],"wp:term":[{"taxonomy":"product_brand","embeddable":true,"href":"https:\/\/bazaar.express\/ro\/wp-json\/wp\/v2\/product_brand?post=39506"},{"taxonomy":"product_cat","embeddable":true,"href":"https:\/\/bazaar.express\/ro\/wp-json\/wp\/v2\/product_cat?post=39506"},{"taxonomy":"product_tag","embeddable":true,"href":"https:\/\/bazaar.express\/ro\/wp-json\/wp\/v2\/product_tag?post=39506"}],"curies":[{"name":"wp","href":"https:\/\/api.w.org\/{rel}","templated":true}]}}