{"id":39530,"date":"2025-01-18T13:13:31","date_gmt":"2025-01-18T13:13:31","guid":{"rendered":"https:\/\/bazaar.express\/product\/3-piramide-2\/"},"modified":"2025-01-18T13:13:31","modified_gmt":"2025-01-18T13:13:31","slug":"3-piramide-2","status":"publish","type":"product","link":"https:\/\/bazaar.express\/ro\/produs\/3-piramide-2\/","title":{"rendered":"3 Piramide"},"content":{"rendered":"<h2 data-start=\"177\" data-end=\"254\"><strong data-start=\"180\" data-end=\"254\">Set Acrilic 3 Piramide \u2013 Decor Artistic Egiptean Artizanal pentru Cas\u0103 &#038; Birou<\/strong><\/h2>\n<h3 data-start=\"256\" data-end=\"347\"><strong data-start=\"260\" data-end=\"347\">Ad\u0103uga\u021bi Elegan\u021b\u0103 Egipteneasc\u0103 Antic\u0103 Spa\u021biului Dvs. cu Piramide Acrilice Colorate Realizate Manual<\/strong><\/h3>\n<p data-start=\"349\" data-end=\"763\">Transforma\u021bi-v\u0103 mediul de locuit sau de lucru \u00eentr-un loc plin de farmec, cultur\u0103 \u0219i semnifica\u021bie spiritual\u0103 cu <strong data-start=\"457\" data-end=\"483\">Setul Acrilic 3 Piramide<\/strong>. Realizat manual de artizani egipteni talenta\u021bi, acest set captivant \u00eembin\u0103 designul tradi\u021bional faraonic cu un stil modern. Disponibil \u00een culori vibrante \u0219i bogat \u00een simbolism, aceste piramide sunt mai mult dec\u00e2t decora\u021biuni \u2013 sunt expresii ale cre\u0219terii, armoniei \u0219i frumuse\u021bii eterne.<\/p>\n<h3 data-start=\"765\" data-end=\"797\"><strong data-start=\"769\" data-end=\"797\">Realizat Manual \u00een Egipt<\/strong><\/h3>\n<p data-start=\"799\" data-end=\"1085\">Fiecare piramid\u0103 din acest set este realizat\u0103 de m\u00e2ini pricepute folosind <strong data-start=\"856\" data-end=\"880\">acrilic de \u00eenalt\u0103 calitate<\/strong>, oferind fiec\u0103rei piese finisajul unic \u0219i detaliile fine. Spre deosebire de articolele produse \u00een mas\u0103, aceste piramide realizate manual surprind spiritul artei \u0219i istoriei egiptene, cre\u00e2nd o pies\u0103 de care ve\u021bi fi m\u00e2ndri s\u0103 o expune\u021bi.<\/p>\n<h3 data-start=\"1087\" data-end=\"1116\"><strong data-start=\"1091\" data-end=\"1116\">Op\u021biuni de Culori Vibrante<\/strong><\/h3>\n<p data-start=\"1118\" data-end=\"1326\">Alege\u021bi dintre <strong data-start=\"1130\" data-end=\"1164\">Galben, Maro, Negru sau Verde<\/strong> pentru a se potrivi stilului sau paletei dvs. de culori. Fie c\u0103 c\u0103uta\u021bi contrast \u00eendr\u0103zne\u021b sau armonie subtil\u0103, aceste piramide adaug\u0103 o not\u0103 de personalitate \u0219i cultur\u0103 oric\u0103rei camere.<\/p>\n<h3 data-start=\"1328\" data-end=\"1364\"><strong data-start=\"1332\" data-end=\"1364\">Gravuri \u0219i Forme Simbolice<\/strong><\/h3>\n<p data-start=\"1366\" data-end=\"1590\">Fiecare piramid\u0103 include <strong data-start=\"1388\" data-end=\"1419\">modele gravate intricate<\/strong> inspirate din simboluri egiptene antice. Aceste motive reprezint\u0103 putere, transformare \u0219i conexiune cu energia divin\u0103, f\u0103c\u00e2nd decorul dvs. semnificativ \u0219i plin de caracter.<\/p>\n<h3 data-start=\"1597\" data-end=\"1617\"><strong data-start=\"1601\" data-end=\"1617\">Caracteristici Principale<\/strong><\/h3>\n<ul data-start=\"1619\" data-end=\"2059\">\n<li data-start=\"1619\" data-end=\"1722\">\n<p data-start=\"1621\" data-end=\"1722\"><strong data-start=\"1624\" data-end=\"1657\">Set de 3 Piramide Realizate Manual<\/strong> \u2013 Include trei m\u0103rimi pentru expunere \u00een straturi \u0219i interes vizual<\/p>\n<\/li>\n<li data-start=\"1723\" data-end=\"1814\">\n<p data-start=\"1725\" data-end=\"1814\"><strong data-start=\"1730\" data-end=\"1747\">Realizat \u00een Egipt<\/strong> \u2013 Manual de artizani egipteni pentru a p\u0103stra metodele tradi\u021bionale<\/p>\n<\/li>\n<li data-start=\"1815\" data-end=\"1914\">\n<p data-start=\"1817\" data-end=\"1914\"><strong data-start=\"1820\" data-end=\"1841\">Gravuri Detaliate<\/strong> \u2013 Gravuri inspirate din antichitate sporesc valoarea spiritual\u0103 \u0219i artistic\u0103<\/p>\n<\/li>\n<li data-start=\"1915\" data-end=\"1999\">\n<p data-start=\"1917\" data-end=\"1999\"><strong data-start=\"1920\" data-end=\"1937\">Structur\u0103 Acrilic\u0103<\/strong> \u2013 Durabil\u0103, u\u0219oar\u0103 \u0219i vibrant\u0103 pentru o frumuse\u021be de lung\u0103 durat\u0103<\/p>\n<\/li>\n<li data-start=\"2000\" data-end=\"2059\">\n<p data-start=\"2002\" data-end=\"2059\"><strong data-start=\"2005\" data-end=\"2025\">Culori Disponibile<\/strong> \u2013 Galben, Maro, Negru \u0219i Verde<\/p>\n<\/li>\n<\/ul>\n<h3 data-start=\"2066\" data-end=\"2092\"><strong data-start=\"2070\" data-end=\"2092\">Dimensiuni Produs<\/strong><\/h3>\n<ul data-start=\"2094\" data-end=\"2260\">\n<li data-start=\"2094\" data-end=\"2147\">\n<p data-start=\"2096\" data-end=\"2147\"><strong data-start=\"2096\" data-end=\"2114\">Piramida Mare:<\/strong> 7 cm (L) x 6 cm (W) x 6 cm (H)<\/p>\n<\/li>\n<li data-start=\"2148\" data-end=\"2206\">\n<p data-start=\"2150\" data-end=\"2206\"><strong data-start=\"2150\" data-end=\"2169\">Piramida Medie:<\/strong> 6 cm (L) x 5.5 cm (W) x 5.5 cm (H)<\/p>\n<\/li>\n<li data-start=\"2207\" data-end=\"2260\">\n<p data-start=\"2209\" data-end=\"2260\"><strong data-start=\"2209\" data-end=\"2227\">Piramida Mic\u0103:<\/strong> 5.5 cm (L) x 5 cm (W) x 5 cm (H)<\/p>\n<\/li>\n<\/ul>\n<h3 data-start=\"2267\" data-end=\"2310\"><strong data-start=\"2271\" data-end=\"2310\">Semnifica\u021bie Spiritual\u0103 &#038; Beneficii Energetice<\/strong><\/h3>\n<ul data-start=\"2312\" data-end=\"2655\">\n<li data-start=\"2312\" data-end=\"2426\">\n<p data-start=\"2314\" data-end=\"2426\"><strong data-start=\"2317\" data-end=\"2356\">Simbol al Ascensiunii &#038; Ilumin\u0103rii<\/strong> \u2013 Forma piramidei reprezint\u0103 eleva\u021bie spiritual\u0103 \u0219i cre\u0219tere interioar\u0103<\/p>\n<\/li>\n<li data-start=\"2427\" data-end=\"2528\">\n<p data-start=\"2429\" data-end=\"2528\"><strong data-start=\"2432\" data-end=\"2452\">Amplificator de Energie<\/strong> \u2013 Credin\u021bele antice asociaz\u0103 piramidele cu focalizarea energiei \u0219i vibra\u021bii pozitive<\/p>\n<\/li>\n<li data-start=\"2529\" data-end=\"2655\">\n<p data-start=\"2531\" data-end=\"2655\"><strong data-start=\"2534\" data-end=\"2555\">Perfect pentru Cadouri<\/strong> \u2013 Ideal pentru iubitorii culturii egiptene, c\u0103ut\u0103tori spirituali sau oricine apreciaz\u0103 arta cu semnifica\u021bie<\/p>\n<\/li>\n<\/ul>\n<h3 data-start=\"2662\" data-end=\"2708\"><strong data-start=\"2666\" data-end=\"2708\">De ce s\u0103 Alege\u021bi Setul Acrilic 3 Piramide?<\/strong><\/h3>\n<ul data-start=\"2710\" data-end=\"2978\">\n<li data-start=\"2710\" data-end=\"2754\">\n<p data-start=\"2712\" data-end=\"2754\">\u2705 U\u0219or dar <strong data-start=\"2730\" data-end=\"2752\">Rezistent \u0219i Durabil<\/strong><\/p>\n<\/li>\n<li data-start=\"2755\" data-end=\"2816\">\n<p data-start=\"2757\" data-end=\"2816\">\u2705 <strong data-start=\"2759\" data-end=\"2785\">Design Bogat Cultural<\/strong> care iese \u00een eviden\u021b\u0103 \u00een orice spa\u021biu<\/p>\n<\/li>\n<li data-start=\"2817\" data-end=\"2916\">\n<p data-start=\"2819\" data-end=\"2916\">\u2705 <strong data-start=\"2821\" data-end=\"2840\">Decor Versatil<\/strong> \u2013 Potrivit pentru livinguri, birouri, col\u021buri de medita\u021bie \u0219i cadouri<\/p>\n<\/li>\n<li data-start=\"2917\" data-end=\"2978\">\n<p data-start=\"2919\" data-end=\"2978\">\u2705 <strong data-start=\"2921\" data-end=\"2944\">Unicitate Artizanal\u0103<\/strong> \u2013 Niciun set nu este identic<\/p>\n<\/li>\n<\/ul>\n<p data-start=\"2980\" data-end=\"3141\">Aduce\u021bi acas\u0103 un amestec de culoare vibrant\u0103, mister antic \u0219i farmec artizanal cu acest <strong data-start=\"3062\" data-end=\"3088\">Set Acrilic 3 Piramide<\/strong> \u2013 perfect pentru spa\u021bii moderne cu pasiune pentru mo\u0219tenire.<\/p>\n<p data-start=\"3436\" data-end=\"3613\"><strong data-start=\"3436\" data-end=\"3613\">De\u021bine\u021bi o buc\u0103\u021bic\u0103 din sufletul egiptean \u0219i ad\u0103uga\u021bi o not\u0103 de minune antic\u0103 \u00een jurul dvs. Setul Acrilic 3 Piramide face ca fiecare camer\u0103 s\u0103 par\u0103 mai puternic\u0103, stilat\u0103 \u0219i semnificativ\u0103.<\/strong><\/p>\n<p style=\"text-align: center;\">Mul\u021bumim c\u0103 a\u021bi cump\u0103rat de la <em data-start=\"415\" data-end=\"431\"><a href=\"https:\/\/bazaar.express\/ro\/\">Bazaar Express<\/a><\/em> \u2013 suntem \u00eenc\u00e2nta\u021bi s\u0103 v\u0103 avem!<\/p>\n<p style=\"text-align: center;\">Descoperi\u021bi farmecul artei antice cu colec\u021bia noastr\u0103 <a href=\"https:\/\/bazaar.express\/product-category\/egyptian-treasures\/\">Comori Egiptene<\/a>.<\/p>\n","protected":false},"excerpt":{"rendered":"<h3 data-start=\"3913\" data-end=\"4075\">Acest set de 3 piese piramide acrilice este realizat manual \u00een Egipt \u0219i prezint\u0103 gravuri inspirate din antichitate. U\u0219or, colorat \u0219i simbolic \u2013 perfect pentru decor sau cadouri.<\/h3>\n","protected":false},"featured_media":39536,"comment_status":"open","ping_status":"closed","template":"","meta":[],"product_brand":[],"product_cat":[1150,1151],"product_tag":[1238],"class_list":{"0":"post-39530","1":"product","2":"type-product","3":"status-publish","4":"has-post-thumbnail","6":"product_cat-comori-egiptene","7":"product_cat-cele-mai-bune-din-egipt","8":"product_tag-suveniruri","10":"first","11":"instock","12":"shipping-taxable","13":"purchasable","14":"product-type-simple"},"_links":{"self":[{"href":"https:\/\/bazaar.express\/ro\/wp-json\/wp\/v2\/product\/39530","targetHints":{"allow":["GET"]}}],"collection":[{"href":"https:\/\/bazaar.express\/ro\/wp-json\/wp\/v2\/product"}],"about":[{"href":"https:\/\/bazaar.express\/ro\/wp-json\/wp\/v2\/types\/product"}],"replies":[{"embeddable":true,"href":"https:\/\/bazaar.express\/ro\/wp-json\/wp\/v2\/comments?post=39530"}],"wp:featuredmedia":[{"embeddable":true,"href":"https:\/\/bazaar.express\/ro\/wp-json\/wp\/v2\/media\/39536"}],"wp:attachment":[{"href":"https:\/\/bazaar.express\/ro\/wp-json\/wp\/v2\/media?parent=39530"}],"wp:term":[{"taxonomy":"product_brand","embeddable":true,"href":"https:\/\/bazaar.express\/ro\/wp-json\/wp\/v2\/product_brand?post=39530"},{"taxonomy":"product_cat","embeddable":true,"href":"https:\/\/bazaar.express\/ro\/wp-json\/wp\/v2\/product_cat?post=39530"},{"taxonomy":"product_tag","embeddable":true,"href":"https:\/\/bazaar.express\/ro\/wp-json\/wp\/v2\/product_tag?post=39530"}],"curies":[{"name":"wp","href":"https:\/\/api.w.org\/{rel}","templated":true}]}}