{"id":39569,"date":"2025-01-15T02:33:45","date_gmt":"2025-01-15T02:33:45","guid":{"rendered":"https:\/\/bazaar.express\/product\/camel-milk-cream-3\/"},"modified":"2026-02-27T14:28:30","modified_gmt":"2026-02-27T14:28:30","slug":"camel-milk-cream-3","status":"publish","type":"product","link":"https:\/\/bazaar.express\/ro\/produs\/camel-milk-cream-3\/","title":{"rendered":"Crem\u0103 cu lapte de c\u0103mil\u0103 &#038; ulei de cocos &#8211; Horus"},"content":{"rendered":"<h2 data-start=\"211\" data-end=\"293\">Crem\u0103 Horus cu lapte de c\u0103mil\u0103 &#038; ulei de cocos: Hidratare suprem\u0103 pentru piele radiant\u0103 natural<\/h2>\n<p data-start=\"295\" data-end=\"758\">\u00cengrije\u0219te-\u021bi pielea cu Crem\u0103 Horus cu lapte de c\u0103mil\u0103 &#038; ulei de cocos, o formul\u0103 profund hr\u0103nitoare care combin\u0103 dou\u0103 dintre cele mai puternice ingrediente naturale pentru piele \u2013 lapte de c\u0103mil\u0103 \u0219i ulei de cocos. Conceput\u0103 special pentru a restabili, hidrata \u0219i proteja pielea, aceast\u0103 crem\u0103 luxoas\u0103 ofer\u0103 un finisaj neted, str\u0103lucitor cu fiecare aplicare. Fie c\u0103 te confrun\u021bi cu usc\u0103ciune, arsuri solare sau pur \u0219i simplu cau\u021bi \u00eengrijire zilnic\u0103, aceast\u0103 crem\u0103 este partenerul t\u0103u ideal pentru o piele radiant\u0103 \u0219i t\u00e2n\u0103r\u0103.<\/p>\n<h3 data-start=\"760\" data-end=\"817\"> Ce face Crem\u0103 cu lapte de c\u0103mil\u0103 &#038; ulei de cocos at\u00e2t de eficient\u0103?<\/h3>\n<h4 data-start=\"819\" data-end=\"848\">Hidratare profund\u0103, de lung\u0103 durat\u0103<\/h4>\n<p data-start=\"849\" data-end=\"1066\">Lapte de c\u0103mil\u0103 \u0219i crem\u0103 de cocos sunt pline de acizi gra\u0219i esen\u021biali \u0219i vitamine care p\u0103trund ad\u00e2nc \u00een piele. Ele ajut\u0103 la re\u021binerea umezelii, reduc usc\u0103ciunea \u0219i creeaz\u0103 o senza\u021bie moale, catifelat\u0103 de lung\u0103 durat\u0103 pe tot parcursul zilei.<\/p>\n<h4 data-start=\"1068\" data-end=\"1097\">Piele str\u0103lucitoare natural<\/h4>\n<p data-start=\"1098\" data-end=\"1325\">Spune adio pielii terne! Aceast\u0103 formul\u0103 bogat\u0103 re\u00eenvie str\u0103lucirea natural\u0103 a pielii \u0219i uniformizeaz\u0103 tonul. Propriet\u0103\u021bile iluminatoare ale laptelui de c\u0103mil\u0103 lucreaz\u0103 \u00eempreun\u0103 cu uleiul de cocos pentru a reda vitalitatea \u0219i a l\u0103sa pielea proasp\u0103t\u0103 \u0219i luminoas\u0103.<\/p>\n<h4 data-start=\"1327\" data-end=\"1366\">Ameliorarea arsurilor solare \u0219i calmarea pielii<\/h4>\n<p data-start=\"1367\" data-end=\"1577\">Ai stat prea mult la soare? Calit\u0103\u021bile antiinflamatoare naturale ale laptelui de c\u0103mil\u0103 \u0219i uleiului de cocos ajut\u0103 la r\u0103cirea pielii arse, reduc ro\u0219ea\u021ba \u0219i accelereaz\u0103 vindecarea \u2013 f\u0103c\u00e2nd-o ideal\u0103 pentru \u00eengrijirea dup\u0103 expunerea la soare.<\/p>\n<h4 data-start=\"1579\" data-end=\"1621\">Estompeaz\u0103 petele \u00eentunecate &#038; neteze\u0219te liniile fine<\/h4>\n<p data-start=\"1622\" data-end=\"1833\">Folosirea regulat\u0103 a acestei creme sus\u021bine regenerarea celulelor pielii, ajut\u00e2nd la reducerea petelor \u00eentunecate, liniilor fine \u0219i ridurilor. \u00cenmoi texturele \u0219i \u00eembun\u0103t\u0103\u021be\u0219te tonul pentru o piele mai neted\u0103, cu aspect t\u00e2n\u0103r.<\/p>\n<h4 data-start=\"1835\" data-end=\"1874\">\u00cengrijire calmant\u0103 pentru pielea sensibil\u0103<\/h4>\n<p data-start=\"1875\" data-end=\"2038\">Aceast\u0103 combina\u021bie cremoas\u0103 calmeaz\u0103 instant irita\u021biile, fiind perfect\u0103 pentru pielea sensibil\u0103 sau stresat\u0103. Bl\u00e2nd\u0103, dar eficient\u0103, ofer\u0103 confort imediat \u0219i \u00eengrijire pe termen lung.<\/p>\n<h3 data-start=\"2045\" data-end=\"2095\"> Cum s\u0103 utilizezi Crem\u0103 Horus cu lapte de c\u0103mil\u0103 &#038; ulei de cocos<\/h3>\n<ul data-start=\"2097\" data-end=\"2285\">\n<li data-start=\"2097\" data-end=\"2154\">\n<p data-start=\"2099\" data-end=\"2154\"><strong data-start=\"2099\" data-end=\"2110\">Pasul 1:<\/strong> Aplic\u0103 o cantitate generoas\u0103 pe pielea curat\u0103 \u0219i uscat\u0103.<\/p>\n<\/li>\n<li data-start=\"2155\" data-end=\"2225\">\n<p data-start=\"2157\" data-end=\"2225\"><strong data-start=\"2157\" data-end=\"2168\">Pasul 2:<\/strong> Maseaz\u0103 u\u0219or \u00een mi\u0219c\u0103ri circulare p\u00e2n\u0103 la absorb\u021bie complet\u0103.<\/p>\n<\/li>\n<li data-start=\"2226\" data-end=\"2285\">\n<p data-start=\"2228\" data-end=\"2285\"><strong data-start=\"2228\" data-end=\"2239\">Pasul 3:<\/strong> Utilizeaz\u0103 zilnic \u2013 diminea\u021ba \u0219i seara \u2013 pentru rezultate optime.<\/p>\n<\/li>\n<\/ul>\n<p data-start=\"2287\" data-end=\"2393\">Include-o \u00een ritualul t\u0103u zilnic de \u00eengrijire a pielii pentru a men\u021bine pielea neted\u0103, s\u0103n\u0103toas\u0103 \u0219i str\u0103lucitoare de sus p\u00e2n\u0103 jos.<\/p>\n<h3 data-start=\"2400\" data-end=\"2450\"> De ce s\u0103 alegi Crem\u0103 Horus cu lapte de c\u0103mil\u0103 &#038; ulei de cocos?<\/h3>\n<ul data-start=\"2452\" data-end=\"2718\">\n<li data-start=\"2452\" data-end=\"2549\">\n<p data-start=\"2454\" data-end=\"2549\"><strong data-start=\"2454\" data-end=\"2477\">Ingrediente naturale<\/strong>: \u00cembog\u0103\u021bit\u0103 cu lapte de c\u0103mil\u0103 \u0219i ulei de cocos pentru hr\u0103nire optim\u0103 a pielii.<\/p>\n<\/li>\n<li data-start=\"2550\" data-end=\"2625\">\n<p data-start=\"2552\" data-end=\"2625\"><strong data-start=\"2552\" data-end=\"2581\">Bl\u00e2nd\u0103 pentru toate tipurile de piele<\/strong>: Sigur\u0103 \u0219i calmant\u0103 \u2013 chiar \u0219i pentru pielea sensibil\u0103.<\/p>\n<\/li>\n<li data-start=\"2626\" data-end=\"2718\">\n<p data-start=\"2628\" data-end=\"2718\"><strong data-start=\"2628\" data-end=\"2645\">Fabricat\u0103 \u00een Egipt<\/strong>: Creat\u0103 local cu ingrediente premium \u0219i \u00eengrijirea de \u00eencredere a Horus.<\/p>\n<\/li>\n<\/ul>\n<p data-start=\"2720\" data-end=\"2742\"><strong data-start=\"2720\" data-end=\"2740\">Detalii produs:<\/strong><\/p>\n<ul data-start=\"2743\" data-end=\"2817\">\n<li data-start=\"2743\" data-end=\"2763\">\n<p data-start=\"2745\" data-end=\"2763\"><strong data-start=\"2745\" data-end=\"2754\">Dimensiune:<\/strong> 330 ml<\/p>\n<\/li>\n<li data-start=\"2764\" data-end=\"2784\">\n<p data-start=\"2766\" data-end=\"2784\"><strong data-start=\"2766\" data-end=\"2776\">Brand:<\/strong> Horus<\/p>\n<\/li>\n<li data-start=\"2785\" data-end=\"2817\">\n<p data-start=\"2787\" data-end=\"2817\"><strong data-start=\"2787\" data-end=\"2809\">\u021aara de origine:<\/strong> Egipt<\/p>\n<\/li>\n<\/ul>\n<h2 data-start=\"3159\" data-end=\"3219\"> Ofer\u0103-\u021bi pielii bog\u0103\u021bia laptelui de c\u0103mil\u0103 &#038; cocosului<\/h2>\n<p data-start=\"3221\" data-end=\"3423\">Las\u0103-\u021bi pielea s\u0103 str\u0103luceasc\u0103 cu hidratare natural\u0103 \u0219i \u00eengrijire moale, s\u0103n\u0103toas\u0103. Crem\u0103 Horus cu lapte de c\u0103mil\u0103 &#038; ulei de cocos este esen\u021bialul t\u0103u zilnic pentru \u00eengrijirea pielii \u2013 aduc\u00e2ndu-\u021bi moliciunea, protec\u021bia \u0219i str\u0103lucirea pe care pielea ta le merit\u0103.<\/p>\n<p data-start=\"3425\" data-end=\"3495\"><strong data-start=\"3425\" data-end=\"3495\">\u00cencearc-o ast\u0103zi \u0219i bucur\u0103-te de atingerea calmant\u0103 a naturii \u00een fiecare pic\u0103tur\u0103.<\/strong><\/p>\n<p style=\"text-align: center;\">Mul\u021bumim c\u0103 ai cump\u0103rat la <em data-start=\"415\" data-end=\"431\"><a href=\"https:\/\/bazaar.express\/ro\/\">Bazaar Express<\/a><\/em> \u2013 suntem bucuro\u0219i s\u0103 te avem!<\/p>\n<p style=\"text-align: center;\">C\u0103l\u0103toria ta spre o auto\u00eengrijire mai bun\u0103 \u00eencepe aici \u2013 cu <a href=\"https:\/\/bazaar.express\/product-category\/beauty-care\/\">Beauty &#038; Care<\/a> de \u00eencredere.<\/p>\n","protected":false},"excerpt":{"rendered":"<h3 data-start=\"430\" data-end=\"687\">Crem\u0103 Horus cu lapte de c\u0103mil\u0103 &#038; ulei de cocos ofer\u0103 hidratare profund\u0103, calmeaz\u0103 irita\u021biile \u0219i promoveaz\u0103 o piele radiant\u0103, s\u0103n\u0103toas\u0103. Perfect\u0103 pentru \u00eengrijirea zilnic\u0103 a fe\u021bei \u0219i corpului, aceast\u0103 crem\u0103 luxoas\u0103 de 330 ml este infuzat\u0103 cu lapte de c\u0103mil\u0103 \u0219i ulei de cocos pentru un ten str\u0103lucitor natural.<\/h3>\n","protected":false},"featured_media":39571,"comment_status":"open","ping_status":"closed","template":"","meta":[],"product_brand":[],"product_cat":[1145,1151,1153],"product_tag":[1210,1240,1209],"class_list":{"0":"post-39569","1":"product","2":"type-product","3":"status-publish","4":"has-post-thumbnail","6":"product_cat-ingrijire-frumusete","7":"product_cat-cele-mai-bune-din-egipt","8":"product_cat-oferte-speciale","9":"product_tag-ingrijire-a-pielii","10":"product_tag-lapte-de-camila-pentru-piele","11":"product_tag-ulei-natural","12":"pa_l-xl-330ml","14":"first","15":"instock","16":"sale","17":"shipping-taxable","18":"purchasable","19":"product-type-simple"},"_links":{"self":[{"href":"https:\/\/bazaar.express\/ro\/wp-json\/wp\/v2\/product\/39569","targetHints":{"allow":["GET"]}}],"collection":[{"href":"https:\/\/bazaar.express\/ro\/wp-json\/wp\/v2\/product"}],"about":[{"href":"https:\/\/bazaar.express\/ro\/wp-json\/wp\/v2\/types\/product"}],"replies":[{"embeddable":true,"href":"https:\/\/bazaar.express\/ro\/wp-json\/wp\/v2\/comments?post=39569"}],"wp:featuredmedia":[{"embeddable":true,"href":"https:\/\/bazaar.express\/ro\/wp-json\/wp\/v2\/media\/39571"}],"wp:attachment":[{"href":"https:\/\/bazaar.express\/ro\/wp-json\/wp\/v2\/media?parent=39569"}],"wp:term":[{"taxonomy":"product_brand","embeddable":true,"href":"https:\/\/bazaar.express\/ro\/wp-json\/wp\/v2\/product_brand?post=39569"},{"taxonomy":"product_cat","embeddable":true,"href":"https:\/\/bazaar.express\/ro\/wp-json\/wp\/v2\/product_cat?post=39569"},{"taxonomy":"product_tag","embeddable":true,"href":"https:\/\/bazaar.express\/ro\/wp-json\/wp\/v2\/product_tag?post=39569"}],"curies":[{"name":"wp","href":"https:\/\/api.w.org\/{rel}","templated":true}]}}