{"id":39593,"date":"2025-01-14T14:16:51","date_gmt":"2025-01-14T14:16:51","guid":{"rendered":"https:\/\/bazaar.express\/product\/nature-olive-oil\/"},"modified":"2025-01-14T14:16:51","modified_gmt":"2025-01-14T14:16:51","slug":"nature-olive-oil","status":"publish","type":"product","link":"https:\/\/bazaar.express\/ro\/produs\/nature-olive-oil\/","title":{"rendered":"Ulei de m\u0103sline Nature \u2013 El Baraka"},"content":{"rendered":"<h2 data-start=\"262\" data-end=\"354\"><strong data-start=\"265\" data-end=\"354\">Ulei de m\u0103sline Nature El Baraka \u2013 Perfec\u021biune presat\u0103 la rece pentru s\u0103n\u0103tate, frumuse\u021be \u0219i bun\u0103stare<\/strong><\/h2>\n<h3 data-start=\"356\" data-end=\"403\"><strong data-start=\"360\" data-end=\"403\">Bun\u0103\u021be pur\u0103, presat\u0103 la rece, direct din natur\u0103<\/strong><\/h3>\n<p data-start=\"404\" data-end=\"713\">Descoperi\u021bi puterea naturii cu <strong data-start=\"440\" data-end=\"470\">uleiul de m\u0103sline Nature El Baraka<\/strong>\u2014un ulei premium, presat la rece, cunoscut pentru puritatea, bog\u0103\u021bia \u0219i nenum\u0103ratele beneficii pentru s\u0103n\u0103tate. Fie c\u0103 dori\u021bi s\u0103 v\u0103 \u00eembun\u0103t\u0103\u021bi\u021bi g\u0103titul, s\u0103 hr\u0103ni\u021bi pielea sau s\u0103 v\u0103 \u00eent\u0103ri\u021bi corpul din interior spre exterior, acest ulei natural ofer\u0103 rezultate reale.<\/p>\n<h3 data-start=\"715\" data-end=\"754\"><strong data-start=\"719\" data-end=\"754\">De ce s\u0103 alege\u021bi uleiul de m\u0103sline El Baraka?<\/strong><\/h3>\n<h4 data-start=\"756\" data-end=\"797\"><strong data-start=\"761\" data-end=\"797\">Presat la rece pentru poten\u021bial maxim<\/strong><\/h4>\n<p data-start=\"798\" data-end=\"994\">Uleiul nostru este extras din m\u0103sline de cea mai bun\u0103 calitate folosind tehnici de presare la rece care p\u0103streaz\u0103 to\u021bi nutrien\u021bii, antioxidan\u021bii \u0219i aroma. F\u0103r\u0103 chimicale. F\u0103r\u0103 c\u0103ldur\u0103. Doar bun\u0103tate natural\u0103 pur\u0103 \u00een fiecare pic\u0103tur\u0103.<\/p>\n<h4 data-start=\"996\" data-end=\"1033\"><strong data-start=\"1001\" data-end=\"1033\">Un secret puternic anti-\u00eemb\u0103tr\u00e2nire<\/strong><\/h4>\n<p data-start=\"1034\" data-end=\"1260\">Bogat\u0103 \u00een <strong data-start=\"1042\" data-end=\"1055\">vitamina E<\/strong> \u0219i <strong data-start=\"1060\" data-end=\"1084\">antioxidan\u021bi naturali<\/strong>, uleiul de m\u0103sline El Baraka ajut\u0103 la protejarea pielii \u00eempotriva semnelor \u00eemb\u0103tr\u00e2nirii. Combat ridurile, restabile\u0219te elasticitatea \u0219i las\u0103 pielea luminoas\u0103, hidratat\u0103 \u0219i mai t\u00e2n\u0103r\u0103 \u00een timp.<\/p>\n<h4 data-start=\"1262\" data-end=\"1309\"><strong data-start=\"1267\" data-end=\"1309\">Hidratare profund\u0103 pentru pielea sensibil\u0103<\/strong><\/h4>\n<p data-start=\"1310\" data-end=\"1498\">Perfect pentru pielea uscat\u0103, sensibil\u0103 sau u\u0219or iritat\u0103. Acest ulei hidrateaz\u0103 delicat \u0219i calmeaz\u0103 pielea, \u00eembun\u0103t\u0103\u021bind hidratarea \u0219i func\u021bia barierei pielii, mai ales \u00een condi\u021bii meteorologice dificile.<\/p>\n<h4 data-start=\"1500\" data-end=\"1532\"><strong data-start=\"1505\" data-end=\"1532\">Nutrien\u021bi s\u0103n\u0103to\u0219i pentru inim\u0103<\/strong><\/h4>\n<p data-start=\"1533\" data-end=\"1755\">\u00cenc\u0103rcat cu <strong data-start=\"1545\" data-end=\"1559\">acid oleic<\/strong>, o gr\u0103sime mononesaturat\u0103 renumit\u0103 pentru sus\u021binerea s\u0103n\u0103t\u0103\u021bii cardiovasculare, uleiul de m\u0103sline El Baraka ajut\u0103 la reducerea colesterolului r\u0103u (LDL) \u0219i la m\u0103rirea celui bun (HDL), reduc\u00e2nd riscul bolilor de inim\u0103.<\/p>\n<h4 data-start=\"1757\" data-end=\"1800\"><strong data-start=\"1762\" data-end=\"1800\">\u00cembun\u0103t\u0103\u021be\u0219te digestia \u0219i s\u0103n\u0103tatea oaselor<\/strong><\/h4>\n<p data-start=\"1801\" data-end=\"1976\">Acest ulei sus\u021bine s\u0103n\u0103tatea digestiv\u0103, ajut\u0103 la absorb\u021bia gr\u0103similor \u0219i furnizeaz\u0103 minerale esen\u021biale pentru oase \u0219i articula\u021bii puternice \u2013 benefic \u00een special pentru seniori \u0219i copii \u00een cre\u0219tere.<\/p>\n<h4 data-start=\"1978\" data-end=\"2007\"><strong data-start=\"1983\" data-end=\"2007\">Perfect pentru toate v\u00e2rstele<\/strong><\/h4>\n<p data-start=\"2008\" data-end=\"2170\">De la copii la seniori, uleiul de m\u0103sline Nature El Baraka sus\u021bine bun\u0103starea la fiecare etap\u0103 a vie\u021bii. Este calea natural\u0103 de a stimula vitalitatea, imunitatea \u0219i s\u0103n\u0103tatea pe termen lung.<\/p>\n<h3 data-start=\"2172\" data-end=\"2212\"><strong data-start=\"2176\" data-end=\"2212\">Beneficii de neegalat \u00een fiecare pic\u0103tur\u0103<\/strong><\/h3>\n<ul data-start=\"2213\" data-end=\"2429\">\n<li data-start=\"2213\" data-end=\"2249\">\n<p data-start=\"2215\" data-end=\"2249\"><strong data-start=\"2218\" data-end=\"2249\">Hr\u0103ne\u0219te \u0219i protejeaz\u0103 pielea<\/strong><\/p>\n<\/li>\n<li data-start=\"2250\" data-end=\"2280\">\n<p data-start=\"2252\" data-end=\"2280\"><strong data-start=\"2255\" data-end=\"2280\">Promoveaz\u0103 s\u0103n\u0103tatea inimii<\/strong><\/p>\n<\/li>\n<li data-start=\"2281\" data-end=\"2318\">\n<p data-start=\"2283\" data-end=\"2318\"><strong data-start=\"2286\" data-end=\"2318\">\u00cent\u0103re\u0219te oasele \u0219i articula\u021biile<\/strong><\/p>\n<\/li>\n<li data-start=\"2319\" data-end=\"2371\">\n<p data-start=\"2321\" data-end=\"2371\"><strong data-start=\"2325\" data-end=\"2371\">Sus\u021bine digestia \u0219i absorb\u021bia nutrien\u021bilor<\/strong><\/p>\n<\/li>\n<li data-start=\"2372\" data-end=\"2429\">\n<p data-start=\"2374\" data-end=\"2429\"><strong data-start=\"2377\" data-end=\"2429\">Bogat\u0103 \u00een vitamine, antioxidan\u021bi \u0219i gr\u0103simi s\u0103n\u0103toase<\/strong><\/p>\n<\/li>\n<\/ul>\n<h3 data-start=\"2431\" data-end=\"2488\"><strong data-start=\"2435\" data-end=\"2488\">Secretul mediteranean pentru un stil de via\u021b\u0103 mai s\u0103n\u0103tos<\/strong><\/h3>\n<p data-start=\"2489\" data-end=\"2714\">Uleiul de m\u0103sline a fost piatra de temelie a vie\u021bii mediteraneene timp de secole. Cu El Baraka, aduce\u021bi acas\u0103 acelea\u0219i tradi\u021bii s\u0103n\u0103toase mo\u0219tenite \u2013 fie c\u0103 \u00eel folosi\u021bi pentru g\u0103tit, \u00eengrijirea pielii sau ca parte a rutinei zilnice de s\u0103n\u0103tate.<\/p>\n<h3 data-start=\"2721\" data-end=\"2774\"><strong data-start=\"2725\" data-end=\"2774\">De ce uleiul de m\u0103sline Nature El Baraka este indispensabil<\/strong><\/h3>\n<h4 data-start=\"2776\" data-end=\"2809\">\u2705 100% Pur &#038; Presat la rece<\/h4>\n<p data-start=\"2810\" data-end=\"2882\">F\u0103r\u0103 aditivi, f\u0103r\u0103 c\u0103ldur\u0103 \u2013 doar ulei de m\u0103sline curat, s\u0103n\u0103tos, din m\u0103sline premium.<\/p>\n<h4 data-start=\"2884\" data-end=\"2910\">\u2705 Arom\u0103 bogat\u0103, intens\u0103<\/h4>\n<p data-start=\"2911\" data-end=\"2986\">Adaug\u0103 profunzime \u0219i bog\u0103\u021bie salatelor, legumelor coapte, marinadelor \u0219i altor preparate.<\/p>\n<h4 data-start=\"2988\" data-end=\"3021\">\u2705 Multiple beneficii pentru s\u0103n\u0103tate<\/h4>\n<p data-start=\"3022\" data-end=\"3095\">De la sus\u021binerea inimii la piele str\u0103lucitoare, este o solu\u021bie holistic\u0103 de bun\u0103stare.<\/p>\n<h4 data-start=\"3097\" data-end=\"3132\">\u2705 Durabil &#038; Ecologic<\/h4>\n<p data-start=\"3133\" data-end=\"3197\">Provenit responsabil pentru a proteja planeta \u0219i genera\u021biile viitoare.<\/p>\n<h2 data-start=\"3539\" data-end=\"3592\"><strong data-start=\"3542\" data-end=\"3592\">G\u00e2nduri finale: Un dar natural pentru s\u0103n\u0103tatea dvs.<\/strong><\/h2>\n<p data-start=\"3594\" data-end=\"3664\">Alege\u021bi bun\u0103starea. Alege\u021bi puritatea. Alege\u021bi <strong data-start=\"3633\" data-end=\"3663\">uleiul de m\u0103sline Nature El Baraka<\/strong>.<\/p>\n<p data-start=\"3666\" data-end=\"3904\">Acest ulei excep\u021bional este mai mult dec\u00e2t un esen\u021bial de buc\u0103t\u0103rie \u2013 este partenerul natural \u00een s\u0103n\u0103tate \u0219i frumuse\u021be. Cu calitate incomparabil\u0103, gust bogat \u0219i nutrien\u021bi puternici, este alegerea inteligent\u0103 pentru un stil de via\u021b\u0103 s\u0103n\u0103tos \u0219i vibrant.<\/p>\n<p data-start=\"3906\" data-end=\"4006\">\ud83d\udc49 <strong data-start=\"3909\" data-end=\"3922\">Comanda\u021bi acum<\/strong> \u0219i l\u0103sa\u021bi magia natural\u0103 a El Baraka s\u0103 v\u0103 transforme via\u021ba de zi cu zi \u2013 din interior spre exterior.<\/p>\n<p style=\"text-align: center;\">Mul\u021bumim pentru cump\u0103r\u0103turi la <em data-start=\"415\" data-end=\"431\"><a href=\"https:\/\/bazaar.express\/ro\/\">Bazaar Express<\/a><\/em> \u2013 suntem \u00eenc\u00e2nta\u021bi s\u0103 v\u0103 avem!<\/p>\n<p style=\"text-align: center;\">Sim\u021bi\u021bi puterea naturii \u2014 uleiuri <a href=\"https:\/\/bazaar.express\/ro\/therapeutic-oils\/\">terapeutice pure<\/a> pentru bun\u0103stare zilnic\u0103.<\/p>\n","protected":false},"excerpt":{"rendered":"<h3>Descoperi\u021bi puterea natural\u0103 a <strong data-start=\"439\" data-end=\"469\">uleiului de m\u0103sline Nature El Baraka<\/strong>\u2014un ulei presat la rece, bogat \u00een nutrien\u021bi, ideal pentru g\u0103tit, \u00eengrijirea pielii, s\u0103n\u0103tatea inimii \u0219i mai mult. \u00cenc\u0103rcat cu antioxidan\u021bi, este solu\u021bia natural\u0103 complet\u0103 pentru bun\u0103stare \u0219i frumuse\u021be.<\/h3>\n","protected":false},"featured_media":39595,"comment_status":"open","ping_status":"closed","template":"","meta":[],"product_brand":[],"product_cat":[1146,1148,1151,1154],"product_tag":[1267,1222,1208,1209],"class_list":{"0":"post-39593","1":"product","2":"type-product","3":"status-publish","4":"has-post-thumbnail","6":"product_cat-uleiuri-terapeutice","7":"product_cat-arome-egiptene","8":"product_cat-cele-mai-bune-din-egipt","9":"product_cat-uleiuri-naturale-el-baraka","10":"product_tag-arome-naturale","11":"product_tag-sanatos","12":"product_tag-ulei","13":"product_tag-ulei-natural","14":"pa_l-xl-1000ml","15":"pa_l-xl-250ml","16":"pa_l-xl-500ml","18":"first","19":"instock","20":"sale","21":"shipping-taxable","22":"purchasable","23":"product-type-variable"},"_links":{"self":[{"href":"https:\/\/bazaar.express\/ro\/wp-json\/wp\/v2\/product\/39593","targetHints":{"allow":["GET"]}}],"collection":[{"href":"https:\/\/bazaar.express\/ro\/wp-json\/wp\/v2\/product"}],"about":[{"href":"https:\/\/bazaar.express\/ro\/wp-json\/wp\/v2\/types\/product"}],"replies":[{"embeddable":true,"href":"https:\/\/bazaar.express\/ro\/wp-json\/wp\/v2\/comments?post=39593"}],"wp:featuredmedia":[{"embeddable":true,"href":"https:\/\/bazaar.express\/ro\/wp-json\/wp\/v2\/media\/39595"}],"wp:attachment":[{"href":"https:\/\/bazaar.express\/ro\/wp-json\/wp\/v2\/media?parent=39593"}],"wp:term":[{"taxonomy":"product_brand","embeddable":true,"href":"https:\/\/bazaar.express\/ro\/wp-json\/wp\/v2\/product_brand?post=39593"},{"taxonomy":"product_cat","embeddable":true,"href":"https:\/\/bazaar.express\/ro\/wp-json\/wp\/v2\/product_cat?post=39593"},{"taxonomy":"product_tag","embeddable":true,"href":"https:\/\/bazaar.express\/ro\/wp-json\/wp\/v2\/product_tag?post=39593"}],"curies":[{"name":"wp","href":"https:\/\/api.w.org\/{rel}","templated":true}]}}