{"id":39653,"date":"2025-01-14T01:12:09","date_gmt":"2025-01-14T01:12:09","guid":{"rendered":"https:\/\/bazaar.express\/product\/ceai-egiptean\/"},"modified":"2025-01-14T01:12:09","modified_gmt":"2025-01-14T01:12:09","slug":"ceai-egiptean","status":"publish","type":"product","link":"https:\/\/bazaar.express\/ro\/produs\/ceai-egiptean\/","title":{"rendered":"Ceai egiptean"},"content":{"rendered":"<h2 data-start=\"270\" data-end=\"338\">Descoper\u0103 puterea natural\u0103 a ceaiului medicinal egiptean Desert Eagle<\/h2>\n<h3 data-start=\"340\" data-end=\"383\"> \u00cen\u021belepciune egiptean\u0103 antic\u0103 \u00een fiecare sorbitur\u0103<\/h3>\n<p data-start=\"385\" data-end=\"723\">Deblocheaz\u0103 secretele s\u0103n\u0103t\u0103\u021bii Egiptului antic cu <strong data-start=\"433\" data-end=\"474\">Ceaiul medicinal egiptean Desert Eagle<\/strong>\u2014un remediu herbal atent selectionat, preparat din cele mai fine ingrediente naturale. Perfect pentru oricine caut\u0103 wellness holistic, imunitate \u00eembun\u0103t\u0103\u021bit\u0103 sau relaxare natural\u0103, acest ceai combin\u0103 ierburi egiptene autentice cu tradi\u021bii de vindecare vechi de secole.<\/p>\n<p data-start=\"725\" data-end=\"889\">Fie c\u0103 vrei s\u0103 te relaxezi dup\u0103 o zi agitat\u0103, s\u0103-\u021bi stimulezi metabolismul sau s\u0103-\u021bi \u00eent\u0103re\u0219ti sistemul imunitar, acest ceai \u00ee\u021bi aduce o cea\u0219c\u0103 reconfortant\u0103 de lini\u0219te \u0219i vitalitate.<\/p>\n<h3 data-start=\"896\" data-end=\"952\"> De ce s\u0103 alegi Ceaiul medicinal egiptean Desert Eagle?<\/h3>\n<p data-start=\"954\" data-end=\"1223\">La <strong data-start=\"957\" data-end=\"973\">Desert Eagle<\/strong>, ne m\u00e2ndrim c\u0103 producem ceaiuri premium pentru wellness folosind cele mai bogate resurse herbale ale Egiptului. Ceaiurile noastre nu sunt doar savuroase\u2014sunt func\u021bionale. Fiecare amestec este proiectat s\u0103 ofere <strong data-start=\"1148\" data-end=\"1172\">beneficii reale pentru s\u0103n\u0103tate<\/strong>, \u00eenr\u0103d\u0103cinate \u00een \u00een\u021belepciunea medicinei herbale egiptene.<\/p>\n<ul data-start=\"1225\" data-end=\"1488\">\n<li data-start=\"1225\" data-end=\"1319\">\n<p data-start=\"1227\" data-end=\"1319\"><strong data-start=\"1227\" data-end=\"1265\">Provenc din solul fertil al Egiptului:<\/strong> Cultivat \u00een terenuri bogate \u00een nutrien\u021bi \u0219i recoltat cu grij\u0103.<\/p>\n<\/li>\n<li data-start=\"1320\" data-end=\"1426\">\n<p data-start=\"1322\" data-end=\"1426\"><strong data-start=\"1322\" data-end=\"1347\">Creat cu scop:<\/strong> Fiecare pachet de ceai de 160g este amestecat cu aten\u021bie pentru a sus\u021bine nevoile tale zilnice de s\u0103n\u0103tate.<\/p>\n<\/li>\n<li data-start=\"1427\" data-end=\"1488\">\n<p data-start=\"1429\" data-end=\"1488\"><strong data-start=\"1429\" data-end=\"1459\">F\u0103r\u0103 chimicale sau aditivi:<\/strong> Doar puritate natural\u0103.<\/p>\n<\/li>\n<\/ul>\n<h3 data-start=\"1495\" data-end=\"1544\"> Beneficiile cheie pentru s\u0103n\u0103tate ale ceaiului herbal egiptean<\/h3>\n<h4 data-start=\"1546\" data-end=\"1578\"> \u00cent\u0103re\u0219te-\u021bi sistemul imunitar<\/h4>\n<p data-start=\"1579\" data-end=\"1701\">Bogate \u00een antioxidan\u021bi \u0219i nutrien\u021bi, ceaiurile noastre medicinale ajut\u0103 corpul t\u0103u s\u0103 lupte \u00eempotriva bolilor \u0219i s\u0103 r\u0103m\u00e2n\u0103 rezistent tot anul.<\/p>\n<h4 data-start=\"1703\" data-end=\"1742\"> Reducerea stresului &#038; Somn mai bun<\/h4>\n<p data-start=\"1743\" data-end=\"1849\">Bucur\u0103-te de ierburi calmante care promoveaz\u0103 relaxarea \u0219i reduc anxietatea, ajut\u00e2ndu-te s\u0103 te destinzi \u0219i s\u0103 dormi mai profund.<\/p>\n<h4 data-start=\"1851\" data-end=\"1881\"> Cre\u0219te energia &#038; Concentra\u021bia<\/h4>\n<p data-start=\"1882\" data-end=\"1991\">Unele amestecuri sunt special concepute s\u0103 creasc\u0103 vigilen\u021ba \u0219i claritatea mental\u0103\u2014f\u0103r\u0103 efectul de pr\u0103bu\u0219ire al cofeinei.<\/p>\n<h4 data-start=\"1993\" data-end=\"2031\"> Sus\u021bine digestia &#038; S\u0103n\u0103tatea intestinal\u0103<\/h4>\n<p data-start=\"2032\" data-end=\"2147\">Infuzii herbale precum anason, fenicul \u0219i ment\u0103 fac minuni pentru a u\u0219ura balonarea, a calma stomacul \u0219i a sprijini digestia.<\/p>\n<h4 data-start=\"2149\" data-end=\"2182\"> Management natural al greut\u0103\u021bii<\/h4>\n<p data-start=\"2183\" data-end=\"2297\">Combina\u021bii herbale selectate ajut\u0103 la stimularea metabolismului \u0219i promovarea arderii gr\u0103similor\u2014perfecte pentru obiectivele tale de pierdere \u00een greutate.<\/p>\n<h3 data-start=\"2304\" data-end=\"2329\"> Ce ne diferen\u021biaz\u0103<\/h3>\n<p data-start=\"2331\" data-end=\"2546\">Ceaiul medicinal egiptean Desert Eagle nu este doar un produs\u2014este un <strong data-start=\"2397\" data-end=\"2419\">ritual al wellness-ului<\/strong>. Fie c\u0103 e\u0219ti nou \u00een ceaiurile herbale sau un entuziast de lung\u0103 durat\u0103, amestecurile noastre ofer\u0103 o experien\u021b\u0103 bogat\u0103, aromatic\u0103 \u0219i axat\u0103 pe s\u0103n\u0103tate.<\/p>\n<ul data-start=\"2548\" data-end=\"2680\">\n<li data-start=\"2548\" data-end=\"2566\">\n<p data-start=\"2550\" data-end=\"2566\"><strong data-start=\"2550\" data-end=\"2561\">Greutate:<\/strong> 160g<\/p>\n<\/li>\n<li data-start=\"2567\" data-end=\"2594\">\n<p data-start=\"2569\" data-end=\"2594\"><strong data-start=\"2569\" data-end=\"2580\">Origine:<\/strong> Fabricat \u00een Egipt<\/p>\n<\/li>\n<li data-start=\"2595\" data-end=\"2680\">\n<p data-start=\"2597\" data-end=\"2680\"><strong data-start=\"2597\" data-end=\"2611\">Ideal pentru:<\/strong> Iubitori de wellness, entuzia\u0219ti ai ceaiului \u0219i cei care caut\u0103 remedii naturale<\/p>\n<\/li>\n<\/ul>\n<h3 data-start=\"3070\" data-end=\"3110\"> Adopt\u0103 wellness-ul \u00een stil egiptean<\/h3>\n<p data-start=\"3112\" data-end=\"3354\">Cu <strong data-start=\"3117\" data-end=\"3158\">Ceaiul medicinal egiptean Desert Eagle<\/strong>, nu doar bei ceai\u2014te conectezi la secole de \u00een\u021belepciune herbal\u0103. Descoper\u0103 o cale natural\u0103, f\u0103r\u0103 cofein\u0103, de a te sim\u021bi mai bine, de a tr\u0103i mai s\u0103n\u0103tos \u0219i de a sus\u021bine nevoile corpului t\u0103u, o cea\u0219c\u0103 odat\u0103.<\/p>\n<p data-start=\"3356\" data-end=\"3425\"><strong data-start=\"3356\" data-end=\"3425\">Cump\u0103r\u0103 acum \u0219i experimenteaz\u0103 esen\u021ba vindec\u0103toare a Egiptului \u00een fiecare sorbitur\u0103.<\/strong><\/p>\n<p style=\"text-align: center;\">Mul\u021bumim c\u0103 ai cump\u0103rat la <em data-start=\"415\" data-end=\"431\"><a href=\"https:\/\/bazaar.express\/ro\/\">Bazaar Express<\/a><\/em> \u2013 suntem \u00eenc\u00e2nta\u021bi s\u0103 te avem!<\/p>\n<p style=\"text-align: center;\">Gust\u0103 tradi\u021bia cu selec\u021bia noastr\u0103 atent aleas\u0103 de <a href=\"https:\/\/bazaar.express\/product-category\/egyptian-flavors\/\">Arome egiptene<\/a> \u0219i mirodenii.<\/p>\n","protected":false},"excerpt":{"rendered":"<h3 data-start=\"518\" data-end=\"775\">Ceaiul medicinal egiptean Desert Eagle ofer\u0103 o selec\u021bie premium de amestecuri herbale 100% naturale \u00eenr\u0103d\u0103cinate \u00een tradi\u021bia egiptean\u0103 antic\u0103. Bogat \u00een antioxidan\u021bi \u0219i nutrien\u021bi, sus\u021bine imunitatea, digestia, reducerea stresului \u0219i wellness-ul general. Fabricat \u00een Egipt, 160g.<\/h3>\n<h3><\/h3>\n","protected":false},"featured_media":39657,"comment_status":"open","ping_status":"closed","template":"","meta":[],"product_brand":[],"product_cat":[1148,1151],"product_tag":[],"class_list":{"0":"post-39653","1":"product","2":"type-product","3":"status-publish","4":"has-post-thumbnail","6":"product_cat-arome-egiptene","7":"product_cat-cele-mai-bune-din-egipt","9":"first","10":"instock","11":"sale","12":"shipping-taxable","13":"purchasable","14":"product-type-simple"},"_links":{"self":[{"href":"https:\/\/bazaar.express\/ro\/wp-json\/wp\/v2\/product\/39653","targetHints":{"allow":["GET"]}}],"collection":[{"href":"https:\/\/bazaar.express\/ro\/wp-json\/wp\/v2\/product"}],"about":[{"href":"https:\/\/bazaar.express\/ro\/wp-json\/wp\/v2\/types\/product"}],"replies":[{"embeddable":true,"href":"https:\/\/bazaar.express\/ro\/wp-json\/wp\/v2\/comments?post=39653"}],"wp:featuredmedia":[{"embeddable":true,"href":"https:\/\/bazaar.express\/ro\/wp-json\/wp\/v2\/media\/39657"}],"wp:attachment":[{"href":"https:\/\/bazaar.express\/ro\/wp-json\/wp\/v2\/media?parent=39653"}],"wp:term":[{"taxonomy":"product_brand","embeddable":true,"href":"https:\/\/bazaar.express\/ro\/wp-json\/wp\/v2\/product_brand?post=39653"},{"taxonomy":"product_cat","embeddable":true,"href":"https:\/\/bazaar.express\/ro\/wp-json\/wp\/v2\/product_cat?post=39653"},{"taxonomy":"product_tag","embeddable":true,"href":"https:\/\/bazaar.express\/ro\/wp-json\/wp\/v2\/product_tag?post=39653"}],"curies":[{"name":"wp","href":"https:\/\/api.w.org\/{rel}","templated":true}]}}