{"id":39659,"date":"2025-01-14T00:45:19","date_gmt":"2025-01-14T00:45:19","guid":{"rendered":"https:\/\/bazaar.express\/product\/egyptian-dates\/"},"modified":"2025-01-14T00:45:19","modified_gmt":"2025-01-14T00:45:19","slug":"egyptian-dates","status":"publish","type":"product","link":"https:\/\/bazaar.express\/ro\/produs\/egyptian-dates\/","title":{"rendered":"Curmale Egiptene Premium"},"content":{"rendered":"<h2 data-start=\"245\" data-end=\"313\">Curmale Egiptene \u2013 Dulcea\u021b\u0103 Premium Egipten\u0103 cu Beneficii S\u0103n\u0103toase<\/h2>\n<h3 data-start=\"315\" data-end=\"366\">Comorile Naturale din Inima Egiptului<\/h3>\n<p data-start=\"368\" data-end=\"795\">Descoperi\u021bi gustul s\u0103n\u0103tos \u0219i beneficiile pentru s\u0103n\u0103tate ale <strong data-start=\"422\" data-end=\"437\">curmalelor Ajwan<\/strong>, una dintre cele mai fine oferte naturale ale Egiptului. Cultivate sub soarele cald \u0219i solul bogat al Egiptului, aceste curmale sunt disponibile \u00een ambele <strong data-start=\"554\" data-end=\"579\">variante uscate \u0219i umede<\/strong>, fiecare cunoscut\u0103 pentru textura sa unic\u0103, durata lung\u0103 de valabilitate \u0219i arom\u0103 irezistibil\u0103. Cu o form\u0103 oval\u0103 caracteristic\u0103 \u0219i v\u00e2rfuri ascu\u021bite, curmalele Ajwan se coc de la galben pal la galben-ro\u0219u, marc\u00e2nd v\u00e2rful dulcea\u021bei \u0219i coacerii lor.<\/p>\n<p data-start=\"797\" data-end=\"978\">Fie c\u0103 ave\u021bi nevoie de o gustare nutritiv\u0103, un \u00eendulcitor natural sau un cadou atent, <strong data-start=\"877\" data-end=\"930\">curmalele Ajwan ofer\u0103 calitate, valoare \u0219i s\u0103n\u0103tate<\/strong> \u2013 direct de la fermele Egiptului la masa dumneavoastr\u0103.<\/p>\n<h3 data-start=\"985\" data-end=\"1016\">De ce s\u0103 alege\u021bi curmalele Ajwan?<\/h3>\n<h4 data-start=\"1018\" data-end=\"1049\">\u2705 <strong data-start=\"1025\" data-end=\"1049\">Natural Nutritive<\/strong><\/h4>\n<p data-start=\"1050\" data-end=\"1281\">Curmalele Ajwan sunt pline de nutrien\u021bi esen\u021biali, f\u0103c\u00e2ndu-le o gustare excelent\u0103 pentru copii \u0219i adul\u021bi deopotriv\u0103. Bogate \u00een <strong data-start=\"1159\" data-end=\"1199\">vitamine, minerale \u0219i antioxidan\u021bi<\/strong>, ele sus\u021bin digestia, \u00eembun\u0103t\u0103\u021besc s\u0103n\u0103tatea pielii \u0219i contribuie la starea general\u0103 de bine.<\/p>\n<h4 data-start=\"1283\" data-end=\"1321\">\u2705 <strong data-start=\"1290\" data-end=\"1321\">Dulcea\u021b\u0103 Prietenoas\u0103 cu Diabetul<\/strong><\/h4>\n<p data-start=\"1322\" data-end=\"1504\">C\u0103uta\u021bi o alternativ\u0103 inteligent\u0103 la zah\u0103r? Curmalele Ajwan ofer\u0103 dulcea\u021b\u0103 natural\u0103 f\u0103r\u0103 a provoca o cre\u0219tere brusc\u0103 a nivelului de zah\u0103r din s\u00e2nge \u2013 f\u0103c\u00e2ndu-le o alegere mai bun\u0103 pentru cei care gestioneaz\u0103 diabetul.<\/p>\n<h4 data-start=\"1506\" data-end=\"1548\">\u2705 <strong data-start=\"1513\" data-end=\"1548\">Fibre Ridicate pentru S\u0103n\u0103tatea Digestiv\u0103<\/strong><\/h4>\n<p data-start=\"1549\" data-end=\"1681\">Datorit\u0103 con\u021binutului lor ridicat de fibre, curmalele Ajwan ajut\u0103 la promovarea s\u0103n\u0103t\u0103\u021bii intestinale, regleaz\u0103 tranzitul intestinal \u0219i v\u0103 men\u021bin s\u0103tul mai mult timp.<\/p>\n<h4 data-start=\"1683\" data-end=\"1716\">\u2705 <strong data-start=\"1690\" data-end=\"1716\">Iubite \u00een Lume \u00centreag\u0103<\/strong><\/h4>\n<p data-start=\"1717\" data-end=\"1926\">De la SUA \u0219i Arabia Saudit\u0103 p\u00e2n\u0103 \u00een India \u0219i mai departe, curmalele Ajwan sunt alegerea preferat\u0103 a familiilor \u0219i a persoanelor preocupate de s\u0103n\u0103tate. Echilibrul lor \u00eentre <strong data-start=\"1856\" data-end=\"1893\">calitate premium \u0219i accesibilitate<\/strong> le face favorite la nivel mondial.<\/p>\n<h4 data-start=\"1928\" data-end=\"1972\">\u2705 <strong data-start=\"1935\" data-end=\"1972\">Durat\u0103 Lung\u0103 de Valabilitate \u0219i Aroma Superioar\u0103<\/strong><\/h4>\n<p data-start=\"1973\" data-end=\"2148\">Curmalele Ajwan con\u021bin mai pu\u021bin\u0103 umiditate dec\u00e2t alte tipuri, ceea ce nu doar amplific\u0103 aroma lor, ci le men\u021bine proaspete mai mult timp \u2013 f\u0103c\u00e2ndu-le ideale pentru depozitare pe termen lung sau c\u0103l\u0103torii.<\/p>\n<h3 data-start=\"2155\" data-end=\"2178\">Detalii Produs<\/h3>\n<ul data-start=\"2179\" data-end=\"2356\">\n<li data-start=\"2179\" data-end=\"2212\">\n<p data-start=\"2181\" data-end=\"2212\"><strong data-start=\"2181\" data-end=\"2196\">Greutate Net\u0103:<\/strong> 700g pe pachet<\/p>\n<\/li>\n<li data-start=\"2213\" data-end=\"2303\">\n<p data-start=\"2215\" data-end=\"2303\"><strong data-start=\"2215\" data-end=\"2229\">Ambalare:<\/strong> Ambalate cu grij\u0103 \u00een Egipt pentru a p\u0103stra prospe\u021bimea, textura \u0219i nutrien\u021bii<\/p>\n<\/li>\n<li data-start=\"2304\" data-end=\"2356\">\n<p data-start=\"2306\" data-end=\"2356\"><strong data-start=\"2306\" data-end=\"2318\">Varietate:<\/strong> Disponibile \u00een ambele forme uscate \u0219i umede<\/p>\n<\/li>\n<\/ul>\n<h2 data-start=\"2688\" data-end=\"2740\">G\u00e2nduri Finale \u2013 Savura\u021bi Dulcea\u021ba Egiptului<\/h2>\n<p data-start=\"2742\" data-end=\"3133\">Curmalele Ajwan nu sunt doar o gustare \u2013 ele reprezint\u0103 o <strong data-start=\"2784\" data-end=\"2814\">buc\u0103\u021bic\u0103 din tradi\u021bia egiptean\u0103<\/strong>, transmis\u0103 de-a lungul genera\u021biilor. Ele combin\u0103 <strong data-start=\"2862\" data-end=\"2886\">aroma de\u0219ertului<\/strong> cu <strong data-start=\"2892\" data-end=\"2915\">wellness-ul modern<\/strong>, oferindu-v\u0103 o delicates\u0103 delicioas\u0103, s\u0103n\u0103toas\u0103 \u0219i plin\u0103 de cultur\u0103. Fie c\u0103 oferi\u021bi un cadou unui prieten, hr\u0103ni\u021bi familia sau v\u0103 energiza\u021bi ziua, <strong data-start=\"3059\" data-end=\"3096\">curmalele Ajwan sunt alegerea dumneavoastr\u0103 principal\u0103<\/strong> pentru dulcea\u021b\u0103 natural\u0103 \u0219i nutri\u021bie.<\/p>\n<p data-start=\"3135\" data-end=\"3203\">\ud83d\udc49 <strong data-start=\"3138\" data-end=\"3203\">Cump\u0103ra\u021bi Acum \u0219i Savura\u021bi Gustul Autentic al Egiptului \u00een Fiecare \u00cenghi\u021bitur\u0103!<\/strong><\/p>\n<p style=\"text-align: center;\">Mul\u021bumim c\u0103 a\u021bi cump\u0103rat la <em data-start=\"415\" data-end=\"431\"><a href=\"https:\/\/bazaar.express\/ro\/\">Bazaar Express<\/a><\/em> \u2013 suntem \u00eenc\u00e2nta\u021bi s\u0103 v\u0103 avem!<\/p>\n<p style=\"text-align: center;\">Savura\u021bi tradi\u021bia cu selec\u021bia noastr\u0103 atent aleas\u0103 de <a href=\"https:\/\/bazaar.express\/product-category\/egyptian-flavors\/\">Egyptian Flavors<\/a> \u0219i condimente.<\/p>\n","protected":false},"excerpt":{"rendered":"<h3 data-start=\"475\" data-end=\"738\">Curmalele Ajwan sunt curmale egiptene premium cunoscute pentru dulcea\u021ba lor natural\u0103, umiditate redus\u0103 \u0219i durat\u0103 lung\u0103 de valabilitate. Disponibile \u00een forme uscate \u0219i umede, sunt pline de fibre, vitamine \u0219i antioxidan\u021bi. Perfecte pentru gust\u0103ri s\u0103n\u0103toase, \u00eendulcire natural\u0103 sau cadouri.<\/h3>\n<h3><\/h3>\n","protected":false},"featured_media":39662,"comment_status":"open","ping_status":"closed","template":"","meta":[],"product_brand":[],"product_cat":[1148,1151],"product_tag":[1267,1222],"class_list":{"0":"post-39659","1":"product","2":"type-product","3":"status-publish","4":"has-post-thumbnail","6":"product_cat-arome-egiptene","7":"product_cat-cele-mai-bune-din-egipt","8":"product_tag-arome-naturale","9":"product_tag-sanatos","11":"first","12":"instock","13":"sale","14":"shipping-taxable","15":"purchasable","16":"product-type-simple"},"_links":{"self":[{"href":"https:\/\/bazaar.express\/ro\/wp-json\/wp\/v2\/product\/39659","targetHints":{"allow":["GET"]}}],"collection":[{"href":"https:\/\/bazaar.express\/ro\/wp-json\/wp\/v2\/product"}],"about":[{"href":"https:\/\/bazaar.express\/ro\/wp-json\/wp\/v2\/types\/product"}],"replies":[{"embeddable":true,"href":"https:\/\/bazaar.express\/ro\/wp-json\/wp\/v2\/comments?post=39659"}],"wp:featuredmedia":[{"embeddable":true,"href":"https:\/\/bazaar.express\/ro\/wp-json\/wp\/v2\/media\/39662"}],"wp:attachment":[{"href":"https:\/\/bazaar.express\/ro\/wp-json\/wp\/v2\/media?parent=39659"}],"wp:term":[{"taxonomy":"product_brand","embeddable":true,"href":"https:\/\/bazaar.express\/ro\/wp-json\/wp\/v2\/product_brand?post=39659"},{"taxonomy":"product_cat","embeddable":true,"href":"https:\/\/bazaar.express\/ro\/wp-json\/wp\/v2\/product_cat?post=39659"},{"taxonomy":"product_tag","embeddable":true,"href":"https:\/\/bazaar.express\/ro\/wp-json\/wp\/v2\/product_tag?post=39659"}],"curies":[{"name":"wp","href":"https:\/\/api.w.org\/{rel}","templated":true}]}}