{"id":39684,"date":"2025-01-27T00:51:18","date_gmt":"2025-01-27T00:51:18","guid":{"rendered":"https:\/\/bazaar.express\/product\/alabaster-lumanare\/"},"modified":"2025-01-27T00:51:18","modified_gmt":"2025-01-27T00:51:18","slug":"alabaster-lumanare","status":"publish","type":"product","link":"https:\/\/bazaar.express\/ro\/produs\/alabaster-lumanare\/","title":{"rendered":"Suport de lum\u00e2nare din alabastru"},"content":{"rendered":"<h2 data-start=\"270\" data-end=\"356\">Suport cilindric de lum\u00e2nare din alabastru cu baz\u0103 din alam\u0103 \u2013 Elegan\u021b\u0103 egiptean\u0103 lucrat\u0103 manual<\/h2>\n<h3 data-start=\"358\" data-end=\"407\">O pies\u0103 statement care \u00eenal\u021b\u0103 fiecare spa\u021biu<\/h3>\n<p data-start=\"408\" data-end=\"744\">Introduce\u021bi o atmosfer\u0103 de lini\u0219te \u0219i lux \u00een cas\u0103 cu <strong data-start=\"471\" data-end=\"510\">Suportul cilindric de lum\u00e2nare din alabastru<\/strong>, realizat manual de exper\u021bi din 100% alabastru egiptean natural \u0219i montat pe o baz\u0103 rafinat\u0103 din alam\u0103. Fiecare pies\u0103 este un amestec unic de artizanat egiptean tradi\u021bional \u0219i sofisticare modern\u0103 \u2013 ideal pentru cei care apreciaz\u0103 designul atemporal.<\/p>\n<p data-start=\"746\" data-end=\"952\">C\u00e2nd este aprins, suprafa\u021ba semitransparent\u0103 a alabastrului lumineaz\u0103 bl\u00e2nd, cre\u00e2nd o ambian\u021b\u0103 lini\u0219tit\u0103 \u0219i primitoare, perfect\u0103 pentru orice spa\u021biu interior, fie c\u0103 decora\u021bi o cas\u0103, un spa, un restaurant sau un hotel boutique.<\/p>\n<h3 data-start=\"954\" data-end=\"996\">Ce face acest suport de lum\u00e2nare special?<\/h3>\n<ul data-start=\"998\" data-end=\"1595\">\n<li data-start=\"998\" data-end=\"1152\">\n<p data-start=\"1000\" data-end=\"1152\"><strong data-start=\"1000\" data-end=\"1030\">Alabastru egiptean natural<\/strong> \u2013 Fiecare suport este confec\u021bionat din piatr\u0103 de alabastru ob\u021binut\u0103 etic, cu marmurare elegant\u0103 \u0219i varia\u021bii organice de culoare.<\/p>\n<\/li>\n<li data-start=\"1153\" data-end=\"1274\">\n<p data-start=\"1155\" data-end=\"1274\"><strong data-start=\"1155\" data-end=\"1184\">Me\u0219te\u0219ug manual<\/strong> \u2013 Realizat de artizani califica\u021bi din Egipt folosind tehnici str\u0103vechi transmise din genera\u021bie \u00een genera\u021bie.<\/p>\n<\/li>\n<li data-start=\"1275\" data-end=\"1399\">\n<p data-start=\"1277\" data-end=\"1399\"><strong data-start=\"1277\" data-end=\"1298\">Lumin\u0103 ambiental\u0103 bl\u00e2nd\u0103<\/strong> \u2013 C\u00e2nd se introduce o lum\u00e2nare \u00een interior, suportul emite o nuan\u021b\u0103 cald\u0103, aurie, care \u00eembun\u0103t\u0103\u021be\u0219te starea oric\u0103rei camere.<\/p>\n<\/li>\n<li data-start=\"1400\" data-end=\"1493\">\n<p data-start=\"1402\" data-end=\"1493\"><strong data-start=\"1402\" data-end=\"1425\">Baz\u0103 din alam\u0103 lustruit\u0103<\/strong> \u2013 Adaug\u0103 un contrast modern elegant \u0219i asigur\u0103 echilibru \u0219i durabilitate.<\/p>\n<\/li>\n<li data-start=\"1494\" data-end=\"1595\">\n<p data-start=\"1496\" data-end=\"1595\"><strong data-start=\"1496\" data-end=\"1517\">Utilizare multipl\u0103<\/strong> \u2013 Folosi\u021bi-l ca suport de lum\u00e2nare, surs\u0103 de lumin\u0103 ambiental\u0103 sau element decorativ artistic.<\/p>\n<\/li>\n<\/ul>\n<h3 data-start=\"1597\" data-end=\"1656\">Op\u021biuni de dimensiuni (Cump\u0103ra\u021bi individual sau ca set complet):<\/h3>\n<ul data-start=\"1657\" data-end=\"1901\">\n<li data-start=\"1657\" data-end=\"1707\">\n<p data-start=\"1659\" data-end=\"1707\"><strong data-start=\"1659\" data-end=\"1675\">L\u0103cut &#038; Mare<\/strong> \u2013 Aprox. 710g | 12 cm lungime<\/p>\n<\/li>\n<li data-start=\"1708\" data-end=\"1758\">\n<p data-start=\"1710\" data-end=\"1758\"><strong data-start=\"1710\" data-end=\"1726\">Sub\u021bire &#038; Mare<\/strong> \u2013 Aprox. 548g | 12 cm lungime<\/p>\n<\/li>\n<li data-start=\"1759\" data-end=\"1808\">\n<p data-start=\"1761\" data-end=\"1808\"><strong data-start=\"1761\" data-end=\"1776\">Mediu \u00cenalt<\/strong> \u2013 Aprox. 379g | 12 cm \u00een\u0103l\u021bime<\/p>\n<\/li>\n<li data-start=\"1809\" data-end=\"1851\">\n<p data-start=\"1811\" data-end=\"1851\"><strong data-start=\"1811\" data-end=\"1820\">Mic<\/strong> \u2013 Aprox. 205g | 7 cm lungime<\/p>\n<\/li>\n<li data-start=\"1852\" data-end=\"1901\">\n<p data-start=\"1854\" data-end=\"1901\"><strong data-start=\"1854\" data-end=\"1870\">Mic &#038; Sub\u021bire<\/strong> \u2013 Aprox. 120g | 7 cm lungime<\/p>\n<\/li>\n<\/ul>\n<p data-start=\"1903\" data-end=\"2006\">Fie stilizate individual sau grupate \u00een set, aceste suporturi adaug\u0103 elegan\u021b\u0103, serenitate \u0219i textur\u0103 oric\u0103rei camere.<\/p>\n<h3 data-start=\"2008\" data-end=\"2022\">Ideal pentru:<\/h3>\n<ul data-start=\"2023\" data-end=\"2320\">\n<li data-start=\"2023\" data-end=\"2100\">\n<p data-start=\"2025\" data-end=\"2100\">Designeri de interior care doresc s\u0103 accentueze stiluri de decor clasice \u0219i moderne<\/p>\n<\/li>\n<li data-start=\"2101\" data-end=\"2160\">\n<p data-start=\"2103\" data-end=\"2160\">Spa-uri de lux care urm\u0103resc s\u0103 \u00eembun\u0103t\u0103\u021beasc\u0103 experien\u021ba de relaxare<\/p>\n<\/li>\n<li data-start=\"2161\" data-end=\"2245\">\n<p data-start=\"2163\" data-end=\"2245\">Hoteluri, restaurante \u0219i lounge-uri care vor s\u0103 ofere o atmosfer\u0103 cald\u0103, memorabil\u0103<\/p>\n<\/li>\n<li data-start=\"2246\" data-end=\"2320\">\n<p data-start=\"2248\" data-end=\"2320\">Proprietari de case care apreciaz\u0103 calitatea, tradi\u021bia \u0219i decorul natural distinctiv<\/p>\n<\/li>\n<\/ul>\n<h3 data-start=\"2322\" data-end=\"2398\">\u00a0Lucrat manual \u00een Egipt \u2013 Fiecare pies\u0103 spune o poveste de mo\u0219tenire \u0219i artizanat.<\/h3>\n<h3 data-start=\"124\" data-end=\"186\">\u00cembun\u0103t\u0103\u021bi\u021bi-v\u0103 spa\u021biul cu me\u0219te\u0219ug autentic egiptean<\/h3>\n<p data-start=\"187\" data-end=\"539\"><strong data-start=\"191\" data-end=\"246\">Suportul cilindric de lum\u00e2nare din alabastru cu baz\u0103 din alam\u0103<\/strong> este mai mult dec\u00e2t o pies\u0103 decorativ\u0103 \u2013 este o celebrare a frumuse\u021bii naturale \u0219i a artizanatului atemporal. Fie c\u0103 crea\u021bi o ambian\u021b\u0103 lini\u0219titoare acas\u0103, proiecta\u021bi un spa\u021biu cozy pentru oaspe\u021bi sau c\u0103uta\u021bi un cadou handmade semnificativ, acest suport de lum\u00e2nare aduce elegan\u021b\u0103 \u0219i mo\u0219tenire \u00een orice decor.<\/p>\n<p data-start=\"541\" data-end=\"652\"><strong data-start=\"541\" data-end=\"652\">Comanda\u021bi al dvs. ast\u0103zi \u0219i descoperi\u021bi farmecul decorului egiptean lucrat manual \u2013 livrat direct la u\u0219a dvs.<\/strong><\/p>\n<p style=\"text-align: center;\">Mul\u021bumim c\u0103 a\u021bi cump\u0103rat de la <em data-start=\"415\" data-end=\"431\"><a href=\"https:\/\/bazaar.express\/ro\/\">Bazaar Express<\/a><\/em> \u2013 suntem \u00eenc\u00e2nta\u021bi s\u0103 v\u0103 avem!<\/p>\n<p style=\"text-align: center;\">Descoperi\u021bi farmecul artizanatului str\u0103vechi cu colec\u021bia noastr\u0103 <a href=\"https:\/\/bazaar.express\/product-category\/egyptian-treasures\/\">Egyptian Treasures<\/a>.<\/p>\n","protected":false},"excerpt":{"rendered":"<h3 data-start=\"394\" data-end=\"604\">\u00cenal\u021ba\u021bi nivelul locuin\u021bei dvs. cu acest suport cilindric de lum\u00e2nare lucrat manual din alabastru egiptean natural \u0219i finisat cu o baz\u0103 luxoas\u0103 din alam\u0103. Perfect pentru ambian\u021b\u0103 cozy, decor atemporal sau cadouri atent alese.<\/h3>\n","protected":false},"featured_media":39691,"comment_status":"open","ping_status":"closed","template":"","meta":[],"product_brand":[],"product_cat":[1150,1151],"product_tag":[1246,1238],"class_list":{"0":"post-39684","1":"product","2":"type-product","3":"status-publish","4":"has-post-thumbnail","6":"product_cat-comori-egiptene","7":"product_cat-cele-mai-bune-din-egipt","8":"product_tag-cadouri","9":"product_tag-suveniruri","11":"first","12":"instock","13":"shipping-taxable","14":"purchasable","15":"product-type-variable"},"_links":{"self":[{"href":"https:\/\/bazaar.express\/ro\/wp-json\/wp\/v2\/product\/39684","targetHints":{"allow":["GET"]}}],"collection":[{"href":"https:\/\/bazaar.express\/ro\/wp-json\/wp\/v2\/product"}],"about":[{"href":"https:\/\/bazaar.express\/ro\/wp-json\/wp\/v2\/types\/product"}],"replies":[{"embeddable":true,"href":"https:\/\/bazaar.express\/ro\/wp-json\/wp\/v2\/comments?post=39684"}],"wp:featuredmedia":[{"embeddable":true,"href":"https:\/\/bazaar.express\/ro\/wp-json\/wp\/v2\/media\/39691"}],"wp:attachment":[{"href":"https:\/\/bazaar.express\/ro\/wp-json\/wp\/v2\/media?parent=39684"}],"wp:term":[{"taxonomy":"product_brand","embeddable":true,"href":"https:\/\/bazaar.express\/ro\/wp-json\/wp\/v2\/product_brand?post=39684"},{"taxonomy":"product_cat","embeddable":true,"href":"https:\/\/bazaar.express\/ro\/wp-json\/wp\/v2\/product_cat?post=39684"},{"taxonomy":"product_tag","embeddable":true,"href":"https:\/\/bazaar.express\/ro\/wp-json\/wp\/v2\/product_tag?post=39684"}],"curies":[{"name":"wp","href":"https:\/\/api.w.org\/{rel}","templated":true}]}}