{"id":39698,"date":"2025-02-04T16:48:24","date_gmt":"2025-02-04T16:48:24","guid":{"rendered":"https:\/\/bazaar.express\/product\/flower-delivery\/"},"modified":"2025-02-04T16:48:24","modified_gmt":"2025-02-04T16:48:24","slug":"flower-delivery","status":"publish","type":"product","link":"https:\/\/bazaar.express\/ro\/produs\/flower-delivery\/","title":{"rendered":"Livrare flori \u00een aceea\u0219i zi \u00een Hurghada"},"content":{"rendered":"<h2 data-start=\"257\" data-end=\"339\">Livrare flori \u00een aceea\u0219i zi \u00een Hurghada \u2013 Buchete cu trandafiri albi pentru hoteluri &amp; resorturi<\/h2>\n<p data-start=\"341\" data-end=\"697\">C\u0103uta\u021bi <strong data-start=\"353\" data-end=\"393\">livrare flori \u00een aceea\u0219i zi \u00een Hurghada<\/strong>? Fie c\u0103 v\u0103 afla\u021bi la un resort de pe Marea Ro\u0219ie sau trimite\u021bi un cadou sincer de la distan\u021b\u0103, florarii no\u0219tri exper\u021bi v\u0103 asigur\u0103 c\u0103 buchetul ajunge proasp\u0103t, frumos \u0219i la timp. Buchetul nostru emblematic cu trandafiri albi \u2013 cu 13 trandafiri premium selecta\u021bi manual \u2013 este expresia perfect\u0103 a purit\u0103\u021bii, elegan\u021bei \u0219i iubirii.<\/p>\n<h3 data-start=\"704\" data-end=\"754\">Buchete premium cu trandafiri albi pentru orice ocazie<\/h3>\n<p data-start=\"756\" data-end=\"1092\">Trandafirii albi simbolizeaz\u0103 de mult sinceritate, lumin\u0103 \u0219i gra\u021bie. Cunoascu\u021bi ca \u201efloarea miresei\u201d, sunt o alegere atemporal\u0103 pentru nun\u021bi, anivers\u0103ri, surprize romantice sau chiar ca gest g\u00e2ndit de apreciere. Fiecare dintre cei 13 trandafiri albi proaspe\u021bi este aranjat cu grij\u0103 pentru a crea un buchet la fel de semnificativ pe c\u00e2t este de impresionant.<\/p>\n<h3 data-start=\"1099\" data-end=\"1143\">Livrare flori \u00een aceea\u0219i zi \u00een \u00eentregul Hurghada<\/h3>\n<p data-start=\"1145\" data-end=\"1469\">Oferim <strong data-start=\"1154\" data-end=\"1227\">livrare rapid\u0103, de \u00eencredere \u0219i profesionist\u0103 de flori \u00een aceea\u0219i zi \u00een Hurghada<\/strong>. Fie c\u0103 sta\u021bi la un hotel sau resort \u2013 sau dori\u021bi s\u0103 surprinde\u021bi pe cineva special \u00een ora\u0219 \u2013 v\u0103 asigur\u0103m c\u0103 florile sunt livrate proaspete \u0219i prezentate elegant. De la El Gouna la Makadi Bay, serviciul nostru acoper\u0103 toate destina\u021biile majore din Hurghada.<\/p>\n<h3 data-start=\"1476\" data-end=\"1531\">De ce s\u0103 alege\u021bi serviciul nostru de livrare flori \u00een Hurghada?<\/h3>\n<ul data-start=\"1533\" data-end=\"2055\">\n<li data-start=\"1533\" data-end=\"1620\">\n<p data-start=\"1535\" data-end=\"1620\"><strong data-start=\"1535\" data-end=\"1566\">\u2714 Flori proaspete &amp; parfumate:<\/strong> Trandafiri de calitate premium, cu tulpini lungi \u0219i t\u0103ia\u021bi proaspe\u021bi<\/p>\n<\/li>\n<li data-start=\"1621\" data-end=\"1705\">\n<p data-start=\"1623\" data-end=\"1705\"><strong data-start=\"1623\" data-end=\"1651\">\u2714 Buchete personalizabile:<\/strong> Alege\u021bi ambalajul, adaosurile \u0219i mesajele speciale<\/p>\n<\/li>\n<li data-start=\"1706\" data-end=\"1787\">\n<p data-start=\"1708\" data-end=\"1787\"><strong data-start=\"1708\" data-end=\"1731\">\u2714 Livrare express:<\/strong> Expediere \u00een aceea\u0219i zi \u00een Hurghada, \u00eencep\u00e2nd de la 7 diminea\u021ba<\/p>\n<\/li>\n<li data-start=\"1788\" data-end=\"1881\">\n<p data-start=\"1790\" data-end=\"1881\"><strong data-start=\"1790\" data-end=\"1818\">\u2714 Toate ocaziile acoperite:<\/strong> Nun\u021bi, anivers\u0103ri, zile de na\u0219tere, cadouri romantice \u0219i mai mult<\/p>\n<\/li>\n<li data-start=\"1882\" data-end=\"1964\">\n<p data-start=\"1884\" data-end=\"1964\"><strong data-start=\"1884\" data-end=\"1906\">\u2714 Expertiz\u0103 local\u0103:<\/strong> Aranjate de florari locali din Hurghada care cunosc nevoile dvs.<\/p>\n<\/li>\n<li data-start=\"1965\" data-end=\"2055\">\n<p data-start=\"1967\" data-end=\"2055\"><strong data-start=\"1967\" data-end=\"1994\">\u2714 Comand\u0103 online u\u0219oar\u0103:<\/strong> Finalizare rapid\u0103 \u0219i sigur\u0103 cu livrare la hotel\/resort<\/p>\n<\/li>\n<\/ul>\n<h3 data-start=\"2062\" data-end=\"2101\">Cum s\u0103 v\u0103 p\u0103stra\u021bi trandafirii proaspe\u021bi mai mult timp<\/h3>\n<p data-start=\"2103\" data-end=\"2168\">Pentru a v\u0103 bucura de buchet p\u00e2n\u0103 la 7 zile, urma\u021bi aceste sfaturi simple:<\/p>\n<ul data-start=\"2169\" data-end=\"2406\">\n<li data-start=\"2169\" data-end=\"2246\">\n<p data-start=\"2171\" data-end=\"2246\"><strong data-start=\"2171\" data-end=\"2192\">Hidratarea este esen\u021bial\u0103:<\/strong> Pune\u021bi trandafirii \u00een ap\u0103 curat\u0103 \u0219i schimba\u021bi-o zilnic.<\/p>\n<\/li>\n<li data-start=\"2247\" data-end=\"2318\">\n<p data-start=\"2249\" data-end=\"2318\"><strong data-start=\"2249\" data-end=\"2263\">P\u0103stra\u021bi la rece:<\/strong> Evita\u021bi lumina direct\u0103 a soarelui sau c\u0103ldura pentru a men\u021bine prospe\u021bimea.<\/p>\n<\/li>\n<li data-start=\"2319\" data-end=\"2406\">\n<p data-start=\"2321\" data-end=\"2406\"><strong data-start=\"2321\" data-end=\"2340\">T\u0103ia\u021bi regulat:<\/strong> T\u0103ia\u021bi tulpinile \u00een unghi la fiecare 2\u20133 zile pentru a \u00eembun\u0103t\u0103\u021bi absorb\u021bia apei.<\/p>\n<\/li>\n<\/ul>\n<h3 data-start=\"2413\" data-end=\"2473\">Trimite\u021bi flori \u00een Hurghada ast\u0103zi \u2013 Este u\u0219or &amp; accesibil!<\/h3>\n<p data-start=\"2475\" data-end=\"2720\">Comandarea florilor online \u00een Hurghada nu a fost niciodat\u0103 mai u\u0219oar\u0103. Fie c\u0103 c\u0103uta\u021bi o <strong data-start=\"2563\" data-end=\"2591\">livrare romantic\u0103 de flori<\/strong>, <strong data-start=\"2593\" data-end=\"2613\">buchet de ziua de na\u0219tere<\/strong> sau un cadou g\u00e2ndit de mul\u021bumire, gama noastr\u0103 larg\u0103 de produse florale asigur\u0103 potrivirea perfect\u0103 pentru orice moment.<\/p>\n<p data-start=\"2722\" data-end=\"2756\">Pe l\u00e2ng\u0103 trandafirii albi, oferim de asemenea:<\/p>\n<ul data-start=\"2757\" data-end=\"2936\">\n<li data-start=\"2757\" data-end=\"2789\">\n<p data-start=\"2759\" data-end=\"2789\">Elegan\u021bi <strong data-start=\"2767\" data-end=\"2789\">trandafiri roz \u0219i ro\u0219ii<\/strong><\/p>\n<\/li>\n<li data-start=\"2790\" data-end=\"2821\">\n<p data-start=\"2792\" data-end=\"2821\">Exotice <strong data-start=\"2799\" data-end=\"2821\">crini \u0219i orhidee<\/strong><\/p>\n<\/li>\n<li data-start=\"2822\" data-end=\"2866\">\n<p data-start=\"2824\" data-end=\"2866\">Cutii sezoniere cu flori \u0219i <strong data-start=\"2850\" data-end=\"2866\">co\u0219uri cadou<\/strong><\/p>\n<\/li>\n<li data-start=\"2867\" data-end=\"2936\">\n<p data-start=\"2869\" data-end=\"2936\">Adaosuri precum <strong data-start=\"2882\" data-end=\"2900\">Ferrero Rocher<\/strong>, baloane sau felicit\u0103ri personalizate<\/p>\n<\/li>\n<\/ul>\n<h3 data-start=\"2943\" data-end=\"2980\">Deservim \u00eentreaga regiune a M\u0103rii Ro\u0219ii<\/h3>\n<p data-start=\"2982\" data-end=\"3082\">De\u0219i suntem baza\u021bi \u00een Hurghada, serviciul nostru de livrare flori se extinde \u00een toat\u0103 Marea Ro\u0219ie \u2013 inclusiv:<\/p>\n<ul data-start=\"3083\" data-end=\"3198\">\n<li data-start=\"3083\" data-end=\"3118\">\n<p data-start=\"3085\" data-end=\"3118\"><strong data-start=\"3085\" data-end=\"3118\">Livrare flori la Marsa Alam<\/strong><\/p>\n<\/li>\n<li data-start=\"3119\" data-end=\"3161\">\n<p data-start=\"3121\" data-end=\"3161\"><strong data-start=\"3121\" data-end=\"3161\">Livrare \u00een aceea\u0219i zi la resorturile M\u0103rii Ro\u0219ii<\/strong><\/p>\n<\/li>\n<li data-start=\"3162\" data-end=\"3198\">\n<p data-start=\"3164\" data-end=\"3198\"><strong data-start=\"3164\" data-end=\"3198\">Livrare flori la hoteluri \u00een Egipt<\/strong><\/p>\n<\/li>\n<\/ul>\n<h3 data-start=\"3205\" data-end=\"3256\">\u00cencrede\u021bi-v\u0103 \u00een Hurghada Shop \u2013 Flor\u0103ria dvs. online local\u0103<\/h3>\n<p data-start=\"3258\" data-end=\"3489\">Cu ani de experien\u021b\u0103 \u00een design floral \u0219i logistic\u0103 local\u0103, suntem m\u00e2ndri s\u0103 fim prima alegere pentru <strong data-start=\"3359\" data-end=\"3390\">livrare flori \u00een Hurghada<\/strong>. Misiunea noastr\u0103 este s\u0103 livr\u0103m mai mult dec\u00e2t flori \u2013 livr\u0103m z\u00e2mbete, amintiri \u0219i momente de bucurie.<\/p>\n<blockquote data-start=\"3491\" data-end=\"3667\">\n<p data-start=\"3493\" data-end=\"3667\"> Comand\u0103 buchetul acum \u0219i experimenta\u021bi cea mai bun\u0103 livrare flori \u00een Hurghada.<br data-start=\"3573\" data-end=\"3576\" \/> Sloturile pentru aceea\u0219i zi sunt limitate \u2013 plasa\u021bi comanda \u00eenainte de 16:00 pentru livrare garantat\u0103 ast\u0103zi.<\/p>\n<\/blockquote>\n<p data-start=\"3674\" data-end=\"3785\"><strong data-start=\"3674\" data-end=\"3785\">Descoperi\u021bi buchetul perfect ast\u0103zi. L\u0103sa\u021bi Bazaar Express s\u0103 transforme mesajul dvs. \u00eentr-un moment de neuitat.<\/strong><\/p>\n<p data-start=\"3674\" data-end=\"3785\">\n<p style=\"text-align: center;\" align=\"center\"><span style=\"font-size: 11.0pt;\">Mul\u021bumim c\u0103 a\u021bi cump\u0103rat de la <em data-start=\"415\" data-end=\"431\"><a href=\"https:\/\/bazaar.express\/ro\/\">Bazaar Express<\/a><\/em> \u2013 suntem \u00eenc\u00e2nta\u021bi s\u0103 v\u0103 avem!<\/span><\/p>\n<p style=\"text-align: center;\" align=\"center\"><span style=\"font-size: 11.0pt;\">De la vibrante la delicate \u2013 descoperi\u021bi <a href=\"https:\/\/bazaar.express\/product-category\/flowers-red-sea-delivery\/\">Flori<\/a> care vorbesc elegan\u021b\u0103.<\/span><\/p>\n","protected":false},"excerpt":{"rendered":"<h3 data-start=\"439\" data-end=\"652\">Surprinde\u021bi-i pe cei dragi din Hurghada cu un buchet impresionant de 13 trandafiri albi proaspe\u021bi. Ideal pentru nun\u021bi, anivers\u0103ri sau gesturi romantice. Livrare rapid\u0103 \u00een aceea\u0219i zi la hoteluri \u0219i resorturi din zona M\u0103rii Ro\u0219ii.<\/h3>\n","protected":false},"featured_media":39701,"comment_status":"open","ping_status":"closed","template":"","meta":[],"product_brand":[],"product_cat":[1149,1156],"product_tag":[],"class_list":{"0":"post-39698","1":"product","2":"type-product","3":"status-publish","4":"has-post-thumbnail","6":"product_cat-livrare-flori-marea-rosie","7":"product_cat-flori-hurghada","9":"first","10":"instock","11":"sale","12":"shipping-taxable","13":"purchasable","14":"product-type-simple"},"_links":{"self":[{"href":"https:\/\/bazaar.express\/ro\/wp-json\/wp\/v2\/product\/39698","targetHints":{"allow":["GET"]}}],"collection":[{"href":"https:\/\/bazaar.express\/ro\/wp-json\/wp\/v2\/product"}],"about":[{"href":"https:\/\/bazaar.express\/ro\/wp-json\/wp\/v2\/types\/product"}],"replies":[{"embeddable":true,"href":"https:\/\/bazaar.express\/ro\/wp-json\/wp\/v2\/comments?post=39698"}],"wp:featuredmedia":[{"embeddable":true,"href":"https:\/\/bazaar.express\/ro\/wp-json\/wp\/v2\/media\/39701"}],"wp:attachment":[{"href":"https:\/\/bazaar.express\/ro\/wp-json\/wp\/v2\/media?parent=39698"}],"wp:term":[{"taxonomy":"product_brand","embeddable":true,"href":"https:\/\/bazaar.express\/ro\/wp-json\/wp\/v2\/product_brand?post=39698"},{"taxonomy":"product_cat","embeddable":true,"href":"https:\/\/bazaar.express\/ro\/wp-json\/wp\/v2\/product_cat?post=39698"},{"taxonomy":"product_tag","embeddable":true,"href":"https:\/\/bazaar.express\/ro\/wp-json\/wp\/v2\/product_tag?post=39698"}],"curies":[{"name":"wp","href":"https:\/\/api.w.org\/{rel}","templated":true}]}}