{"id":39706,"date":"2025-02-04T00:49:38","date_gmt":"2025-02-04T00:49:38","guid":{"rendered":"https:\/\/bazaar.express\/product\/marsa-alam\/"},"modified":"2025-02-04T00:49:38","modified_gmt":"2025-02-04T00:49:38","slug":"marsa-alam","status":"publish","type":"product","link":"https:\/\/bazaar.express\/ro\/produs\/marsa-alam\/","title":{"rendered":"Livrare de flori \u00een aceea\u0219i zi \u00een Marsa Alam"},"content":{"rendered":"<h2 data-start=\"389\" data-end=\"469\">Livrare de flori \u00een aceea\u0219i zi \u00een Marsa Alam \u2013 Buchete elegante pentru orice ocazie<\/h2>\n<h3 data-start=\"471\" data-end=\"535\">Trimite\u021bi flori proaspete la hotelurile, resorturile \u0219i alte loca\u021bii din Marsa Alam<\/h3>\n<p data-start=\"536\" data-end=\"911\">\u00cenc\u00e2nta\u021bi o persoan\u0103 drag\u0103 cu aranjamente florale impresionante livrate direct la hotelul sau resortul lor din Marsa Alam. Fie c\u0103 c\u0103uta\u021bi \u201emagazin de flori aproape de mine\u201d sau ave\u021bi nevoie de livrare de flori \u00een aceea\u0219i zi pentru o zi de na\u0219tere, aniversare sau surpriz\u0103 romantic\u0103 \u2014 v\u0103 acoperim. Florarii no\u0219tri din Marsa Alam creeaz\u0103 buchete de flori proaspete \u0219i elegante care aduc bucurie \u00een fiecare moment.<\/p>\n<h3 data-start=\"913\" data-end=\"974\">Aranjamente florale premium cu prospe\u021bime de lung\u0103 durat\u0103<\/h3>\n<p data-start=\"975\" data-end=\"1333\">Buchetele noastre de flori realizate manual sunt create cu grij\u0103, incluz\u00e2nd doar cele mai proaspete flori. Fiecare aranjament include o baz\u0103 special\u0103 de burete \u00eenmuiat \u00een ap\u0103 pentru a men\u021bine florile hidratate \u0219i frumoase pe parcursul zilei. Pute\u021bi \u00eembun\u0103t\u0103\u021bi cadoul cu un vas de sticl\u0103 elegant pentru doar $5\u2013$10 sau opta\u021bi pentru op\u021biuni de lux precum cutii de p\u0103l\u0103rie sau co\u0219uri cu flori.<\/p>\n<h3 data-start=\"1335\" data-end=\"1370\">Personaliza\u021bi-v\u0103 buchetul de flori<\/h3>\n<p data-start=\"1371\" data-end=\"1675\">F\u0103ce\u021bi cadoul cu adev\u0103rat personal. Pute\u021bi selecta tipurile preferate de flori (trandafiri, crini, orhidee, floarea-soarelui, gerbere), culori \u0219i stilul de ambalare. Fie c\u0103 este un buchet ro\u0219u romantic sau o explozie tropical\u0103 de culoare, oferim ceva pentru fiecare gust \u0219i ocazie \u2014 chiar \u0219i pentru nun\u021bi sau flori de condolean\u021be.<\/p>\n<h3 data-start=\"1677\" data-end=\"1737\">Livrare de flori \u00een aceea\u0219i zi direct \u00een camera dvs. de hotel din Marsa Alam<\/h3>\n<p data-start=\"1738\" data-end=\"2017\">Oferim livrare de flori sigur\u0103 \u0219i la timp \u00een \u00eentregul Marsa Alam, \u00eencep\u00e2nd cu ora 7 diminea\u021ba. Florile dvs. vor ajunge proaspete \u0219i la timp \u2014 livrate direct la resortul sau hotelul de pe plaj\u0103. Pre\u021bul livr\u0103rii include transportul p\u00e2n\u0103 la u\u0219a dvs., f\u0103r\u0103 costuri ascunse.<\/p>\n<h3 data-start=\"2019\" data-end=\"2066\">De ce s\u0103 alege\u021bi magazinul nostru de flori din Marsa Alam?<\/h3>\n<ul data-start=\"2067\" data-end=\"2532\">\n<li data-start=\"2067\" data-end=\"2160\">\n<p data-start=\"2069\" data-end=\"2160\">Simbol al iubirii \u0219i elegan\u021bei \u2013 Trandafiri ro\u0219ii pentru pasiune, crini albi pentru puritate \u0219i gra\u021bie.<\/p>\n<\/li>\n<li data-start=\"2161\" data-end=\"2267\">\n<p data-start=\"2163\" data-end=\"2267\">Perfect pentru orice ocazie \u2013 Zile de na\u0219tere, Ziua \u00cendr\u0103gosti\u021bilor, anivers\u0103ri, nun\u021bi sau \u201edoar a\u0219a\u201d.<\/p>\n<\/li>\n<li data-start=\"2268\" data-end=\"2347\">\n<p data-start=\"2270\" data-end=\"2347\">Flori de lung\u0103 durat\u0103 \u2013 Cu \u00eengrijire corespunz\u0103toare, buchetele dureaz\u0103 p\u00e2n\u0103 la o s\u0103pt\u0103m\u00e2n\u0103.<\/p>\n<\/li>\n<li data-start=\"2348\" data-end=\"2435\">\n<p data-start=\"2350\" data-end=\"2435\">Aranjamente personalizate \u2013 Crea\u021bii florale sezoniere \u0219i la comand\u0103, f\u0103cute special pentru dvs.<\/p>\n<\/li>\n<li data-start=\"2436\" data-end=\"2532\">\n<p data-start=\"2438\" data-end=\"2532\">Livrare rapid\u0103 \u0219i de \u00eencredere \u2013 Livrare \u00een aceea\u0219i zi direct la loca\u021bia dvs. din Marsa Alam.<\/p>\n<\/li>\n<\/ul>\n<h3 data-start=\"2534\" data-end=\"2582\">Sfaturi de \u00eengrijire a florilor pentru a le men\u021bine proaspete<\/h3>\n<ul data-start=\"2583\" data-end=\"2801\">\n<li data-start=\"2583\" data-end=\"2657\">\n<p data-start=\"2585\" data-end=\"2657\"><strong data-start=\"2585\" data-end=\"2600\">Ap\u0103 zilnic<\/strong> \u2013 Ad\u0103uga\u021bi ap\u0103 proasp\u0103t\u0103 \u00een baza de burete sau vaz\u0103 \u00een fiecare zi.<\/p>\n<\/li>\n<li data-start=\"2658\" data-end=\"2726\">\n<p data-start=\"2660\" data-end=\"2726\"><strong data-start=\"2660\" data-end=\"2691\">Schimba\u021bi apa la fiecare 2\u20133 zile<\/strong> \u2013 Men\u021bine florile vibrante.<\/p>\n<\/li>\n<li data-start=\"2727\" data-end=\"2801\">\n<p data-start=\"2729\" data-end=\"2801\"><strong data-start=\"2729\" data-end=\"2754\">Evita\u021bi c\u0103ldura \u0219i lumina direct\u0103 a soarelui<\/strong> \u2013 P\u0103stra\u021bi \u00eentr-un loc r\u0103coros \u0219i umbros pentru o durat\u0103 mai lung\u0103 de via\u021b\u0103.<\/p>\n<\/li>\n<\/ul>\n<h3 data-start=\"2803\" data-end=\"2859\">Comanda\u021bi acum \u2013 Livrare de flori \u00een aceea\u0219i zi \u00een Marsa Alam<\/h3>\n<p data-start=\"2860\" data-end=\"3116\">Transforma\u021bi orice moment \u00eentr-unul frumos. Cu serviciul nostru rapid \u0219i u\u0219or de livrare online de flori \u00een Marsa Alam, trimiterea de bucurie este la doar c\u00e2teva clicuri distan\u021b\u0103. Fie c\u0103 sunte\u021bi turist sau local, v\u0103 ajut\u0103m s\u0103 trimite\u021bi flori \u00een Marsa Alam \u0219i \u00een \u00eentregul Egipt cu u\u0219urin\u021b\u0103.<\/p>\n<p data-start=\"3118\" data-end=\"3165\">Alege\u021bi din gama noastr\u0103 larg\u0103 de op\u021biuni florale:<\/p>\n<ul data-start=\"3166\" data-end=\"3295\">\n<li data-start=\"3166\" data-end=\"3187\">\n<p data-start=\"3168\" data-end=\"3187\">Trandafiri ro\u0219ii clasici<\/p>\n<\/li>\n<li data-start=\"3188\" data-end=\"3211\">\n<p data-start=\"3190\" data-end=\"3211\">Trandafiri albi elegan\u021bi<\/p>\n<\/li>\n<li data-start=\"3212\" data-end=\"3233\">\n<p data-start=\"3214\" data-end=\"3233\">Trandafiri roz vis\u0103tori<\/p>\n<\/li>\n<li data-start=\"3234\" data-end=\"3262\">\n<p data-start=\"3236\" data-end=\"3262\">Buchete tropicale exotice<\/p>\n<\/li>\n<li data-start=\"3263\" data-end=\"3295\">\n<p data-start=\"3265\" data-end=\"3295\">Crea\u021bii florale realizate la comand\u0103<\/p>\n<\/li>\n<\/ul>\n<p data-start=\"3297\" data-end=\"3514\">Florarii no\u0219tri exper\u021bi asigur\u0103 c\u0103 fiecare aranjament este livrat proasp\u0103t, stilat \u0219i plin de semnifica\u021bie. Comanda\u021bi flori online ast\u0103zi \u0219i experimenta\u021bi servicii de top de la cel mai bun magazin de flori din Marsa Alam \u0219i regiunea M\u0103rii Ro\u0219ii.<\/p>\n<p data-start=\"3297\" data-end=\"3514\">\n<p style=\"text-align: center;\" align=\"center\"><span style=\"font-size: 11.0pt;\">Mul\u021bumim c\u0103 a\u021bi f\u0103cut cump\u0103r\u0103turi la <em data-start=\"415\" data-end=\"431\"><a href=\"https:\/\/bazaar.express\/ro\/\">Bazaar Express<\/a><\/em> \u2013 suntem \u00eenc\u00e2nta\u021bi s\u0103 v\u0103 avem!<\/span><\/p>\n<p style=\"text-align: center;\" align=\"center\"><span style=\"font-size: 11.0pt;\">De la vibrante la delicate \u2014 descoperi\u021bi <a href=\"https:\/\/bazaar.express\/product-category\/flowers-red-sea-delivery\/\">Flori<\/a> care vorbesc elegan\u021b\u0103.<\/span><\/p>\n","protected":false},"excerpt":{"rendered":"<h3 data-start=\"432\" data-end=\"718\">Surprinde\u021bi-i pe cei dragi \u00een Marsa Alam cu aranjamente florale frumoase livrate direct la hotelul sau resortul lor. Alege\u021bi din trandafiri clasici, buchete tropicale sau cadouri florale personalizate \u2014 toate disponibile cu livrare \u00een aceea\u0219i zi \u00een regiunea M\u0103rii Ro\u0219ii. Cump\u0103ra\u021bi acum flori proaspete \u0219i elegante!<\/h3>\n<h3><span style=\"color: #0000ff;\"><strong>Pre\u021bul include livrarea.<\/strong><\/span><\/h3>\n","protected":false},"featured_media":39709,"comment_status":"open","ping_status":"closed","template":"","meta":[],"product_brand":[],"product_cat":[1149,1157],"product_tag":[],"class_list":{"0":"post-39706","1":"product","2":"type-product","3":"status-publish","4":"has-post-thumbnail","6":"product_cat-livrare-flori-marea-rosie","7":"product_cat-flori-marsa-alam","9":"first","10":"instock","11":"sale","12":"shipping-taxable","13":"purchasable","14":"product-type-simple"},"_links":{"self":[{"href":"https:\/\/bazaar.express\/ro\/wp-json\/wp\/v2\/product\/39706","targetHints":{"allow":["GET"]}}],"collection":[{"href":"https:\/\/bazaar.express\/ro\/wp-json\/wp\/v2\/product"}],"about":[{"href":"https:\/\/bazaar.express\/ro\/wp-json\/wp\/v2\/types\/product"}],"replies":[{"embeddable":true,"href":"https:\/\/bazaar.express\/ro\/wp-json\/wp\/v2\/comments?post=39706"}],"wp:featuredmedia":[{"embeddable":true,"href":"https:\/\/bazaar.express\/ro\/wp-json\/wp\/v2\/media\/39709"}],"wp:attachment":[{"href":"https:\/\/bazaar.express\/ro\/wp-json\/wp\/v2\/media?parent=39706"}],"wp:term":[{"taxonomy":"product_brand","embeddable":true,"href":"https:\/\/bazaar.express\/ro\/wp-json\/wp\/v2\/product_brand?post=39706"},{"taxonomy":"product_cat","embeddable":true,"href":"https:\/\/bazaar.express\/ro\/wp-json\/wp\/v2\/product_cat?post=39706"},{"taxonomy":"product_tag","embeddable":true,"href":"https:\/\/bazaar.express\/ro\/wp-json\/wp\/v2\/product_tag?post=39706"}],"curies":[{"name":"wp","href":"https:\/\/api.w.org\/{rel}","templated":true}]}}