{"id":39710,"date":"2025-02-02T01:30:04","date_gmt":"2025-02-02T01:30:04","guid":{"rendered":"https:\/\/bazaar.express\/product\/olive-soap-oil\/"},"modified":"2025-02-02T01:30:04","modified_gmt":"2025-02-02T01:30:04","slug":"olive-soap-oil","status":"publish","type":"product","link":"https:\/\/bazaar.express\/ro\/produs\/olive-soap-oil\/","title":{"rendered":"S\u0103pun cu ulei de m\u0103sline"},"content":{"rendered":"<h2 data-start=\"329\" data-end=\"392\">S\u0103pun cu ulei de m\u0103sline \u2013 Hidratare profund\u0103 &#038; str\u0103lucire natural\u0103 pentru pielea ta<\/h2>\n<p data-start=\"394\" data-end=\"787\">C\u0103uta\u021bi o cale natural\u0103 de a ob\u021bine piele radiant\u0103, moale \u0219i s\u0103n\u0103toas\u0103? S\u0103punul cu ulei de m\u0103sline este esen\u021bialul de \u00eengrijire a pielii de care ave\u021bi nevoie, conceput s\u0103 ofere hidratare intens\u0103 \u0219i nutrien\u021bi. Realizat din ulei de m\u0103sline extravirgin de calitate \u00eenalt\u0103, acest cur\u0103\u021b\u0103tor bl\u00e2nd este bogat \u00een antioxidan\u021bi, vitamine \u0219i acizi gra\u0219i care restabilesc umiditatea, elasticitatea \u0219i str\u0103lucirea t\u00e2n\u0103r\u0103 a pielii \u2013 f\u0103r\u0103 chimicale dure.<\/p>\n<p data-start=\"789\" data-end=\"979\">Formulat pentru toate tipurile de piele, inclusiv uscat\u0103, sensibil\u0103 \u0219i matur\u0103, S\u0103punul cu ulei de m\u0103sline ofer\u0103 o experien\u021b\u0103 zilnic\u0103 de cur\u0103\u021bare \u0219i hidratare care protejeaz\u0103, re\u00eemprosp\u0103teaz\u0103 \u0219i calmeaz\u0103 pielea.<\/p>\n<h3 data-start=\"986\" data-end=\"1020\">Beneficiile cheie ale S\u0103punului cu ulei de m\u0103sline<\/h3>\n<p data-start=\"1022\" data-end=\"1230\"><strong data-start=\"1022\" data-end=\"1042\">\u2714 Hidratare profund\u0103<\/strong><br data-start=\"1042\" data-end=\"1045\" \/>Datorit\u0103 con\u021binutului s\u0103u ridicat de acid oleic, uleiul de m\u0103sline p\u0103trunde ad\u00e2nc \u00een straturile pielii pentru a asigura umiditate de lung\u0103 durat\u0103. Pielea se simte mai moale, mai fin\u0103 \u0219i mai elastic\u0103 dup\u0103 fiecare utilizare.<\/p>\n<p data-start=\"1232\" data-end=\"1446\"><strong data-start=\"1232\" data-end=\"1263\">\u2714 Promoveaz\u0103 str\u0103lucirea natural\u0103<\/strong><br data-start=\"1263\" data-end=\"1266\" \/>Acest s\u0103pun pe baz\u0103 de ulei restabile\u0219te str\u0103lucirea natural\u0103 a pielii prin re\u021binerea umidit\u0103\u021bii \u0219i \u00eembun\u0103t\u0103\u021birea tonului pielii. Utiliza\u021bi-l regulat pentru un aspect proasp\u0103t \u0219i s\u0103n\u0103tos pe tot parcursul zilei.<\/p>\n<p data-start=\"1448\" data-end=\"1637\"><strong data-start=\"1448\" data-end=\"1481\">\u2714 Potrivit pentru toate tipurile de piele<\/strong><br data-start=\"1481\" data-end=\"1484\" \/>Fie c\u0103 ave\u021bi piele gras\u0103, uscat\u0103, sensibil\u0103 sau mixt\u0103, S\u0103punul cu ulei de m\u0103sline echilibreaz\u0103 bariera de umiditate a pielii \u0219i reduce irita\u021biile \u0219i ro\u0219ea\u021ba.<\/p>\n<p data-start=\"1639\" data-end=\"1828\"><strong data-start=\"1639\" data-end=\"1665\">\u2714 Bogat \u00een antioxidan\u021bi<\/strong><br data-start=\"1665\" data-end=\"1668\" \/>\u00cembog\u0103\u021bit cu vitamina E \u0219i polifenoli, acest s\u0103pun cu ulei combate stresul oxidativ, reduc\u00e2nd semnele de \u00eemb\u0103tr\u00e2nire \u0219i protej\u00e2nd pielea de factorii de mediu d\u0103un\u0103tori.<\/p>\n<p data-start=\"1830\" data-end=\"2012\"><strong data-start=\"1830\" data-end=\"1866\">\u2714 F\u0103r\u0103 chimicale &#038; formul\u0103 bl\u00e2nd\u0103<\/strong><br data-start=\"1866\" data-end=\"1869\" \/>F\u0103r\u0103 sulfa\u021bi, parabeni sau parfumuri artificiale, S\u0103punul nostru cu ulei de m\u0103sline este delicat pentru utilizare zilnic\u0103 \u2013 chiar \u0219i pe piele sensibil\u0103 sau acneic\u0103.<\/p>\n<h3 data-start=\"2019\" data-end=\"2065\">Cum s\u0103 folosi\u021bi S\u0103punul cu ulei de m\u0103sline pentru rezultate optime<\/h3>\n<ol data-start=\"2067\" data-end=\"2326\">\n<li data-start=\"2067\" data-end=\"2100\">\n<p data-start=\"2070\" data-end=\"2100\">Umezi\u021bi pielea cu ap\u0103 c\u0103ldu\u021b\u0103.<\/p>\n<\/li>\n<li data-start=\"2101\" data-end=\"2169\">\n<p data-start=\"2104\" data-end=\"2169\">Aplica\u021bi o cantitate mic\u0103 de S\u0103pun cu ulei de m\u0103sline pe m\u00e2ini sau pe un burete.<\/p>\n<\/li>\n<li data-start=\"2170\" data-end=\"2222\">\n<p data-start=\"2173\" data-end=\"2222\">Masa\u021bi u\u0219or pe piele prin mi\u0219c\u0103ri circulare.<\/p>\n<\/li>\n<li data-start=\"2223\" data-end=\"2259\">\n<p data-start=\"2226\" data-end=\"2259\">Cl\u0103ti\u021bi bine cu ap\u0103 c\u0103ldu\u021b\u0103.<\/p>\n<\/li>\n<li data-start=\"2260\" data-end=\"2326\">\n<p data-start=\"2263\" data-end=\"2326\">Tampona\u021bi uscat \u0219i aplica\u021bi hidratantul preferat dac\u0103 este necesar.<\/p>\n<\/li>\n<\/ol>\n<p data-start=\"2328\" data-end=\"2437\">Pentru hidratare optim\u0103 \u0219i hr\u0103nire a pielii, folosi\u021bi-l zilnic \u00een ritualul de \u00eengrijire de diminea\u021b\u0103 sau sear\u0103.<\/p>\n<h3 data-start=\"2444\" data-end=\"2474\">De ce s\u0103 alege\u021bi S\u0103punul cu ulei de m\u0103sline?<\/h3>\n<p data-start=\"2476\" data-end=\"2881\">S\u0103punul nostru cu ulei de m\u0103sline este creat cu puritate \u0219i calitate \u00een minte. Combin\u0103 \u00een\u021belepciunea tradi\u021bional\u0103 \u00een \u00eengrijirea pielii cu nevoile moderne, fiind solu\u021bia ideal\u0103 pentru cei care doresc un emolient \u0219i cur\u0103\u021b\u0103tor natural, f\u0103r\u0103 chimicale. Fie c\u0103 v\u0103 lupta\u021bi cu usc\u0103ciunea, irita\u021biile sau dori\u021bi s\u0103 p\u0103stra\u021bi o piele cu aspect t\u00e2n\u0103r, acest produs ofer\u0103 puterea bl\u00e2nd\u0103 a uleiului de m\u0103sline \u00een forma sa cea mai eficient\u0103.<\/p>\n<h3 data-start=\"2888\" data-end=\"2920\">\u00a0Ingrediente de \u00eencredere<\/h3>\n<ul data-start=\"2922\" data-end=\"3044\">\n<li data-start=\"2922\" data-end=\"2948\">\n<p data-start=\"2924\" data-end=\"2948\">Ulei de m\u0103sline extravirgin<\/p>\n<\/li>\n<li data-start=\"2949\" data-end=\"2969\">\n<p data-start=\"2951\" data-end=\"2969\">Glicerin\u0103 natural\u0103<\/p>\n<\/li>\n<li data-start=\"2970\" data-end=\"2985\">\n<p data-start=\"2972\" data-end=\"2985\">Ulei de cocos<\/p>\n<\/li>\n<li data-start=\"2986\" data-end=\"3002\">\n<p data-start=\"2988\" data-end=\"3002\">Aqua (Ap\u0103)<\/p>\n<\/li>\n<li data-start=\"3003\" data-end=\"3044\">\n<p data-start=\"3005\" data-end=\"3044\">F\u0103r\u0103 conservan\u021bi sau coloran\u021bi artificiali<\/p>\n<\/li>\n<\/ul>\n<h3 data-start=\"3051\" data-end=\"3086\">\u00a0Ecologic &#038; prietenos cu pielea<\/h3>\n<ul data-start=\"3088\" data-end=\"3196\">\n<li data-start=\"3088\" data-end=\"3119\">\n<p data-start=\"3090\" data-end=\"3119\">\u2705 Ingrediente biodegradabile<\/p>\n<\/li>\n<li data-start=\"3120\" data-end=\"3162\">\n<p data-start=\"3122\" data-end=\"3162\">\u2705 F\u0103r\u0103 cruzime &#038; netestat pe animale<\/p>\n<\/li>\n<li data-start=\"3163\" data-end=\"3196\">\n<p data-start=\"3165\" data-end=\"3196\">\u2705 F\u0103r\u0103 aditivi sintetici<\/p>\n<\/li>\n<\/ul>\n<p data-start=\"3515\" data-end=\"3608\">Alege\u021bi calea natural\u0103 spre o piele frumoas\u0103 cu S\u0103punul cu ulei de m\u0103sline \u2013 pielea v\u0103 va mul\u021bumi!<\/p>\n<p style=\"text-align: center;\">Mul\u021bumim c\u0103 a\u021bi cump\u0103rat la <em data-start=\"415\" data-end=\"431\"><a href=\"https:\/\/bazaar.express\/ro\/\">Bazaar Express<\/a><\/em> \u2013 suntem \u00eenc\u00e2nta\u021bi s\u0103 v\u0103 avem!<\/p>\n<p style=\"text-align: center;\">C\u0103l\u0103toria spre o auto\u00eengrijire mai bun\u0103 \u00eencepe aici \u2013 cu <a href=\"https:\/\/bazaar.express\/product-category\/beauty-care\/\">Frumuse\u021be &#038; \u00cengrijire<\/a> de \u00eencredere.<\/p>\n","protected":false},"excerpt":{"rendered":"<h3 data-start=\"377\" data-end=\"623\">S\u0103punul cu ulei de m\u0103sline este o solu\u021bie natural\u0103 de \u00eengrijire a pielii, \u00eembog\u0103\u021bit\u0103 cu ulei de m\u0103sline extravirgin. Hidrateaz\u0103 profund, \u00eenmoaie pielea, restabile\u0219te str\u0103lucirea \u0219i este ideal pentru toate tipurile de piele, inclusiv cea sensibil\u0103 \u0219i uscat\u0103. Utiliza\u021bi zilnic pentru piele s\u0103n\u0103toas\u0103 \u0219i str\u0103lucitoare.<\/h3>\n","protected":false},"featured_media":39713,"comment_status":"open","ping_status":"closed","template":"","meta":[],"product_brand":[],"product_cat":[1145],"product_tag":[1210,1211,1208],"class_list":{"0":"post-39710","1":"product","2":"type-product","3":"status-publish","4":"has-post-thumbnail","6":"product_cat-ingrijire-frumusete","7":"product_tag-ingrijire-a-pielii","8":"product_tag-ingrijire-de-frumusete","9":"product_tag-ulei","11":"first","12":"instock","13":"shipping-taxable","14":"purchasable","15":"product-type-simple"},"_links":{"self":[{"href":"https:\/\/bazaar.express\/ro\/wp-json\/wp\/v2\/product\/39710","targetHints":{"allow":["GET"]}}],"collection":[{"href":"https:\/\/bazaar.express\/ro\/wp-json\/wp\/v2\/product"}],"about":[{"href":"https:\/\/bazaar.express\/ro\/wp-json\/wp\/v2\/types\/product"}],"replies":[{"embeddable":true,"href":"https:\/\/bazaar.express\/ro\/wp-json\/wp\/v2\/comments?post=39710"}],"wp:featuredmedia":[{"embeddable":true,"href":"https:\/\/bazaar.express\/ro\/wp-json\/wp\/v2\/media\/39713"}],"wp:attachment":[{"href":"https:\/\/bazaar.express\/ro\/wp-json\/wp\/v2\/media?parent=39710"}],"wp:term":[{"taxonomy":"product_brand","embeddable":true,"href":"https:\/\/bazaar.express\/ro\/wp-json\/wp\/v2\/product_brand?post=39710"},{"taxonomy":"product_cat","embeddable":true,"href":"https:\/\/bazaar.express\/ro\/wp-json\/wp\/v2\/product_cat?post=39710"},{"taxonomy":"product_tag","embeddable":true,"href":"https:\/\/bazaar.express\/ro\/wp-json\/wp\/v2\/product_tag?post=39710"}],"curies":[{"name":"wp","href":"https:\/\/api.w.org\/{rel}","templated":true}]}}