{"id":39779,"date":"2025-01-08T00:52:18","date_gmt":"2025-01-08T00:52:18","guid":{"rendered":"https:\/\/bazaar.express\/product\/black-seed-oil\/"},"modified":"2026-03-01T22:01:27","modified_gmt":"2026-03-01T22:01:27","slug":"black-seed-oil","status":"publish","type":"product","link":"https:\/\/bazaar.express\/ro\/produs\/black-seed-oil\/","title":{"rendered":"Ulei organic de semin\u021be negre (Nigella Sativa)"},"content":{"rendered":"<h2 data-start=\"321\" data-end=\"386\">Ulei organic NAKAA de semin\u021be negre (Nigella Sativa) \u2013 Elixirul egiptean al vie\u021bii<\/h2>\n<h3 data-start=\"388\" data-end=\"442\">Ce face uleiul de semin\u021be negre egiptean at\u00e2t de special?<\/h3>\n<p data-start=\"444\" data-end=\"802\">De mii de ani, <strong data-start=\"468\" data-end=\"495\">uleiul egiptean de semin\u021be negre<\/strong> <strong>(Nigella Sativa)<\/strong> a fost considerat un miracol natural. G\u0103sit \u00een morm\u00e2ntul faraonului Tutankhamon \u0219i l\u0103udat \u00een scripturile antice, acest ulei este cunoscut ca \u201eS\u0103m\u00e2n\u021ba Binecuv\u00e2nt\u0103rii\u201d. NAKAA v\u0103 aduce un 100% <strong data-start=\"697\" data-end=\"752\">ulei pur, organic, presat la rece egiptean<\/strong>, produs cu grij\u0103 pentru a p\u0103stra poten\u021bialul s\u0103u complet.<\/p>\n<p data-start=\"804\" data-end=\"948\">De la \u00eent\u0103rirea imunit\u0103\u021bii la \u00eengrijirea pielii, acest ulei antic este sus\u021binut de \u0219tiin\u021ba modern\u0103, oferind beneficii holistice pentru s\u0103n\u0103tate \u0219i frumuse\u021be \u00een fiecare pic\u0103tur\u0103.<\/p>\n<h3 data-start=\"955\" data-end=\"1010\"><strong data-start=\"959\" data-end=\"1010\">\u00a0Beneficiile cheie ale uleiului organic NAKAA de semin\u021be negre<\/strong><\/h3>\n<h4 data-start=\"1012\" data-end=\"1045\"><strong data-start=\"1017\" data-end=\"1045\">\u00a0Stimulator al sistemului imunitar<\/strong><\/h4>\n<p data-start=\"1046\" data-end=\"1222\">Bogat\u0103 \u00een timochinon\u0103, uleiul de semin\u021be negre stimuleaz\u0103 celulele imunitare, ajut\u00e2nd corpul s\u0103 lupte \u00eempotriva infec\u021biilor, viru\u0219ilor \u0219i chiar a bolilor inflamatorii precum artrita \u0219i astmul.<\/p>\n<h4 data-start=\"1224\" data-end=\"1256\"><strong data-start=\"1229\" data-end=\"1256\">\u00a0S\u0103n\u0103tatea pielii \u0219i frumuse\u021bea<\/strong><\/h4>\n<p data-start=\"1257\" data-end=\"1446\">Natural antibacterian \u0219i antiinflamator, trateaz\u0103 acneea, eczema \u0219i psoriazisul. Folosit regulat, <strong data-start=\"1367\" data-end=\"1387\">revitalizeaz\u0103 pielea<\/strong>, estompeaz\u0103 petele \u00eentunecate \u0219i ofer\u0103 un ten s\u0103n\u0103tos, luminos.<\/p>\n<h4 data-start=\"1448\" data-end=\"1483\"><strong data-start=\"1453\" data-end=\"1483\">\u00a0Cerebro \u0219i s\u0103n\u0103tate mental\u0103<\/strong><\/h4>\n<p data-start=\"1484\" data-end=\"1609\">Uleiul de semin\u021be negre poate \u00eembun\u0103t\u0103\u021bi memoria, reduce stresul \u0219i spore\u0219te concentrarea datorit\u0103 compu\u0219ilor neuroprotectivi \u0219i antioxidan\u021bilor s\u0103i.<\/p>\n<h4 data-start=\"1611\" data-end=\"1653\"><strong data-start=\"1616\" data-end=\"1653\">\u00a0Reglarea zah\u0103rului din s\u00e2nge \u0219i echilibru hormonal<\/strong><\/h4>\n<p data-start=\"1654\" data-end=\"1800\">Ajut\u0103 la reglarea nivelului de zah\u0103r din s\u00e2nge, fiind de sprijin pentru diabetici. De asemenea benefic \u00een stabilizarea fluctua\u021biilor hormonale la b\u0103rba\u021bi \u0219i femei.<\/p>\n<h4 data-start=\"1802\" data-end=\"1841\"><strong data-start=\"1807\" data-end=\"1841\">\u00a0Sus\u021binere cardiac\u0103 \u0219i colesterol<\/strong><\/h4>\n<p data-start=\"1842\" data-end=\"1977\">Acizii gra\u0219i esen\u021biali din uleiul NAKAA de semin\u021be negre contribuie la <strong data-start=\"1900\" data-end=\"1932\">reducerea colesterolului r\u0103u (LDL)<\/strong> \u0219i sus\u021bin s\u0103n\u0103tatea cardiovascular\u0103 \u00een mod natural.<\/p>\n<h4 data-start=\"1979\" data-end=\"2016\"><strong data-start=\"1984\" data-end=\"2016\">\u00a0For\u021ba \u0219i cre\u0219terea p\u0103rului<\/strong><\/h4>\n<p data-start=\"2017\" data-end=\"2138\">\u00cent\u0103re\u0219te r\u0103d\u0103cinile p\u0103rului, reduce c\u0103derea p\u0103rului \u0219i trateaz\u0103 m\u0103trea\u021ba. Maseaz\u0103 \u00een scalp sau amestec\u0103 cu \u0219ampon pentru beneficii maxime.<\/p>\n<h4 data-start=\"2140\" data-end=\"2176\"><strong data-start=\"2145\" data-end=\"2176\">\u00a0Detoxifiere \u0219i ameliorarea digestiei<\/strong><\/h4>\n<p data-start=\"2177\" data-end=\"2308\">Sus\u021bine s\u0103n\u0103tatea ficatului, \u00eembun\u0103t\u0103\u021be\u0219te digestia \u0219i reduce balonarea \u0219i disconfortul stomacal. Ideal pentru detoxifierea organismului din interior.<\/p>\n<h3 data-start=\"2315\" data-end=\"2354\"><strong data-start=\"2319\" data-end=\"2354\">Cum s\u0103 utiliza\u021bi uleiul NAKAA de semin\u021be negre<\/strong><\/h3>\n<ul data-start=\"2356\" data-end=\"2638\">\n<li data-start=\"2356\" data-end=\"2449\">\n<p data-start=\"2358\" data-end=\"2449\"><strong data-start=\"2358\" data-end=\"2373\">Intern:<\/strong> Lua\u021bi 1 linguri\u021b\u0103 zilnic pe stomacul gol sau amesteca\u021bi cu miere sau ap\u0103 c\u0103ldu\u021b\u0103.<\/p>\n<\/li>\n<li data-start=\"2450\" data-end=\"2565\">\n<p data-start=\"2452\" data-end=\"2565\"><strong data-start=\"2452\" data-end=\"2466\">Topic:<\/strong> Aplica\u021bi direct pe piele sau scalp. Ideal pentru m\u0103\u0219ti faciale, uleiuri de p\u0103r sau combinat cu uleiuri esen\u021biale.<\/p>\n<\/li>\n<li data-start=\"2566\" data-end=\"2638\">\n<p data-start=\"2568\" data-end=\"2638\"><strong data-start=\"2568\" data-end=\"2585\">Utilizare culinar\u0103:<\/strong> Ad\u0103uga\u021bi \u00een salate sau smoothie-uri pentru un impuls antioxidant.<\/p>\n<\/li>\n<\/ul>\n<h3 data-start=\"2645\" data-end=\"2697\"><strong data-start=\"2649\" data-end=\"2697\">De ce s\u0103 alege\u021bi NAKAA? \u2013 O marc\u0103 egiptean\u0103 premium<\/strong><\/h3>\n<ul data-start=\"2699\" data-end=\"2979\">\n<li data-start=\"2699\" data-end=\"2772\">\n<p data-start=\"2701\" data-end=\"2772\"><strong data-start=\"2703\" data-end=\"2728\">Presat la rece \u00een Egipt<\/strong> \u2013 P\u0103streaz\u0103 100% din valoarea nutri\u021bional\u0103<\/p>\n<\/li>\n<li data-start=\"2773\" data-end=\"2838\">\n<p data-start=\"2775\" data-end=\"2838\"><strong data-start=\"2777\" data-end=\"2798\">Certificat organic<\/strong> \u2013 F\u0103r\u0103 chimicale, f\u0103r\u0103 aditivi, f\u0103r\u0103 c\u0103ldur\u0103<\/p>\n<\/li>\n<li data-start=\"2839\" data-end=\"2909\">\n<p data-start=\"2841\" data-end=\"2909\"><strong data-start=\"2843\" data-end=\"2862\">Calitate de \u00eencredere<\/strong> \u2013 De la un produc\u0103tor egiptean bogat \u00een tradi\u021bie<\/p>\n<\/li>\n<li data-start=\"2910\" data-end=\"2979\">\n<p data-start=\"2912\" data-end=\"2979\"><strong data-start=\"2914\" data-end=\"2940\">Ambalaj ecologic<\/strong> \u2013 Curat, protector \u0219i sustenabil<\/p>\n<\/li>\n<\/ul>\n<h3 data-start=\"3252\" data-end=\"3306\"><strong data-start=\"3256\" data-end=\"3306\">Un remediu antic puternic pentru lumea modern\u0103<\/strong><\/h3>\n<p data-start=\"3308\" data-end=\"3634\">Fie c\u0103 dori\u021bi s\u0103 v\u0103 \u00eent\u0103ri\u021bi imunitatea, s\u0103 vindeca\u021bi pielea sau s\u0103 v\u0103 \u00eembun\u0103t\u0103\u021bi\u021bi starea general\u0103 de bine, <strong data-start=\"3413\" data-end=\"3445\">uleiul organic NAKAA de semin\u021be negre<\/strong> este companionul natural de care ave\u021bi nevoie.<\/p>\n<p data-start=\"3308\" data-end=\"3634\">Cu o mo\u0219tenire \u00eenr\u0103d\u0103cinat\u0103 \u00een tradi\u021bia egiptean\u0103 \u0219i sus\u021binut\u0103 de cercet\u0103ri moderne, acest produs v\u0103 aduce <strong data-start=\"3574\" data-end=\"3608\">cel mai puternic ulei vindec\u0103tor al naturii<\/strong> \u2014 direct de la Nil.<\/p>\n<h2 data-start=\"3641\" data-end=\"3704\">\u00a0Comand\u0103 acum \u0219i simte puterea celui mai sacru ulei egiptean.<\/h2>\n<p data-start=\"3705\" data-end=\"3766\"><strong data-start=\"3705\" data-end=\"3766\">Ulei organic NAKAA de semin\u021be negre \u2013 Vindecare. Frumuse\u021be. For\u021b\u0103.<\/strong><\/p>\n<p style=\"text-align: center;\">Mul\u021bumim c\u0103 a\u021bi cump\u0103rat la <em data-start=\"415\" data-end=\"431\"><a href=\"https:\/\/bazaar.express\/ro\/\">Bazaar Express<\/a><\/em> \u2013 suntem bucuro\u0219i s\u0103 v\u0103 avem al\u0103turi!<\/p>\n<p style=\"text-align: center;\">Simte puterea naturii \u2014 <a href=\"https:\/\/bazaar.express\/ro\/therapeutic-oils\/\">Uleiuri terapeutice<\/a> pure pentru wellness zilnic.<\/p>\n","protected":false},"excerpt":{"rendered":"<h3 data-start=\"400\" data-end=\"624\">Uleiul organic NAKAA de semin\u021be negre este 100% pur, presat la rece \u0219i produs \u00een Egipt. Cunoscut de secole ca remediu natural vindec\u0103tor, sus\u021bine imunitatea, s\u0103n\u0103tatea pielii, digestia \u0219i cre\u0219terea p\u0103rului. Ideal pentru uz intern \u0219i extern.<\/h3>\n","protected":false},"featured_media":39781,"comment_status":"open","ping_status":"closed","template":"","meta":[],"product_brand":[],"product_cat":[1146,1151,1145,1153,1155],"product_tag":[1210,1211,1208,1209],"class_list":{"0":"post-39779","1":"product","2":"type-product","3":"status-publish","4":"has-post-thumbnail","6":"product_cat-uleiuri-terapeutice","7":"product_cat-cele-mai-bune-din-egipt","8":"product_cat-ingrijire-frumusete","9":"product_cat-oferte-speciale","10":"product_cat-uleiuri-naturale-nakaa","11":"product_tag-ingrijire-a-pielii","12":"product_tag-ingrijire-de-frumusete","13":"product_tag-ulei","14":"product_tag-ulei-natural","15":"pa_l-xl-1000ml","16":"pa_l-xl-500ml","18":"first","19":"instock","20":"sale","21":"shipping-taxable","22":"purchasable","23":"product-type-variable"},"_links":{"self":[{"href":"https:\/\/bazaar.express\/ro\/wp-json\/wp\/v2\/product\/39779","targetHints":{"allow":["GET"]}}],"collection":[{"href":"https:\/\/bazaar.express\/ro\/wp-json\/wp\/v2\/product"}],"about":[{"href":"https:\/\/bazaar.express\/ro\/wp-json\/wp\/v2\/types\/product"}],"replies":[{"embeddable":true,"href":"https:\/\/bazaar.express\/ro\/wp-json\/wp\/v2\/comments?post=39779"}],"wp:featuredmedia":[{"embeddable":true,"href":"https:\/\/bazaar.express\/ro\/wp-json\/wp\/v2\/media\/39781"}],"wp:attachment":[{"href":"https:\/\/bazaar.express\/ro\/wp-json\/wp\/v2\/media?parent=39779"}],"wp:term":[{"taxonomy":"product_brand","embeddable":true,"href":"https:\/\/bazaar.express\/ro\/wp-json\/wp\/v2\/product_brand?post=39779"},{"taxonomy":"product_cat","embeddable":true,"href":"https:\/\/bazaar.express\/ro\/wp-json\/wp\/v2\/product_cat?post=39779"},{"taxonomy":"product_tag","embeddable":true,"href":"https:\/\/bazaar.express\/ro\/wp-json\/wp\/v2\/product_tag?post=39779"}],"curies":[{"name":"wp","href":"https:\/\/api.w.org\/{rel}","templated":true}]}}