{"id":39802,"date":"2025-01-03T17:08:29","date_gmt":"2025-01-03T17:08:29","guid":{"rendered":"https:\/\/bazaar.express\/product\/camel-milk-2\/"},"modified":"2025-01-03T17:08:29","modified_gmt":"2025-01-03T17:08:29","slug":"camel-milk-2","status":"publish","type":"product","link":"https:\/\/bazaar.express\/ro\/produs\/camel-milk-2\/","title":{"rendered":"Lo\u021biune cu Lapte de C\u0103mil\u0103 Iasomie &#038; Lavand\u0103"},"content":{"rendered":"<h2 data-start=\"252\" data-end=\"339\">Lo\u021biunea Orgakera cu Lapte de C\u0103mil\u0103 Iasomie &#038; Lavand\u0103 \u2013 Hr\u0103ne\u0219te-\u021bi Pielea cu Ce e Mai Bun din Natur\u0103<\/h2>\n<h3 data-start=\"341\" data-end=\"384\">Calea Ta Natural\u0103 c\u0103tre o Piele Moale, Str\u0103lucitoare<\/h3>\n<p data-start=\"386\" data-end=\"754\">Ofer\u0103 pielii tale \u00eengrijirea pe care o merit\u0103 cu <strong data-start=\"427\" data-end=\"476\">Lo\u021biunea Orgakera cu Lapte de C\u0103mil\u0103 Iasomie &#038; Lavand\u0103<\/strong> \u2013 o formul\u0103 luxoas\u0103, complet natural\u0103, conceput\u0103 s\u0103 hidrateze, vindece \u0219i re\u00eemprosp\u0103teze. \u00cembog\u0103\u021bit\u0103 cu lapte de c\u0103mil\u0103, ulei de iasomie \u0219i ulei de lavand\u0103, aceast\u0103 lo\u021biune eficient\u0103 combate pielea uscat\u0103, petele \u00eenchise, cicatricile de acnee \u0219i inflama\u021biile, l\u0103s\u00e2nd pielea ta neted\u0103, luminoas\u0103 \u0219i perfect echilibrat\u0103.<\/p>\n<h3 data-start=\"756\" data-end=\"798\">De ce s\u0103 alegi Lo\u021biunea Orgakera cu Lapte de C\u0103mil\u0103?<\/h3>\n<p data-start=\"800\" data-end=\"1142\">Lapte de c\u0103mil\u0103 este un ingredient rar \u0219i extrem de benefic pentru \u00eengrijirea pielii, bogat \u00een <strong data-start=\"876\" data-end=\"906\">acizi alfa-hidroxi (AHA-uri)<\/strong> care exfoliaz\u0103 bl\u00e2nd pielea, reduc\u00e2nd pigmentarea \u0219i cicatricile de acnee, \u00eembun\u0103t\u0103\u021bind tonul \u0219i textura general\u0103. Ad\u0103ugarea de <strong data-start=\"1034\" data-end=\"1045\">lanolin\u0103<\/strong> blocheaz\u0103 umiditatea, f\u0103c\u00e2nd pielea moale \u0219i catifelat\u0103, reduc\u00e2nd \u00een acela\u0219i timp ro\u0219ea\u021ba \u0219i irita\u021biile.<\/p>\n<p data-start=\"1144\" data-end=\"1324\">Indiferent dac\u0103 pielea ta este deteriorat\u0103 de soare, sensibil\u0103 sau are pur \u0219i simplu nevoie de hidratare profund\u0103, aceast\u0103 lo\u021biune ofer\u0103 o solu\u021bie natural\u0103 eficient\u0103, potrivit\u0103 chiar \u0219i pentru cele mai delicate tipuri de piele.<\/p>\n<h3 data-start=\"1326\" data-end=\"1373\">Ingrediente Cheie pentru o Piele Frumoas\u0103 \u0219i S\u0103n\u0103toas\u0103<\/h3>\n<ul data-start=\"1375\" data-end=\"2132\">\n<li data-start=\"1375\" data-end=\"1476\">\n<p data-start=\"1377\" data-end=\"1476\"><strong data-start=\"1377\" data-end=\"1392\">Lapte de C\u0103mil\u0103:<\/strong> Bogat \u00een AHA-uri pentru exfoliere, iluminare \u0219i uniformizare a tonului pielii, reduc\u00e2nd cicatricile.<\/p>\n<\/li>\n<li data-start=\"1477\" data-end=\"1574\">\n<p data-start=\"1479\" data-end=\"1574\"><strong data-start=\"1479\" data-end=\"1495\">Ulei de Iasomie:<\/strong> Esen\u021b\u0103 floral\u0103 calmant\u0103 care promoveaz\u0103 vindecarea pielii \u0219i reduce ro\u0219ea\u021ba vizibil\u0103.<\/p>\n<\/li>\n<li data-start=\"1575\" data-end=\"1670\">\n<p data-start=\"1577\" data-end=\"1670\"><strong data-start=\"1577\" data-end=\"1594\">Ulei de Lavand\u0103:<\/strong> Calmeaz\u0103 irita\u021biile \u0219i inflama\u021biile, oferind o arom\u0103 natural\u0103 lini\u0219titoare.<\/p>\n<\/li>\n<li data-start=\"1671\" data-end=\"1765\">\n<p data-start=\"1673\" data-end=\"1765\"><strong data-start=\"1673\" data-end=\"1691\">Ulei de T\u0103r\u00e2\u021be de Orez:<\/strong> Bogat \u00een antioxidan\u021bi pentru a \u00eembun\u0103t\u0103\u021bi elasticitatea \u0219i a combate semnele \u00eemb\u0103tr\u00e2nirii.<\/p>\n<\/li>\n<li data-start=\"1766\" data-end=\"1865\">\n<p data-start=\"1768\" data-end=\"1865\"><strong data-start=\"1768\" data-end=\"1801\">Vitaminele A, C, E &#038; Panthenol:<\/strong> Nutrien\u021bi esen\u021biali care protejeaz\u0103, hr\u0103nesc \u0219i revitalizeaz\u0103 pielea.<\/p>\n<\/li>\n<li data-start=\"1866\" data-end=\"1946\">\n<p data-start=\"1868\" data-end=\"1946\"><strong data-start=\"1868\" data-end=\"1890\">Extract de Aloe Vera:<\/strong> Ofer\u0103 umiditate calmant\u0103 pentru pielea ro\u0219ie sau deteriorat\u0103 de soare.<\/p>\n<\/li>\n<li data-start=\"1947\" data-end=\"2045\">\n<p data-start=\"1949\" data-end=\"2045\"><strong data-start=\"1949\" data-end=\"1992\">Ulei de Semin\u021be Negre, Ulei de Jojoba &#038; Ulei de Argan:<\/strong> Uleiuri profund hr\u0103nitoare care promoveaz\u0103 rezisten\u021ba pielii.<\/p>\n<\/li>\n<li data-start=\"2046\" data-end=\"2132\">\n<p data-start=\"2048\" data-end=\"2132\"><strong data-start=\"2048\" data-end=\"2064\">Unt de Shea:<\/strong> Un emolient natural care hidrateaz\u0103 \u0219i repar\u0103 pielea uscat\u0103, deteriorat\u0103.<\/p>\n<\/li>\n<\/ul>\n<h3 data-start=\"2134\" data-end=\"2175\">Beneficii Eficiente pe Care le Vei Sim\u021bi \u0219i Vezi<\/h3>\n<ul data-start=\"2177\" data-end=\"2600\">\n<li data-start=\"2177\" data-end=\"2277\">\n<p data-start=\"2179\" data-end=\"2277\"><strong data-start=\"2179\" data-end=\"2208\">Exfoliaz\u0103 \u0219i \u00celumin\u0103:<\/strong> Laptele de c\u0103mil\u0103 \u00eendep\u0103rteaz\u0103 bl\u00e2nd celulele moarte ale pielii \u0219i reduce decolora\u021biile.<\/p>\n<\/li>\n<li data-start=\"2278\" data-end=\"2386\">\n<p data-start=\"2280\" data-end=\"2386\"><strong data-start=\"2280\" data-end=\"2299\">Hidratare Profund\u0103:<\/strong> Un amestec de lanolin\u0103, ulei de jojoba \u0219i ulei de t\u0103r\u00e2\u021be de orez men\u021bine pielea hidratat\u0103 toat\u0103 ziua.<\/p>\n<\/li>\n<li data-start=\"2387\" data-end=\"2495\">\n<p data-start=\"2389\" data-end=\"2495\"><strong data-start=\"2389\" data-end=\"2411\">Calmeaz\u0103 \u0219i Vindeac\u0103:<\/strong> Extractele de aloe vera, lavand\u0103 \u0219i mu\u0219e\u021bel calmeaz\u0103 pielea iritat\u0103, uscat\u0103 sau ars\u0103 de soare.<\/p>\n<\/li>\n<li data-start=\"2496\" data-end=\"2600\">\n<p data-start=\"2498\" data-end=\"2600\"><strong data-start=\"2498\" data-end=\"2527\">Bl\u00e2nd\u0103 cu Pielea Sensibil\u0103:<\/strong> Formula natural\u0103 este lipsit\u0103 de chimicale dure, perfect\u0103 pentru uz zilnic.<\/p>\n<\/li>\n<\/ul>\n<h3 data-start=\"2602\" data-end=\"2616\">Mod de Utilizare<\/h3>\n<p data-start=\"2618\" data-end=\"2813\">Aplic\u0103 <strong data-start=\"2624\" data-end=\"2673\">Lo\u021biunea Orgakera cu Lapte de C\u0103mil\u0103 Iasomie &#038; Lavand\u0103<\/strong> de 2\u20133 ori zilnic pe zone uscate sau afectate. Pentru cele mai bune rezultate, utilizeaz\u0103 dup\u0103 baie sau expunere la soare pentru a re\u021bine umiditatea \u0219i a accelera repararea pielii.<\/p>\n<h3 data-start=\"2815\" data-end=\"2837\">Informa\u021bii de Siguran\u021b\u0103<\/h3>\n<ul data-start=\"2839\" data-end=\"2926\">\n<li data-start=\"2839\" data-end=\"2864\">\n<p data-start=\"2841\" data-end=\"2864\">Doar pentru uz extern<\/p>\n<\/li>\n<li data-start=\"2865\" data-end=\"2892\">\n<p data-start=\"2867\" data-end=\"2892\">Evita\u021bi contactul cu ochii<\/p>\n<\/li>\n<li data-start=\"2893\" data-end=\"2926\">\n<p data-start=\"2895\" data-end=\"2926\">\u021aine\u021bi departe de atingerea copiilor<\/p>\n<\/li>\n<\/ul>\n<h2 data-start=\"3374\" data-end=\"3423\"> G\u00e2nduri Finale \u2013 Pielea Ta Merit\u0103 Ce e Mai Bun<\/h2>\n<p data-start=\"3425\" data-end=\"3754\"><strong data-start=\"3425\" data-end=\"3474\">Lo\u021biunea Orgakera cu Lapte de C\u0103mil\u0103 Iasomie &#038; Lavand\u0103<\/strong> este mai mult dec\u00e2t un produs de \u00eengrijire a pielii \u2013 este ritualul t\u0103u zilnic pentru o piele str\u0103lucitoare, natural hr\u0103nit\u0103. Fie c\u0103 lup\u021bi cu zone uscate, ton neuniform sau vrei s\u0103-\u021bi \u00eembun\u0103t\u0103\u021be\u0219ti rutina de \u00eengrijire cu ingrediente curate \u0219i eficiente, aceast\u0103 lo\u021biune aduce rezultate vizibile la fiecare aplicare.<\/p>\n<p data-start=\"3756\" data-end=\"3887\"> Las\u0103-\u021bi pielea s\u0103 str\u0103luceasc\u0103 datorit\u0103 puterii laptelui de c\u0103mil\u0103 \u0219i uleiurilor naturii cele mai hr\u0103nitoare.<br data-start=\"3840\" data-end=\"3843\" \/><strong data-start=\"3843\" data-end=\"3887\">\u00cencearc\u0103-o ast\u0103zi \u2013 pielea ta \u00ee\u021bi va mul\u021bumi.<\/strong><\/p>\n<p style=\"text-align: center;\">Mul\u021bumim c\u0103 faci cump\u0103r\u0103turi la <em data-start=\"415\" data-end=\"431\"><a href=\"https:\/\/bazaar.express\/ro\/\">Bazaar Express<\/a><\/em> \u2013 suntem \u00eenc\u00e2nta\u021bi s\u0103 te avem!<\/p>\n<p style=\"text-align: center;\">C\u0103l\u0103toria ta c\u0103tre o auto\u00eengrijire mai bun\u0103 \u00eencepe aici \u2014 cu <a href=\"https:\/\/bazaar.express\/product-category\/beauty-care\/\">Beauty &#038; Care<\/a> de \u00eencredere.<\/p>\n","protected":false},"excerpt":{"rendered":"<h3 data-start=\"431\" data-end=\"608\">O lo\u021biune luxoas\u0103 natural\u0103, \u00eembog\u0103\u021bit\u0103 cu lapte de c\u0103mil\u0103, iasomie \u0219i uleiuri de lavand\u0103. Hidrateaz\u0103 profund, \u00eenmoaie pielea \u0219i reduce petele \u00eenchise, l\u0103s\u00e2nd-o neted\u0103 \u0219i str\u0103lucitoare.<\/h3>\n","protected":false},"featured_media":39804,"comment_status":"open","ping_status":"closed","template":"","meta":[],"product_brand":[],"product_cat":[1145,1151],"product_tag":[1210,1211,1240],"class_list":{"0":"post-39802","1":"product","2":"type-product","3":"status-publish","4":"has-post-thumbnail","6":"product_cat-ingrijire-frumusete","7":"product_cat-cele-mai-bune-din-egipt","8":"product_tag-ingrijire-a-pielii","9":"product_tag-ingrijire-de-frumusete","10":"product_tag-lapte-de-camila-pentru-piele","11":"pa_l-xl-250ml","13":"first","14":"instock","15":"shipping-taxable","16":"purchasable","17":"product-type-simple"},"_links":{"self":[{"href":"https:\/\/bazaar.express\/ro\/wp-json\/wp\/v2\/product\/39802","targetHints":{"allow":["GET"]}}],"collection":[{"href":"https:\/\/bazaar.express\/ro\/wp-json\/wp\/v2\/product"}],"about":[{"href":"https:\/\/bazaar.express\/ro\/wp-json\/wp\/v2\/types\/product"}],"replies":[{"embeddable":true,"href":"https:\/\/bazaar.express\/ro\/wp-json\/wp\/v2\/comments?post=39802"}],"wp:featuredmedia":[{"embeddable":true,"href":"https:\/\/bazaar.express\/ro\/wp-json\/wp\/v2\/media\/39804"}],"wp:attachment":[{"href":"https:\/\/bazaar.express\/ro\/wp-json\/wp\/v2\/media?parent=39802"}],"wp:term":[{"taxonomy":"product_brand","embeddable":true,"href":"https:\/\/bazaar.express\/ro\/wp-json\/wp\/v2\/product_brand?post=39802"},{"taxonomy":"product_cat","embeddable":true,"href":"https:\/\/bazaar.express\/ro\/wp-json\/wp\/v2\/product_cat?post=39802"},{"taxonomy":"product_tag","embeddable":true,"href":"https:\/\/bazaar.express\/ro\/wp-json\/wp\/v2\/product_tag?post=39802"}],"curies":[{"name":"wp","href":"https:\/\/api.w.org\/{rel}","templated":true}]}}