{"id":39832,"date":"2025-01-01T01:21:00","date_gmt":"2025-01-01T01:21:00","guid":{"rendered":"https:\/\/bazaar.express\/product\/hair-treatment\/"},"modified":"2025-01-01T01:21:00","modified_gmt":"2025-01-01T01:21:00","slug":"hair-treatment","status":"publish","type":"product","link":"https:\/\/bazaar.express\/ro\/produs\/hair-treatment\/","title":{"rendered":"\u0218ampon, Balsam \u0219i Protein\u0103 Tratament P\u0103r"},"content":{"rendered":"<h2 data-start=\"241\" data-end=\"364\">Orgakera \u0218ampon, Balsam \u0219i Protein\u0103 Tratament P\u0103r cu Ulei de Coad\u0103-Calului &#038; Ulei de Semin\u021be Negre \u2013 Set Premium de \u00cengrijire 3-\u00een-1<\/h2>\n<h3 data-start=\"366\" data-end=\"434\">\u00a0Transform\u0103-\u021bi P\u0103rul cu Trio-ul Eficient de Produse Orgakera<\/h3>\n<p data-start=\"436\" data-end=\"920\">Ofer\u0103-i p\u0103rului t\u0103u \u00eengrijirea suprem\u0103 cu <strong data-start=\"490\" data-end=\"555\">Setul Orgakera de \u0218ampon, Balsam \u0219i Protein\u0103 Tratament P\u0103r<\/strong> \u2013 un sistem complet \u00een 3 pa\u0219i pentru a <strong data-start=\"595\" data-end=\"606\">hr\u0103ni<\/strong>, <strong data-start=\"608\" data-end=\"618\">repara<\/strong> \u0219i <strong data-start=\"624\" data-end=\"638\">revitaliza<\/strong> p\u0103rul de la r\u0103d\u0103cin\u0103 la v\u00e2rf. Formula avansat\u0103 combin\u0103 <strong data-start=\"707\" data-end=\"718\">\u0219amponul<\/strong> cu uleiuri naturale precum <strong data-start=\"751\" data-end=\"768\">Ulei de Coad\u0103-Calului<\/strong> \u0219i <strong data-start=\"773\" data-end=\"791\">Ulei de Semin\u021be Negre<\/strong>, plus <strong data-start=\"798\" data-end=\"816\">Extract de Caviar<\/strong>, <strong data-start=\"818\" data-end=\"830\">Colagen<\/strong> \u0219i altele. Solu\u021bia perfect\u0103 pentru p\u0103r tern, uscat, sub\u021bire sau tratat chimic.<\/p>\n<h3 data-start=\"927\" data-end=\"972\">\u00a0Hr\u0103nire Profund\u0103 &#038; Hidratere Intens\u0103<\/h3>\n<p data-start=\"973\" data-end=\"1202\">\u0218amponul \u0219i balsamul Orgakera hr\u0103nesc profund firul de p\u0103r, re\u00eemprosp\u0103t\u00e2nd <strong data-start=\"1081\" data-end=\"1092\">keratina<\/strong> pierdut\u0103 \u0219i restabilind umiditatea. Adio usc\u0103ciunii, bun venit p\u0103rului moale, u\u0219or de aranjat, cu str\u0103lucire natural\u0103.<\/p>\n<h3 data-start=\"1204\" data-end=\"1246\">\u00a0Opre\u0219te C\u0103derea P\u0103rului &#038; Stimuleaz\u0103 Cre\u0219terea<\/h3>\n<p data-start=\"1247\" data-end=\"1460\">Cu <strong data-start=\"1259\" data-end=\"1276\">Ulei de Coad\u0103-Calului<\/strong> \u0219i <strong data-start=\"1281\" data-end=\"1299\">Ulei de Semin\u021be Negre<\/strong>, tratamentul stimuleaz\u0103 scalpul \u0219i sus\u021bine o cre\u0219tere mai puternic\u0103, mai dens\u0103. \u00cent\u0103re\u0219te foliculii, reduce c\u0103derea \u0219i ajut\u0103 la regenerare s\u0103n\u0103toas\u0103.<\/p>\n<h3 data-start=\"1462\" data-end=\"1508\">\u00a0Drept &#038; Neted Persistent<\/h3>\n<p data-start=\"1509\" data-end=\"1714\">P\u0103r m\u0103t\u0103sos, f\u0103r\u0103 frizz, drept \u0219i neted peste <strong data-start=\"1576\" data-end=\"1588\">6 luni<\/strong>. Proteina p\u0103trunde ad\u00e2nc, cre\u00e2nd protec\u021bie \u00eempotriva umezelii \u0219i daunelor externe.<\/p>\n<h3 data-start=\"1716\" data-end=\"1764\">\u00a0Repar\u0103 Daune &#038; Restaureaz\u0103 For\u021ba<\/h3>\n<p data-start=\"1765\" data-end=\"1967\"> <strong data-start=\"1782\" data-end=\"1794\">Colagenul<\/strong> \u0219i <strong data-start=\"1799\" data-end=\"1817\">Extractul de Caviar<\/strong> restabilesc elasticitatea \u0219i rezisten\u021ba. Combo-ul repar\u0103 v\u00e2rfurile, previne ruperea \u0219i protejeaz\u0103 de c\u0103ldur\u0103 \u0219i poluare.<\/p>\n<h3 data-start=\"1969\" data-end=\"2009\">\u00a0Protec\u021bie Termic\u0103 &#038; Str\u0103lucire<\/h3>\n<p data-start=\"2010\" data-end=\"2160\">Fie c\u0103 usuci sau folose\u0219ti c\u0103ldur\u0103, Orgakera protejeaz\u0103. Str\u0103lucire ca la salon cu fiecare folosire.<\/p>\n<h3 data-start=\"2162\" data-end=\"2189\">\u00a0F\u0103r\u0103 Chimicale Dure<\/h3>\n<p data-start=\"2190\" data-end=\"2354\">F\u0103r\u0103 <strong data-start=\"2200\" data-end=\"2212\">formalin\u0103<\/strong>, <strong data-start=\"2214\" data-end=\"2226\">parabeni<\/strong> sau aditivi d\u0103un\u0103tori, sigur pentru toate tipurile de p\u0103r, ideal pentru tratamente chimice sau vopsit.<\/p>\n<h3 data-start=\"2361\" data-end=\"2392\">\u00a0Ingrediente Naturale Cheie:<\/h3>\n<ul data-start=\"2394\" data-end=\"2916\">\n<li data-start=\"2394\" data-end=\"2480\">\n<p data-start=\"2396\" data-end=\"2480\"><strong data-start=\"2396\" data-end=\"2414\">Ulei de Coad\u0103-Calului:<\/strong> \u00cent\u0103re\u0219te r\u0103d\u0103cinile, previne c\u0103derea, \u00eembun\u0103t\u0103\u021be\u0219te circula\u021bia.<\/p>\n<\/li>\n<li data-start=\"2481\" data-end=\"2571\">\n<p data-start=\"2483\" data-end=\"2571\"><strong data-start=\"2483\" data-end=\"2502\">Ulei de Semin\u021be Negre:<\/strong> Bogat \u00een antioxidan\u021bi pentru cre\u0219tere \u0219i s\u0103n\u0103tate scalp.<\/p>\n<\/li>\n<li data-start=\"2572\" data-end=\"2651\">\n<p data-start=\"2574\" data-end=\"2651\"><strong data-start=\"2574\" data-end=\"2587\">Colagen:<\/strong> Elasticitate, repar\u0103 daune, \u00eembun\u0103t\u0103\u021be\u0219te structura.<\/p>\n<\/li>\n<li data-start=\"2652\" data-end=\"2742\">\n<p data-start=\"2654\" data-end=\"2742\"><strong data-start=\"2654\" data-end=\"2681\">Ulei de Jojoba &#038; Argan:<\/strong> Hidrateaz\u0103 profund, reduce frizz, hr\u0103ne\u0219te scalpul.<\/p>\n<\/li>\n<li data-start=\"2743\" data-end=\"2828\">\n<p data-start=\"2745\" data-end=\"2828\"><strong data-start=\"2745\" data-end=\"2764\">Extract de Caviar:<\/strong> Proteine pentru p\u0103r, \u00eenmoaie, str\u0103lucire.<\/p>\n<\/li>\n<li data-start=\"2829\" data-end=\"2916\">\n<p data-start=\"2831\" data-end=\"2916\"><strong data-start=\"2831\" data-end=\"2850\">Acid Glicoxilic:<\/strong> Netezire f\u0103r\u0103 formalin\u0103, p\u0103r drept durabil.<\/p>\n<\/li>\n<\/ul>\n<h3 data-start=\"2923\" data-end=\"2965\">\u00a0Cum s\u0103 folose\u0219ti Setul de Tratament P\u0103r:<\/h3>\n<ol data-start=\"2967\" data-end=\"3359\">\n<li data-start=\"2967\" data-end=\"3044\">\n<p data-start=\"2970\" data-end=\"3044\"><strong data-start=\"2970\" data-end=\"2979\">Prep:<\/strong> Spal\u0103 cu \u0219ampon de cur\u0103\u021bare pentru \u00eendep\u0103rtarea murd\u0103riei.<\/p>\n<\/li>\n<li data-start=\"3045\" data-end=\"3158\">\n<p data-start=\"3048\" data-end=\"3158\"><strong data-start=\"3048\" data-end=\"3066\">Aplic\u0103 Protein\u0103:<\/strong> Pe p\u0103r umed, sec\u021bioneaz\u0103 \u0219i aplic\u0103 Orgakera Protein\u0103 la 1cm de scalp. 30\u201360 min.<\/p>\n<\/li>\n<li data-start=\"3159\" data-end=\"3262\">\n<p data-start=\"3162\" data-end=\"3262\"><strong data-start=\"3162\" data-end=\"3185\">Cl\u0103te\u0219te &#038; \u00cendreapt\u0103:<\/strong> Cl\u0103te\u0219te cu ap\u0103 cald\u0103, usuc\u0103 cu foehn, \u00eendreapt\u0103 10\u201315 ori per sec\u021biune.<\/p>\n<\/li>\n<li data-start=\"3263\" data-end=\"3359\">\n<p data-start=\"3266\" data-end=\"3359\"><strong data-start=\"3266\" data-end=\"3279\">Men\u021bine:<\/strong> Folose\u0219te regulat \u0218ampon \u0219i Balsam Orgakera pentru str\u0103lucire \u0219i netezime.<\/p>\n<\/li>\n<\/ol>\n<h3 data-start=\"3366\" data-end=\"3388\">\u00a0Sfaturi Importante:<\/h3>\n<ul data-start=\"3389\" data-end=\"3575\">\n<li data-start=\"3389\" data-end=\"3460\">\n<p data-start=\"3391\" data-end=\"3460\"><strong data-start=\"3391\" data-end=\"3404\">Durat\u0103:<\/strong> Rezultate p\u00e2n\u0103 la <strong data-start=\"3424\" data-end=\"3437\">52 sp\u0103l\u0103ri<\/strong> cu \u00eengrijire adecvat\u0103.<\/p>\n<\/li>\n<li data-start=\"3461\" data-end=\"3575\">\n<p data-start=\"3463\" data-end=\"3575\"><strong data-start=\"3463\" data-end=\"3477\">\u00cengrijire:<\/strong> Continu\u0103 cu \u0218ampon &#038; Balsam Orgakera pentru efecte lungi \u0219i s\u0103n\u0103tate.<\/p>\n<\/li>\n<\/ul>\n<h2 data-start=\"3893\" data-end=\"3919\">\u00a0De ce s\u0103 alegi Orgakera?<\/h2>\n<p data-start=\"3921\" data-end=\"4202\">Cu ingrediente naturale, rezultate pe termen lung \u0219i formule sigure, Orgakera este mai mult dec\u00e2t un <strong data-start=\"4025\" data-end=\"4036\">\u0219ampon<\/strong> \u2013 o revolu\u021bie \u00een repararea p\u0103rului. Pentru usc\u0103ciune, frizz sau sub\u021biere, rec\u00e2\u0219tigi controlul cu \u00eembun\u0103t\u0103\u021biri vizibile de la prima folosire.<\/p>\n<h2 data-start=\"4209\" data-end=\"4253\">\ud83d\uded2 Cump\u0103r\u0103 Set Orgakera Tratament P\u0103r Acum!<\/h2>\n<p data-start=\"4254\" data-end=\"4457\">Adio p\u0103rului tern, deteriorat; bun venit firelor puternice, str\u0103lucitoare, s\u0103n\u0103toase. Ia <strong data-start=\"4348\" data-end=\"4405\">Setul Orgakera 3-\u00een-1 \u0218ampon, Balsam \u0219i Protein\u0103<\/strong> ast\u0103zi pentru rezultate de salon acas\u0103!<\/p>\n<p style=\"text-align: center;\">Mul\u021bumim c\u0103 faci cump\u0103r\u0103turi la <em data-start=\"415\" data-end=\"431\"><a href=\"https:\/\/bazaar.express\/ro\/\">Bazaar Express<\/a><\/em> \u2013 suntem \u00eenc\u00e2nta\u021bi s\u0103 te avem!<\/p>\n<p style=\"text-align: center;\">C\u0103l\u0103toria ta spre auto\u00eengrijire mai bun\u0103 \u00eencepe aici \u2014 cu <a href=\"https:\/\/bazaar.express\/product-category\/beauty-care\/\">Frumuse\u021be &#038; \u00cengrijire<\/a> de \u00eencredere.<\/p>\n","protected":false},"excerpt":{"rendered":"<h3 data-start=\"474\" data-end=\"722\">Set Orgakera Tratament P\u0103r (\u0218ampon, Balsam &#038; Protein\u0103) \u00eembog\u0103\u021bit cu Ulei de Coad\u0103-Calului, Ulei de Semin\u021be Negre \u0219i Extract de Caviar. Kit 3-\u00een-1 hr\u0103ne\u0219te profund, repar\u0103 \u0219i neteze\u0219te p\u0103rul, reduce c\u0103derea \u0219i spore\u0219te str\u0103lucirea p\u00e2n\u0103 la 6 luni.<\/h3>\n","protected":false},"featured_media":39834,"comment_status":"open","ping_status":"closed","template":"","meta":[],"product_brand":[],"product_cat":[1145,1151,1153],"product_tag":[1291,1210,1211],"class_list":{"0":"post-39832","1":"product","2":"type-product","3":"status-publish","4":"has-post-thumbnail","6":"product_cat-ingrijire-frumusete","7":"product_cat-cele-mai-bune-din-egipt","8":"product_cat-oferte-speciale","9":"product_tag-crema","10":"product_tag-ingrijire-a-pielii","11":"product_tag-ingrijire-de-frumusete","12":"pa_l-xl-3pcs","14":"first","15":"instock","16":"sale","17":"shipping-taxable","18":"purchasable","19":"product-type-simple"},"_links":{"self":[{"href":"https:\/\/bazaar.express\/ro\/wp-json\/wp\/v2\/product\/39832","targetHints":{"allow":["GET"]}}],"collection":[{"href":"https:\/\/bazaar.express\/ro\/wp-json\/wp\/v2\/product"}],"about":[{"href":"https:\/\/bazaar.express\/ro\/wp-json\/wp\/v2\/types\/product"}],"replies":[{"embeddable":true,"href":"https:\/\/bazaar.express\/ro\/wp-json\/wp\/v2\/comments?post=39832"}],"wp:featuredmedia":[{"embeddable":true,"href":"https:\/\/bazaar.express\/ro\/wp-json\/wp\/v2\/media\/39834"}],"wp:attachment":[{"href":"https:\/\/bazaar.express\/ro\/wp-json\/wp\/v2\/media?parent=39832"}],"wp:term":[{"taxonomy":"product_brand","embeddable":true,"href":"https:\/\/bazaar.express\/ro\/wp-json\/wp\/v2\/product_brand?post=39832"},{"taxonomy":"product_cat","embeddable":true,"href":"https:\/\/bazaar.express\/ro\/wp-json\/wp\/v2\/product_cat?post=39832"},{"taxonomy":"product_tag","embeddable":true,"href":"https:\/\/bazaar.express\/ro\/wp-json\/wp\/v2\/product_tag?post=39832"}],"curies":[{"name":"wp","href":"https:\/\/api.w.org\/{rel}","templated":true}]}}