{"id":39835,"date":"2024-12-31T23:54:33","date_gmt":"2024-12-31T23:54:33","guid":{"rendered":"https:\/\/bazaar.express\/product\/hair-treatment-2\/"},"modified":"2024-12-31T23:54:33","modified_gmt":"2024-12-31T23:54:33","slug":"hair-treatment-2","status":"publish","type":"product","link":"https:\/\/bazaar.express\/ro\/produs\/hair-treatment-2\/","title":{"rendered":"Tratament Protein pentru P\u0103r"},"content":{"rendered":"<h2 data-start=\"201\" data-end=\"297\"><strong data-start=\"204\" data-end=\"297\">Protein Tratament pentru P\u0103r Orgakera \u2013 Cea mai bun\u0103 cale spre un p\u0103r mai s\u0103n\u0103tos, str\u0103lucitor \u0219i puternic<\/strong><\/h2>\n<p data-start=\"299\" data-end=\"703\">Red\u0103 vitalitatea p\u0103rului t\u0103u cu puterea naturii. <strong data-start=\"342\" data-end=\"377\">Protein Tratament pentru P\u0103r Orgakera<\/strong> este o formul\u0103 profesional\u0103 conceput\u0103 s\u0103 hr\u0103neasc\u0103 profund, s\u0103 repare \u0219i s\u0103 \u00eendrepte p\u0103rul, protej\u00e2ndu-l de deterior\u0103ri. Indiferent dac\u0103 te confrun\u021bi cu ruperi, frizz, sub\u021biere sau aspect tern, acest tratament protein este solu\u021bia ta pe termen lung pentru un p\u0103r netezit, lucios \u0219i vibrant \u2013 cu rezultate care dureaz\u0103 p\u00e2n\u0103 la <strong data-start=\"690\" data-end=\"702\">6 luni<\/strong>.<\/p>\n<h3 data-start=\"705\" data-end=\"769\"><strong data-start=\"709\" data-end=\"769\">Cum transform\u0103 Protein Tratament pentru P\u0103r Orgakera p\u0103rul t\u0103u<\/strong><\/h3>\n<h4 data-start=\"771\" data-end=\"795\"> Opre\u0219te c\u0103derea p\u0103rului<\/h4>\n<p data-start=\"796\" data-end=\"986\">Alimentat cu <strong data-start=\"807\" data-end=\"824\">Ulei de coada-calului<\/strong>, Orgakera combate deficien\u021ba de proteine \u2013 una dintre principalele cauze ale c\u0103derii p\u0103rului. \u00cen 1-3 luni, utilizatorii observ\u0103 de obicei o reducere vizibil\u0103 a c\u0103derii p\u0103rului.<\/p>\n<h4 data-start=\"988\" data-end=\"1029\"> Neteze\u0219te \u0219i \u00eendreapt\u0103 timp de luni<\/h4>\n<p data-start=\"1030\" data-end=\"1166\">Ob\u021bine un finisaj neted \u0219i lucios care dureaz\u0103 peste 6 luni. P\u0103rul t\u0103u va fi mai drept, mai moale \u0219i mai u\u0219or de gestionat \u00een fiecare zi.<\/p>\n<h4 data-start=\"1168\" data-end=\"1203\"> Repar\u0103 p\u0103rul uscat \u0219i casant<\/h4>\n<p data-start=\"1204\" data-end=\"1346\">Acest tratament hr\u0103ne\u0219te p\u0103rul de la r\u0103d\u0103cin\u0103 p\u00e2n\u0103 la v\u00e2rfuri, restabilind elasticitatea \u0219i reduc\u00e2nd ruperea cauzat\u0103 de coafuri cu c\u0103ldur\u0103, vopsiri sau \u00eemb\u0103tr\u00e2nire.<\/p>\n<h4 data-start=\"1348\" data-end=\"1373\"> Elimin\u0103 frizz-ul<\/h4>\n<p data-start=\"1374\" data-end=\"1490\">Spune adio firelor rebele \u0219i p\u0103rului neascult\u0103tor. Protein Orgakera domole\u0219te frizz-ul \u0219i \u00eembun\u0103t\u0103\u021be\u0219te gestionabilitatea pentru toate tipurile de p\u0103r.<\/p>\n<h4 data-start=\"1492\" data-end=\"1521\"> Cre\u0219te str\u0103lucirea natural\u0103<\/h4>\n<p data-start=\"1522\" data-end=\"1617\">Cu utilizare regulat\u0103, p\u0103rul t\u0103u va c\u0103p\u0103ta o str\u0103lucire frumoas\u0103, ca de oglind\u0103 \u2013 f\u0103r\u0103 coafuri suplimentare.<\/p>\n<h4 data-start=\"1619\" data-end=\"1655\"> Restabile\u0219te p\u0103rul vopsit<\/h4>\n<p data-start=\"1656\" data-end=\"1785\">Deterior\u0103ri de la vopsit? Nici o problem\u0103. Orgakera revitalizeaz\u0103 p\u0103rul vopsit cu umiditate, nutrien\u021bi \u0219i protec\u021bie, \u00eembun\u0103t\u0103\u021bind luciul \u0219i moliciunea.<\/p>\n<h4 data-start=\"1787\" data-end=\"1821\"> F\u0103r\u0103 chimicale dure<\/h4>\n<p data-start=\"1822\" data-end=\"1902\">F\u0103r\u0103 formaldehid\u0103 \u0219i parabeni \u2013 sigur pentru p\u0103r, scalp \u0219i mediu.<\/p>\n<h3 data-start=\"1909\" data-end=\"1945\"><strong data-start=\"1913\" data-end=\"1945\">Ingrediente naturale puternice<\/strong><\/h3>\n<ul data-start=\"1947\" data-end=\"2413\">\n<li data-start=\"1947\" data-end=\"2016\">\n<p data-start=\"1949\" data-end=\"2016\"><strong data-start=\"1949\" data-end=\"1967\">Acid glicoxilic<\/strong> \u2013 Neteze\u0219te natural \u0219i \u00eembun\u0103t\u0103\u021be\u0219te textura p\u0103rului.<\/p>\n<\/li>\n<li data-start=\"2017\" data-end=\"2088\">\n<p data-start=\"2019\" data-end=\"2088\"><strong data-start=\"2019\" data-end=\"2031\">Colagen<\/strong> \u2013 \u00cent\u0103re\u0219te structura p\u0103rului \u0219i m\u0103re\u0219te rezisten\u021ba.<\/p>\n<\/li>\n<li data-start=\"2089\" data-end=\"2156\">\n<p data-start=\"2091\" data-end=\"2156\"><strong data-start=\"2091\" data-end=\"2105\">Ulei de jojoba<\/strong> \u2013 Hidrateaz\u0103 profund \u0219i men\u021bine un scalp s\u0103n\u0103tos.<\/p>\n<\/li>\n<li data-start=\"2157\" data-end=\"2219\">\n<p data-start=\"2159\" data-end=\"2219\"><strong data-start=\"2159\" data-end=\"2176\">Ulei de coada-calului<\/strong> \u2013 Stimuleaz\u0103 cre\u0219terea \u0219i previne c\u0103derea.<\/p>\n<\/li>\n<li data-start=\"2220\" data-end=\"2316\">\n<p data-start=\"2222\" data-end=\"2316\"><strong data-start=\"2222\" data-end=\"2240\">Ulei de semin\u021be negre<\/strong> \u2013 Bogat \u00een antioxidan\u021bi pentru reducerea inflama\u021biei \u0219i hr\u0103nirea foliculilor pilosi.<\/p>\n<\/li>\n<li data-start=\"2317\" data-end=\"2413\">\n<p data-start=\"2319\" data-end=\"2413\"><strong data-start=\"2319\" data-end=\"2337\">Extract de caviar<\/strong> \u2013 Adaug\u0103 moliciune, putere \u0219i str\u0103lucire cu vitamine \u0219i nutrien\u021bi esen\u021biali.<\/p>\n<\/li>\n<\/ul>\n<h3 data-start=\"2420\" data-end=\"2470\"><strong data-start=\"2424\" data-end=\"2470\">Cum se utilizeaz\u0103 Protein Tratament pentru P\u0103r Orgakera<\/strong><\/h3>\n<ol data-start=\"2472\" data-end=\"3018\">\n<li data-start=\"2472\" data-end=\"2574\">\n<p data-start=\"2475\" data-end=\"2574\"><strong data-start=\"2475\" data-end=\"2492\">Preg\u0103te\u0219te p\u0103rul<\/strong>: Spal\u0103-\u021bi p\u0103rul bine cu \u0219ampon (f\u0103r\u0103 balsam). Usuc\u0103 cu prosop p\u00e2n\u0103 devine umed.<\/p>\n<\/li>\n<li data-start=\"2575\" data-end=\"2702\">\n<p data-start=\"2578\" data-end=\"2702\"><strong data-start=\"2578\" data-end=\"2597\">Aplic\u0103 tratamentul<\/strong>: Sec\u021bioneaz\u0103 p\u0103rul \u0219i aplic\u0103 Protein Orgakera la 1 cm de scalp. Distribuie uniform cu pieptene.<\/p>\n<\/li>\n<li data-start=\"2703\" data-end=\"2784\">\n<p data-start=\"2706\" data-end=\"2784\"><strong data-start=\"2706\" data-end=\"2725\">Timp de procesare<\/strong>: Las\u0103 s\u0103 ac\u021bioneze <strong data-start=\"2740\" data-end=\"2757\">30\u201360 minute<\/strong>, \u00een func\u021bie de tipul de p\u0103r.<\/p>\n<\/li>\n<li data-start=\"2785\" data-end=\"2915\">\n<p data-start=\"2788\" data-end=\"2915\"><strong data-start=\"2788\" data-end=\"2805\">Cl\u0103te\u0219te \u0219i coafeaz\u0103<\/strong>: Cl\u0103te\u0219te u\u0219or cu ap\u0103 c\u0103ldu\u021b\u0103, usuc\u0103 cu foehn \u0219i placheaz\u0103 fiecare \u0219uvi\u021b\u0103 de 10\u201315 ori pentru a sigila proteina.<\/p>\n<\/li>\n<li data-start=\"2916\" data-end=\"3018\">\n<p data-start=\"2919\" data-end=\"3018\"><strong data-start=\"2919\" data-end=\"2932\">\u00cengrijire ulterioar\u0103<\/strong>: Utilizeaz\u0103 <strong data-start=\"2938\" data-end=\"2972\">\u0218amponul \u0219i Balsamul Orgakera<\/strong> pentru a men\u021bine netezimea, hidratarea \u0219i str\u0103lucirea.<\/p>\n<\/li>\n<\/ol>\n<h3 data-start=\"3025\" data-end=\"3048\"><strong data-start=\"3029\" data-end=\"3048\">Note importante<\/strong><\/h3>\n<ul data-start=\"3050\" data-end=\"3271\">\n<li data-start=\"3050\" data-end=\"3139\">\n<p data-start=\"3052\" data-end=\"3139\"><strong data-start=\"3052\" data-end=\"3073\">Rezultate pe termen lung<\/strong>: Bucur\u0103-te de protec\u021bie p\u00e2n\u0103 la <strong data-start=\"3081\" data-end=\"3100\">52 de sp\u0103l\u0103ri<\/strong> cu Protein Orgakera.<\/p>\n<\/li>\n<li data-start=\"3140\" data-end=\"3271\">\n<p data-start=\"3142\" data-end=\"3271\"><strong data-start=\"3142\" data-end=\"3168\">Regim complet de \u00eengrijire<\/strong>: Combin\u0103 cu Balsamul \u0219i \u0218amponul Orgakera pentru moliciune maxim\u0103 \u0219i finisaj m\u0103t\u0103sos durabil.<\/p>\n<\/li>\n<\/ul>\n<h2 data-start=\"3278\" data-end=\"3328\"><strong data-start=\"3281\" data-end=\"3328\">De ce s\u0103 alegi Protein Tratament pentru P\u0103r Orgakera?<\/strong><\/h2>\n<p data-start=\"3330\" data-end=\"3612\">Deoarece p\u0103rul t\u0103u merit\u0103 \u00eengrijire premium. Orgakera ofer\u0103 rezultate de salon f\u0103r\u0103 chimicale dure. Este solu\u021bia perfect\u0103 pentru p\u0103r slab, tern, cu frizz sau sub\u021biat \u2013 \u00eel face mai bogat, mai neted \u0219i mai s\u0103n\u0103tos la fiecare utilizare. Red\u0103 vitalitatea p\u0103rului t\u0103u, natural \u0219i \u00een siguran\u021b\u0103.<\/p>\n<h2 data-start=\"3619\" data-end=\"3678\"><strong data-start=\"3625\" data-end=\"3676\">Ia-\u021bi Protein Tratament pentru P\u0103r Orgakera ast\u0103zi!<\/strong><\/h2>\n<p data-start=\"3679\" data-end=\"3812\">Nu te mul\u021bumi cu un p\u0103r lipsit de via\u021b\u0103. Investe\u0219te \u00een frumuse\u021be pe termen lung cu Orgakera \u0219i bucur\u0103-te de p\u0103r neted, str\u0103lucitor \u0219i u\u0219or de aranjat \u2013 \u00eencep\u00e2nd acum.<\/p>\n<p style=\"text-align: center;\">Mul\u021bumim c\u0103 ai cump\u0103rat de la <em data-start=\"415\" data-end=\"431\"><a href=\"https:\/\/bazaar.express\/ro\/\">Bazaar Express<\/a><\/em> \u2013 suntem \u00eenc\u00e2nta\u021bi s\u0103 te avem!<\/p>\n<p style=\"text-align: center;\">C\u0103l\u0103toria ta spre o auto\u00eengrijire mai bun\u0103 \u00eencepe aici \u2013 cu <a href=\"https:\/\/bazaar.express\/product-category\/beauty-care\/\">Beauty &#038; Care<\/a> de \u00eencredere.<\/p>\n","protected":false},"excerpt":{"rendered":"<h3 data-start=\"440\" data-end=\"745\">Protein Tratament pentru P\u0103r Orgakera restaureaz\u0103, neteze\u0219te \u0219i \u00eent\u0103re\u0219te p\u0103rul deteriorat cu ingrediente naturale precum ulei de coada-calului, ulei de semin\u021be negre, colagen \u0219i extract de caviar. F\u0103r\u0103 formaldehid\u0103 \u0219i parabeni, reduce frizz-ul, previne c\u0103derea p\u0103rului \u0219i las\u0103 p\u0103rul lucios \u0219i s\u0103n\u0103tos p\u00e2n\u0103 la 6 luni.<\/h3>\n","protected":false},"featured_media":39837,"comment_status":"open","ping_status":"closed","template":"","meta":[],"product_brand":[],"product_cat":[1145,1151],"product_tag":[1291,1210,1211],"class_list":{"0":"post-39835","1":"product","2":"type-product","3":"status-publish","4":"has-post-thumbnail","6":"product_cat-ingrijire-frumusete","7":"product_cat-cele-mai-bune-din-egipt","8":"product_tag-crema","9":"product_tag-ingrijire-a-pielii","10":"product_tag-ingrijire-de-frumusete","11":"pa_l-xl-200ml","13":"first","14":"instock","15":"sale","16":"shipping-taxable","17":"purchasable","18":"product-type-simple"},"_links":{"self":[{"href":"https:\/\/bazaar.express\/ro\/wp-json\/wp\/v2\/product\/39835","targetHints":{"allow":["GET"]}}],"collection":[{"href":"https:\/\/bazaar.express\/ro\/wp-json\/wp\/v2\/product"}],"about":[{"href":"https:\/\/bazaar.express\/ro\/wp-json\/wp\/v2\/types\/product"}],"replies":[{"embeddable":true,"href":"https:\/\/bazaar.express\/ro\/wp-json\/wp\/v2\/comments?post=39835"}],"wp:featuredmedia":[{"embeddable":true,"href":"https:\/\/bazaar.express\/ro\/wp-json\/wp\/v2\/media\/39837"}],"wp:attachment":[{"href":"https:\/\/bazaar.express\/ro\/wp-json\/wp\/v2\/media?parent=39835"}],"wp:term":[{"taxonomy":"product_brand","embeddable":true,"href":"https:\/\/bazaar.express\/ro\/wp-json\/wp\/v2\/product_brand?post=39835"},{"taxonomy":"product_cat","embeddable":true,"href":"https:\/\/bazaar.express\/ro\/wp-json\/wp\/v2\/product_cat?post=39835"},{"taxonomy":"product_tag","embeddable":true,"href":"https:\/\/bazaar.express\/ro\/wp-json\/wp\/v2\/product_tag?post=39835"}],"curies":[{"name":"wp","href":"https:\/\/api.w.org\/{rel}","templated":true}]}}