{"id":39838,"date":"2024-12-31T17:23:34","date_gmt":"2024-12-31T17:23:34","guid":{"rendered":"https:\/\/bazaar.express\/product\/conditioner\/"},"modified":"2024-12-31T17:23:34","modified_gmt":"2024-12-31T17:23:34","slug":"conditioner","status":"publish","type":"product","link":"https:\/\/bazaar.express\/ro\/produs\/conditioner\/","title":{"rendered":"Balsam tratant pentru p\u0103r"},"content":{"rendered":"<h2 data-start=\"213\" data-end=\"307\">Balsamul Orgakera Tratament pentru P\u0103r \u2013 Cea mai bun\u0103 cale pentru p\u0103r moale, str\u0103lucitor \u0219i s\u0103n\u0103tos<\/h2>\n<p data-start=\"309\" data-end=\"641\">P\u0103rul merit\u0103 ce este mai bun. Cu <strong data-start=\"343\" data-end=\"382\">Balsamul Orgakera Tratament pentru P\u0103r<\/strong>, v\u0103 pute\u021bi bucura de \u015fuvi\u021be m\u0103t\u0103soase, profund hr\u0103nite care str\u0103lucesc de s\u0103n\u0103tate. Acest balsam intensiv este formulat expert pentru a hidrata, repara \u0219i proteja p\u0103rul de usc\u0103ciune, deterior\u0103ri \u0219i frizz \u2014 l\u0103s\u00e2ndu-l mai puternic, mai moale \u0219i mai u\u0219or de stilizat \u00een fiecare zi.<\/p>\n<h3 data-start=\"648\" data-end=\"684\"> Hidratare profund\u0103 &#038; hr\u0103nire<\/h3>\n<p data-start=\"685\" data-end=\"917\">Balsamul Orgakera ofer\u0103 hidratare de lung\u0103 durat\u0103 prin p\u0103trunderea \u00een fiecare fir de p\u0103r cu nutrien\u021bi esen\u021biali. Adio p\u0103r casant, lipsit de via\u021b\u0103 \u0219i bun venit la moliciune \u0219i vitalitate re\u00eennoite \u2014 mai ales \u00een sezoanele reci \u0219i uscate.<\/p>\n<h3 data-start=\"924\" data-end=\"955\"> Str\u0103lucire \u0219i volum sporit<\/h3>\n<p data-start=\"956\" data-end=\"1168\">Cu utilizare continu\u0103, ve\u021bi observa c\u0103 p\u0103rul devine mai plin, mai str\u0103lucitor \u0219i mai voluminos. Indiferent dac\u0103 ave\u021bi p\u0103r sub\u021bire, fin sau vopsit, acest balsam \u00eembun\u0103t\u0103\u021be\u0219te textura \u0219i str\u0103lucirea f\u0103r\u0103 a-l \u00eenc\u0103rca.<\/p>\n<h3 data-start=\"1175\" data-end=\"1214\"> Control frizz \u0219i stilizare u\u0219oar\u0103<\/h3>\n<p data-start=\"1215\" data-end=\"1388\">Sup\u0103ra\u021bi pe frizz \u0219i \u015fuvi\u021be rebele? Balsamul Orgakera Tratament pentru P\u0103r domole\u0219te \u015fuvi\u021bele s\u0103lbatice \u0219i neteze\u0219te cuticula pentru un p\u0103r u\u0219or de manevrat, cu finisaj de salon.<\/p>\n<h3 data-start=\"1395\" data-end=\"1431\"> Sigur pentru p\u0103r vopsit<\/h3>\n<p data-start=\"1432\" data-end=\"1588\">\u00cengrijorat de decolorare sau usc\u0103ciune cauzat\u0103 de vopsele? Acest balsam men\u021bine culoarea vibrant\u0103, infuz\u00e2nd p\u0103rul cu umiditate, elasticitate \u0219i protec\u021bie.<\/p>\n<h3 data-start=\"1595\" data-end=\"1638\"> Ingrediente cheie pentru p\u0103r luxos<\/h3>\n<ul data-start=\"1639\" data-end=\"2302\">\n<li data-start=\"1639\" data-end=\"1718\">\n<p data-start=\"1641\" data-end=\"1718\"><strong data-start=\"1641\" data-end=\"1654\">Glicerin\u0103:<\/strong> Atrage \u0219i re\u021bine umiditatea pentru a p\u0103stra p\u0103rul moale \u0219i flexibil.<\/p>\n<\/li>\n<li data-start=\"1719\" data-end=\"1813\">\n<p data-start=\"1721\" data-end=\"1813\"><strong data-start=\"1721\" data-end=\"1737\">Unt de shea:<\/strong> Hr\u0103ne\u0219te profund cu vitaminele A, E &#038; F, ajut\u00e2nd la restaurarea \u0219i netezirea p\u0103rului.<\/p>\n<\/li>\n<li data-start=\"1814\" data-end=\"1912\">\n<p data-start=\"1816\" data-end=\"1912\"><strong data-start=\"1816\" data-end=\"1829\">Colagen:<\/strong> Reconstruie\u0219te rezisten\u021ba \u0219i elasticitatea, reduc\u00e2nd ruperea \u0219i \u00eembun\u0103t\u0103\u021bind manevrabilitatea.<\/p>\n<\/li>\n<li data-start=\"1913\" data-end=\"2003\">\n<p data-start=\"1915\" data-end=\"2003\"><strong data-start=\"1915\" data-end=\"1930\">Ulei de jojoba:<\/strong> Hidrateaz\u0103 scalpul \u0219i reduce fulgii, \u00eencuraj\u00e2nd o cre\u0219tere s\u0103n\u0103toas\u0103.<\/p>\n<\/li>\n<li data-start=\"2004\" data-end=\"2099\">\n<p data-start=\"2006\" data-end=\"2099\"><strong data-start=\"2006\" data-end=\"2024\">Ulei de coad\u0103-calului:<\/strong> Promoveaz\u0103 fire mai puternice \u0219i mai groase prin stimularea natural\u0103 a colagenului.<\/p>\n<\/li>\n<li data-start=\"2100\" data-end=\"2200\">\n<p data-start=\"2102\" data-end=\"2200\"><strong data-start=\"2102\" data-end=\"2121\">Ulei de semin\u021be negre:<\/strong> Bogat \u00een antioxidan\u021bi pentru a proteja \u0219i vindeca scalpul, sporind vitalitatea p\u0103rului.<\/p>\n<\/li>\n<li data-start=\"2201\" data-end=\"2302\">\n<p data-start=\"2203\" data-end=\"2302\"><strong data-start=\"2203\" data-end=\"2222\">Extract de caviar:<\/strong> Livreaz\u0103 nutrien\u021bi esen\u021biali pentru a revitaliza p\u0103rul tern, uscat, cu lustru \u0219i moliciune.<\/p>\n<\/li>\n<\/ul>\n<h3 data-start=\"2309\" data-end=\"2364\"> Cum s\u0103 utiliza\u021bi Balsamul Orgakera Tratament pentru P\u0103r<\/h3>\n<ol data-start=\"2366\" data-end=\"2945\">\n<li data-start=\"2366\" data-end=\"2472\">\n<p data-start=\"2369\" data-end=\"2472\"><strong data-start=\"2369\" data-end=\"2387\">Sp\u0103la\u021bi \u00eent\u00e2i:<\/strong> Sp\u0103la\u021bi-v\u0103 p\u0103rul temeinic cu \u0219ampon pentru a \u00eendep\u0103rta acumul\u0103rile de produse \u0219i uleiurile \u00een exces.<\/p>\n<\/li>\n<li data-start=\"2473\" data-end=\"2580\">\n<p data-start=\"2476\" data-end=\"2580\"><strong data-start=\"2476\" data-end=\"2498\">Aplica\u021bi balsamul:<\/strong> Pe p\u0103r uscat cu prosop, aplica\u021bi uniform de la jum\u0103tatea lungimii la v\u00e2rfuri, evit\u00e2nd scalpul.<\/p>\n<\/li>\n<li data-start=\"2581\" data-end=\"2678\">\n<p data-start=\"2584\" data-end=\"2678\"><strong data-start=\"2584\" data-end=\"2600\">L\u0103sa\u021bi s\u0103 ac\u021bioneze:<\/strong> L\u0103sa\u021bi balsamul s\u0103 se absoarb\u0103 30\u201360 minute pentru rezultate de hidratare profund\u0103.<\/p>\n<\/li>\n<li data-start=\"2679\" data-end=\"2795\">\n<p data-start=\"2682\" data-end=\"2795\"><strong data-start=\"2682\" data-end=\"2701\">Cl\u0103ti\u021bi &#038; finaliza\u021bi:<\/strong> Cl\u0103ti\u021bi cu ap\u0103 c\u0103ldu\u021b\u0103. Continua\u021bi cu <strong data-start=\"2740\" data-end=\"2775\">\u0218amponul Orgakera Tratament pentru P\u0103r<\/strong> pentru cele mai bune rezultate.<\/p>\n<\/li>\n<li data-start=\"2796\" data-end=\"2945\">\n<p data-start=\"2799\" data-end=\"2945\"><strong data-start=\"2799\" data-end=\"2818\">Sfat suplimentar:<\/strong> Pentru repara\u021bie mai profund\u0103, folosi\u021bi ca masc\u0103 de condi\u021bionare dup\u0103 stilizare. Aplica\u021bi, l\u0103sa\u021bi 30 de minute, apoi cl\u0103ti\u021bi pentru p\u0103r ultra-moale.<\/p>\n<\/li>\n<\/ol>\n<h3 data-start=\"3272\" data-end=\"3328\"> De ce s\u0103 alege\u021bi Balsamul Orgakera Tratament pentru P\u0103r?<\/h3>\n<p data-start=\"3330\" data-end=\"3662\">Acest balsam este mai mult dec\u00e2t o simpl\u0103 cl\u0103tire \u2013 este o transformare complet\u0103 a p\u0103rului. Indiferent dac\u0103 p\u0103rul este deteriorat de c\u0103ldur\u0103, colorare sau stresori ambientali, Orgakera \u00eel repar\u0103 \u0219i \u00eel revitalizeaz\u0103 cu uleiuri naturale \u0219i extracte botanice. F\u0103r\u0103 formalin\u0103 \u0219i parabeni, este sigur pentru toate tipurile de p\u0103r \u0219i ideal pentru utilizare zilnic\u0103 sau tratament intens.<\/p>\n<p data-start=\"3664\" data-end=\"3841\">Asociat cu <strong data-start=\"3681\" data-end=\"3716\">\u0218amponul Orgakera Tratament pentru P\u0103r<\/strong>, acest balsam formeaz\u0103 un duo eficient de \u00eengrijire a p\u0103rului pentru p\u00e2n\u0103 la <strong data-start=\"3780\" data-end=\"3794\">\u0219ase luni<\/strong> de str\u0103lucire, putere \u0219i netezime vizibile.<\/p>\n<h3 data-start=\"3848\" data-end=\"3903\"> Cump\u0103ra\u021bi azi Balsamul Orgakera Tratament pentru P\u0103r<\/h3>\n<p data-start=\"3905\" data-end=\"4122\">Gata s\u0103 restaura\u021bi frumuse\u021bea \u0219i s\u0103n\u0103tatea p\u0103rului? Include\u021bi <strong data-start=\"3958\" data-end=\"3970\">Orgakera<\/strong> \u00een rutina dvs. \u0219i bucura\u021bi-v\u0103 de p\u0103r moale, lucios \u0219i u\u0219or de aranjat care atrage toate privirile.<br data-start=\"4053\" data-end=\"4056\" \/><strong data-start=\"4056\" data-end=\"4122\">Comanda\u021bi acum \u0219i transforma\u021bi experien\u021ba de \u00eengrijire a p\u0103rului \u2013 \u00een mod natural.<\/strong><\/p>\n<p style=\"text-align: center;\">Mul\u021bumim c\u0103 face\u021bi cump\u0103r\u0103turi la <em data-start=\"415\" data-end=\"431\"><a href=\"https:\/\/bazaar.express\/ro\/\">Bazaar Express<\/a><\/em> \u2013 suntem \u00eenc\u00e2nta\u021bi s\u0103 v\u0103 avem!<\/p>\n<p style=\"text-align: center;\">C\u0103l\u0103toria dvs. spre o auto\u00eengrijire mai bun\u0103 \u00eencepe aici \u2014 cu <a href=\"https:\/\/bazaar.express\/product-category\/beauty-care\/\">Frumuse\u021be &#038; \u00cengrijire<\/a> de \u00eencredere.<\/p>\n","protected":false},"excerpt":{"rendered":"<h3>Balsamul Orgakera Tratament pentru P\u0103r hidrateaz\u0103 profund, \u00eenmoaie \u0219i neteze\u0219te p\u0103rul, sporind str\u0103lucirea \u0219i protej\u00e2nd \u00eempotriva deterior\u0103rilor. \u00cembog\u0103\u021bit cu uleiuri naturale, colagen \u0219i extract de caviar \u2014 ideal pentru p\u0103r uscat, ondulat sau vopsit.<\/h3>\n","protected":false},"featured_media":39840,"comment_status":"open","ping_status":"closed","template":"","meta":[],"product_brand":[],"product_cat":[1145,1151],"product_tag":[1291,1210,1211],"class_list":{"0":"post-39838","1":"product","2":"type-product","3":"status-publish","4":"has-post-thumbnail","6":"product_cat-ingrijire-frumusete","7":"product_cat-cele-mai-bune-din-egipt","8":"product_tag-crema","9":"product_tag-ingrijire-a-pielii","10":"product_tag-ingrijire-de-frumusete","11":"pa_l-xl-200ml","13":"first","14":"instock","15":"shipping-taxable","16":"purchasable","17":"product-type-simple"},"_links":{"self":[{"href":"https:\/\/bazaar.express\/ro\/wp-json\/wp\/v2\/product\/39838","targetHints":{"allow":["GET"]}}],"collection":[{"href":"https:\/\/bazaar.express\/ro\/wp-json\/wp\/v2\/product"}],"about":[{"href":"https:\/\/bazaar.express\/ro\/wp-json\/wp\/v2\/types\/product"}],"replies":[{"embeddable":true,"href":"https:\/\/bazaar.express\/ro\/wp-json\/wp\/v2\/comments?post=39838"}],"wp:featuredmedia":[{"embeddable":true,"href":"https:\/\/bazaar.express\/ro\/wp-json\/wp\/v2\/media\/39840"}],"wp:attachment":[{"href":"https:\/\/bazaar.express\/ro\/wp-json\/wp\/v2\/media?parent=39838"}],"wp:term":[{"taxonomy":"product_brand","embeddable":true,"href":"https:\/\/bazaar.express\/ro\/wp-json\/wp\/v2\/product_brand?post=39838"},{"taxonomy":"product_cat","embeddable":true,"href":"https:\/\/bazaar.express\/ro\/wp-json\/wp\/v2\/product_cat?post=39838"},{"taxonomy":"product_tag","embeddable":true,"href":"https:\/\/bazaar.express\/ro\/wp-json\/wp\/v2\/product_tag?post=39838"}],"curies":[{"name":"wp","href":"https:\/\/api.w.org\/{rel}","templated":true}]}}