{"id":39855,"date":"2025-01-02T22:46:15","date_gmt":"2025-01-02T22:46:15","guid":{"rendered":"https:\/\/bazaar.express\/?post_type=product&#038;p=39855"},"modified":"2026-05-02T01:20:38","modified_gmt":"2026-05-02T01:20:38","slug":"sampon-snake-oil","status":"publish","type":"product","link":"https:\/\/bazaar.express\/ro\/produs\/sampon-snake-oil\/","title":{"rendered":"\u0218ampon Snake Oil"},"content":{"rendered":"<h2 style=\"text-align: left;\" data-pm-slice=\"1 1 []\"><strong>\u0218ampon Snake Oil &#8211; Alegerea principal\u0103 pentru p\u0103r s\u0103n\u0103tos, lucios \u0219i rezistent<\/strong><\/h2>\n<p>Schimb\u0103-\u021bi rutina de \u00eengrijire a p\u0103rului cu <strong>\u0218amponul Orgakera Snake Oil<\/strong>, conceput s\u0103 ofere hidratare excep\u021bional\u0103 \u0219i netezime tuturor tipurilor de p\u0103r. Acest \u0219ampon puternic \u00eent\u0103re\u0219te r\u0103d\u0103cinile, ajut\u0103 la <strong>cre\u0219terea p\u0103rului<\/strong> \u0219i \u00eembun\u0103t\u0103\u021be\u0219te <strong>s\u0103n\u0103tatea scalpului<\/strong>. \u00cembog\u0103\u021bit cu un amestec special de ingrediente naturale, <strong>\u0218amponul Orgakera<\/strong> hr\u0103ne\u0219te, hidrateaz\u0103 \u0219i protejeaz\u0103 p\u0103rul de agresiuni, oferindu-i o str\u0103lucire vie \u0219i reduc\u00e2nd <strong>v\u00e2rfurile despicate<\/strong>.<\/p>\n<h2><strong>Beneficii principale:<\/strong><\/h2>\n<ul>\n<li><strong>\u00cent\u0103re\u0219te r\u0103d\u0103cinile p\u0103rului<\/strong> \u0219i ajut\u0103 la <strong>cre\u0219terea p\u0103rului<\/strong><\/li>\n<li>Aduce hidratare scalpului, \u00eembun\u0103t\u0103\u021bind s\u0103n\u0103tatea general\u0103 a scalpului<\/li>\n<li>Stimuleaz\u0103 circula\u021bia s\u00e2ngelui, reduc\u00e2nd c\u0103derea p\u0103rului \u0219i fulgii de scalp<\/li>\n<li>Protejeaz\u0103 p\u0103rul de agresiuni, rezult\u00e2nd un p\u0103r mai s\u0103n\u0103tos \u0219i mai lucios<\/li>\n<li>Ajut\u0103 la prevenirea desp\u0103r\u021birii v\u00e2rfurilor pentru a men\u021bine s\u0103n\u0103tatea pe termen lung a p\u0103rului<\/li>\n<\/ul>\n<h2><strong>Ingrediente cheie:<\/strong><\/h2>\n<ul>\n<li><strong>Panthenol<\/strong> \u0219i <strong>Vitamina E<\/strong> pentru hr\u0103nire<\/li>\n<li><strong>Extract de Eruca<\/strong>, <strong>Extract de Salvie<\/strong> \u0219i <strong>Extract de Rozmarin<\/strong> pentru stimularea cre\u0219terii p\u0103rului<\/li>\n<li><strong>Extract de Aloe Vera<\/strong> \u0219i <strong>Ulei de Arbore de Ceai<\/strong> pentru calmarea \u0219i hidratarea scalpului<\/li>\n<li><strong>Ulei de Argan<\/strong>, <strong>Ulei de Cocos<\/strong> \u0219i <strong>Ulei de Jojoba<\/strong> pentru hidratare \u0219i \u00eent\u0103rirea p\u0103rului<\/li>\n<li><strong>Acid Hialuronic<\/strong>, <strong>Extract de Caviar<\/strong> \u0219i <strong>Colagen Marin<\/strong> pentru hr\u0103nire \u0219i \u00eembun\u0103t\u0103\u021birea s\u0103n\u0103t\u0103\u021bii p\u0103rului<\/li>\n<li><strong>Extract de M\u0103slin<\/strong>, <strong>Extract de Mu\u0219e\u021bel<\/strong> \u0219i <strong>Ulei de Macadamia<\/strong> pentru protejarea p\u0103rului \u00eempotriva agresiunilor<\/li>\n<\/ul>\n<p>\u0218amponul Orgakera combin\u0103 aceste ingrediente naturale de top. Hidrateaz\u0103 p\u0103rul \u0219i scalpul, reduce fulgii \u0219i ajut\u0103 p\u0103rul s\u0103 creasc\u0103 mai gros \u0219i mai puternic. Acest \u0219ampon ofer\u0103 o solu\u021bie complet\u0103 pentru repararea \u0219i men\u021binerea s\u0103n\u0103t\u0103\u021bii p\u0103rului de la r\u0103d\u0103cin\u0103 la v\u00e2rf.<\/p>\n<p><strong>Mod de utilizare:<\/strong> Aplic\u0103 suficient <strong>\u0218ampon Snake Oil<\/strong> pe scalp. Maseaz\u0103 \u0219i a\u0219teapt\u0103 10 minute pentru ca uleiurile naturale \u0219i nutrien\u021bii s\u0103 fie absorbi\u021bi. Cl\u0103te\u0219te bine cu ap\u0103.<\/p>\n<p><strong>Aten\u021bie:<\/strong> Utilizeaz\u0103 doar extern. Nu permite contactul cu ochii. Dac\u0103 intr\u0103 \u00een ochi, cl\u0103te\u0219te cu ap\u0103 din abunden\u021b\u0103. \u021aine departe de copii.<\/p>\n<h4>D\u0103-i p\u0103rului t\u0103u un impuls cu <strong>\u0218ampon Snake Oil<\/strong> \u0219i ob\u021bine un p\u0103r mai puternic, mai s\u0103n\u0103tos, mai str\u0103lucitor!<\/h4>\n<p>&nbsp;<\/p>\n<p style=\"text-align: center;\">Mul\u021bumim c\u0103 ai ales <em data-start=\"415\" data-end=\"431\"><a href=\"https:\/\/bazaar.express\/ro\/\">Bazaar Express<\/a><\/em> \u2013 ne bucur\u0103m s\u0103 te avem al\u0103turi!<\/p>\n<p style=\"text-align: center;\">C\u0103l\u0103toria ta spre o auto\u00eengrijire mai bun\u0103 \u00eencepe aici \u2013 cu <a href=\"https:\/\/bazaar.express\/ro\/categorie-produs\/ingrijire-frumusete\/\">Beauty &amp; Care<\/a> de \u00eencredere.<\/p>\n","protected":false},"excerpt":{"rendered":"<h3><strong>\u0218ampon Snake Oil<\/strong> hr\u0103ne\u0219te \u0219i \u00eent\u0103re\u0219te r\u0103d\u0103cinile p\u0103rului, stimuleaz\u0103 cre\u0219terea \u0219i ajut\u0103 la reducerea c\u0103derii p\u0103rului, a m\u0103tre\u021bii \u0219i a v\u00e2rfurilor despicate pentru un p\u0103r mai lucios \u0219i mai s\u0103n\u0103tos.<\/h3>\n","protected":false},"featured_media":39857,"comment_status":"open","ping_status":"closed","template":"","meta":[],"product_brand":[],"product_cat":[1145,1151,1903],"product_tag":[1210,1211,1208],"class_list":{"0":"post-39855","1":"product","2":"type-product","3":"status-publish","4":"has-post-thumbnail","6":"product_cat-ingrijire-frumusete","7":"product_cat-cele-mai-bune-din-egipt","8":"product_cat-lotus","9":"product_tag-ingrijire-a-pielii","10":"product_tag-ingrijire-de-frumusete","11":"product_tag-ulei","12":"pa_l-xl-350ml","14":"first","15":"instock","16":"shipping-taxable","17":"purchasable","18":"product-type-simple"},"_links":{"self":[{"href":"https:\/\/bazaar.express\/ro\/wp-json\/wp\/v2\/product\/39855","targetHints":{"allow":["GET"]}}],"collection":[{"href":"https:\/\/bazaar.express\/ro\/wp-json\/wp\/v2\/product"}],"about":[{"href":"https:\/\/bazaar.express\/ro\/wp-json\/wp\/v2\/types\/product"}],"replies":[{"embeddable":true,"href":"https:\/\/bazaar.express\/ro\/wp-json\/wp\/v2\/comments?post=39855"}],"wp:featuredmedia":[{"embeddable":true,"href":"https:\/\/bazaar.express\/ro\/wp-json\/wp\/v2\/media\/39857"}],"wp:attachment":[{"href":"https:\/\/bazaar.express\/ro\/wp-json\/wp\/v2\/media?parent=39855"}],"wp:term":[{"taxonomy":"product_brand","embeddable":true,"href":"https:\/\/bazaar.express\/ro\/wp-json\/wp\/v2\/product_brand?post=39855"},{"taxonomy":"product_cat","embeddable":true,"href":"https:\/\/bazaar.express\/ro\/wp-json\/wp\/v2\/product_cat?post=39855"},{"taxonomy":"product_tag","embeddable":true,"href":"https:\/\/bazaar.express\/ro\/wp-json\/wp\/v2\/product_tag?post=39855"}],"curies":[{"name":"wp","href":"https:\/\/api.w.org\/{rel}","templated":true}]}}