{"id":39866,"date":"2024-12-31T00:10:58","date_gmt":"2024-12-31T00:10:58","guid":{"rendered":"https:\/\/bazaar.express\/product\/tanning-oil-spray\/"},"modified":"2024-12-31T00:10:58","modified_gmt":"2024-12-31T00:10:58","slug":"tanning-oil-spray","status":"publish","type":"product","link":"https:\/\/bazaar.express\/ro\/produs\/tanning-oil-spray\/","title":{"rendered":"Ulei spray bronzant"},"content":{"rendered":"<h2 data-start=\"228\" data-end=\"347\">Orgakera Ulei spray bronzant \u2013 Ob\u021bine un bronz radiant, auriu cu ingrediente naturale benefice pentru piele \u0219i protec\u021bie SPF 8<\/h2>\n<h3 data-start=\"349\" data-end=\"410\"> Ob\u021bine bronzul perfect cu tent\u0103 solar\u0103 \u2013 Natural \u0219i sigur<\/h3>\n<p data-start=\"412\" data-end=\"838\">Dac\u0103 iube\u0219ti soarele \u0219i visezi la un bronz auriu care dureaz\u0103, Orgakera ulei spray bronzant este noul t\u0103u indispensabil. Conceput pentru iubitorii de bronzare \u00een aer liber, acest ulei eficient dar delicat te ajut\u0103 s\u0103 bronzezi mai rapid, hr\u0103nind pielea \u0219i oferind protec\u021bie solar\u0103 SPF 8. Fie c\u0103 e\u0219ti la plaj\u0103, la piscin\u0103 sau te relaxezi \u00een gr\u0103din\u0103, Orgakera ulei spray bronzant \u00eembun\u0103t\u0103\u021be\u0219te rezultatele bronz\u0103rii f\u0103r\u0103 a compromite s\u0103n\u0103tatea pielii.<\/p>\n<h3 data-start=\"845\" data-end=\"893\"> De ce iese \u00een eviden\u021b\u0103 Orgakera ulei spray bronzant<\/h3>\n<h4 data-start=\"895\" data-end=\"942\"> Protec\u021bie UV SPF 8 pentru bronzare mai sigur\u0103<\/h4>\n<p data-start=\"943\" data-end=\"1148\">\u00cen timp ce te bucuri de soare, formula SPF 8 a uleiului spray bronzant Orgakera \u00ee\u021bi protejeaz\u0103 pielea de razele UVA \u0219i UVB d\u0103un\u0103toare. Reduce riscul de arsuri solare permi\u021b\u00e2nd \u00een acela\u0219i timp un bronz frumos, uniform s\u0103 se dezvolte.<\/p>\n<h4 data-start=\"1150\" data-end=\"1205\"> Bronz profund, de lung\u0103 durat\u0103 cu extract natural de morcov<\/h4>\n<p data-start=\"1206\" data-end=\"1410\">\u00cembog\u0103\u021bit cu <strong data-start=\"1219\" data-end=\"1236\">beta-caroten\u0103<\/strong> \u0219i <strong data-start=\"1241\" data-end=\"1259\">extract de morcov<\/strong>, acest spray stimuleaz\u0103 natural produc\u021bia de melanin\u0103, ajut\u00e2nd pielea s\u0103 bronzeze mai rapid \u0219i uniform. Vei ob\u021bine acea nuan\u021b\u0103 perfect\u0103 cu tent\u0103 solar\u0103 \u00een mai pu\u021bin timp.<\/p>\n<h4 data-start=\"1412\" data-end=\"1461\"> Uleiuri hidratante pentru piele moale, catifelat\u0103<\/h4>\n<p data-start=\"1462\" data-end=\"1679\">\u00cenc\u0103rcat cu uleiuri naturale hidratante \u0219i <strong data-start=\"1501\" data-end=\"1514\">Vitamina E<\/strong>, formula Orgakera hr\u0103ne\u0219te profund pielea, prevenind usc\u0103ciunea \u0219i descuamarea. Pielea ta va fi fin\u0103 ca m\u0103tasea \u0219i va avea un finisaj s\u0103n\u0103tos, str\u0103lucitor dup\u0103 fiecare utilizare.<\/p>\n<h4 data-start=\"1681\" data-end=\"1715\"> \u00cembun\u0103t\u0103\u021be\u0219te elasticitatea pielii<\/h4>\n<p data-start=\"1716\" data-end=\"1890\">Uleiul u\u0219or nu doar \u00ee\u021bi ofer\u0103 un bronz perfect, ci \u00eembun\u0103t\u0103\u021be\u0219te \u0219i elasticitatea \u0219i textura pielii \u2013 f\u0103c\u00e2nd-o s\u0103 par\u0103 mai ferm\u0103, mai neted\u0103 \u0219i mai t\u00e2n\u0103r\u0103 dup\u0103 expunerea la soare.<\/p>\n<h4 data-start=\"1892\" data-end=\"1918\"> Bronz de lung\u0103 durat\u0103<\/h4>\n<p data-start=\"1919\" data-end=\"2017\">Amestecul de uleiuri hr\u0103nitoare ajut\u0103 la p\u0103strarea bronzului, astfel \u00eenc\u00e2t s\u0103 te bucuri de aspectul bronzat s\u0103pt\u0103m\u00e2ni la r\u00e2nd.<\/p>\n<h3 data-start=\"2024\" data-end=\"2068\"> Cum s\u0103 utilizezi uleiul spray bronzant Orgakera<\/h3>\n<ul data-start=\"2070\" data-end=\"2316\">\n<li data-start=\"2070\" data-end=\"2096\">\n<p data-start=\"2072\" data-end=\"2096\">Agit\u0103 bine \u00eenainte de utilizare.<\/p>\n<\/li>\n<li data-start=\"2097\" data-end=\"2183\">\n<p data-start=\"2099\" data-end=\"2183\">Aplic\u0103 un strat generos, uniform pe pielea curat\u0103, uscat\u0103, cu 20\u201330 minute \u00eenainte de expunerea la soare.<\/p>\n<\/li>\n<li data-start=\"2184\" data-end=\"2255\">\n<p data-start=\"2186\" data-end=\"2255\">Reaplic\u0103 la fiecare 2 ore sau dup\u0103 \u00eenot, transpira\u021bie sau uscare cu prosop.<\/p>\n<\/li>\n<li data-start=\"2256\" data-end=\"2316\">\n<p data-start=\"2258\" data-end=\"2316\">Numai pentru uz extern. Evit\u0103 contactul direct cu ochii.<\/p>\n<\/li>\n<\/ul>\n<h3 data-start=\"2323\" data-end=\"2345\"> Ingrediente cheie<\/h3>\n<ul data-start=\"2347\" data-end=\"2706\">\n<li data-start=\"2347\" data-end=\"2435\">\n<p data-start=\"2349\" data-end=\"2435\"><strong data-start=\"2349\" data-end=\"2366\">Beta-Caroten\u0103<\/strong> \u2013 Stimuleaz\u0103 natural capacitatea pielii de a bronza \u0219i o men\u021bine hr\u0103nit\u0103.<\/p>\n<\/li>\n<li data-start=\"2436\" data-end=\"2523\">\n<p data-start=\"2438\" data-end=\"2523\"><strong data-start=\"2438\" data-end=\"2456\">Extract de morcov<\/strong> \u2013 Favorizeaz\u0103 bronzarea natural\u0103 stimul\u00e2nd produc\u021bia de melanin\u0103.<\/p>\n<\/li>\n<li data-start=\"2524\" data-end=\"2620\">\n<p data-start=\"2526\" data-end=\"2620\"><strong data-start=\"2526\" data-end=\"2539\">Vitamina E<\/strong> \u2013 Antioxidant puternic care hidrateaz\u0103 \u0219i protejeaz\u0103 pielea de deshidratare.<\/p>\n<\/li>\n<li data-start=\"2621\" data-end=\"2706\">\n<p data-start=\"2623\" data-end=\"2706\"><strong data-start=\"2623\" data-end=\"2650\">Uleiuri naturale hr\u0103nitoare<\/strong> \u2013 Men\u021bin pielea hidratat\u0103 \u0219i radiant\u0103 pe parcursul zilei.<\/p>\n<\/li>\n<\/ul>\n<h3 data-start=\"2713\" data-end=\"2762\"> Ideal pentru bronzare la soare &#038; aventuri \u00een aer liber<\/h3>\n<p data-start=\"2764\" data-end=\"2960\">Fie c\u0103 te bronzezi la soare, mergi la plaj\u0103 sau te bucuri de o vacan\u021b\u0103 \u00eensorit\u0103, uleiul spray bronzant Orgakera ofer\u0103 pielii tale tot ce are nevoie pentru o str\u0103lucire aurie sigur\u0103 \u2013 f\u0103r\u0103 senza\u021bie gras\u0103 sau greutate.<\/p>\n<h3 data-start=\"3282\" data-end=\"3327\"> De ce s\u0103 alegi uleiul spray bronzant Orgakera?<\/h3>\n<ul data-start=\"3329\" data-end=\"3638\">\n<li data-start=\"3329\" data-end=\"3391\">\n<p data-start=\"3331\" data-end=\"3391\">Ob\u021bine o str\u0103lucire bronzie natural\u0103 protej\u00e2nd pielea<\/p>\n<\/li>\n<li data-start=\"3392\" data-end=\"3443\">\n<p data-start=\"3394\" data-end=\"3443\">Hr\u0103ne\u0219te, \u00eenmoaie \u0219i protejeaz\u0103 la fiecare utilizare<\/p>\n<\/li>\n<li data-start=\"3444\" data-end=\"3518\">\n<p data-start=\"3446\" data-end=\"3518\">Ideal pentru toate tipurile de piele \u2013 u\u0219or, non-gras \u0219i cu absorb\u021bie rapid\u0103<\/p>\n<\/li>\n<li data-start=\"3519\" data-end=\"3576\">\n<p data-start=\"3521\" data-end=\"3576\">Stimuleaz\u0103 produc\u021bia de melanin\u0103 pentru un bronz mai rapid, mai profund<\/p>\n<\/li>\n<li data-start=\"3577\" data-end=\"3638\">\n<p data-start=\"3579\" data-end=\"3638\">Men\u021bine pielea elastic\u0103, radiant\u0103 \u0219i hidratat\u0103 pe toat\u0103 durata verii<\/p>\n<\/li>\n<\/ul>\n<h3 data-start=\"3645\" data-end=\"3672\"> Str\u0103lucirea ta \u00eencepe aici<\/h3>\n<p data-start=\"3674\" data-end=\"3955\">Nu doar bronzeaz\u0103 \u2013 <strong data-start=\"3689\" data-end=\"3697\">str\u0103luci<\/strong> cu uleiul spray bronzant Orgakera.<br \/>\nP\u0103\u0219e\u0219te \u00een soare cu \u00eencredere, \u0219tiind c\u0103 pielea ta este protejat\u0103, r\u0103sf\u0103\u021bat\u0103 \u0219i pe cale s\u0103 ating\u0103 nuan\u021ba aurie perfect\u0103.<br \/>\nAdaug\u0103-l \u00een rutina ta de bronzare \u0219i bucur\u0103-te de razele soarelui cu piele radiant\u0103, hidratat\u0103 \u0219i cu aspect s\u0103n\u0103tos.<\/p>\n<p style=\"text-align: center;\">Mul\u021bumim c\u0103 ai cump\u0103rat la <em data-start=\"415\" data-end=\"431\"><a href=\"https:\/\/bazaar.express\/ro\/\">Bazaar Express<\/a><\/em> \u2013 suntem \u00eenc\u00e2nta\u021bi s\u0103 te avem!<\/p>\n<p style=\"text-align: center;\">C\u0103l\u0103toria ta spre o auto\u00eengrijire mai bun\u0103 \u00eencepe aici \u2013 cu <a href=\"https:\/\/bazaar.express\/product-category\/beauty-care\/\">Beauty &#038; Care<\/a> de \u00eencredere.<\/p>\n","protected":false},"excerpt":{"rendered":"<h3>Uleiul spray bronzant Orgakera ofer\u0103 o str\u0103lucire frumoas\u0103 cu tent\u0103 solar\u0103 protej\u00e2nd pielea cu SPF 8. \u00cembog\u0103\u021bit cu uleiuri naturale, extract de morcov \u0219i Vitamina E, stimuleaz\u0103 melanina, \u00eembun\u0103t\u0103\u021be\u0219te elasticitatea \u0219i men\u021bine pielea hidratat\u0103, neted\u0103 \u0219i radiant\u0103 sub soare.<\/h3>\n","protected":false},"featured_media":39868,"comment_status":"open","ping_status":"closed","template":"","meta":[],"product_brand":[],"product_cat":[1145,1151,1147,1153],"product_tag":[1291,1210,1208],"class_list":{"0":"post-39866","1":"product","2":"type-product","3":"status-publish","4":"has-post-thumbnail","6":"product_cat-ingrijire-frumusete","7":"product_cat-cele-mai-bune-din-egipt","8":"product_cat-esentiale-pentru-plaja","9":"product_cat-oferte-speciale","10":"product_tag-crema","11":"product_tag-ingrijire-a-pielii","12":"product_tag-ulei","13":"pa_l-xl-350ml","15":"first","16":"instock","17":"sale","18":"shipping-taxable","19":"purchasable","20":"product-type-simple"},"_links":{"self":[{"href":"https:\/\/bazaar.express\/ro\/wp-json\/wp\/v2\/product\/39866","targetHints":{"allow":["GET"]}}],"collection":[{"href":"https:\/\/bazaar.express\/ro\/wp-json\/wp\/v2\/product"}],"about":[{"href":"https:\/\/bazaar.express\/ro\/wp-json\/wp\/v2\/types\/product"}],"replies":[{"embeddable":true,"href":"https:\/\/bazaar.express\/ro\/wp-json\/wp\/v2\/comments?post=39866"}],"wp:featuredmedia":[{"embeddable":true,"href":"https:\/\/bazaar.express\/ro\/wp-json\/wp\/v2\/media\/39868"}],"wp:attachment":[{"href":"https:\/\/bazaar.express\/ro\/wp-json\/wp\/v2\/media?parent=39866"}],"wp:term":[{"taxonomy":"product_brand","embeddable":true,"href":"https:\/\/bazaar.express\/ro\/wp-json\/wp\/v2\/product_brand?post=39866"},{"taxonomy":"product_cat","embeddable":true,"href":"https:\/\/bazaar.express\/ro\/wp-json\/wp\/v2\/product_cat?post=39866"},{"taxonomy":"product_tag","embeddable":true,"href":"https:\/\/bazaar.express\/ro\/wp-json\/wp\/v2\/product_tag?post=39866"}],"curies":[{"name":"wp","href":"https:\/\/api.w.org\/{rel}","templated":true}]}}