{"id":39983,"date":"2024-12-18T16:11:13","date_gmt":"2024-12-18T16:11:13","guid":{"rendered":"https:\/\/bazaar.express\/product\/colocynth-massage\/"},"modified":"2026-03-01T20:41:08","modified_gmt":"2026-03-01T20:41:08","slug":"colocynth-massage","status":"publish","type":"product","link":"https:\/\/bazaar.express\/ro\/produs\/colocynth-massage\/","title":{"rendered":"Crem\u0103 de masaj cu colocint"},"content":{"rendered":"<h2 data-start=\"161\" data-end=\"258\"><strong data-start=\"164\" data-end=\"258\">Crem\u0103 Lotus de masaj cu colocint \u2013 Masaj natural cu colocint pentru dureri articulare \u0219i ameliorarea muscular\u0103<\/strong><\/h2>\n<h3 data-start=\"260\" data-end=\"331\"><strong data-start=\"264\" data-end=\"331\">Descoperi\u021bi al\u00edvie natural\u0103 calmant\u0103 cu Crem\u0103 de masaj cu colocint<\/strong><\/h3>\n<p data-start=\"333\" data-end=\"805\">Dac\u0103 suferi\u021bi de dureri articulare, tensiune muscular\u0103 sau inflama\u021bii cronice, <strong data-start=\"412\" data-end=\"445\">Crem\u0103 Lotus de masaj cu colocint<\/strong> este solu\u021bia ideal\u0103. Conceput\u0103 special pentru al\u00edvie natural\u0103 a durerii, aceast\u0103 crem\u0103 combin\u0103 beneficiile puternice ale terapiei de <strong data-start=\"559\" data-end=\"580\">masaj cu colocint<\/strong> cu un amestec de uleiuri herbale terapeutice pentru a calma, lini\u0219ti \u0219i restabili mu\u0219chii \u0219i articula\u021biile dureroase. Fie c\u0103 sunte\u021bi sportiv sau suferi\u021bi de artrit\u0103 sau sciatic\u0103, aceast\u0103 crem\u0103 ofer\u0103 confort rapid \u0219i de lung\u0103 durat\u0103.<\/p>\n<h3 data-start=\"812\" data-end=\"868\"><strong data-start=\"816\" data-end=\"868\">Ce face Crem\u0103 de masaj cu colocint at\u00e2t de eficient\u0103?<\/strong><\/h3>\n<h4 data-start=\"870\" data-end=\"910\"><strong data-start=\"875\" data-end=\"910\">Putere natural\u0103 antiinflamatoare<\/strong><\/h4>\n<p data-start=\"912\" data-end=\"1079\">Colocintul, cunoscut \u0219i ca pepene amar, este bogat \u00een compu\u0219i antiinflamatori. Reduce umfl\u0103turile \u00een articula\u021bii \u0219i mu\u0219chi \u0219i ajut\u0103 la artrita acut\u0103 \u0219i reumatism.<\/p>\n<h4 data-start=\"1081\" data-end=\"1131\"><strong data-start=\"1086\" data-end=\"1131\">Al\u00edvie \u021bintit\u0103 a durerii pentru articula\u021bii \u0219i mu\u0219chi<\/strong><\/h4>\n<p data-start=\"1133\" data-end=\"1334\">Datorit\u0103 formulei sale potente, aceast\u0103 crem\u0103 ofer\u0103 confort instantaneu prin penetrarea profund\u0103 \u00een piele \u0219i \u021bintirea durerii la surs\u0103. Este ideal\u0103 pentru dureri de spate, rigiditate la genunchi, dureri de g\u00e2t \u0219i altele.<\/p>\n<h4 data-start=\"1336\" data-end=\"1384\"><strong data-start=\"1341\" data-end=\"1384\">Circula\u021bie \u00eembun\u0103t\u0103\u021bit\u0103 pentru vindecare mai rapid\u0103<\/strong><\/h4>\n<p data-start=\"1386\" data-end=\"1532\">Infuzat\u0103 cu uleiuri de eucalipt \u0219i scor\u021bi\u0219oar\u0103, crema stimuleaz\u0103 circula\u021bia s\u00e2ngelui, ajut\u00e2nd corpul s\u0103 se recupereze mai rapid \u0219i reduc\u00e2nd oboseala muscular\u0103.<\/p>\n<h4 data-start=\"1534\" data-end=\"1577\"><strong data-start=\"1539\" data-end=\"1577\">Calmeaz\u0103 crampele musculare \u0219i sciatica<\/strong><\/h4>\n<p data-start=\"1579\" data-end=\"1746\">Sim\u021bi\u021bi al\u00edvia r\u0103coritoare a extractului de ment\u0103 \u0219i efectele calmante ale uleiului de s\u00e2mburi de struguri. Aceste ingrediente reduc tensiunea \u0219i sus\u021bin relaxarea nervilor pentru durerea de sciatic\u0103.<\/p>\n<h3 data-start=\"1753\" data-end=\"1809\"><strong data-start=\"1757\" data-end=\"1809\">Ingrediente cheie \u00een Crem\u0103 Lotus de masaj cu colocint<\/strong><\/h3>\n<ul data-start=\"1811\" data-end=\"2360\">\n<li data-start=\"1811\" data-end=\"1898\">\n<p data-start=\"1813\" data-end=\"1898\"><strong data-start=\"1813\" data-end=\"1834\">Extract de colocint<\/strong> \u2013 Lupt\u0103tor natural \u00eempotriva inflama\u021biei pentru artrit\u0103 \u0219i probleme articulare<\/p>\n<\/li>\n<li data-start=\"1899\" data-end=\"1970\">\n<p data-start=\"1901\" data-end=\"1970\"><strong data-start=\"1901\" data-end=\"1915\">Ulei de nuc\u0219oar\u0103<\/strong> \u2013 Ameliorarea str\u00e2nse\u021bii musculare \u0219i promoveaz\u0103 al\u00edvia durerii<\/p>\n<\/li>\n<li data-start=\"1971\" data-end=\"2062\">\n<p data-start=\"1973\" data-end=\"2062\"><strong data-start=\"1973\" data-end=\"2000\">Extracte de fenicul \u0219i chimen<\/strong> \u2013 Calmeaz\u0103 spasmele musculare \u0219i ajut\u0103 la recuperarea post-exerci\u021biu<\/p>\n<\/li>\n<li data-start=\"2063\" data-end=\"2128\">\n<p data-start=\"2065\" data-end=\"2128\"><strong data-start=\"2065\" data-end=\"2083\">Ulei de eucalipt<\/strong> \u2013 Calmeaz\u0103 durerea articular\u0103 \u0219i reduce rigiditatea<\/p>\n<\/li>\n<li data-start=\"2129\" data-end=\"2212\">\n<p data-start=\"2131\" data-end=\"2212\"><strong data-start=\"2131\" data-end=\"2160\">Uleiuri de garoaf\u0103 \u0219i scor\u021bi\u0219oar\u0103<\/strong> \u2013 \u00cembun\u0103t\u0103\u021besc circula\u021bia \u0219i ofer\u0103 confort c\u0103lduros<\/p>\n<\/li>\n<li data-start=\"2213\" data-end=\"2273\">\n<p data-start=\"2215\" data-end=\"2273\"><strong data-start=\"2215\" data-end=\"2233\">Ulei de s\u00e2mburi de struguri<\/strong> \u2013 Hr\u0103ne\u0219te pielea \u0219i reduce umfl\u0103turile<\/p>\n<\/li>\n<li data-start=\"2274\" data-end=\"2360\">\n<p data-start=\"2276\" data-end=\"2360\"><strong data-start=\"2276\" data-end=\"2298\">Extract de ment\u0103<\/strong> \u2013 Ofer\u0103 o senza\u021bie r\u0103coritoare, calmant\u0103 \u0219i lini\u0219te\u0219te nervii<\/p>\n<\/li>\n<\/ul>\n<h3 data-start=\"2367\" data-end=\"2409\"><strong data-start=\"2371\" data-end=\"2409\">Cum se utilizeaz\u0103 Crem\u0103 de masaj cu colocint<\/strong><\/h3>\n<ol data-start=\"2411\" data-end=\"2734\">\n<li data-start=\"2411\" data-end=\"2486\">\n<p data-start=\"2414\" data-end=\"2486\">Aplica\u021bi o cantitate generoas\u0103 pe zona afectat\u0103 (articula\u021bii, mu\u0219chi sau spate).<\/p>\n<\/li>\n<li data-start=\"2487\" data-end=\"2554\">\n<p data-start=\"2490\" data-end=\"2554\">Masa\u021bi cu mi\u0219c\u0103ri circulare timp de 10 minute p\u00e2n\u0103 la absorb\u021bie complet\u0103.<\/p>\n<\/li>\n<li data-start=\"2555\" data-end=\"2622\">\n<p data-start=\"2558\" data-end=\"2622\">Utiliza\u021bi <strong data-start=\"2562\" data-end=\"2577\">de dou\u0103 ori pe zi<\/strong> \u2013 diminea\u021ba \u0219i seara \u2013 pentru rezultate optime.<\/p>\n<\/li>\n<li data-start=\"2623\" data-end=\"2734\">\n<p data-start=\"2626\" data-end=\"2734\">Pentru a trata <strong data-start=\"2635\" data-end=\"2648\">durerile de cap<\/strong>, aplica\u021bi o cantitate mic\u0103 pe frunte \u0219i masa\u021bi u\u0219or timp de 5 minute (evita\u021bi ochii).<\/p>\n<\/li>\n<\/ol>\n<h3 data-start=\"2741\" data-end=\"2771\"><strong data-start=\"2745\" data-end=\"2771\">Precau\u021bii \u00eenainte de utilizare<\/strong><\/h3>\n<ul data-start=\"2773\" data-end=\"3065\">\n<li data-start=\"2773\" data-end=\"2799\">\n<p data-start=\"2775\" data-end=\"2799\">Doar pentru uz extern.<\/p>\n<\/li>\n<li data-start=\"2800\" data-end=\"2849\">\n<p data-start=\"2802\" data-end=\"2849\">Evita\u021bi contactul cu ochii \u0219i mucoasele.<\/p>\n<\/li>\n<li data-start=\"2850\" data-end=\"2894\">\n<p data-start=\"2852\" data-end=\"2894\">Nu aplica\u021bi pe piele rupt\u0103 sau inflamat\u0103.<\/p>\n<\/li>\n<li data-start=\"2895\" data-end=\"2929\">\n<p data-start=\"2897\" data-end=\"2929\">\u021aine\u021bi departe de copii.<\/p>\n<\/li>\n<li data-start=\"2930\" data-end=\"3006\">\n<p data-start=\"2932\" data-end=\"3006\">Dac\u0103 apar irita\u021bii, \u00eentrerupe\u021bi utilizarea \u0219i consulta\u021bi un medic.<\/p>\n<\/li>\n<li data-start=\"3007\" data-end=\"3065\">\n<p data-start=\"3009\" data-end=\"3065\">Sarcin\u0103 sau al\u0103ptare? Consulta\u021bi medicul mai \u00eent\u00e2i.<\/p>\n<\/li>\n<\/ul>\n<h3 data-start=\"3464\" data-end=\"3531\"><strong data-start=\"3468\" data-end=\"3531\">Concluzie: Sim\u021bi\u021bi puterea naturii cu masajul cu colocint<\/strong><\/h3>\n<p data-start=\"3533\" data-end=\"3908\">Crem\u0103 Lotus de masaj cu colocint v\u0103 ofer\u0103 o modalitate natural\u0103 \u0219i eficient\u0103 de a gestiona durerile \u0219i disconforturile zilnice. Fie c\u0103 gestiona\u021bi afec\u021biuni cronice precum artrita sau ave\u021bi nevoie de al\u00edvie post-antrenament, terapia de <strong data-start=\"3722\" data-end=\"3743\">masaj cu colocint<\/strong> sub form\u0103 de crem\u0103 ajut\u0103 la restabilirea echilibrului \u0219i confortului \u00een mod natural. Nu l\u0103sa\u021bi durerea s\u0103 v\u0103 \u00eencetineasc\u0103 \u2013 trata\u021bi-v\u0103 corpul cu atingerea naturii \u0219i sim\u021bi\u021bi diferen\u021ba ast\u0103zi.<\/p>\n<p data-start=\"3910\" data-end=\"3997\"><strong data-start=\"3910\" data-end=\"3997\">\u00cencerca\u021bi acum Crem\u0103 Lotus de masaj cu colocint \u0219i bucura\u021bi-v\u0103 de o via\u021b\u0103 f\u0103r\u0103 dureri \u2013 \u00een mod natural!<\/strong><\/p>\n<p style=\"text-align: center;\">Mul\u021bumim c\u0103 a\u021bi cump\u0103rat de la <em data-start=\"415\" data-end=\"431\"><a href=\"https:\/\/bazaar.express\/ro\/\">Bazaar Express<\/a><\/em> \u2013 suntem \u00eenc\u00e2nta\u021bi s\u0103 v\u0103 avem!<\/p>\n<p style=\"text-align: center;\">C\u0103l\u0103toria dvs. c\u0103tre \u00eengrijire de sine mai bun\u0103 \u00eencepe aici \u2013 cu <a href=\"https:\/\/bazaar.express\/product-category\/beauty-care\/\">Frumuse\u021be &#038; \u00cengrijire<\/a> de \u00eencredere.<\/p>\n","protected":false},"excerpt":{"rendered":"<h3 data-start=\"398\" data-end=\"691\">Crem\u0103 Lotus de masaj cu colocint ofer\u0103 al\u00edvie puternic\u0103, natural\u0103 pentru inflama\u021bii articulare, artrit\u0103 \u0219i dureri musculare. \u00cembog\u0103\u021bit\u0103 cu colocint, ulei de eucalipt \u0219i ment\u0103, calmeaz\u0103 rigiditatea, stimuleaz\u0103 circula\u021bia \u0219i reduce crampele. Ideal\u0103 pentru sportivi \u0219i oricine are nevoie de recuperare rapid\u0103, natural\u0103.<\/h3>\n","protected":false},"featured_media":39985,"comment_status":"open","ping_status":"closed","template":"","meta":[],"product_brand":[],"product_cat":[1145],"product_tag":[1291,1308,1220],"class_list":{"0":"post-39983","1":"product","2":"type-product","3":"status-publish","4":"has-post-thumbnail","6":"product_cat-ingrijire-frumusete","7":"product_tag-crema","8":"product_tag-crema-articulara","9":"product_tag-masaj","10":"pa_l-xl-150gm","12":"first","13":"instock","14":"sale","15":"shipping-taxable","16":"purchasable","17":"product-type-simple"},"_links":{"self":[{"href":"https:\/\/bazaar.express\/ro\/wp-json\/wp\/v2\/product\/39983","targetHints":{"allow":["GET"]}}],"collection":[{"href":"https:\/\/bazaar.express\/ro\/wp-json\/wp\/v2\/product"}],"about":[{"href":"https:\/\/bazaar.express\/ro\/wp-json\/wp\/v2\/types\/product"}],"replies":[{"embeddable":true,"href":"https:\/\/bazaar.express\/ro\/wp-json\/wp\/v2\/comments?post=39983"}],"wp:featuredmedia":[{"embeddable":true,"href":"https:\/\/bazaar.express\/ro\/wp-json\/wp\/v2\/media\/39985"}],"wp:attachment":[{"href":"https:\/\/bazaar.express\/ro\/wp-json\/wp\/v2\/media?parent=39983"}],"wp:term":[{"taxonomy":"product_brand","embeddable":true,"href":"https:\/\/bazaar.express\/ro\/wp-json\/wp\/v2\/product_brand?post=39983"},{"taxonomy":"product_cat","embeddable":true,"href":"https:\/\/bazaar.express\/ro\/wp-json\/wp\/v2\/product_cat?post=39983"},{"taxonomy":"product_tag","embeddable":true,"href":"https:\/\/bazaar.express\/ro\/wp-json\/wp\/v2\/product_tag?post=39983"}],"curies":[{"name":"wp","href":"https:\/\/api.w.org\/{rel}","templated":true}]}}