{"id":39986,"date":"2024-12-18T15:02:34","date_gmt":"2024-12-18T15:02:34","guid":{"rendered":"https:\/\/bazaar.express\/product\/massage-gel\/"},"modified":"2024-12-18T15:02:34","modified_gmt":"2024-12-18T15:02:34","slug":"massage-gel","status":"publish","type":"product","link":"https:\/\/bazaar.express\/ro\/produs\/massage-gel\/","title":{"rendered":"Gel de masaj"},"content":{"rendered":"<h2 data-start=\"281\" data-end=\"349\">Gel de masaj Karismooth \u2013 Ameliorare natural\u0103 pentru durerile musculare \u0219i articulare<\/h2>\n<h3 data-start=\"351\" data-end=\"404\">Calmeaz\u0103 durerile natural cu gelul de masaj Karismooth<\/h3>\n<p data-start=\"406\" data-end=\"833\">C\u0103uta\u021bi o solu\u021bie natural\u0103 pentru a ameliora durerile articulare, crampele musculare sau rigiditatea cartilajului? <strong data-start=\"499\" data-end=\"525\">Gel de masaj Karismooth<\/strong> este formulat expert cu o combina\u021bie puternic\u0103 de extracte herbale precum colocint, eucalipt, ulei de cui\u0219oare \u0219i mentol pentru a oferi <strong data-start=\"661\" data-end=\"687\">ameliorare rapid\u0103 \u0219i eficient\u0103<\/strong>. Fie c\u0103 lupta\u021bi cu artrita cronic\u0103 sau oboseala muscular\u0103 dup\u0103 exerci\u021biu, acest <strong data-start=\"770\" data-end=\"785\">gel de masaj<\/strong> este companionul zilnic pentru mi\u0219c\u0103ri f\u0103r\u0103 durere.<\/p>\n<h3 data-start=\"835\" data-end=\"884\">Formul\u0103 herbal\u0103 puternic\u0103 pentru ameliorarea disconfortului<\/h3>\n<p data-start=\"886\" data-end=\"1271\">Acest gel de masaj avansat valorific\u0103 propriet\u0103\u021bile vindec\u0103toare ale extractului de colocint \u2013 o plant\u0103 antic\u0103 din de\u0219ert recunoscut\u0103 pentru puterile sale antiinflamatoare. Combinat cu ingrediente precum <strong data-start=\"1066\" data-end=\"1097\">ulei de cui\u0219oare, camfor, mentol<\/strong> \u0219i <strong data-start=\"1103\" data-end=\"1126\">extract de rodie<\/strong>, rezult\u0103 un gel cu absorb\u021bie rapid\u0103, non-gras, care p\u0103trunde profund \u00een piele pentru a reduce umfl\u0103turile, \u00eembun\u0103t\u0103\u021bi flexibilitatea \u0219i restabili confortul.<\/p>\n<p data-start=\"1273\" data-end=\"1451\">Fie c\u0103 v\u0103 confrunta\u021bi cu <strong data-start=\"1301\" data-end=\"1313\">sciatic\u0103<\/strong>, <strong data-start=\"1315\" data-end=\"1329\">reumatism<\/strong> sau <strong data-start=\"1334\" data-end=\"1351\">\u00eentinderi musculare<\/strong>, formula \u021bintit\u0103 Karismooth promoveaz\u0103 vindecarea mai rapid\u0103 \u0219i relaxarea zonelor rigide sau suprasolicitate.<\/p>\n<h3 data-start=\"1453\" data-end=\"1495\">Beneficii cheie ale gelului de masaj Karismooth<\/h3>\n<ul data-start=\"1497\" data-end=\"1836\">\n<li data-start=\"1497\" data-end=\"1562\">\n<p data-start=\"1499\" data-end=\"1562\"> Amelioreaz\u0103 rigiditatea articular\u0103, spasmele musculare \u0219i durerea de cartilaj<\/p>\n<\/li>\n<li data-start=\"1563\" data-end=\"1625\">\n<p data-start=\"1565\" data-end=\"1625\"> Calmeaz\u0103 artrita, durerile de spate \u0219i inflama\u021biile \u00een mod natural<\/p>\n<\/li>\n<li data-start=\"1626\" data-end=\"1674\">\n<p data-start=\"1628\" data-end=\"1674\"> Stimuleaz\u0103 circula\u021bia s\u00e2ngelui \u0219i reduce umfl\u0103turile<\/p>\n<\/li>\n<li data-start=\"1675\" data-end=\"1724\">\n<p data-start=\"1677\" data-end=\"1724\"> Gel cu absorb\u021bie rapid\u0103 \u0219i senza\u021bie de r\u0103corire<\/p>\n<\/li>\n<li data-start=\"1725\" data-end=\"1779\">\n<p data-start=\"1727\" data-end=\"1779\"> Ideal pentru dureri post-antrenament \u0219i dureri cronice<\/p>\n<\/li>\n<li data-start=\"1780\" data-end=\"1836\">\n<p data-start=\"1782\" data-end=\"1836\"> Sigur pentru utilizare zilnic\u0103 \u0219i potrivit pentru toate tipurile de piele<\/p>\n<\/li>\n<\/ul>\n<h3 data-start=\"1838\" data-end=\"1871\">Ingrediente naturale care func\u021bioneaz\u0103<\/h3>\n<ul data-start=\"1873\" data-end=\"2397\">\n<li data-start=\"1873\" data-end=\"1939\">\n<p data-start=\"1875\" data-end=\"1939\"><strong data-start=\"1875\" data-end=\"1896\">Extract de Colocint<\/strong> \u2013 Reduce inflama\u021bia \u0219i amelioreaz\u0103 durerea<\/p>\n<\/li>\n<li data-start=\"1940\" data-end=\"2013\">\n<p data-start=\"1942\" data-end=\"2013\"><strong data-start=\"1942\" data-end=\"1965\">Extract de Rodie<\/strong> \u2013 \u021ainte\u0219te spasmele musculare \u0219i sus\u021bine recuperarea<\/p>\n<\/li>\n<li data-start=\"2014\" data-end=\"2079\">\n<p data-start=\"2016\" data-end=\"2079\"><strong data-start=\"2016\" data-end=\"2029\">Ulei de Cui\u0219oare<\/strong> \u2013 \u00cembun\u0103t\u0103\u021be\u0219te circula\u021bia \u0219i \u00eenc\u0103lze\u0219te mu\u0219chii durero\u0219i<\/p>\n<\/li>\n<li data-start=\"2080\" data-end=\"2131\">\n<p data-start=\"2082\" data-end=\"2131\"><strong data-start=\"2082\" data-end=\"2099\">Gel de Aloe Vera<\/strong> \u2013 Calmeaz\u0103 \u0219i hidrateaz\u0103 pielea<\/p>\n<\/li>\n<li data-start=\"2132\" data-end=\"2197\">\n<p data-start=\"2134\" data-end=\"2197\"><strong data-start=\"2134\" data-end=\"2149\">Ulei de Camfor<\/strong> \u2013 Stimuleaz\u0103 circula\u021bia s\u00e2ngelui \u0219i reduce rigiditatea<\/p>\n<\/li>\n<li data-start=\"2198\" data-end=\"2252\">\n<p data-start=\"2200\" data-end=\"2252\"><strong data-start=\"2200\" data-end=\"2211\">Mentol<\/strong> \u2013 Ofer\u0103 un efect r\u0103coritor revigorant<\/p>\n<\/li>\n<li data-start=\"2253\" data-end=\"2326\">\n<p data-start=\"2255\" data-end=\"2326\"><strong data-start=\"2255\" data-end=\"2268\">Vitamina C<\/strong> \u2013 Ajut\u0103 la regenerarea \u021besuturilor \u0219i reduce stresul oxidativ<\/p>\n<\/li>\n<li data-start=\"2327\" data-end=\"2397\">\n<p data-start=\"2329\" data-end=\"2397\"><strong data-start=\"2329\" data-end=\"2347\">Ulei de Eucalipt<\/strong> \u2013 Ac\u021biune analgezic\u0103 pentru articula\u021bii \u0219i ameliorarea muscular\u0103<\/p>\n<\/li>\n<\/ul>\n<h3 data-start=\"2399\" data-end=\"2413\">Mod de utilizare<\/h3>\n<ol data-start=\"2415\" data-end=\"2749\">\n<li data-start=\"2415\" data-end=\"2465\">\n<p data-start=\"2418\" data-end=\"2465\">Aplica\u021bi o cantitate generoas\u0103 pe zona afectat\u0103.<\/p>\n<\/li>\n<li data-start=\"2466\" data-end=\"2517\">\n<p data-start=\"2469\" data-end=\"2517\">Masa\u021bi prin mi\u0219c\u0103ri circulare timp de 10\u201315 minute.<\/p>\n<\/li>\n<li data-start=\"2518\" data-end=\"2578\">\n<p data-start=\"2521\" data-end=\"2578\">Utiliza\u021bi de dou\u0103 ori zilnic (diminea\u021ba \u0219i seara) pentru cele mai bune rezultate.<\/p>\n<\/li>\n<li data-start=\"2579\" data-end=\"2641\">\n<p data-start=\"2582\" data-end=\"2641\">Dup\u0103 aplicare, men\u021bine\u021bi zona cald\u0103 pentru a spori absorb\u021bia.<\/p>\n<\/li>\n<li data-start=\"2642\" data-end=\"2749\">\n<p data-start=\"2645\" data-end=\"2749\">Pentru dureri de cap, aplica\u021bi o cantitate mic\u0103 pe frunte \u0219i masa\u021bi u\u0219or timp de 5 minute. Evita\u021bi contactul cu ochii.<\/p>\n<\/li>\n<\/ol>\n<h3 data-start=\"2751\" data-end=\"2775\">Siguran\u021b\u0103 &#038; Precau\u021bii<\/h3>\n<ul data-start=\"2777\" data-end=\"3030\">\n<li data-start=\"2777\" data-end=\"2802\">\n<p data-start=\"2779\" data-end=\"2802\">Doar pentru uz extern<\/p>\n<\/li>\n<li data-start=\"2803\" data-end=\"2863\">\n<p data-start=\"2805\" data-end=\"2863\">Consulta\u021bi medicul \u00eenainte de utilizare dac\u0103 sunte\u021bi gravid\u0103 sau al\u0103pta\u021bi<\/p>\n<\/li>\n<li data-start=\"2864\" data-end=\"2906\">\n<p data-start=\"2866\" data-end=\"2906\">Nu utiliza\u021bi pe piele rupt\u0103 sau iritat\u0103<\/p>\n<\/li>\n<li data-start=\"2907\" data-end=\"2955\">\n<p data-start=\"2909\" data-end=\"2955\">Evita\u021bi contactul cu ochii \u0219i mucoasele<\/p>\n<\/li>\n<li data-start=\"2956\" data-end=\"2996\">\n<p data-start=\"2958\" data-end=\"2996\">\u00centrerupe\u021bi utilizarea dac\u0103 apar irita\u021bii<\/p>\n<\/li>\n<li data-start=\"2997\" data-end=\"3030\">\n<p data-start=\"2999\" data-end=\"3030\">\u021aine\u021bi departe de copiii mici<\/p>\n<\/li>\n<\/ul>\n<p data-start=\"3346\" data-end=\"3567\"><strong data-start=\"3346\" data-end=\"3382\">\u00cencerca\u021bi ast\u0103zi gelul de masaj Karismooth<\/strong> \u0219i experimenta\u021bi ameliorarea calmant\u0103 oferit\u0103 de cele mai fine ierburi naturale combatante ale durerii. Fie c\u0103 ave\u021bi nevoie de sprijin pentru recuperare sau ameliorare zilnic\u0103 a durerii, acesta este gelul de masaj pentru care corpul v\u0103 va mul\u021bumi.<\/p>\n<p style=\"text-align: center;\">Mul\u021bumim c\u0103 a\u021bi f\u0103cut cump\u0103r\u0103turi la <em data-start=\"415\" data-end=\"431\"><a href=\"https:\/\/bazaar.express\/ro\/\">Bazaar Express<\/a><\/em> \u2013 suntem \u00eenc\u00e2nta\u021bi s\u0103 v\u0103 avem!<\/p>\n<p style=\"text-align: center;\">C\u0103l\u0103toria dvs. spre o \u00eengrijire de sine mai bun\u0103 \u00eencepe aici \u2013 cu <a href=\"https:\/\/bazaar.express\/product-category\/beauty-care\/\">Beauty &#038; Care<\/a> de \u00eencredere.<\/p>\n","protected":false},"excerpt":{"rendered":"<h3 data-start=\"403\" data-end=\"723\">Gelul de masaj Karismooth este o formul\u0103 cu absorb\u021bie rapid\u0103, non-gras\u0103, conceput\u0103 s\u0103 amelioreze durerile articulare, crampele musculare \u0219i inflama\u021biile. \u00cembog\u0103\u021bit cu colocint, ulei de cui\u0219oare \u0219i mentol, ofer\u0103 ameliorare natural\u0103 \u0219i eficient\u0103 a durerii \u0219i sus\u021bine o recuperare accelerat\u0103 \u2013 ideal pentru sportivi \u0219i pentru oricine cu disconfort muscular sau articular cronic.<\/h3>\n","protected":false},"featured_media":39988,"comment_status":"open","ping_status":"closed","template":"","meta":[],"product_brand":[],"product_cat":[1145],"product_tag":[1291,1220],"class_list":{"0":"post-39986","1":"product","2":"type-product","3":"status-publish","4":"has-post-thumbnail","6":"product_cat-ingrijire-frumusete","7":"product_tag-crema","8":"product_tag-masaj","9":"pa_l-xl-150gm","11":"first","12":"instock","13":"shipping-taxable","14":"purchasable","15":"product-type-simple"},"_links":{"self":[{"href":"https:\/\/bazaar.express\/ro\/wp-json\/wp\/v2\/product\/39986","targetHints":{"allow":["GET"]}}],"collection":[{"href":"https:\/\/bazaar.express\/ro\/wp-json\/wp\/v2\/product"}],"about":[{"href":"https:\/\/bazaar.express\/ro\/wp-json\/wp\/v2\/types\/product"}],"replies":[{"embeddable":true,"href":"https:\/\/bazaar.express\/ro\/wp-json\/wp\/v2\/comments?post=39986"}],"wp:featuredmedia":[{"embeddable":true,"href":"https:\/\/bazaar.express\/ro\/wp-json\/wp\/v2\/media\/39988"}],"wp:attachment":[{"href":"https:\/\/bazaar.express\/ro\/wp-json\/wp\/v2\/media?parent=39986"}],"wp:term":[{"taxonomy":"product_brand","embeddable":true,"href":"https:\/\/bazaar.express\/ro\/wp-json\/wp\/v2\/product_brand?post=39986"},{"taxonomy":"product_cat","embeddable":true,"href":"https:\/\/bazaar.express\/ro\/wp-json\/wp\/v2\/product_cat?post=39986"},{"taxonomy":"product_tag","embeddable":true,"href":"https:\/\/bazaar.express\/ro\/wp-json\/wp\/v2\/product_tag?post=39986"}],"curies":[{"name":"wp","href":"https:\/\/api.w.org\/{rel}","templated":true}]}}