{"id":40016,"date":"2024-12-17T11:43:02","date_gmt":"2024-12-17T11:43:02","guid":{"rendered":"https:\/\/bazaar.express\/product\/almond-oil-3\/"},"modified":"2024-12-17T11:43:02","modified_gmt":"2024-12-17T11:43:02","slug":"almond-oil-3","status":"publish","type":"product","link":"https:\/\/bazaar.express\/ro\/produs\/almond-oil-3\/","title":{"rendered":"Ulei de migdale"},"content":{"rendered":"<h2 data-start=\"204\" data-end=\"280\"><strong data-start=\"207\" data-end=\"280\">Ulei de Migdale Lotus: Hr\u0103ne\u0219te \u0219i revitalizeaz\u0103 natural pielea \u0219i p\u0103rul t\u0103u<\/strong><\/h2>\n<p data-start=\"282\" data-end=\"622\">Descoper\u0103 puterea vindec\u0103toare a naturii cu <strong data-start=\"326\" data-end=\"346\">Ulei de Migdale Lotus<\/strong>\u2014un ulei bogat, multifunc\u021bional care hidrateaz\u0103 profund, calmeaz\u0103 irita\u021biile, uniformizeaz\u0103 tonul pielii \u0219i promoveaz\u0103 un p\u0103r s\u0103n\u0103tos. Perfect pentru pielea uscat\u0103, sensibil\u0103 \u0219i p\u0103rul casant, acest ulei ofer\u0103 hidratare de lung\u0103 durat\u0103 \u0219i nutrien\u021bi esen\u021biali pentru a-\u021bi revitaliza pielea \u0219i p\u0103rul de la r\u0103d\u0103cin\u0103 p\u00e2n\u0103 la v\u00e2rf.<\/p>\n<h3 data-start=\"629\" data-end=\"679\"><strong data-start=\"633\" data-end=\"679\">\u00a0Hidratare profund\u0103 pentru pielea uscat\u0103 &#038; sensibil\u0103<\/strong><\/h3>\n<p data-start=\"680\" data-end=\"958\">Uleiul de Migdale Lotus ofer\u0103 hidratare intens\u0103, fiind solu\u021bia ideal\u0103 pentru usc\u0103ciune, fulgi sau irita\u021bii cauzate de eczem\u0103, psoriazis sau factori de mediu. Formula u\u0219oar\u0103, non-gras\u0103 p\u0103trunde profund pentru a \u00eenmuia \u0219i hr\u0103ni pielea, bloc\u00e2nd umiditatea.<\/p>\n<h3 data-start=\"965\" data-end=\"1013\"><strong data-start=\"969\" data-end=\"1013\">\u00a0Uniformizeaz\u0103 tonul pielii &#038; estompeaz\u0103 zonele \u00eentunecate<\/strong><\/h3>\n<p data-start=\"1014\" data-end=\"1226\">Aplicarea regulat\u0103 ajut\u0103 la reducerea aspectului petelor pigmentare \u0219i a zonelor \u00eentunecate. Fie c\u0103 vizezi axilele, genunchii, coatele sau cicatricile, uleiul de migdale promoveaz\u0103 un ton al pielii mai uniform \u0219i radiant cu utilizare constant\u0103.<\/p>\n<h3 data-start=\"1233\" data-end=\"1281\"><strong data-start=\"1237\" data-end=\"1281\">\u00a0Calmeaz\u0103 inflama\u021bia &#038; pielea iritat\u0103<\/strong><\/h3>\n<p data-start=\"1282\" data-end=\"1431\">Datorit\u0103 propriet\u0103\u021bilor sale calmante, acest ulei calmeaz\u0103 instantaneu zonele ro\u0219ii, m\u00e2nc\u0103rime sau sensibile, fiind o alternativ\u0103 natural\u0103 excelent\u0103 pentru pielea delicat\u0103.<\/p>\n<h3 data-start=\"1438\" data-end=\"1489\"><strong data-start=\"1442\" data-end=\"1489\">\u00a0Terapie pentru p\u0103r mai puternic \u0219i mai str\u0103lucitor<\/strong><\/h3>\n<p data-start=\"1490\" data-end=\"1711\">Uleiul de Migdale Lotus hr\u0103ne\u0219te scalpul \u0219i \u00eent\u0103re\u0219te firul de p\u0103r. Combin\u0103-l cu ulei de cactus pentru o masc\u0103 de p\u0103r puternic\u0103, 100% natural\u0103 care stimuleaz\u0103 cre\u0219terea, previne v\u00e2rfurile despicate \u0219i red\u0103 str\u0103lucirea p\u0103rului tern, lipsit de vitalitate.<\/p>\n<h3 data-start=\"1718\" data-end=\"1761\"><strong data-start=\"1722\" data-end=\"1761\">\u00a0Ingrediente \u0219i putere nutri\u021bional\u0103<\/strong><\/h3>\n<ul data-start=\"1762\" data-end=\"2020\">\n<li data-start=\"1762\" data-end=\"1838\">\n<p data-start=\"1764\" data-end=\"1838\"><strong data-start=\"1764\" data-end=\"1785\">Bogat\u0103 \u00een Vitamina E<\/strong>: Sus\u021bine repararea pielii \u0219i previne stresul oxidativ.<\/p>\n<\/li>\n<li data-start=\"1839\" data-end=\"1933\">\n<p data-start=\"1841\" data-end=\"1933\"><strong data-start=\"1841\" data-end=\"1881\">Acid oleic + Omega 6 &#038; 9 Acizi gra\u0219i<\/strong>: \u00cent\u0103re\u0219te bariera pielii \u0219i \u00eembun\u0103t\u0103\u021be\u0219te textura.<\/p>\n<\/li>\n<li data-start=\"1934\" data-end=\"2020\">\n<p data-start=\"1936\" data-end=\"2020\"><strong data-start=\"1936\" data-end=\"1961\">Glicozide &#038; Minerale<\/strong>: \u00cembun\u0103t\u0103\u021besc s\u0103n\u0103tatea general\u0103 a pielii \u0219i reduc semnele \u00eemb\u0103tr\u00e2nirii.<\/p>\n<\/li>\n<\/ul>\n<h3 data-start=\"2027\" data-end=\"2048\"><strong data-start=\"2031\" data-end=\"2048\">\u00a0Mod de utilizare<\/strong><\/h3>\n<p data-start=\"2050\" data-end=\"2063\"><strong data-start=\"2050\" data-end=\"2063\">Pentru piele:<\/strong><\/p>\n<ul data-start=\"2064\" data-end=\"2180\">\n<li data-start=\"2064\" data-end=\"2098\">\n<p data-start=\"2066\" data-end=\"2098\">Aplic\u0103 c\u00e2teva pic\u0103turi pe pielea curat\u0103.<\/p>\n<\/li>\n<li data-start=\"2099\" data-end=\"2144\">\n<p data-start=\"2101\" data-end=\"2144\">Masaz\u0103 prin mi\u0219c\u0103ri circulare p\u00e2n\u0103 la absorb\u021bie.<\/p>\n<\/li>\n<li data-start=\"2145\" data-end=\"2180\">\n<p data-start=\"2147\" data-end=\"2180\">Folose\u0219te de dou\u0103 ori pe zi pentru rezultate optime.<\/p>\n<\/li>\n<\/ul>\n<p data-start=\"2182\" data-end=\"2195\"><strong data-start=\"2182\" data-end=\"2195\">Pentru p\u0103r:<\/strong><\/p>\n<ul data-start=\"2196\" data-end=\"2339\">\n<li data-start=\"2196\" data-end=\"2247\">\n<p data-start=\"2198\" data-end=\"2247\">Amestec\u0103 1 linguri\u021b\u0103 de ulei de migdale cu 1 linguri\u021b\u0103 de ulei de cactus.<\/p>\n<\/li>\n<li data-start=\"2248\" data-end=\"2287\">\n<p data-start=\"2250\" data-end=\"2287\">Masaz\u0103 \u00een scalp timp de 3 minute.<\/p>\n<\/li>\n<li data-start=\"2288\" data-end=\"2339\">\n<p data-start=\"2290\" data-end=\"2339\">Las\u0103 s\u0103 ac\u021bioneze 1 or\u0103, apoi cl\u0103te\u0219te cu ap\u0103 c\u0103ldu\u021b\u0103.<\/p>\n<\/li>\n<\/ul>\n<h3 data-start=\"2658\" data-end=\"2724\"><strong data-start=\"2662\" data-end=\"2724\">Concluzie: Descoper\u0103 puterea natural\u0103 a Uleiului de Migdale Lotus<\/strong><\/h3>\n<p data-start=\"2725\" data-end=\"2986\">Fie c\u0103 dore\u0219ti s\u0103 repari pielea uscat\u0103, s\u0103 uniformizezi tonul sau s\u0103 \u00eent\u0103re\u0219ti p\u0103rul \u00een mod natural, <strong data-start=\"2819\" data-end=\"2839\">Ulei de Migdale Lotus<\/strong> ofer\u0103 o solu\u021bie bl\u00e2nd\u0103, dar eficient\u0103. Integreaz\u0103-l \u00een ritualul zilnic de \u00eengrijire \u0219i bucur\u0103-te de o piele str\u0103lucitoare \u0219i p\u0103r s\u0103n\u0103tos, hr\u0103nit\u2014natural.<\/p>\n<p style=\"text-align: center;\">Mul\u021bumim c\u0103 ai ales s\u0103 faci cump\u0103r\u0103turi la <em data-start=\"415\" data-end=\"431\"><a href=\"https:\/\/bazaar.express\/ro\/\">Bazaar Express<\/a><\/em> \u2013 suntem \u00eenc\u00e2nta\u021bi s\u0103 te avem al\u0103turi!<\/p>\n<p style=\"text-align: center;\">Simte puterea naturii \u2014 uleiuri terapeutice pure <a href=\"https:\/\/bazaar.express\/ro\/therapeutic-oils\/\">Therapeutic Oils<\/a> pentru wellness zilnic.<\/p>\n","protected":false},"excerpt":{"rendered":"<h3>Uleiul de Migdale Lotus este un umectant natural \u00eembog\u0103\u021bit cu Vitamina E \u0219i acizi gra\u0219i esen\u021biali. Hidratare profund\u0103 a pielii uscate, uniformizeaz\u0103 tonul, calmeaz\u0103 irita\u021biile \u0219i promoveaz\u0103 rezisten\u021ba \u0219i str\u0103lucirea p\u0103rului.<\/h3>\n","protected":false},"featured_media":40018,"comment_status":"open","ping_status":"closed","template":"","meta":[],"product_brand":[],"product_cat":[1145],"product_tag":[1208,1209],"class_list":{"0":"post-40016","1":"product","2":"type-product","3":"status-publish","4":"has-post-thumbnail","6":"product_cat-ingrijire-frumusete","7":"product_tag-ulei","8":"product_tag-ulei-natural","9":"pa_l-xl-125ml","10":"pa_l-xl-250ml","11":"pa_l-xl-60ml","13":"first","14":"instock","15":"sale","16":"shipping-taxable","17":"purchasable","18":"product-type-variable"},"_links":{"self":[{"href":"https:\/\/bazaar.express\/ro\/wp-json\/wp\/v2\/product\/40016","targetHints":{"allow":["GET"]}}],"collection":[{"href":"https:\/\/bazaar.express\/ro\/wp-json\/wp\/v2\/product"}],"about":[{"href":"https:\/\/bazaar.express\/ro\/wp-json\/wp\/v2\/types\/product"}],"replies":[{"embeddable":true,"href":"https:\/\/bazaar.express\/ro\/wp-json\/wp\/v2\/comments?post=40016"}],"wp:featuredmedia":[{"embeddable":true,"href":"https:\/\/bazaar.express\/ro\/wp-json\/wp\/v2\/media\/40018"}],"wp:attachment":[{"href":"https:\/\/bazaar.express\/ro\/wp-json\/wp\/v2\/media?parent=40016"}],"wp:term":[{"taxonomy":"product_brand","embeddable":true,"href":"https:\/\/bazaar.express\/ro\/wp-json\/wp\/v2\/product_brand?post=40016"},{"taxonomy":"product_cat","embeddable":true,"href":"https:\/\/bazaar.express\/ro\/wp-json\/wp\/v2\/product_cat?post=40016"},{"taxonomy":"product_tag","embeddable":true,"href":"https:\/\/bazaar.express\/ro\/wp-json\/wp\/v2\/product_tag?post=40016"}],"curies":[{"name":"wp","href":"https:\/\/api.w.org\/{rel}","templated":true}]}}