{"id":40107,"date":"2025-01-15T03:11:25","date_gmt":"2025-01-15T03:11:25","guid":{"rendered":"https:\/\/bazaar.express\/product\/mango-cream\/"},"modified":"2026-02-27T14:28:28","modified_gmt":"2026-02-27T14:28:28","slug":"mango-cream","status":"publish","type":"product","link":"https:\/\/bazaar.express\/ro\/produs\/mango-cream\/","title":{"rendered":"Crem\u0103 Mango pentru Fa\u021b\u0103 \u0219i Corp"},"content":{"rendered":"<h2 data-start=\"177\" data-end=\"263\">Crem\u0103 Horus Mango pentru Fa\u021b\u0103 \u0219i Corp \u2013 Hidratare Profund\u0103 cu Mango, Unt de Shea &#038; Ulei de Cocos<\/h2>\n<p data-start=\"265\" data-end=\"742\">Hr\u0103ne\u0219te-\u021bi pielea zilnic cu hidratarea abundent\u0103 a <strong data-start=\"316\" data-end=\"349\">Cremei Horus Mango pentru Fa\u021b\u0103 \u0219i Corp<\/strong> \u2014 o formul\u0103 cremoas\u0103 bogat\u0103, plin\u0103 cu extract natural de mango, unt de shea, ulei de cocos \u0219i vitamina E. Conceput\u0103 s\u0103 asigure hidratare intens\u0103 \u0219i catifelare, aceast\u0103 crem\u0103 revitalizeaz\u0103 pielea obosit\u0103, uscat\u0103 \u0219i tern\u0103, red\u00e2nd str\u0103lucirea \u0219i elasticitatea. Indiferent dac\u0103 dore\u0219ti s\u0103 \u00eenmoaie zonele aspre, s\u0103 amplifice str\u0103lucirea sau s\u0103 r\u0103sfe\u021bi pielea cu un r\u0103sf\u0103\u021b tropical, aceast\u0103 crem\u0103 este solu\u021bia ideal\u0103 de auto\u00eengrijire pentru fa\u021b\u0103 \u0219i corp.<\/p>\n<h3 data-start=\"749\" data-end=\"791\"> Puterea Extractului de Mango pentru Piele<\/h3>\n<p data-start=\"793\" data-end=\"916\">Extractul de mango este un superaliment natural pentru piele. Bogat \u00een vitamine A, C \u0219i E, al\u0103turi de antioxidan\u021bi \u0219i acizi gra\u0219i, acesta ajut\u0103 la:<\/p>\n<ul data-start=\"918\" data-end=\"1114\">\n<li data-start=\"918\" data-end=\"971\">\n<p data-start=\"920\" data-end=\"971\"><strong data-start=\"920\" data-end=\"938\">Hidratare profund\u0103<\/strong> a pielii \u0219i re\u021binerea umidit\u0103\u021bii.<\/p>\n<\/li>\n<li data-start=\"972\" data-end=\"1045\">\n<p data-start=\"974\" data-end=\"1045\"><strong data-start=\"974\" data-end=\"1000\">Re\u00eemprosp\u0103tarea pielii terne, uscate<\/strong>, f\u0103c\u00e2nd-o s\u0103 par\u0103 mai luminoas\u0103 \u0219i mai vie.<\/p>\n<\/li>\n<li data-start=\"1046\" data-end=\"1114\">\n<p data-start=\"1048\" data-end=\"1114\"><strong data-start=\"1048\" data-end=\"1069\">Calmarea irita\u021biilor<\/strong> \u0219i aducerea unei str\u0103luciri delicate pe fa\u021b\u0103 \u0219i corp.<\/p>\n<\/li>\n<\/ul>\n<h3 data-start=\"1121\" data-end=\"1165\"> Unt de Shea: Hidratantul Suprem<\/h3>\n<p data-start=\"1167\" data-end=\"1207\">Untul de shea este cunoscut pentru capacitatea sa de a:<\/p>\n<ul data-start=\"1209\" data-end=\"1388\">\n<li data-start=\"1209\" data-end=\"1264\">\n<p data-start=\"1211\" data-end=\"1264\"><strong data-start=\"1211\" data-end=\"1233\">Repara \u0219i proteja<\/strong> pielea uscat\u0103, cr\u0103pat\u0103 sau solzoas\u0103.<\/p>\n<\/li>\n<li data-start=\"1265\" data-end=\"1318\">\n<p data-start=\"1267\" data-end=\"1318\"><strong data-start=\"1267\" data-end=\"1294\">Restabili elasticitatea pielii<\/strong> \u0219i reduce rugozitatea.<\/p>\n<\/li>\n<li data-start=\"1319\" data-end=\"1388\">\n<p data-start=\"1321\" data-end=\"1388\"><strong data-start=\"1321\" data-end=\"1350\">Crea o barier\u0103 de umiditate<\/strong> care men\u021bine pielea moale \u0219i catifelat\u0103 toat\u0103 ziua.<\/p>\n<\/li>\n<\/ul>\n<h3 data-start=\"1395\" data-end=\"1437\"> Vitamina E: Scutul Zilnic al Pielii Tale<\/h3>\n<p data-start=\"1439\" data-end=\"1474\">Vitamina E joac\u0103 un rol puternic \u00een:<\/p>\n<ul data-start=\"1476\" data-end=\"1696\">\n<li data-start=\"1476\" data-end=\"1549\">\n<p data-start=\"1478\" data-end=\"1549\"><strong data-start=\"1478\" data-end=\"1523\">Protejarea pielii \u00eempotriva daunelor de mediu<\/strong>, precum soarele \u0219i poluarea.<\/p>\n<\/li>\n<li data-start=\"1550\" data-end=\"1612\">\n<p data-start=\"1552\" data-end=\"1612\"><strong data-start=\"1552\" data-end=\"1586\">Estomparea cicatricilor \u0219i vergeturilor<\/strong>, uniformiz\u00e2nd tonul pielii.<\/p>\n<\/li>\n<li data-start=\"1613\" data-end=\"1696\">\n<p data-start=\"1615\" data-end=\"1696\"><strong data-start=\"1615\" data-end=\"1642\">Hr\u0103nirea \u0219i re\u00eennoirea<\/strong> barierei naturale a pielii pentru un aspect t\u00e2n\u0103r.<\/p>\n<\/li>\n<\/ul>\n<h3 data-start=\"1703\" data-end=\"1752\"> Ulei de Cocos: Piele M\u0103t\u0103soas\u0103, Neted\u0103 de Fiecare Dat\u0103<\/h3>\n<p data-start=\"1754\" data-end=\"1800\">Uleiul de cocos adaug\u0103 o atingere calmant\u0103, ajut\u00e2nd la:<\/p>\n<ul data-start=\"1802\" data-end=\"1990\">\n<li data-start=\"1802\" data-end=\"1838\">\n<p data-start=\"1804\" data-end=\"1838\"><strong data-start=\"1804\" data-end=\"1835\">\u00cenmuierea petelor tari sau uscate<\/strong>.<\/p>\n<\/li>\n<li data-start=\"1839\" data-end=\"1916\">\n<p data-start=\"1841\" data-end=\"1916\"><strong data-start=\"1841\" data-end=\"1864\">Calmarea pielii iritate<\/strong>, \u00een special dup\u0103 ras sau expunere la soare.<\/p>\n<\/li>\n<li data-start=\"1917\" data-end=\"1990\">\n<p data-start=\"1919\" data-end=\"1990\"><strong data-start=\"1919\" data-end=\"1960\">Las\u0103 \u00een urm\u0103 o senza\u021bie m\u0103t\u0103soas\u0103, non-gras\u0103<\/strong> cu un parfum natural dulce.<\/p>\n<\/li>\n<\/ul>\n<h3 data-start=\"1997\" data-end=\"2044\"> Cum s\u0103 folose\u0219ti Crema Horus Mango pentru Fa\u021b\u0103 \u0219i Corp<\/h3>\n<p data-start=\"2046\" data-end=\"2194\"><strong data-start=\"2046\" data-end=\"2059\">Pentru Fa\u021b\u0103:<\/strong><br data-start=\"2059\" data-end=\"2062\" \/>Aplic\u0103 o cantitate mic\u0103 pe pielea curat\u0103. Maseaz\u0103 u\u0219or \u00een mi\u0219c\u0103ri circulare p\u00e2n\u0103 la absorb\u021bie complet\u0103. Folose\u0219te diminea\u021ba \u0219i seara pentru cele mai bune rezultate.<\/p>\n<p data-start=\"2196\" data-end=\"2346\"><strong data-start=\"2196\" data-end=\"2209\">Pentru Corp:<\/strong><br data-start=\"2209\" data-end=\"2212\" \/>Maseaz\u0103 generos pe corp, \u00een special pe zone uscate precum coatele, genunchii \u0219i c\u0103lc\u00e2iele. Bucur\u0103-te de piele moale, str\u0103lucitoare pe tot parcursul zilei.<\/p>\n<h3 data-start=\"2353\" data-end=\"2389\"> De ce s\u0103 alegi Crema Horus Mango?<\/h3>\n<ul data-start=\"2391\" data-end=\"2688\">\n<li data-start=\"2391\" data-end=\"2487\">\n<p data-start=\"2393\" data-end=\"2487\">\u2705 <strong data-start=\"2395\" data-end=\"2418\">Ingrediente Naturale<\/strong> \u2013 Include extract de mango, unt de shea, vitamina E \u0219i ulei de cocos.<\/p>\n<\/li>\n<li data-start=\"2488\" data-end=\"2553\">\n<p data-start=\"2490\" data-end=\"2553\">\u2705 <strong data-start=\"2492\" data-end=\"2521\">Hidratant Multi-Purpose<\/strong> \u2013 Potrivit pentru fa\u021b\u0103 \u0219i corp.<\/p>\n<\/li>\n<li data-start=\"2554\" data-end=\"2615\">\n<p data-start=\"2556\" data-end=\"2615\">\u2705 <strong data-start=\"2558\" data-end=\"2578\">Absorb\u021bie Rapid\u0103<\/strong> \u2013 Textur\u0103 bogat\u0103, finisaj non-gras.<\/p>\n<\/li>\n<li data-start=\"2616\" data-end=\"2688\">\n<p data-start=\"2618\" data-end=\"2688\">\u2705 <strong data-start=\"2620\" data-end=\"2637\">Fabricat \u00een Egipt<\/strong> \u2013 Formul\u0103 egiptean\u0103 de \u00eenalt\u0103 calitate de \u00eencredere.<\/p>\n<\/li>\n<\/ul>\n<h3 data-start=\"3003\" data-end=\"3026\"> Detalii Produs:<\/h3>\n<ul data-start=\"3028\" data-end=\"3103\">\n<li data-start=\"3028\" data-end=\"3052\">\n<p data-start=\"3030\" data-end=\"3052\"><strong data-start=\"3030\" data-end=\"3043\">Capacitate:<\/strong> 330 ml<\/p>\n<\/li>\n<li data-start=\"3053\" data-end=\"3080\">\n<p data-start=\"3055\" data-end=\"3080\"><strong data-start=\"3055\" data-end=\"3072\">Produc\u0103tor:<\/strong> Horus<\/p>\n<\/li>\n<li data-start=\"3081\" data-end=\"3103\">\n<p data-start=\"3083\" data-end=\"3103\"><strong data-start=\"3083\" data-end=\"3095\">Fabricat \u00een:<\/strong> Egipt<\/p>\n<\/li>\n<\/ul>\n<h2 data-start=\"3110\" data-end=\"3137\">Str\u0103luce\u0219te Natural \u00een Fiecare Zi<\/h2>\n<p data-start=\"3139\" data-end=\"3459\">Las\u0103 bun\u0103tatea tropical\u0103 a mango-ului \u0219i bog\u0103\u021bia untului de shea s\u0103 lucreze \u00eempreun\u0103 \u00een perfecta armonie pentru a-i oferi pielii tot ce are nevoie pentru a str\u0103luci. <strong data-start=\"3287\" data-end=\"3320\">Crem\u0103 Horus Mango pentru Fa\u021b\u0103 \u0219i Corp<\/strong> este produsul t\u0103u preferat pentru piele hr\u0103nit\u0103, hidratat\u0103 \u0219i radiant\u0103. F\u0103-o parte din rutina ta zilnic\u0103 de \u00eengrijire a pielii \u2014 pielea ta \u00ee\u021bi va mul\u021bumi.<\/p>\n<p style=\"text-align: center;\">Mul\u021bumim c\u0103 ai cump\u0103rat la <em data-start=\"415\" data-end=\"431\"><a href=\"https:\/\/bazaar.express\/ro\/\">Bazaar Express<\/a><\/em> \u2013 suntem \u00eenc\u00e2nta\u021bi s\u0103 te avem!<\/p>\n<p style=\"text-align: center;\">C\u0103l\u0103toria ta spre o auto\u00eengrijire mai bun\u0103 \u00eencepe aici \u2014 cu <a href=\"https:\/\/bazaar.express\/product-category\/beauty-care\/\">Beauty &#038; Care<\/a> de \u00eencredere.<\/p>\n","protected":false},"excerpt":{"rendered":"<h3>Crem\u0103 Horus Mango pentru Fa\u021b\u0103 \u0219i Corp este un hidratant bogat, hr\u0103nitor, preparat cu extract de mango, unt de shea, ulei de cocos \u0219i vitamina E. Perfect\u0103 pentru utilizare zilnic\u0103, hidrateaz\u0103 pielea uscat\u0103, restabile\u0219te str\u0103lucirea \u0219i las\u0103 fa\u021ba \u0219i corpul netede \u0219i revigorat.<\/h3>\n","protected":false},"featured_media":40109,"comment_status":"open","ping_status":"closed","template":"","meta":[],"product_brand":[],"product_cat":[1145,1151],"product_tag":[1210,1211,1208],"class_list":{"0":"post-40107","1":"product","2":"type-product","3":"status-publish","4":"has-post-thumbnail","6":"product_cat-ingrijire-frumusete","7":"product_cat-cele-mai-bune-din-egipt","8":"product_tag-ingrijire-a-pielii","9":"product_tag-ingrijire-de-frumusete","10":"product_tag-ulei","11":"pa_l-xl-330ml","13":"first","14":"instock","15":"sale","16":"shipping-taxable","17":"purchasable","18":"product-type-simple"},"_links":{"self":[{"href":"https:\/\/bazaar.express\/ro\/wp-json\/wp\/v2\/product\/40107","targetHints":{"allow":["GET"]}}],"collection":[{"href":"https:\/\/bazaar.express\/ro\/wp-json\/wp\/v2\/product"}],"about":[{"href":"https:\/\/bazaar.express\/ro\/wp-json\/wp\/v2\/types\/product"}],"replies":[{"embeddable":true,"href":"https:\/\/bazaar.express\/ro\/wp-json\/wp\/v2\/comments?post=40107"}],"wp:featuredmedia":[{"embeddable":true,"href":"https:\/\/bazaar.express\/ro\/wp-json\/wp\/v2\/media\/40109"}],"wp:attachment":[{"href":"https:\/\/bazaar.express\/ro\/wp-json\/wp\/v2\/media?parent=40107"}],"wp:term":[{"taxonomy":"product_brand","embeddable":true,"href":"https:\/\/bazaar.express\/ro\/wp-json\/wp\/v2\/product_brand?post=40107"},{"taxonomy":"product_cat","embeddable":true,"href":"https:\/\/bazaar.express\/ro\/wp-json\/wp\/v2\/product_cat?post=40107"},{"taxonomy":"product_tag","embeddable":true,"href":"https:\/\/bazaar.express\/ro\/wp-json\/wp\/v2\/product_tag?post=40107"}],"curies":[{"name":"wp","href":"https:\/\/api.w.org\/{rel}","templated":true}]}}