{"id":40203,"date":"2024-12-14T00:50:47","date_gmt":"2024-12-14T00:50:47","guid":{"rendered":"https:\/\/bazaar.express\/product\/marjoram-oil\/"},"modified":"2024-12-14T00:50:47","modified_gmt":"2024-12-14T00:50:47","slug":"marjoram-oil","status":"publish","type":"product","link":"https:\/\/bazaar.express\/ro\/produs\/marjoram-oil\/","title":{"rendered":"Ulei de marjoran"},"content":{"rendered":"<h2 data-start=\"188\" data-end=\"277\">Uleiul de Marjoran Lotus: Elixirul natural pentru piele radiant\u0103, p\u0103r s\u0103n\u0103tos \u0219i calm interior<\/h2>\n<h3 data-start=\"279\" data-end=\"355\">\u00a0Dezleag\u0103 puterea marjoranului pentru piele, p\u0103r \u0219i bun\u0103stare general\u0103<\/h3>\n<p data-start=\"357\" data-end=\"676\">Uleiul de Marjoran Lotus este mai mult dec\u00e2t un ulei esen\u021bial \u2013 este un remediu herbal tradi\u021bional, \u00eenr\u0103d\u0103cinat \u00een vechile tradi\u021bii. Cunoscut pentru propriet\u0103\u021bile sale antioxidante puternice, antiinflamatoare \u0219i calmante, acest ulei versatil este ideal pentru cei care doresc s\u0103 \u00ee\u0219i hr\u0103neasc\u0103 pielea, s\u0103 \u00ee\u0219i refac\u0103 p\u0103rul deteriorat \u0219i s\u0103 reduc\u0103 stresul \u00een mod natural.<\/p>\n<p data-start=\"678\" data-end=\"934\">Folosit\u0103 \u00eenc\u0103 din antichitatea Egiptului \u0219i Greciei, uleiul de marjoran a fost apreciat pentru capacitatea sa de a calma corpul \u0219i de a \u00een\u0103l\u021ba sufletul. Ast\u0103zi, Uleiul de Marjoran Lotus continu\u0103 aceast\u0103 mo\u0219tenire cu o formul\u0103 pur\u0103 \u0219i potent\u0103, conceput\u0103 s\u0103 ofere rezultate vizibile.<\/p>\n<h3 data-start=\"941\" data-end=\"999\">\u00a0Beneficii pentru piele: Str\u0103lucire, netezime \u0219i vindecare<\/h3>\n<p data-start=\"1001\" data-end=\"1174\">Uleiul de Marjoran Lotus este bogat \u00een compu\u0219i regeneratori pentru piele, precum saphenin, acid rosmarinic, trigliceride \u0219i E-beta-cariofilen. Ace\u0219ti elementi bioactivi lucreaz\u0103 \u00eempreun\u0103 pentru a:<\/p>\n<ul data-start=\"1176\" data-end=\"1426\">\n<li data-start=\"1176\" data-end=\"1239\">\n<p data-start=\"1178\" data-end=\"1239\"><strong data-start=\"1178\" data-end=\"1205\">Combate inflama\u021bia pielii<\/strong> \u0219i reduce ro\u0219ea\u021ba sau irita\u021bia.<\/p>\n<\/li>\n<li data-start=\"1240\" data-end=\"1308\">\n<p data-start=\"1242\" data-end=\"1308\"><strong data-start=\"1242\" data-end=\"1273\">Stimuleaz\u0103 produc\u021bia de colagen<\/strong> pentru o piele mai ferm\u0103 \u0219i cu aspect t\u00e2n\u0103r.<\/p>\n<\/li>\n<li data-start=\"1309\" data-end=\"1362\">\n<p data-start=\"1311\" data-end=\"1362\"><strong data-start=\"1311\" data-end=\"1333\">Clarific\u0103 petele \u00eentunecate<\/strong> \u0219i neteze\u0219te tonul uneven al pielii.<\/p>\n<\/li>\n<li data-start=\"1363\" data-end=\"1426\">\n<p data-start=\"1365\" data-end=\"1426\"><strong data-start=\"1365\" data-end=\"1383\">Hidratare profund\u0103<\/strong>, l\u0103s\u00e2nd pielea supl\u0103, neted\u0103 \u0219i radiant\u0103.<\/p>\n<\/li>\n<\/ul>\n<p data-start=\"1428\" data-end=\"1563\">Fie c\u0103 te confrun\u021bi cu acnee, aspect tern sau zone uscate, acest ulei ajut\u0103 la reechilibrarea \u0219i restaurarea str\u0103lucirii naturale a pielii \u2013 \u00een mod natural.<\/p>\n<h3 data-start=\"1570\" data-end=\"1627\">\u00a0Eroul \u00eengrijirii p\u0103rului: \u00cent\u0103re\u0219te, str\u0103luce\u0219te \u0219i protejeaz\u0103<\/h3>\n<p data-start=\"1629\" data-end=\"1680\">Bure? Uscat? Deteriorat de coafare termic\u0103 sau vopsire?<\/p>\n<p data-start=\"1682\" data-end=\"1730\">Uleiul de Marjoran Lotus p\u0103trunde \u00een firul de p\u0103r pentru a:<\/p>\n<ul data-start=\"1732\" data-end=\"1998\">\n<li data-start=\"1732\" data-end=\"1778\">\n<p data-start=\"1734\" data-end=\"1778\"><strong data-start=\"1734\" data-end=\"1760\">Hidrata \u0219i hr\u0103ni<\/strong> de la r\u0103d\u0103cin\u0103 p\u00e2n\u0103 la v\u00e2rf.<\/p>\n<\/li>\n<li data-start=\"1779\" data-end=\"1848\">\n<p data-start=\"1781\" data-end=\"1848\"><strong data-start=\"1781\" data-end=\"1811\">\u00cent\u0103re\u0219te firele fragile<\/strong>, prevenind ruperea \u0219i v\u00e2rfurile despicate.<\/p>\n<\/li>\n<li data-start=\"1849\" data-end=\"1922\">\n<p data-start=\"1851\" data-end=\"1922\"><strong data-start=\"1851\" data-end=\"1877\">Adaug\u0103 str\u0103lucire \u0219i moliciune<\/strong>, oferind p\u0103rului o textur\u0103 m\u0103t\u0103soas\u0103 natural\u0103.<\/p>\n<\/li>\n<li data-start=\"1923\" data-end=\"1998\">\n<p data-start=\"1925\" data-end=\"1998\"><strong data-start=\"1925\" data-end=\"1965\">Protejeaz\u0103 de stresori ambientali<\/strong>, precum praful, c\u0103ldura \u0219i poluarea.<\/p>\n<\/li>\n<\/ul>\n<p data-start=\"2000\" data-end=\"2122\">Masaz\u0103 c\u00e2teva pic\u0103turi \u00een scalp sau amestec\u0103 cu balsamul t\u0103u pentru a \u00eembun\u0103t\u0103\u021bi s\u0103n\u0103tatea p\u0103rului \u0219i a ob\u021bine bucle str\u0103lucitoare \u0219i s\u0103n\u0103toase.<\/p>\n<h3 data-start=\"2129\" data-end=\"2203\">\u00a0Calm interior: Alinare natural\u0103 pentru stres, durere \u0219i tulbur\u0103ri de somn<\/h3>\n<p data-start=\"2205\" data-end=\"2263\">Marjoranul nu este doar pentru frumuse\u021be \u2013 este o putere a bun\u0103st\u0103rii.<\/p>\n<ul data-start=\"2265\" data-end=\"2580\">\n<li data-start=\"2265\" data-end=\"2356\">\n<p data-start=\"2267\" data-end=\"2356\"><strong data-start=\"2267\" data-end=\"2294\">Reductor natural al stresului<\/strong>: Aroma sa calmant\u0103 ajut\u0103 la reducerea anxiet\u0103\u021bii \u0219i tensiunii nervoase.<\/p>\n<\/li>\n<li data-start=\"2357\" data-end=\"2424\">\n<p data-start=\"2359\" data-end=\"2424\"><strong data-start=\"2359\" data-end=\"2377\">Ameliorator al somnului<\/strong>: O linguri\u021b\u0103 la culcare promoveaz\u0103 un somn odihnitor.<\/p>\n<\/li>\n<li data-start=\"2425\" data-end=\"2489\">\n<p data-start=\"2427\" data-end=\"2489\"><strong data-start=\"2427\" data-end=\"2449\">Alinare respiratorie<\/strong>: Ajut\u0103 la ameliorarea tusei \u0219i simptomelor astmatice.<\/p>\n<\/li>\n<li data-start=\"2490\" data-end=\"2580\">\n<p data-start=\"2492\" data-end=\"2580\"><strong data-start=\"2492\" data-end=\"2517\">Dureri musculare \u0219i nervoase<\/strong>: Amelioreaz\u0103 durerile, spasmele \u0219i rigiditatea articular\u0103 prin aplicare topic\u0103.<\/p>\n<\/li>\n<\/ul>\n<p data-start=\"2582\" data-end=\"2640\">Asta \u00eel face indispensabil \u00een rutina ta de auto\u00eengrijire acas\u0103.<\/p>\n<h3 data-start=\"2647\" data-end=\"2685\">\u00a0M\u0103suri de precau\u021bie de \u0219tiut<\/h3>\n<ul data-start=\"2687\" data-end=\"2927\">\n<li data-start=\"2687\" data-end=\"2763\">\n<p data-start=\"2689\" data-end=\"2763\">Nu este sigur \u00een <strong data-start=\"2705\" data-end=\"2735\">sarcin\u0103 sau al\u0103ptare<\/strong> \u2013 poate stimula menstrua\u021bia.<\/p>\n<\/li>\n<li data-start=\"2764\" data-end=\"2812\">\n<p data-start=\"2766\" data-end=\"2812\">\u021aine departe de <strong data-start=\"2787\" data-end=\"2811\">copii \u0219i bebelu\u0219i<\/strong>.<\/p>\n<\/li>\n<li data-start=\"2813\" data-end=\"2876\">\n<p data-start=\"2815\" data-end=\"2876\">\u00centotdeauna <strong data-start=\"2822\" data-end=\"2846\">efectueaz\u0103 un test de patch<\/strong> \u00eenainte de aplicare pe tot corpul.<\/p>\n<\/li>\n<li data-start=\"2877\" data-end=\"2927\">\n<p data-start=\"2879\" data-end=\"2927\">Nu consuma\u021bi mai mult dec\u00e2t cantitatea recomandat\u0103.<\/p>\n<\/li>\n<\/ul>\n<h3 data-start=\"2934\" data-end=\"2974\">\u00a0Cum s\u0103 folose\u0219ti Uleiul de Marjoran Lotus<\/h3>\n<p data-start=\"2976\" data-end=\"3068\"><strong data-start=\"2976\" data-end=\"2988\">Pentru piele<\/strong>:<br data-start=\"2989\" data-end=\"2992\" \/>Aplic\u0103 direct pe pielea curat\u0103 \u0219i maseaz\u0103 u\u0219or. Folose\u0219te zilnic pentru cele mai bune rezultate.<\/p>\n<p data-start=\"3070\" data-end=\"3187\"><strong>Pentru p\u0103r:<\/strong><br data-start=\"3083\" data-end=\"3086\" \/>Maseaz\u0103 \u00een scalp sau adaug\u0103 \u00een \u0219ampon\/balsam. Las\u0103 s\u0103 ac\u021bioneze 20\u201330 minute \u00eenainte de cl\u0103tire.<\/p>\n<p data-start=\"3189\" data-end=\"3278\"><strong data-start=\"3189\" data-end=\"3207\">Pentru relaxare<\/strong>:<br data-start=\"3208\" data-end=\"3211\" \/>Diffuseaz\u0103 c\u00e2teva pic\u0103turi sau inspir\u0103 profund pentru a reduce anxietatea \u0219i tensiunea.<\/p>\n<p data-start=\"3280\" data-end=\"3379\"><strong data-start=\"3280\" data-end=\"3293\">Pentru somn<\/strong>:<br data-start=\"3294\" data-end=\"3297\" \/>Ia \u00bd linguri\u021b\u0103 oral (consult\u0103 medicul \u00eent\u00e2i) \u00eenainte de culcare sau aplic\u0103 pe piept.<\/p>\n<p data-start=\"3381\" data-end=\"3472\"><strong data-start=\"3381\" data-end=\"3400\">Pentru dureri musculare<\/strong>:<br data-start=\"3401\" data-end=\"3404\" \/>Freac\u0103 pe zonele dureroase de dou\u0103 ori pe zi, cu mi\u0219c\u0103ri circulare, pentru o alinare rapid\u0103.<\/p>\n<h3 data-start=\"3791\" data-end=\"3848\">\u00a0G\u00e2nduri finale: De ce s\u0103 alegi Uleiul de Marjoran Lotus?<\/h3>\n<p data-start=\"3850\" data-end=\"4131\">Dac\u0103 cau\u021bi un ulei esen\u021bial 100% natural, cu beneficii multiple, care s\u0103 r\u0103spund\u0103 nevoilor tale de frumuse\u021be \u0219i bun\u0103stare, <strong data-start=\"3968\" data-end=\"3990\">Uleiul de Marjoran Lotus<\/strong> este alegerea ideal\u0103. Hidratarea pielii, repararea p\u0103rului, ameliorarea durerii, \u00eembun\u0103t\u0103\u021birea st\u0103rii de spirit \u0219i sprijin pentru un somn mai bun \u2013 totul dintr-o singur\u0103 sticl\u0103 puternic\u0103.<\/p>\n<p data-start=\"4133\" data-end=\"4246\"><strong data-start=\"4133\" data-end=\"4246\">Alege Uleiul de Marjoran Lotus ast\u0103zi \u2013 \u0219i experimenteaz\u0103 armonia perfect\u0103 \u00eentre frumuse\u021be, echilibru \u0219i vindecare botanic\u0103.<\/strong><\/p>\n<p style=\"text-align: center;\">Mul\u021bumim c\u0103 ai ales s\u0103 cumperi de la <em data-start=\"415\" data-end=\"431\"><a href=\"https:\/\/bazaar.express\/ro\/\">Bazaar Express<\/a><\/em> \u2013 suntem \u00eenc\u00e2nta\u021bi s\u0103 te avem al\u0103turi!<\/p>\n<p style=\"text-align: center;\">Simte puterea naturii \u2014 uleiuri terapeutice pure pentru bun\u0103starea de zi cu zi.<\/p>\n","protected":false},"excerpt":{"rendered":"<h3 data-start=\"387\" data-end=\"639\">Uleiul de Marjoran Lotus este un ulei esen\u021bial multifunc\u021bional bogat \u00een antioxidan\u021bi \u0219i compu\u0219i calman\u021bi. Ideal pentru calmarea pielii iritate, hidratarea p\u0103rului uscat, reducerea stresului \u0219i promovarea bun\u0103st\u0103rii generale. Perfect pentru rutine zilnice de auto\u00eengrijire \u0219i frumuse\u021be.<\/h3>\n","protected":false},"featured_media":40205,"comment_status":"open","ping_status":"closed","template":"","meta":[],"product_brand":[],"product_cat":[1146,1145],"product_tag":[1208,1209],"class_list":{"0":"post-40203","1":"product","2":"type-product","3":"status-publish","4":"has-post-thumbnail","6":"product_cat-uleiuri-terapeutice","7":"product_cat-ingrijire-frumusete","8":"product_tag-ulei","9":"product_tag-ulei-natural","10":"pa_l-xl-125ml","11":"pa_l-xl-250ml","12":"pa_l-xl-60ml","14":"first","15":"instock","16":"sale","17":"shipping-taxable","18":"purchasable","19":"product-type-variable"},"_links":{"self":[{"href":"https:\/\/bazaar.express\/ro\/wp-json\/wp\/v2\/product\/40203","targetHints":{"allow":["GET"]}}],"collection":[{"href":"https:\/\/bazaar.express\/ro\/wp-json\/wp\/v2\/product"}],"about":[{"href":"https:\/\/bazaar.express\/ro\/wp-json\/wp\/v2\/types\/product"}],"replies":[{"embeddable":true,"href":"https:\/\/bazaar.express\/ro\/wp-json\/wp\/v2\/comments?post=40203"}],"wp:featuredmedia":[{"embeddable":true,"href":"https:\/\/bazaar.express\/ro\/wp-json\/wp\/v2\/media\/40205"}],"wp:attachment":[{"href":"https:\/\/bazaar.express\/ro\/wp-json\/wp\/v2\/media?parent=40203"}],"wp:term":[{"taxonomy":"product_brand","embeddable":true,"href":"https:\/\/bazaar.express\/ro\/wp-json\/wp\/v2\/product_brand?post=40203"},{"taxonomy":"product_cat","embeddable":true,"href":"https:\/\/bazaar.express\/ro\/wp-json\/wp\/v2\/product_cat?post=40203"},{"taxonomy":"product_tag","embeddable":true,"href":"https:\/\/bazaar.express\/ro\/wp-json\/wp\/v2\/product_tag?post=40203"}],"curies":[{"name":"wp","href":"https:\/\/api.w.org\/{rel}","templated":true}]}}