{"id":40235,"date":"2024-12-09T13:48:36","date_gmt":"2024-12-09T13:48:36","guid":{"rendered":"https:\/\/bazaar.express\/product\/argan-oil\/"},"modified":"2024-12-09T13:48:36","modified_gmt":"2024-12-09T13:48:36","slug":"argan-oil","status":"publish","type":"product","link":"https:\/\/bazaar.express\/ro\/produs\/argan-oil\/","title":{"rendered":"Ulei de argan &#8211; Aurul lichid al naturii"},"content":{"rendered":"<h2 data-start=\"227\" data-end=\"279\">Descoper\u0103 magia etern\u0103 a uleiului de argan Lotus<\/h2>\n<h3 data-start=\"281\" data-end=\"312\"> Ce este uleiul de argan Lotus?<\/h3>\n<p data-start=\"314\" data-end=\"668\">Uleiul de argan Lotus este adesea celebrat ca <strong data-start=\"353\" data-end=\"370\">&#8220;aur lichid&#8221;<\/strong> \u2014 \u0219i pe drept cuv\u00e2nt. Acest ulei luxos este extras din s\u00e2mburii rari ai arborelui de argan marocan \u0219i este plin cu compu\u0219i hr\u0103nitori care scot la iveal\u0103 ce e mai bun din <strong data-start=\"545\" data-end=\"562\">pielea \u0219i p\u0103rul<\/strong> t\u0103u. Cu textura sa m\u0103t\u0103soas\u0103 \u0219i propriet\u0103\u021bile puternice, acest ulei auriu hidrateaz\u0103, vindec\u0103 \u0219i protejeaz\u0103 \u00een mod natural.<\/p>\n<h3 data-start=\"675\" data-end=\"713\"> Principalele beneficii ale uleiului de argan Lotus<\/h3>\n<h4 data-start=\"715\" data-end=\"752\">Hidratare profund\u0103 \u0219i reparare a pielii<\/h4>\n<p data-start=\"753\" data-end=\"886\">Ideal pentru pielea uscat\u0103, cr\u0103pat\u0103 sau aspr\u0103, acest ulei p\u0103trunde ad\u00e2nc pentru a hidrata \u0219i a reda moliciunea \u0219i elasticitatea naturale ale pielii.<\/p>\n<h4 data-start=\"888\" data-end=\"925\">\u00cengrijire anti-\u00eemb\u0103tr\u00e2nire \u0219i protec\u021bie \u00eempotriva ridurilor<\/h4>\n<p data-start=\"926\" data-end=\"1101\">Uleiul de argan Lotus ajut\u0103 la reducerea aspectului liniilor fine \u0219i ridurilor prin stimularea regener\u0103rii pielii \u0219i \u00eembun\u0103t\u0103\u021birea structurii de colagen, fiind o solu\u021bie natural\u0103 anti-\u00eemb\u0103tr\u00e2nire.<\/p>\n<h4 data-start=\"1103\" data-end=\"1142\">\u00cembun\u0103t\u0103\u021be\u0219te tenul \u0219i reduce cicatricile<\/h4>\n<p data-start=\"1143\" data-end=\"1277\">Fie c\u0103 lup\u021bi cu cicatrici acneice sau pete solare, uleiul \u00eembun\u0103t\u0103\u021be\u0219te uniform tenul, elimin\u0103 imperfec\u021biunile \u0219i re\u00eemprosp\u0103teaz\u0103 str\u0103lucirea pielii.<\/p>\n<h4 data-start=\"1279\" data-end=\"1314\">\u00cent\u0103re\u0219te bariera pielii<\/h4>\n<p data-start=\"1315\" data-end=\"1460\">Datorit\u0103 compozi\u021biei sale unice, acest ulei reconstruie\u0219te stratul protector exterior al pielii, protej\u00e2nd-o de usc\u0103ciune, poluare \u0219i iritan\u021bi.<\/p>\n<h4 data-start=\"1462\" data-end=\"1508\">Hr\u0103ne\u0219te p\u0103rul \u0219i previne daunele termice<\/h4>\n<p data-start=\"1509\" data-end=\"1695\">Aplicat pe p\u0103r, uleiul de argan Lotus ac\u021bioneaz\u0103 ca un balsam f\u0103r\u0103 cl\u0103tire. Reduce ondula\u021biile, adaug\u0103 str\u0103lucire \u0219i protejeaz\u0103 firele de efectele d\u0103un\u0103toare ale usc\u0103torului, placelor \u0219i razelor UV.<\/p>\n<h3 data-start=\"1702\" data-end=\"1747\"> Compozi\u021bie natural\u0103 a uleiului de argan Lotus<\/h3>\n<p data-start=\"1749\" data-end=\"1814\">Uleiul de argan Lotus este bogat \u00een acizi gra\u0219i s\u0103n\u0103to\u0219i \u0219i nutrien\u021bi:<\/p>\n<ul data-start=\"1816\" data-end=\"2059\">\n<li data-start=\"1816\" data-end=\"1886\">\n<p data-start=\"1818\" data-end=\"1886\"><strong data-start=\"1818\" data-end=\"1843\">Acid oleic (Omega 9):<\/strong> 42.8% \u2013 promoveaz\u0103 moliciunea \u0219i netezimea<\/p>\n<\/li>\n<li data-start=\"1887\" data-end=\"1953\">\n<p data-start=\"1889\" data-end=\"1953\"><strong data-start=\"1889\" data-end=\"1917\">Acid linoleic (Omega 6):<\/strong> 36.8% \u2013 restabile\u0219te echilibrul hidric<\/p>\n<\/li>\n<li data-start=\"1954\" data-end=\"2006\">\n<p data-start=\"1956\" data-end=\"2006\"><strong data-start=\"1956\" data-end=\"1972\">Acid citric:<\/strong> 6% \u2013 re\u00eemprosp\u0103teaz\u0103 \u0219i exfoliaz\u0103<\/p>\n<\/li>\n<li data-start=\"2007\" data-end=\"2059\">\n<p data-start=\"2009\" data-end=\"2059\"><strong data-start=\"2009\" data-end=\"2027\">Acid palmitic:<\/strong> 12% \u2013 condi\u021bioneaz\u0103 \u0219i protejeaz\u0103<\/p>\n<\/li>\n<\/ul>\n<p data-start=\"2061\" data-end=\"2200\">Aceast\u0103 combina\u021bie bogat\u0103 asigur\u0103 pielii \u0219i p\u0103rului hidratarea \u0219i nutrien\u021bii necesari, f\u0103r\u0103 a astupa porii sau a l\u0103sa un finisaj gras.<\/p>\n<h3 data-start=\"2207\" data-end=\"2240\"> Cum s\u0103 folose\u0219ti uleiul de argan Lotus<\/h3>\n<ul data-start=\"2242\" data-end=\"2526\">\n<li data-start=\"2242\" data-end=\"2367\">\n<p data-start=\"2244\" data-end=\"2367\"><strong data-start=\"2244\" data-end=\"2257\">Pentru piele:<\/strong> Aplic\u0103 2\u20133 pic\u0103turi pe pielea curat\u0103 \u0219i maseaz\u0103 prin mi\u0219c\u0103ri circulare. Ideal pentru fa\u021b\u0103, g\u00e2t, m\u00e2ini \u0219i zone uscate.<\/p>\n<\/li>\n<li data-start=\"2368\" data-end=\"2526\">\n<p data-start=\"2370\" data-end=\"2526\"><strong data-start=\"2370\" data-end=\"2383\">Pentru p\u0103r:<\/strong> Freac\u0103 c\u00e2teva pic\u0103turi \u00eentre palme \u0219i aplic\u0103 de la mijlocul lungimii p\u00e2n\u0103 la v\u00e2rfuri pe p\u0103r umed sau uscat. Po\u021bi folosi \u0219i ca tratament pentru scalp peste noapte.<\/p>\n<\/li>\n<\/ul>\n<p data-start=\"2528\" data-end=\"2555\">Folose\u0219te zilnic pentru rezultate optime.<\/p>\n<h3 data-start=\"2562\" data-end=\"2580\"> Precau\u021bii<\/h3>\n<ul data-start=\"2582\" data-end=\"2683\">\n<li data-start=\"2582\" data-end=\"2609\">\n<p data-start=\"2584\" data-end=\"2609\">Numai <strong data-start=\"2588\" data-end=\"2609\">pentru uz extern<\/strong><\/p>\n<\/li>\n<li data-start=\"2610\" data-end=\"2635\">\n<p data-start=\"2612\" data-end=\"2635\">Sigur pentru toate tipurile de piele<\/p>\n<\/li>\n<li data-start=\"2636\" data-end=\"2683\">\n<p data-start=\"2638\" data-end=\"2683\">Efectueaz\u0103 \u00eentotdeauna un test pe o zon\u0103 mic\u0103 pentru pielea sensibil\u0103<\/p>\n<\/li>\n<\/ul>\n<h2 data-start=\"3002\" data-end=\"3050\"> G\u00e2nduri finale: De ce s\u0103 alegi uleiul de argan Lotus?<\/h2>\n<p data-start=\"3052\" data-end=\"3320\">Dac\u0103 cau\u021bi un ulei natural multifunc\u021bional care \u00eembun\u0103t\u0103\u021be\u0219te <strong data-start=\"3120\" data-end=\"3135\">str\u0103lucirea pielii<\/strong> \u0219i <strong data-start=\"3140\" data-end=\"3159\">rezisten\u021ba p\u0103rului<\/strong>, uleiul de argan Lotus este indispensabil. Cu con\u021binut ridicat de nutrien\u021bi \u0219i beneficii dovedite, ofer\u0103 o solu\u021bie luxoas\u0103, dar practic\u0103 pentru rutina ta zilnic\u0103 de frumuse\u021be.<\/p>\n<p data-start=\"3322\" data-end=\"3459\">Las\u0103-\u021bi frumuse\u021bea s\u0103 str\u0103luceasc\u0103 cu puterea <strong data-start=\"3362\" data-end=\"3389\">uleiului de argan pur \u0219i natural<\/strong>. \u00cencearc\u0103 uleiul de argan Lotus ast\u0103zi \u0219i simte atingerea aurie a naturii.<\/p>\n<p style=\"text-align: center;\">Mul\u021bumim c\u0103 ai ales s\u0103 cumperi de la <em data-start=\"415\" data-end=\"431\"><a href=\"https:\/\/bazaar.express\/ro\/\">Bazaar Express<\/a><\/em> \u2013 suntem \u00eenc\u00e2nta\u021bi s\u0103 te avem al\u0103turi!<\/p>\n<p style=\"text-align: center;\">Simte puterea naturii \u2014 uleiuri <a href=\"https:\/\/bazaar.express\/ro\/therapeutic-oils\/\">terapeutice pure<\/a> pentru wellness zilnic.<\/p>\n","protected":false},"excerpt":{"rendered":"<h3 data-start=\"388\" data-end=\"650\">Uleiul de argan Lotus este un ulei natural luxos bogat \u00een acizi gra\u0219i esen\u021biali \u0219i vitamine. Hidrateaz\u0103 profund pielea uscat\u0103, reduce semnele \u00eemb\u0103tr\u00e2nirii, red\u0103 str\u0103lucirea p\u0103rului \u0219i protejeaz\u0103 \u00eempotriva daunelor de mediu. Esen\u021bial pentru piele str\u0103lucitoare \u0219i p\u0103r s\u0103n\u0103tos, f\u0103r\u0103 frizz.<\/h3>\n","protected":false},"featured_media":40238,"comment_status":"open","ping_status":"closed","template":"","meta":[],"product_brand":[],"product_cat":[1146,1145],"product_tag":[1322,1208,1209],"class_list":{"0":"post-40235","1":"product","2":"type-product","3":"status-publish","4":"has-post-thumbnail","6":"product_cat-uleiuri-terapeutice","7":"product_cat-ingrijire-frumusete","8":"product_tag-lotus-argan-oil","9":"product_tag-ulei","10":"product_tag-ulei-natural","11":"pa_l-xl-125ml","12":"pa_l-xl-60ml","14":"first","15":"instock","16":"sale","17":"shipping-taxable","18":"purchasable","19":"product-type-variable"},"_links":{"self":[{"href":"https:\/\/bazaar.express\/ro\/wp-json\/wp\/v2\/product\/40235","targetHints":{"allow":["GET"]}}],"collection":[{"href":"https:\/\/bazaar.express\/ro\/wp-json\/wp\/v2\/product"}],"about":[{"href":"https:\/\/bazaar.express\/ro\/wp-json\/wp\/v2\/types\/product"}],"replies":[{"embeddable":true,"href":"https:\/\/bazaar.express\/ro\/wp-json\/wp\/v2\/comments?post=40235"}],"wp:featuredmedia":[{"embeddable":true,"href":"https:\/\/bazaar.express\/ro\/wp-json\/wp\/v2\/media\/40238"}],"wp:attachment":[{"href":"https:\/\/bazaar.express\/ro\/wp-json\/wp\/v2\/media?parent=40235"}],"wp:term":[{"taxonomy":"product_brand","embeddable":true,"href":"https:\/\/bazaar.express\/ro\/wp-json\/wp\/v2\/product_brand?post=40235"},{"taxonomy":"product_cat","embeddable":true,"href":"https:\/\/bazaar.express\/ro\/wp-json\/wp\/v2\/product_cat?post=40235"},{"taxonomy":"product_tag","embeddable":true,"href":"https:\/\/bazaar.express\/ro\/wp-json\/wp\/v2\/product_tag?post=40235"}],"curies":[{"name":"wp","href":"https:\/\/api.w.org\/{rel}","templated":true}]}}