{"id":40298,"date":"2024-11-29T15:37:09","date_gmt":"2024-11-29T15:37:09","guid":{"rendered":"https:\/\/bazaar.express\/product\/joint-cream\/"},"modified":"2026-03-02T11:20:24","modified_gmt":"2026-03-02T11:20:24","slug":"joint-cream","status":"publish","type":"product","link":"https:\/\/bazaar.express\/ro\/produs\/joint-cream\/","title":{"rendered":"Crem\u0103 natural\u0103 pentru articula\u021bii \u2013 1kg"},"content":{"rendered":"<h2 data-start=\"305\" data-end=\"385\">Crem\u0103 natural\u0103 pentru articula\u021bii \u2013 Al\u00edvie puternic\u0103 din natur\u0103 pentru mi\u0219care confortabil\u0103 \u2013 1kg<\/h2>\n<h3 data-start=\"387\" data-end=\"426\"> O atingere calmant\u0103 pentru articula\u021biile dumneavoastr\u0103<\/h3>\n<p data-start=\"428\" data-end=\"765\">Obosi\u021bi de rigiditate, disconfort sau mi\u0219c\u0103ri limitate? Descoperi\u021bi <strong data-start=\"497\" data-end=\"520\">Crem\u0103 natural\u0103 pentru articula\u021bii<\/strong> de la <em data-start=\"526\" data-end=\"533\">Tnerh<\/em>, noul vostru aliat \u00een s\u0103n\u0103tatea articula\u021biilor. Formulat\u0103 \u00een Egipt cu 100% <strong data-start=\"602\" data-end=\"625\">ingrediente naturale<\/strong>, aceast\u0103 crem\u0103 eficient\u0103 \u0219i luxoas\u0103 este conceput\u0103 s\u0103 restabileasc\u0103 flexibilitatea, s\u0103 reduc\u0103 inflama\u021bia \u0219i s\u0103 \u00eembun\u0103t\u0103\u021beasc\u0103 confortul general al articula\u021biilor \u2013 \u00een mod natural.<\/p>\n<h3 data-start=\"767\" data-end=\"811\"> Ingrediente 100% naturale de \u00eencredere<\/h3>\n<p data-start=\"813\" data-end=\"1058\">Creat\u0103 cu grij\u0103, aceast\u0103 <strong data-start=\"837\" data-end=\"860\">Crem\u0103 natural\u0103 pentru articula\u021bii<\/strong> combin\u0103 beneficiile puternice ale <strong data-start=\"893\" data-end=\"903\">arnic\u0103i<\/strong>, <strong data-start=\"905\" data-end=\"912\">MSM<\/strong>, <strong data-start=\"914\" data-end=\"929\">glucozaminei<\/strong> \u0219i <strong data-start=\"935\" data-end=\"947\">turmericului<\/strong> cu <strong data-start=\"953\" data-end=\"966\">aloe vera<\/strong>, <strong data-start=\"968\" data-end=\"983\">unt de shea<\/strong> \u0219i <strong data-start=\"1001\" data-end=\"1019\">uleiuri esen\u021biale<\/strong> terapeutice. Aceste ingrediente lucreaz\u0103 \u00een armonie pentru a:<\/p>\n<ul data-start=\"1060\" data-end=\"1208\">\n<li data-start=\"1060\" data-end=\"1101\">\n<p data-start=\"1062\" data-end=\"1101\"><strong data-start=\"1062\" data-end=\"1101\">Calma durerea \u0219i reduce inflama\u021bia<\/strong><\/p>\n<\/li>\n<li data-start=\"1102\" data-end=\"1151\">\n<p data-start=\"1104\" data-end=\"1151\"><strong data-start=\"1104\" data-end=\"1151\">Promoveaz\u0103 repararea cartilajului \u0219i \u00eent\u0103rirea articula\u021biilor<\/strong><\/p>\n<\/li>\n<li data-start=\"1152\" data-end=\"1208\">\n<p data-start=\"1154\" data-end=\"1208\"><strong data-start=\"1154\" data-end=\"1208\">Sus\u021bine flexibilitatea pe termen lung \u0219i u\u0219urin\u021ba mi\u0219c\u0103rii<\/strong><\/p>\n<\/li>\n<\/ul>\n<p data-start=\"1210\" data-end=\"1324\">Fie c\u0103 sunte\u021bi activ, \u00eenainta\u021bi \u00een v\u00e2rst\u0103 sau v\u0103 recupera\u021bi dintr-o accidentare, aceast\u0103 crem\u0103 sus\u021bine <strong data-start=\"1290\" data-end=\"1308\">s\u0103n\u0103tatea articula\u021biilor<\/strong> la fiecare utilizare.<\/p>\n<h3 data-start=\"1326\" data-end=\"1368\"> Textur\u0103 cu absorb\u021bie rapid\u0103 \u0219i non-gras\u0103<\/h3>\n<p data-start=\"1370\" data-end=\"1647\">Spre deosebire de alternativele sintetice, formula noastr\u0103 u\u0219oar\u0103 se absoarbe rapid, f\u0103r\u0103 a l\u0103sa reziduuri lipicioase sau grase. Este ideal\u0103 pentru utilizare \u00een timpul zilei \u00eenainte de activitate fizic\u0103 sau aplicare nocturn\u0103 pentru a relaxa articula\u021biile \u00een timp ce dormi\u021bi. Bucura\u021bi-v\u0103 de <strong data-start=\"1601\" data-end=\"1629\">confort profund penetrant<\/strong> f\u0103r\u0103 mizerie.<\/p>\n<h3 data-start=\"1649\" data-end=\"1674\"> Cine ar trebui s\u0103 o foloseasc\u0103?<\/h3>\n<ul data-start=\"1676\" data-end=\"1914\">\n<li data-start=\"1676\" data-end=\"1739\">\n<p data-start=\"1678\" data-end=\"1739\"><strong data-start=\"1678\" data-end=\"1709\">Atle\u021bi \u0219i iubitori de fitness<\/strong> care au nevoie de recuperare post-antrenament<\/p>\n<\/li>\n<li data-start=\"1740\" data-end=\"1787\">\n<p data-start=\"1742\" data-end=\"1787\"><strong data-start=\"1742\" data-end=\"1753\">Seniori<\/strong> cu provoc\u0103ri articulare legate de v\u00e2rst\u0103<\/p>\n<\/li>\n<li data-start=\"1788\" data-end=\"1839\">\n<p data-start=\"1790\" data-end=\"1839\"><strong data-start=\"1790\" data-end=\"1808\">Lucr\u0103tori de birou<\/strong> confrunt\u00e2ndu-se cu stres repetitiv<\/p>\n<\/li>\n<li data-start=\"1840\" data-end=\"1914\">\n<p data-start=\"1842\" data-end=\"1914\"><strong data-start=\"1842\" data-end=\"1852\">Oricine<\/strong> caut\u0103 o alternativ\u0103 curat\u0103, pe baz\u0103 de plante la cremele sintetice pentru articula\u021bii<\/p>\n<\/li>\n<\/ul>\n<h3 data-start=\"1916\" data-end=\"1960\"> De ce s\u0103 alege\u021bi Crem\u0103 natural\u0103 Tnerh pentru articula\u021bii?<\/h3>\n<ul data-start=\"1962\" data-end=\"2181\">\n<li data-start=\"1962\" data-end=\"1998\">\n<p data-start=\"1964\" data-end=\"1998\"><strong data-start=\"1966\" data-end=\"1998\">100% Natural\u0103 &#038; F\u0103r\u0103 Chimicale<\/strong><\/p>\n<\/li>\n<li data-start=\"1999\" data-end=\"2025\">\n<p data-start=\"2001\" data-end=\"2025\"><strong data-start=\"2003\" data-end=\"2025\">Sigur\u0103 pentru utilizare zilnic\u0103<\/strong><\/p>\n<\/li>\n<li data-start=\"2026\" data-end=\"2072\">\n<p data-start=\"2028\" data-end=\"2072\"><strong data-start=\"2030\" data-end=\"2047\">Produs\u0103 \u00een Egipt<\/strong> din ierburi locale premium<\/p>\n<\/li>\n<li data-start=\"2073\" data-end=\"2114\">\n<p data-start=\"2075\" data-end=\"2114\"><strong data-start=\"2077\" data-end=\"2114\">De \u00eencredere pentru clien\u021bi din Egipt<\/strong><\/p>\n<\/li>\n<li data-start=\"2115\" data-end=\"2181\">\n<p data-start=\"2117\" data-end=\"2181\"><strong data-start=\"2119\" data-end=\"2136\">Borcan mare de 1kg<\/strong> \u2013 Valoare excelent\u0103 pentru familii \u0219i utilizare pe termen lung<\/p>\n<\/li>\n<\/ul>\n<h3 data-start=\"2496\" data-end=\"2513\"> Mod de utilizare<\/h3>\n<p data-start=\"2515\" data-end=\"2701\">Aplica\u021bi o cantitate generoas\u0103 din <strong data-start=\"2542\" data-end=\"2565\">Crem\u0103 natural\u0103 pentru articula\u021bii<\/strong> pe pielea curat\u0103 \u0219i uscat\u0103 de deasupra zonei afectate. Masa\u021bi u\u0219or p\u00e2n\u0103 la absorb\u021bie complet\u0103. Utiliza\u021bi <strong data-start=\"2650\" data-end=\"2665\">de dou\u0103 ori zilnic<\/strong>\u2014diminea\u021ba \u0219i seara\u2014pentru cele mai bune rezultate.<\/p>\n<h2 data-start=\"2708\" data-end=\"2760\">\ud83d\uded2 Investi\u021bi \u00een al\u00edvie natural\u0103. Sim\u021bi\u021bi diferen\u021ba.<\/h2>\n<p data-start=\"2762\" data-end=\"3028\">La <strong data-start=\"2765\" data-end=\"2783\">Bazaar Express<\/strong>, suntem m\u00e2ndri s\u0103 v\u0103 oferim <strong data-start=\"2810\" data-end=\"2851\">crema semn\u0103tur\u0103 Tnerh pentru articula\u021bii<\/strong> \u2013 un produs egiptean premium care \u00eembin\u0103 cuno\u0219tin\u021be botanice antice cu \u00eengrijire modern\u0103. Oferi\u021bi articula\u021biilor \u00eengrijirea meritat\u0103. Include\u021bi-o \u00een rutina zilnic\u0103 de auto\u00eengrijire.<\/p>\n<p data-start=\"3030\" data-end=\"3077\"><strong data-start=\"3030\" data-end=\"3077\">\u00cencerca\u021bi-o ast\u0103zi \u2013 \u0219i mi\u0219ca\u021bi-v\u0103 liber din nou.<\/strong><\/p>\n<p style=\"text-align: center;\">Mul\u021bumim pentru cump\u0103r\u0103turi la <em data-start=\"415\" data-end=\"431\"><a href=\"https:\/\/bazaar.express\/ro\/\">Bazaar Express<\/a><\/em> \u2013 suntem \u00eenc\u00e2nta\u021bi s\u0103 v\u0103 avem!<\/p>\n<p style=\"text-align: center;\">C\u0103l\u0103toria voastr\u0103 spre auto\u00eengrijire mai bun\u0103 \u00eencepe aici \u2014 cu <a href=\"https:\/\/bazaar.express\/product-category\/beauty-care\/\">Beauty &#038; Care<\/a> de \u00eencredere.<\/p>\n","protected":false},"excerpt":{"rendered":"<h3 data-start=\"444\" data-end=\"700\">Crem\u0103 natural\u0103 Tnerh pentru articula\u021bii ofer\u0103 al\u00edvie rapid\u0103 \u0219i calmant\u0103 cu ingrediente egiptene 100% naturale. Ideal\u0103 pentru reducerea disconfortului articular, \u00eembun\u0103t\u0103\u021birea mobilit\u0103\u021bii \u0219i promovarea flexibilit\u0103\u021bii pe termen lung. Perfect\u0103 pentru utilizare zilnic\u0103, sigur\u0103 pentru toate tipurile de piele. Borcan de 1kg.<\/h3>\n","protected":false},"featured_media":40301,"comment_status":"open","ping_status":"closed","template":"","meta":[],"product_brand":[],"product_cat":[1145,1146],"product_tag":[1308],"class_list":{"0":"post-40298","1":"product","2":"type-product","3":"status-publish","4":"has-post-thumbnail","6":"product_cat-ingrijire-frumusete","7":"product_cat-uleiuri-terapeutice","8":"product_tag-crema-articulara","10":"first","11":"instock","12":"sale","13":"shipping-taxable","14":"purchasable","15":"product-type-simple"},"_links":{"self":[{"href":"https:\/\/bazaar.express\/ro\/wp-json\/wp\/v2\/product\/40298","targetHints":{"allow":["GET"]}}],"collection":[{"href":"https:\/\/bazaar.express\/ro\/wp-json\/wp\/v2\/product"}],"about":[{"href":"https:\/\/bazaar.express\/ro\/wp-json\/wp\/v2\/types\/product"}],"replies":[{"embeddable":true,"href":"https:\/\/bazaar.express\/ro\/wp-json\/wp\/v2\/comments?post=40298"}],"wp:featuredmedia":[{"embeddable":true,"href":"https:\/\/bazaar.express\/ro\/wp-json\/wp\/v2\/media\/40301"}],"wp:attachment":[{"href":"https:\/\/bazaar.express\/ro\/wp-json\/wp\/v2\/media?parent=40298"}],"wp:term":[{"taxonomy":"product_brand","embeddable":true,"href":"https:\/\/bazaar.express\/ro\/wp-json\/wp\/v2\/product_brand?post=40298"},{"taxonomy":"product_cat","embeddable":true,"href":"https:\/\/bazaar.express\/ro\/wp-json\/wp\/v2\/product_cat?post=40298"},{"taxonomy":"product_tag","embeddable":true,"href":"https:\/\/bazaar.express\/ro\/wp-json\/wp\/v2\/product_tag?post=40298"}],"curies":[{"name":"wp","href":"https:\/\/api.w.org\/{rel}","templated":true}]}}