{"id":44152,"date":"2017-06-21T08:08:52","date_gmt":"2017-06-21T08:08:52","guid":{"rendered":"https:\/\/bazaar.express\/wishlist-2\/"},"modified":"2026-02-20T16:48:08","modified_gmt":"2026-02-20T16:48:08","slug":"wishlist-2","status":"publish","type":"page","link":"https:\/\/bazaar.express\/sk\/wishlist-2\/","title":{"rendered":"Zoznam prian\u00ed"},"content":{"rendered":"\t\t\n\t\t\n\n\t\t\t\t<div class=\"\" >\n\t\t\t\t\t\t<div class=\"wd-wishlist-content\">\n\t\t\t\t\t\t\t\t\t\n\t\t<div class=\"wd-empty-block wd-empty-wishlist\">\n\n\t\t<h2 class=\"wd-empty-block-title\">\n\t\t\tZoznam \u017eelan\u00ed je pr\u00e1zdny.\t\t<\/h2>\n\n\t\t\t\t\t<p class=\"wd-empty-block-text\">\n\t\t\t\tZatia\u013e nem\u00e1te \u017eiadne produkty v zozname \u017eelan\u00ed. Mno\u017estvo zauj\u00edmav\u00fdch produktov n\u00e1jdete na na\u0161ej str\u00e1nke \u201eShop\u201c.\t\t\t<\/p>\n\t\t\n\t\t\n\t\t\t\t\t<a class=\"button btn btn-accent wd-empty-block-btn\" href=\"https:\/\/bazaar.express\/sk\/shop\/\">\n\t\t\t\tReturn to shop\t\t\t<\/a>\n\t\t\n\t\t\t\t\t<\/div>\n\t\t\t\t\t\t\t\t\t\t\t<\/div>\n\t\t\t\t<\/div>\n\t\t\n","protected":false},"excerpt":{"rendered":"","protected":false},"author":174,"featured_media":0,"parent":0,"menu_order":0,"comment_status":"closed","ping_status":"closed","template":"","meta":{"footnotes":""},"class_list":["post-44152","page","type-page","status-publish","hentry"],"_links":{"self":[{"href":"https:\/\/bazaar.express\/sk\/wp-json\/wp\/v2\/pages\/44152","targetHints":{"allow":["GET"]}}],"collection":[{"href":"https:\/\/bazaar.express\/sk\/wp-json\/wp\/v2\/pages"}],"about":[{"href":"https:\/\/bazaar.express\/sk\/wp-json\/wp\/v2\/types\/page"}],"author":[{"embeddable":true,"href":"https:\/\/bazaar.express\/sk\/wp-json\/wp\/v2\/users\/174"}],"replies":[{"embeddable":true,"href":"https:\/\/bazaar.express\/sk\/wp-json\/wp\/v2\/comments?post=44152"}],"version-history":[{"count":1,"href":"https:\/\/bazaar.express\/sk\/wp-json\/wp\/v2\/pages\/44152\/revisions"}],"predecessor-version":[{"id":44153,"href":"https:\/\/bazaar.express\/sk\/wp-json\/wp\/v2\/pages\/44152\/revisions\/44153"}],"wp:attachment":[{"href":"https:\/\/bazaar.express\/sk\/wp-json\/wp\/v2\/media?parent=44152"}],"curies":[{"name":"wp","href":"https:\/\/api.w.org\/{rel}","templated":true}]}}