{"id":43789,"date":"2025-09-22T00:20:32","date_gmt":"2025-09-22T00:20:32","guid":{"rendered":"https:\/\/bazaar.express\/product\/chanel-platinum\/"},"modified":"2026-02-20T13:01:17","modified_gmt":"2026-02-20T13:01:17","slug":"chanel-platinum","status":"publish","type":"product","link":"https:\/\/bazaar.express\/sk\/produkt\/chanel-platinum\/","title":{"rendered":"Chanel Platinum Parf\u00e9mov\u00fd Olej"},"content":{"rendered":"<h2 data-start=\"164\" data-end=\"246\"><strong data-start=\"167\" data-end=\"244\">Chanel Platinum Parf\u00e9mov\u00fd Olej \u2013 Platina \u0160tandard Mu\u017eskej Elegancie<\/strong><\/h2>\n<h3 data-start=\"248\" data-end=\"280\">\u00a0Modern\u00e1 Ikona Prepracovan\u00e1<\/h3>\n<p data-start=\"281\" data-end=\"762\">Vst\u00fapte do sveta sofistikovanosti s <strong data-start=\"311\" data-end=\"342\">Chanel Platinum Parf\u00e9mov\u00fdm Olejom<\/strong>, luxusnou reinterpret\u00e1ciou legend\u00e1rnej v\u00f4ne <em data-start=\"390\" data-end=\"415\">Chanel Platinum \u00c9go\u00efste<\/em> uvedenej v roku 1993. Vyroben\u00fd s presnos\u0165ou a eleganciou, tento koncentrovan\u00fd parf\u00e9mov\u00fd olej zachyt\u00e1va charizmu rafinovan\u00e9ho gentlemana \u2013 sebaist\u00e9ho, v\u00fdre\u010dn\u00e9ho a nad\u010dasovo \u0161t\u00fdlov\u00e9ho. Navrhnut\u00fd pre mu\u017eov, ktor\u00ed pri\u0165ahuj\u00fa pozornos\u0165 bez n\u00e1mahy, poskytuje \u010derstv\u00fa, aromatick\u00fa sk\u00fasenos\u0165 s trval\u00fdm podpisom, ktor\u00fd pretrv\u00e1va dlho po aplik\u00e1cii.<\/p>\n<h3 data-start=\"769\" data-end=\"804\">\u00a0\u010cerstv\u00e9 a V\u00fdrazn\u00e9 \u00davodn\u00e9 T\u00f3ny<\/h3>\n<p data-start=\"805\" data-end=\"853\">Cesta za\u010d\u00edna iskrivou f\u00faziou:<\/p>\n<ul data-start=\"854\" data-end=\"1062\">\n<li data-start=\"854\" data-end=\"915\">\n<p data-start=\"856\" data-end=\"915\"><strong data-start=\"856\" data-end=\"868\">Levandu\u013e<\/strong> \u2013 svie\u017ea a upokojuj\u00faca, nastavuj\u00faca rafinovan\u00fd t\u00f3n.<\/p>\n<\/li>\n<li data-start=\"916\" data-end=\"995\">\n<p data-start=\"918\" data-end=\"995\"><strong data-start=\"918\" data-end=\"943\">Rozmar\u00edn a Petitgrain<\/strong> \u2013 ostr\u00e9 a povzn\u00e1\u0161aj\u00face, prid\u00e1vaj\u00face bylinn\u00fa pikantnos\u0165.<\/p>\n<\/li>\n<li data-start=\"996\" data-end=\"1062\">\n<p data-start=\"998\" data-end=\"1062\"><strong data-start=\"998\" data-end=\"1008\">Neroli<\/strong> \u2013 svie\u017ei citrusov\u00fd zdvih, rozjas\u0148uj\u00faci kompoz\u00edciu.<\/p>\n<\/li>\n<\/ul>\n<p data-start=\"1064\" data-end=\"1155\">Tento kovovo-svie\u017ei \u00favod rob\u00ed okam\u017eit\u00e9 vyhl\u00e1senie \u2013 \u010dist\u00fd, v\u00fdrazn\u00fd a pln\u00fd energie.<\/p>\n<h3 data-start=\"1162\" data-end=\"1207\">\u00a0Srdce Sily a Sofistikovanosti<\/h3>\n<p data-start=\"1208\" data-end=\"1307\">V jadre <strong data-start=\"1221\" data-end=\"1252\">Chanel Platinum Parf\u00e9mov\u00fd Olej<\/strong> odha\u013euje vyv\u00e1\u017een\u00fa zmes kvetinov\u00fdch a bylinn\u00fdch t\u00f3nov:<\/p>\n<ul data-start=\"1308\" data-end=\"1434\">\n<li data-start=\"1308\" data-end=\"1360\">\n<p data-start=\"1310\" data-end=\"1360\"><strong data-start=\"1310\" data-end=\"1332\">Geranium a Jazm\u00edn<\/strong> \u2013 jemn\u00e1 kvetinov\u00e1 elegancia.<\/p>\n<\/li>\n<li data-start=\"1361\" data-end=\"1434\">\n<p data-start=\"1363\" data-end=\"1434\"><strong data-start=\"1363\" data-end=\"1388\">\u0160alvia Mu\u0161k\u00e1tov\u00e1 a Galbanum<\/strong> \u2013 zelen\u00e9, korenist\u00e9 a mierne zemit\u00e1 vrstva.<\/p>\n<\/li>\n<\/ul>\n<p data-start=\"1436\" data-end=\"1538\">Spolo\u010dne vytv\u00e1raj\u00fa sofistikovan\u00e9, mu\u017esk\u00e9 srdce, ktor\u00e9 je p\u00f4sobiv\u00e9 bez toho, aby bolo pr\u00edli\u0161 dominantn\u00e9.<\/p>\n<h3 data-start=\"1545\" data-end=\"1575\">\u00a0Mocn\u00e1 Drevit\u00e1 B\u00e1zov\u00e1 Nota<\/h3>\n<p data-start=\"1576\" data-end=\"1627\">V\u00f4\u0148a sa usad\u00ed do nezabudnute\u013enej b\u00e1zy:<\/p>\n<ul data-start=\"1628\" data-end=\"1779\">\n<li data-start=\"1628\" data-end=\"1677\">\n<p data-start=\"1630\" data-end=\"1677\"><strong data-start=\"1630\" data-end=\"1651\">Dubov\u00fd Mocho\u0148 a Vetiver<\/strong> \u2013 zemit\u00fd a ukotvuj\u00faci.<\/p>\n<\/li>\n<li data-start=\"1678\" data-end=\"1734\">\n<p data-start=\"1680\" data-end=\"1734\"><strong data-start=\"1680\" data-end=\"1706\">C\u00e9drov\u00e9 Drevo a Santalov\u00e9 Drevo<\/strong> \u2013 tepl\u00e1, drevit\u00e1 rafinovanos\u0165.<\/p>\n<\/li>\n<li data-start=\"1735\" data-end=\"1779\">\n<p data-start=\"1737\" data-end=\"1779\"><strong data-start=\"1737\" data-end=\"1746\">Jant\u00e1r<\/strong> \u2013 jemn\u00e1 h\u013abka a zmyselnosti.<\/p>\n<\/li>\n<\/ul>\n<p data-start=\"1781\" data-end=\"1870\">T\u00e1to drevito-muskusov\u00e1 z\u00e1klad\u0148a zabezpe\u010duje, \u017ee v\u00f4\u0148a zanech\u00e1va sebaist\u00fa, trval\u00fa stopu.<\/p>\n<h3 data-start=\"1877\" data-end=\"1925\">\u00a0Pre\u010do Vybra\u0165 Chanel Platinum Parf\u00e9mov\u00fd Olej?<\/h3>\n<ul data-start=\"1926\" data-end=\"2235\">\n<li data-start=\"1926\" data-end=\"1998\">\n<p data-start=\"1928\" data-end=\"1998\">\u2714 <strong data-start=\"1930\" data-end=\"1954\">Trval\u00fd vzorec<\/strong> \u2013 koncentrovan\u00fd olej s nosite\u013enos\u0165ou viac ako 8 hod\u00edn.<\/p>\n<\/li>\n<li data-start=\"1999\" data-end=\"2081\">\n<p data-start=\"2001\" data-end=\"2081\">\u2714 <strong data-start=\"2003\" data-end=\"2025\">Netukav\u00fd roll-on<\/strong> \u2013 hladk\u00e1 aplik\u00e1cia, ktor\u00e1 sa prirodzene sp\u00e1ja s poko\u017ekou.<\/p>\n<\/li>\n<li data-start=\"2082\" data-end=\"2151\">\n<p data-start=\"2084\" data-end=\"2151\">\u2714 <strong data-start=\"2086\" data-end=\"2105\">Prenosn\u00fd luxus<\/strong> \u2013 elegantn\u00fd dizajn ide\u00e1lny pre pou\u017eitie na cest\u00e1ch.<\/p>\n<\/li>\n<li data-start=\"2152\" data-end=\"2235\">\n<p data-start=\"2154\" data-end=\"2235\">\u2714 <strong data-start=\"2156\" data-end=\"2188\">Nad\u010dasov\u00e1 mu\u017esk\u00e1 v\u00f4\u0148a<\/strong> \u2013 v\u0161estrann\u00e1 pre denn\u00e9 aj ve\u010dern\u00e9 nosenie.<\/p>\n<\/li>\n<\/ul>\n<h3 data-start=\"2242\" data-end=\"2273\">\u00a0Perfektn\u00fd Dar\u010dek pre Neho<\/h3>\n<p data-start=\"2274\" data-end=\"2566\">\u010ci u\u017e pre profesion\u00e1lne m\u00ed\u013eniky, romantick\u00e9 ve\u010dery alebo ka\u017edodenn\u00fa v\u00fdnimo\u010dnos\u0165, <strong data-start=\"2355\" data-end=\"2386\">Chanel Platinum Parf\u00e9mov\u00fd Olej<\/strong> je premyslen\u00fd a rafinovan\u00fd dar\u010dek. Jeho trval\u00e1 sofistikovanos\u0165 ho rob\u00ed nevyhnutnou s\u00fa\u010das\u0165ou ka\u017edej kolekcie v\u00f4n\u00ed, steles\u0148uj\u00fac du\u0161u nad\u010dasov\u00e9ho remesla Chanel.<\/p>\n<h3 data-start=\"2506\" data-end=\"2527\">\u00a0Mo\u017enosti Ve\u013ekosti<\/h3>\n<ul data-start=\"2528\" data-end=\"2578\">\n<li data-start=\"2528\" data-end=\"2552\">\n<p data-start=\"2530\" data-end=\"2552\"><strong data-start=\"2530\" data-end=\"2550\">Pol Tola (6 ml)<\/strong><\/p>\n<\/li>\n<li data-start=\"2553\" data-end=\"2578\">\n<p data-start=\"2555\" data-end=\"2578\"><strong data-start=\"2555\" data-end=\"2576\">Pln\u00e1 Tola (12 ml)<\/strong><\/p>\n<\/li>\n<\/ul>\n<h2 data-start=\"2573\" data-end=\"2610\">\u00a0Prijmite Platina \u0160tandard<\/h2>\n<p data-start=\"2611\" data-end=\"2853\">S jeho v\u00fdraznou svie\u017eos\u0165ou, aromatickou h\u013abkou a drevitou teplo, <strong data-start=\"2670\" data-end=\"2701\">Chanel Platinum Parf\u00e9mov\u00fd Olej<\/strong> je viac ne\u017e v\u00f4\u0148a \u2013 je to vyhl\u00e1senie \u0161t\u00fdlu, sily a elegancie. Povzbu\u010fte svoju pr\u00edtomnos\u0165 v\u00f4\u0148ou, ktor\u00e1 definuje mu\u017esk\u00fa sofistikovanos\u0165.<\/p>\n<p data-start=\"2855\" data-end=\"2921\">Dostupn\u00e9 teraz s <strong data-start=\"2874\" data-end=\"2918\">medzin\u00e1rodnou dopravou na Bazaar Express<\/strong>.<\/p>\n<p style=\"text-align: center;\">\u010eakujeme za n\u00e1kup na <a href=\"https:\/\/bazaar.express\/sk\/\">Bazaar Express<\/a> \u2013 te\u0161\u00edme sa, \u017ee ste tu!<\/p>\n<p style=\"text-align: center;\">Presk\u00famajte na\u0161u <a href=\"https:\/\/bazaar.express\/sk\/fragrance-collection\/\">Kolekciu V\u00f4n\u00ed<\/a> luxusn\u00fdch v\u00f4n\u00ed.<\/p>\n","protected":false},"excerpt":{"rendered":"<h3 data-start=\"438\" data-end=\"687\"><strong data-start=\"438\" data-end=\"469\">Chanel Platinum Parf\u00e9mov\u00fd Olej<\/strong> je luxusn\u00e1 mu\u017esk\u00e1 v\u00f4\u0148a in\u0161pirovan\u00e1 ikonick\u00fdm Chanel Platinum \u00c9go\u00efste. S \u010derstv\u00fdmi citrusov\u00fdmi, kvetinov\u00fdmi a drevit\u00fdmi t\u00f3nmi tento koncentrovan\u00fd olej pon\u00faka trval\u00fa sofistikovanos\u0165 v \u0161t\u00edhlej, cestovate\u013esky priate\u013eskej f\u013ea\u0161i.<\/h3>\n","protected":false},"featured_media":43790,"comment_status":"open","ping_status":"closed","template":"","meta":[],"product_brand":[],"product_cat":[1174],"product_tag":[1652,1659,1654],"class_list":{"0":"post-43789","1":"product","2":"type-product","3":"status-publish","4":"has-post-thumbnail","6":"product_cat-kolekcia-voni","7":"product_tag-olej","8":"product_tag-parfem","9":"product_tag-starostlivost-o-plet","11":"first","12":"instock","13":"sale","14":"shipping-taxable","15":"purchasable","16":"product-type-variable"},"_links":{"self":[{"href":"https:\/\/bazaar.express\/sk\/wp-json\/wp\/v2\/product\/43789","targetHints":{"allow":["GET"]}}],"collection":[{"href":"https:\/\/bazaar.express\/sk\/wp-json\/wp\/v2\/product"}],"about":[{"href":"https:\/\/bazaar.express\/sk\/wp-json\/wp\/v2\/types\/product"}],"replies":[{"embeddable":true,"href":"https:\/\/bazaar.express\/sk\/wp-json\/wp\/v2\/comments?post=43789"}],"wp:featuredmedia":[{"embeddable":true,"href":"https:\/\/bazaar.express\/sk\/wp-json\/wp\/v2\/media\/43790"}],"wp:attachment":[{"href":"https:\/\/bazaar.express\/sk\/wp-json\/wp\/v2\/media?parent=43789"}],"wp:term":[{"taxonomy":"product_brand","embeddable":true,"href":"https:\/\/bazaar.express\/sk\/wp-json\/wp\/v2\/product_brand?post=43789"},{"taxonomy":"product_cat","embeddable":true,"href":"https:\/\/bazaar.express\/sk\/wp-json\/wp\/v2\/product_cat?post=43789"},{"taxonomy":"product_tag","embeddable":true,"href":"https:\/\/bazaar.express\/sk\/wp-json\/wp\/v2\/product_tag?post=43789"}],"curies":[{"name":"wp","href":"https:\/\/api.w.org\/{rel}","templated":true}]}}