{"id":43793,"date":"2025-09-21T23:59:53","date_gmt":"2025-09-21T23:59:53","guid":{"rendered":"https:\/\/bazaar.express\/product\/mudhawi-arabian-perfume\/"},"modified":"2026-02-20T13:01:17","modified_gmt":"2026-02-20T13:01:17","slug":"mudhawi-arabian-perfume","status":"publish","type":"product","link":"https:\/\/bazaar.express\/sk\/produkt\/mudhawi-arabian-perfume\/","title":{"rendered":"Mudhawi arabsk\u00e9 parfumov\u00e9 oleje"},"content":{"rendered":"<h2 data-start=\"207\" data-end=\"280\"><strong data-start=\"213\" data-end=\"278\">Mudhawi arabsk\u00e9 parfumov\u00e9 oleje \u2013 \u017densk\u00e1 symf\u00f3nia elegancie<\/strong><\/h2>\n<h3 data-start=\"282\" data-end=\"333\">\u00a0Objavte podstatu parfumov\u00e9ho oleja Mudhawi<\/h3>\n<p data-start=\"334\" data-end=\"712\">Vst\u00fapte do sveta sofistikovanosti s <strong data-start=\"375\" data-end=\"406\">Mudhawi arabsk\u00fdm parfumov\u00fdm olejom<\/strong>, v\u00f4\u0148ou vytvorenou na stelesnenie nad\u010dasovej \u017eenskosti a pr\u00ed\u0165a\u017eliv\u00e9ho \u0161armu. In\u0161pirovan\u00fd arabsk\u00fdmi trad\u00edciami, no navrhnut\u00fd pre modern\u00fa \u017eenu, tento koncentrovan\u00fd parfumov\u00fd olej sp\u00e1ja pr\u00edrodn\u00e9 bohatstvo s jemn\u00fdm umen\u00edm, \u010d\u00edm prin\u00e1\u0161a svie\u017eu, kvetinov\u00fa a neodolate\u013ene \u017eensk\u00fa auru, ktor\u00e1 vydr\u017e\u00ed od \u00fasvitu po s\u00famrak.<\/p>\n<p data-start=\"714\" data-end=\"1004\">Na rozdiel od be\u017en\u00fdch sprejov pon\u00faka <strong data-start=\"738\" data-end=\"761\">Mudhawi parfumov\u00fd olej<\/strong> bezalkoholov\u00fd vzorec, ktor\u00fd sa top\u00ed do poko\u017eky a uvo\u013e\u0148uje vlny v\u00f4ne pri ka\u017edom elegantnom pohybe. Jeho luxusn\u00e1 text\u00fara zaru\u010duje hladk\u00fa, netu\u010dn\u00fa aplik\u00e1ciu, pri\u010dom va\u0161u poko\u017eku nech\u00e1va jemn\u00fa, \u017eiariv\u00fa a n\u00e1dherne vo\u0148av\u00fa.<\/p>\n<h3 data-start=\"1011\" data-end=\"1069\">\u00a0Cesta cez noty \u2013 Od svie\u017eosti k zvodnosti<\/h3>\n<p data-start=\"1070\" data-end=\"1110\">Mudhawi sa rozv\u00edja ako poetick\u00e1 cesta:<\/p>\n<ul data-start=\"1112\" data-end=\"1559\">\n<li data-start=\"1112\" data-end=\"1263\">\n<p data-start=\"1114\" data-end=\"1263\"><strong data-start=\"1114\" data-end=\"1128\">Vrchn\u00e9 noty:<\/strong> Iskriv\u00fd v\u00fdbuch <strong data-start=\"1150\" data-end=\"1197\">broskyne, kvetu jablone a kvetu anan\u00e1su<\/strong> otv\u00e1ra v\u00f4\u0148u ovocnou svie\u017eos\u0165ou a mladistvou energiou.<\/p>\n<\/li>\n<li data-start=\"1264\" data-end=\"1400\">\n<p data-start=\"1266\" data-end=\"1400\"><strong data-start=\"1266\" data-end=\"1282\">Srdcov\u00e9 noty:<\/strong> Kvetinov\u00e9 srdce rozkvit\u00e1 <strong data-start=\"1312\" data-end=\"1348\">jasm\u00ednom, tuberozou a divou ru\u017eou<\/strong>, \u010d\u00edm tk\u00e1 romantick\u00fa a zmyseln\u00fa kyticu.<\/p>\n<\/li>\n<li data-start=\"1401\" data-end=\"1559\">\n<p data-start=\"1403\" data-end=\"1559\"><strong data-start=\"1403\" data-end=\"1418\">Z\u00e1kladn\u00e9 noty:<\/strong> Nakoniec sa usad\u00ed do <strong data-start=\"1444\" data-end=\"1484\">jemn\u00e9ho pi\u017ema, pa\u010duli a tepl\u00fdch drev\u00edn<\/strong>, \u010d\u00edm zanech\u00e1va o\u010daruj\u00facu stopu, ktor\u00e1 \u0161epk\u00e1 eleganciu a intimitu.<\/p>\n<\/li>\n<\/ul>\n<p data-start=\"1561\" data-end=\"1696\">T\u00e1to harmonick\u00e1 zmes rob\u00ed z Mudhawi v\u0161estrann\u00fa v\u00f4\u0148u \u2013 ide\u00e1lnu na denn\u00e9 nosenie, profesion\u00e1lne prostredie alebo int\u00edmne ve\u010dern\u00e9 chv\u00edle.<\/p>\n<h3 data-start=\"1703\" data-end=\"1743\">\u00a0Pre\u010do si vybra\u0165 parfumov\u00fd olej Mudhawi?<\/h3>\n<ul data-start=\"1744\" data-end=\"2045\">\n<li data-start=\"1744\" data-end=\"1813\">\n<p data-start=\"1746\" data-end=\"1813\">\u2714 <strong data-start=\"1748\" data-end=\"1779\">Dlhotrvaj\u00faci a koncentrovan\u00fd<\/strong> \u2013 vydr\u017e\u00ed na va\u0161ej poko\u017eke hodiny.<\/p>\n<\/li>\n<li data-start=\"1814\" data-end=\"1886\">\n<p data-start=\"1816\" data-end=\"1886\">\u2714 <strong data-start=\"1818\" data-end=\"1848\">\u013dahk\u00fd roll-on dizajn<\/strong> \u2013 prenosn\u00fd a jednoduch\u00fd na pou\u017eitie kedyko\u013evek.<\/p>\n<\/li>\n<li data-start=\"1887\" data-end=\"1953\">\n<p data-start=\"1889\" data-end=\"1953\">\u2714 <strong data-start=\"1891\" data-end=\"1922\">Pr\u00e9miov\u00e9 pr\u00edrodn\u00e9 ingrediencie<\/strong> \u2013 bez drsn\u00fdch chemik\u00e1li\u00ed.<\/p>\n<\/li>\n<li data-start=\"1954\" data-end=\"2045\">\n<p data-start=\"1956\" data-end=\"2045\">\u2714 <strong data-start=\"1958\" data-end=\"1993\">Autentick\u00e9 arabsk\u00e9 remeslo<\/strong> \u2013 zakorenen\u00e9 v trad\u00edcii, navrhnut\u00e9 pre modern\u00e9 \u017eeny.<\/p>\n<\/li>\n<\/ul>\n<h3 data-start=\"2052\" data-end=\"2098\">\u00a0Ide\u00e1lne na dar\u010deky a osobn\u00fd luxus<\/h3>\n<p data-start=\"2099\" data-end=\"2355\">Elegantne balen\u00fd parfumov\u00fd olej Mudhawi je skvel\u00fdm <strong data-start=\"2157\" data-end=\"2175\">dar\u010dekom pre \u017eeny<\/strong>, ktor\u00e9 oce\u0148uj\u00fa kvalitu a autenticitu. \u010ci u\u017e ide o narodeniny, v\u00fdro\u010die alebo osobn\u00e9 pote\u0161enie, t\u00e1to v\u00f4\u0148a oslavuje sebavedomie, milos\u0165 a nad\u010dasov\u00fa \u017eenskos\u0165.<\/p>\n<p data-start=\"2357\" data-end=\"2499\">Dostupn\u00fd v\u00fdhradne v <strong data-start=\"2382\" data-end=\"2400\">Bazaar Express<\/strong>, Mudhawi je viac ne\u017e parfum \u2013 je to vyjadrenie elegancie a poklad arabsk\u00e9ho umenia.<\/p>\n<h3 data-start=\"2506\" data-end=\"2527\">\u00a0Mo\u017enosti ve\u013ekosti<\/h3>\n<ul data-start=\"2528\" data-end=\"2578\">\n<li data-start=\"2528\" data-end=\"2552\">\n<p data-start=\"2530\" data-end=\"2552\"><strong data-start=\"2530\" data-end=\"2550\">Pol tola (6 ml)<\/strong><\/p>\n<\/li>\n<li data-start=\"2553\" data-end=\"2578\">\n<p data-start=\"2555\" data-end=\"2578\"><strong data-start=\"2555\" data-end=\"2576\">Pln\u00e1 tola (12 ml)<\/strong><\/p>\n<\/li>\n<\/ul>\n<h2 data-start=\"2585\" data-end=\"2630\">\u00a0Prijmite \u017eensk\u00fa m\u00e1giu Mudhawi<\/h2>\n<p data-start=\"2631\" data-end=\"2857\">S svojimi o\u010daruj\u00facimi vrstvami ovocnej svie\u017eosti, kvetinovej romantiky a mu\u0161k\u00e1tov\u00e9ho tepla nie je <strong data-start=\"2714\" data-end=\"2745\">Mudhawi arabsk\u00fd parfumov\u00fd olej<\/strong> len v\u00f4\u0148ou \u2013 je to spolo\u010dn\u00edk \u017eivotn\u00e9ho \u0161t\u00fdlu, ktor\u00fd men\u00ed ka\u017edodenn\u00e9 chv\u00edle na nezabudnute\u013en\u00e9 z\u00e1\u017eitky.<\/p>\n<p data-start=\"2859\" data-end=\"2967\">\u00a0N\u00e1jdite svoju podpisov\u00fa v\u00f4\u0148u s Mudhawi, dostupn\u00fa teraz v <strong data-start=\"2918\" data-end=\"2964\">Bazaar Express s medzin\u00e1rodnou dopravou<\/strong>.<\/p>\n<p style=\"text-align: center;\">\u010eakujeme za n\u00e1kup v <a href=\"https:\/\/bazaar.express\/sk\/\">Bazaar Express<\/a> \u2013 te\u0161\u00edme sa na v\u00e1s!<\/p>\n<p style=\"text-align: center;\">Presk\u00famajte na\u0161u <a href=\"https:\/\/bazaar.express\/sk\/fragrance-collection\/\">Kolekciu v\u00f4n\u00ed<\/a> luxusn\u00fdch parfumov.<\/p>\n","protected":false},"excerpt":{"rendered":"<h3 data-start=\"3264\" data-end=\"3457\">Za\u017eite parfumov\u00fd olej Mudhawi \u2013 luxusn\u00fa arabsky in\u0161pirovan\u00fa v\u00f4\u0148u sp\u00e1jaj\u00facu ovocn\u00e9, kvetinov\u00e9 a mu\u0161k\u00e1tov\u00e9 noty. Dlhotrvaj\u00faca a elegantn\u00e1, ide\u00e1lna pre \u017eeny.<\/h3>\n","protected":false},"featured_media":43794,"comment_status":"open","ping_status":"closed","template":"","meta":[],"product_brand":[],"product_cat":[1174,1167],"product_tag":[1660,1652,1659,1655],"class_list":{"0":"post-43793","1":"product","2":"type-product","3":"status-publish","4":"has-post-thumbnail","6":"product_cat-kolekcia-voni","7":"product_cat-najlepsie-z-egypta","8":"product_tag-masaz","9":"product_tag-olej","10":"product_tag-parfem","11":"product_tag-starostlivost-o-krasu","13":"first","14":"instock","15":"sale","16":"shipping-taxable","17":"purchasable","18":"product-type-variable"},"_links":{"self":[{"href":"https:\/\/bazaar.express\/sk\/wp-json\/wp\/v2\/product\/43793","targetHints":{"allow":["GET"]}}],"collection":[{"href":"https:\/\/bazaar.express\/sk\/wp-json\/wp\/v2\/product"}],"about":[{"href":"https:\/\/bazaar.express\/sk\/wp-json\/wp\/v2\/types\/product"}],"replies":[{"embeddable":true,"href":"https:\/\/bazaar.express\/sk\/wp-json\/wp\/v2\/comments?post=43793"}],"wp:featuredmedia":[{"embeddable":true,"href":"https:\/\/bazaar.express\/sk\/wp-json\/wp\/v2\/media\/43794"}],"wp:attachment":[{"href":"https:\/\/bazaar.express\/sk\/wp-json\/wp\/v2\/media?parent=43793"}],"wp:term":[{"taxonomy":"product_brand","embeddable":true,"href":"https:\/\/bazaar.express\/sk\/wp-json\/wp\/v2\/product_brand?post=43793"},{"taxonomy":"product_cat","embeddable":true,"href":"https:\/\/bazaar.express\/sk\/wp-json\/wp\/v2\/product_cat?post=43793"},{"taxonomy":"product_tag","embeddable":true,"href":"https:\/\/bazaar.express\/sk\/wp-json\/wp\/v2\/product_tag?post=43793"}],"curies":[{"name":"wp","href":"https:\/\/api.w.org\/{rel}","templated":true}]}}