{"id":43809,"date":"2025-08-26T00:26:30","date_gmt":"2025-08-26T00:26:30","guid":{"rendered":"https:\/\/bazaar.express\/product\/anti-ageing-cream\/"},"modified":"2026-02-20T13:01:19","modified_gmt":"2026-02-20T13:01:19","slug":"anti-ageing-cream","status":"publish","type":"product","link":"https:\/\/bazaar.express\/sk\/produkt\/anti-ageing-cream\/","title":{"rendered":"Protistarn\u00faci kr\u00e9m"},"content":{"rendered":"<h2 data-start=\"233\" data-end=\"292\">Protistarn\u00faci kr\u00e9m \u2013 Queen Gold Collagen Kr\u00e9m<\/h2>\n<h3 data-start=\"294\" data-end=\"340\">Rozmaznajte svoju ple\u0165 silou zlata<\/h3>\n<p data-start=\"341\" data-end=\"738\">Starnutie je prirodzen\u00fd proces, ale s vhodn\u00fdm <strong data-start=\"389\" data-end=\"410\">protistarn\u00facim kr\u00e9mom<\/strong> ho m\u00f4\u017eete spomali\u0165, zn\u00ed\u017ei\u0165 vr\u00e1sky a vr\u00e1ti\u0165 pleti jej ml\u00e1de\u017en\u00edcky lesk. <strong data-start=\"493\" data-end=\"522\">Queen Gold Collagen Kr\u00e9m<\/strong> je luxusn\u00fd egyptsk\u00fd poklad v oblasti starostlivosti o ple\u0165, starostlivo vyroben\u00fd s <strong data-start=\"589\" data-end=\"642\">24K zlatom, hydrolyzovan\u00fdm kolag\u00e9nom a vitam\u00ednmi A &#038; E<\/strong> na boj proti vidite\u013en\u00fdm znakom starnutia, obnovenie pevnosti a ochranu pred environment\u00e1lnym po\u0161koden\u00edm.<\/p>\n<p data-start=\"740\" data-end=\"937\">Tento pr\u00e9miov\u00fd <strong data-start=\"753\" data-end=\"774\">protistarn\u00faci kr\u00e9m<\/strong> nie je len hydrata\u010dn\u00fd prostriedok \u2013 je to kompletn\u00e1 omladzuj\u00faca lie\u010dba navrhnut\u00e1 na hydrat\u00e1ciu, rozjasnenie a ochranu va\u0161ej pleti pri s\u00fa\u010dasnom zni\u017eovan\u00ed vzh\u013eadu vr\u00e1sok.<\/p>\n<h3 data-start=\"944\" data-end=\"994\"> K\u013e\u00fa\u010dov\u00e9 v\u00fdhody Queen Gold Collagen Kr\u00e9mu<\/h3>\n<h4 data-start=\"996\" data-end=\"1034\">1. Pokro\u010dil\u00fd \u00fa\u010dinok proti vr\u00e1skam<\/h4>\n<ul data-start=\"1035\" data-end=\"1210\">\n<li data-start=\"1035\" data-end=\"1094\">\n<p data-start=\"1037\" data-end=\"1094\">Vyhladzuje hlbok\u00e9 vr\u00e1sky, jemn\u00e9 linky a labie vr\u00e1sky.<\/p>\n<\/li>\n<li data-start=\"1095\" data-end=\"1148\">\n<p data-start=\"1097\" data-end=\"1148\">Zlep\u0161uje text\u00faru pleti pre pevnej\u0161\u00ed, pln\u0161\u00ed vzh\u013ead.<\/p>\n<\/li>\n<li data-start=\"1149\" data-end=\"1210\">\n<p data-start=\"1151\" data-end=\"1210\">Cieli na vidite\u013en\u00e9 znaky starnutia pre dlhotrvaj\u00face v\u00fdsledky.<\/p>\n<\/li>\n<\/ul>\n<h4 data-start=\"1212\" data-end=\"1255\">2. Zlatom obohaten\u00e1 formula pre \u017eiarivos\u0165<\/h4>\n<ul data-start=\"1256\" data-end=\"1420\">\n<li data-start=\"1256\" data-end=\"1309\">\n<p data-start=\"1258\" data-end=\"1309\">Skuto\u010dn\u00e9 <strong data-start=\"1263\" data-end=\"1285\">\u010dastice 24K zlata<\/strong> podporuj\u00fa obnovu buniek.<\/p>\n<\/li>\n<li data-start=\"1310\" data-end=\"1365\">\n<p data-start=\"1312\" data-end=\"1365\">Zlep\u0161uje absorpciu kysl\u00edka v pleti a prirodzen\u00fd lesk.<\/p>\n<\/li>\n<li data-start=\"1366\" data-end=\"1420\">\n<p data-start=\"1368\" data-end=\"1420\">Poskytuje antioxida\u010dn\u00fa a antibakteri\u00e1lnu ochranu.<\/p>\n<\/li>\n<\/ul>\n<h4 data-start=\"1422\" data-end=\"1459\">3. H\u013abkov\u00e1 hydrat\u00e1cia &#038; pru\u017enos\u0165<\/h4>\n<ul data-start=\"1460\" data-end=\"1626\">\n<li data-start=\"1460\" data-end=\"1512\">\n<p data-start=\"1462\" data-end=\"1512\">Hydrolyzovan\u00fd kolag\u00e9n prenik\u00e1 cez bari\u00e9ru pleti.<\/p>\n<\/li>\n<li data-start=\"1513\" data-end=\"1567\">\n<p data-start=\"1515\" data-end=\"1567\">Zvy\u0161uje pru\u017enos\u0165 a uzamyk\u00e1 esenci\u00e1lnu vlhkos\u0165.<\/p>\n<\/li>\n<li data-start=\"1568\" data-end=\"1626\">\n<p data-start=\"1570\" data-end=\"1626\">Chr\u00e1ni pred suchos\u0165ou sp\u00f4sobenou drsn\u00fdm prostred\u00edm.<\/p>\n<\/li>\n<\/ul>\n<h4 data-start=\"1628\" data-end=\"1664\">4. Ochrana pred slnkom &#038; zne\u010disten\u00edm<\/h4>\n<ul data-start=\"1665\" data-end=\"1832\">\n<li data-start=\"1665\" data-end=\"1717\">\n<p data-start=\"1667\" data-end=\"1717\">Obohaten\u00fd o <strong data-start=\"1681\" data-end=\"1714\">oxid titani\u010dit\u00fd &#038; oxid zino\u010dnat\u00fd<\/strong>.<\/p>\n<\/li>\n<li data-start=\"1718\" data-end=\"1761\">\n<p data-start=\"1720\" data-end=\"1761\">Chr\u00e1ni ple\u0165 pred \u0161kodliv\u00fdmi UVA\/UVB l\u00fa\u010dmi.<\/p>\n<\/li>\n<li data-start=\"1762\" data-end=\"1832\">\n<p data-start=\"1764\" data-end=\"1832\">Zabra\u0148uje pred\u010dasn\u00e9mu starnutiu a pigment\u00e1cii sp\u00f4soben\u00fdm slne\u010dn\u00fdm \u017eiaren\u00edm.<\/p>\n<\/li>\n<\/ul>\n<h4 data-start=\"1834\" data-end=\"1872\">5. Rozjasnenie pleti &#038; rovnomern\u00fd t\u00f3n<\/h4>\n<ul data-start=\"1873\" data-end=\"2013\">\n<li data-start=\"1873\" data-end=\"1919\">\n<p data-start=\"1875\" data-end=\"1919\">Pom\u00e1ha zosvetli\u0165 tmav\u00e9 \u0161kvrny a pigment\u00e1ciu.<\/p>\n<\/li>\n<li data-start=\"1920\" data-end=\"1967\">\n<p data-start=\"1922\" data-end=\"1967\">Podporuje \u017eiariv\u00fd, rovnomern\u00fd t\u00f3n pleti.<\/p>\n<\/li>\n<li data-start=\"1968\" data-end=\"2013\">\n<p data-start=\"1970\" data-end=\"2013\">Obnovuje prirodzen\u00fa vitalitu a jas.<\/p>\n<\/li>\n<\/ul>\n<h4 data-start=\"2015\" data-end=\"2055\">6. Vitam\u00ednmi poh\u00e1\u0148an\u00e1 v\u00fd\u017eiva pleti<\/h4>\n<ul data-start=\"2056\" data-end=\"2241\">\n<li data-start=\"2056\" data-end=\"2105\">\n<p data-start=\"2058\" data-end=\"2105\"><strong data-start=\"2058\" data-end=\"2071\">Vitam\u00edn A<\/strong> stimuluje tvorbu kolag\u00e9nu.<\/p>\n<\/li>\n<li data-start=\"2106\" data-end=\"2180\">\n<p data-start=\"2108\" data-end=\"2180\"><strong data-start=\"2108\" data-end=\"2121\">Vitam\u00edn E<\/strong> vy\u017eivuje bunky pleti a chr\u00e1ni pred vo\u013en\u00fdmi radik\u00e1lmi.<\/p>\n<\/li>\n<li data-start=\"2181\" data-end=\"2241\">\n<p data-start=\"2183\" data-end=\"2241\">Posil\u0148uje bari\u00e9ru pleti pre dlhodob\u00fa mlados\u0165.<\/p>\n<\/li>\n<\/ul>\n<h3 data-start=\"2248\" data-end=\"2295\"> Kto by mal pou\u017e\u00edva\u0165 tento protistarn\u00faci kr\u00e9m?<\/h3>\n<ul data-start=\"2296\" data-end=\"2536\">\n<li data-start=\"2296\" data-end=\"2353\">\n<p data-start=\"2298\" data-end=\"2353\">Ktoko\u013evek, kto chce <strong data-start=\"2316\" data-end=\"2350\">zn\u00ed\u017ei\u0165 vr\u00e1sky a jemn\u00e9 linky<\/strong>.<\/p>\n<\/li>\n<li data-start=\"2354\" data-end=\"2416\">\n<p data-start=\"2356\" data-end=\"2416\">Jedinci h\u013eadaj\u00faci <strong data-start=\"2376\" data-end=\"2413\">pevnej\u0161iu, pln\u0161iu a \u017eiariv\u00fa ple\u0165<\/strong>.<\/p>\n<\/li>\n<li data-start=\"2417\" data-end=\"2473\">\n<p data-start=\"2419\" data-end=\"2473\">T\u00ed, ktor\u00ed potrebuj\u00fa <strong data-start=\"2435\" data-end=\"2470\">hydrata\u010dn\u00fd kr\u00e9m s ochranou pred slnkom<\/strong>.<\/p>\n<\/li>\n<li data-start=\"2474\" data-end=\"2536\">\n<p data-start=\"2476\" data-end=\"2536\">Vhodn\u00fd pre <strong data-start=\"2489\" data-end=\"2507\">v\u0161etky typy pleti<\/strong>, vr\u00e1tane citlivej pleti.<\/p>\n<\/li>\n<\/ul>\n<h3 data-start=\"2543\" data-end=\"2562\"> Ako pou\u017e\u00edva\u0165<\/h3>\n<ol data-start=\"2563\" data-end=\"2811\">\n<li data-start=\"2563\" data-end=\"2606\">\n<p data-start=\"2566\" data-end=\"2606\">D\u00f4kladne vy\u010distite tv\u00e1r a krk.<\/p>\n<\/li>\n<li data-start=\"2607\" data-end=\"2672\">\n<p data-start=\"2610\" data-end=\"2672\">Naneste mal\u00e9 mno\u017estvo kr\u00e9mu ka\u017ed\u00e9 <strong data-start=\"2646\" data-end=\"2669\">r\u00e1no a ve\u010der<\/strong>.<\/p>\n<\/li>\n<li data-start=\"2673\" data-end=\"2745\">\n<p data-start=\"2676\" data-end=\"2745\">Jemne mas\u00edrujte <strong data-start=\"2694\" data-end=\"2721\">v smere po obvode nahor<\/strong>, k\u00fdm sa plne nevstreb\u00e1.<\/p>\n<\/li>\n<li data-start=\"2746\" data-end=\"2811\">\n<p data-start=\"2749\" data-end=\"2811\">Pou\u017e\u00edvajte denne pre najlep\u0161ie v\u00fdsledky ako s\u00fa\u010das\u0165 va\u0161ej rutiny starostlivosti o ple\u0165.<\/p>\n<\/li>\n<\/ol>\n<h3 data-start=\"2818\" data-end=\"2838\"> Zlo\u017eenie<\/h3>\n<ul data-start=\"2839\" data-end=\"3099\">\n<li data-start=\"2839\" data-end=\"2865\">\n<p data-start=\"2841\" data-end=\"2865\"><strong data-start=\"2841\" data-end=\"2863\">\u010castice 24K zlata<\/strong><\/p>\n<\/li>\n<li data-start=\"2866\" data-end=\"2893\">\n<p data-start=\"2868\" data-end=\"2893\"><strong data-start=\"2868\" data-end=\"2891\">Hydrolyzovan\u00fd kolag\u00e9n<\/strong><\/p>\n<\/li>\n<li data-start=\"2894\" data-end=\"2944\">\n<p data-start=\"2896\" data-end=\"2944\"><strong data-start=\"2896\" data-end=\"2942\">Olej z sladk\u00fdch mandl\u00ed (Prunus Amygdalus Dulcis)<\/strong><\/p>\n<\/li>\n<li data-start=\"2945\" data-end=\"2998\">\n<p data-start=\"2947\" data-end=\"2998\"><strong data-start=\"2947\" data-end=\"2980\">Oxid titani\u010dit\u00fd &#038; oxid zino\u010dnat\u00fd<\/strong> (ochrana UV)<\/p>\n<\/li>\n<li data-start=\"2999\" data-end=\"3029\">\n<p data-start=\"3001\" data-end=\"3029\"><strong data-start=\"3001\" data-end=\"3027\">Octocrylen &#038; glycer\u00edn<\/strong><\/p>\n<\/li>\n<li data-start=\"3030\" data-end=\"3059\">\n<p data-start=\"3032\" data-end=\"3059\"><strong data-start=\"3032\" data-end=\"3057\">Vitam\u00edn A &#038; vitam\u00edn E<\/strong><\/p>\n<\/li>\n<li data-start=\"3060\" data-end=\"3099\">\n<p data-start=\"3062\" data-end=\"3099\">Ostatn\u00e9 pr\u00edrodn\u00e9 vy\u017eivuj\u00face zlo\u017eky<\/p>\n<\/li>\n<\/ul>\n<h3 data-start=\"3106\" data-end=\"3126\"> Upozornenia<\/h3>\n<ul data-start=\"3127\" data-end=\"3267\">\n<li data-start=\"3127\" data-end=\"3153\">\n<p data-start=\"3129\" data-end=\"3153\">Len na vonkaj\u0161ie pou\u017eitie.<\/p>\n<\/li>\n<li data-start=\"3154\" data-end=\"3189\">\n<p data-start=\"3156\" data-end=\"3189\">Vyhnite sa priamemu kontaktu s o\u010dami.<\/p>\n<\/li>\n<li data-start=\"3190\" data-end=\"3232\">\n<p data-start=\"3192\" data-end=\"3232\">Skladujte pod 30 \u00b0C na chladnom a suchom mieste.<\/p>\n<\/li>\n<li data-start=\"3233\" data-end=\"3267\">\n<p data-start=\"3235\" data-end=\"3267\">Dr\u017ete mimo dosahu det\u00ed.<\/p>\n<\/li>\n<\/ul>\n<p data-start=\"3320\" data-end=\"3593\"><strong data-start=\"3324\" data-end=\"3365\">Queen Gold Collagen Protistarn\u00faci kr\u00e9m<\/strong> je viac ne\u017e len starostlivos\u0165 o ple\u0165 \u2013 je to luxusn\u00fd ritu\u00e1l, ktor\u00fd sp\u00e1ja <strong data-start=\"3428\" data-end=\"3474\">starovek\u00e9 kr\u00e1sne tajomstv\u00e1 s modernou vedou<\/strong>. Denn\u00fdm pou\u017e\u00edvan\u00edm tohto kr\u00e9mu si u\u017eijete hlad\u0161iu ple\u0165, zn\u00ed\u017een\u00e9 vr\u00e1sky, jasnej\u0161\u00ed t\u00f3n a dlhotrvaj\u00facu hydrat\u00e1ciu.<\/p>\n<p data-start=\"3595\" data-end=\"3736\">Vyroben\u00fd v Egypte s pr\u00e9miov\u00fdmi ingredienciami, tento <strong data-start=\"3640\" data-end=\"3661\">protistarn\u00faci kr\u00e9m<\/strong> poskytuje zlat\u00fd \u0161tandard redukcie vr\u00e1sok a revitaliz\u00e1cie pleti.<\/p>\n<p data-start=\"3738\" data-end=\"3813\"> Za\u017eite transform\u00e1ciu \u2013 odha\u013ete svoju zlat\u00fa \u00e9ru kr\u00e1sy dnes.<\/p>\n<p style=\"text-align: center;\">\u010eakujeme za n\u00e1kup v <a href=\"https:\/\/bazaar.express\/sk\/\">Bazaar Express<\/a> \u2013 te\u0161\u00ed n\u00e1s, \u017ee ste tu!<\/p>\n<p style=\"text-align: center;\">Va\u0161a cesta k lep\u0161ej starostlivosti o seba za\u010d\u00edna tu \u2013 s <a href=\"https:\/\/bazaar.express\/product-category\/beauty-care\/\">Beauty &#038; Care<\/a>, na ktor\u00fa sa m\u00f4\u017eete spo\u013eahn\u00fa\u0165.<\/p>\n","protected":false},"excerpt":{"rendered":"<h3 data-start=\"4119\" data-end=\"4295\">Luxusn\u00fd egyptsk\u00fd protistarn\u00faci kr\u00e9m s 24K zlatom, hydrolyzovan\u00fdm kolag\u00e9nom a vitam\u00ednmi. Zni\u017euje vr\u00e1sky, hydratuje a obnovuje prirodzen\u00fd lesk pleti.<\/h3>\n","protected":false},"featured_media":43810,"comment_status":"open","ping_status":"closed","template":"","meta":[],"product_brand":[],"product_cat":[1160,1167],"product_tag":[1652,1655,1654,1656],"class_list":{"0":"post-43809","1":"product","2":"type-product","3":"status-publish","4":"has-post-thumbnail","6":"product_cat-starostlivost-o-krasu","7":"product_cat-najlepsie-z-egypta","8":"product_tag-olej","9":"product_tag-starostlivost-o-krasu","10":"product_tag-starostlivost-o-plet","11":"product_tag-tavie-mlieko","13":"first","14":"instock","15":"shipping-taxable","16":"purchasable","17":"product-type-simple"},"_links":{"self":[{"href":"https:\/\/bazaar.express\/sk\/wp-json\/wp\/v2\/product\/43809","targetHints":{"allow":["GET"]}}],"collection":[{"href":"https:\/\/bazaar.express\/sk\/wp-json\/wp\/v2\/product"}],"about":[{"href":"https:\/\/bazaar.express\/sk\/wp-json\/wp\/v2\/types\/product"}],"replies":[{"embeddable":true,"href":"https:\/\/bazaar.express\/sk\/wp-json\/wp\/v2\/comments?post=43809"}],"wp:featuredmedia":[{"embeddable":true,"href":"https:\/\/bazaar.express\/sk\/wp-json\/wp\/v2\/media\/43810"}],"wp:attachment":[{"href":"https:\/\/bazaar.express\/sk\/wp-json\/wp\/v2\/media?parent=43809"}],"wp:term":[{"taxonomy":"product_brand","embeddable":true,"href":"https:\/\/bazaar.express\/sk\/wp-json\/wp\/v2\/product_brand?post=43809"},{"taxonomy":"product_cat","embeddable":true,"href":"https:\/\/bazaar.express\/sk\/wp-json\/wp\/v2\/product_cat?post=43809"},{"taxonomy":"product_tag","embeddable":true,"href":"https:\/\/bazaar.express\/sk\/wp-json\/wp\/v2\/product_tag?post=43809"}],"curies":[{"name":"wp","href":"https:\/\/api.w.org\/{rel}","templated":true}]}}