{"id":43815,"date":"2025-08-25T12:59:55","date_gmt":"2025-08-25T12:59:55","guid":{"rendered":"https:\/\/bazaar.express\/product\/collagen-cream-5\/"},"modified":"2026-02-20T13:01:20","modified_gmt":"2026-02-20T13:01:20","slug":"collagen-cream-5","status":"publish","type":"product","link":"https:\/\/bazaar.express\/sk\/produkt\/collagen-cream-5\/","title":{"rendered":"Kollag\u00e9nov\u00fd kr\u00e9m \u2013 Najlep\u0161\u00ed protistarn\u00faci s vitam\u00ednmi C a E"},"content":{"rendered":"<h2 data-start=\"266\" data-end=\"362\">Kollag\u00e9nov\u00fd kr\u00e9m Map Queen \u2013 Najlep\u0161ie rie\u0161enie proti starnutiu a vrink\u00e1m s vitam\u00ednmi C a E<\/h2>\n<p data-start=\"364\" data-end=\"837\">Ak ide o dosiahnutie mladej, \u017eiarivej a bez vr\u00e1sok pleti, <strong data-start=\"433\" data-end=\"451\">kollag\u00e9nov\u00fd kr\u00e9m<\/strong> je jedn\u00fdm z najsilnej\u0161\u00edch rie\u0161en\u00ed starostlivosti o ple\u0165 dostupn\u00fdch dnes. Kolag\u00e9n je prote\u00edn zodpovedn\u00fd za elasticitu a pevnos\u0165 pleti, ale s vekom jeho prirodzen\u00e1 produkcia kles\u00e1. To vedie k vrink\u00e1m, poklesu a strate \u017eiarivosti. <strong data-start=\"691\" data-end=\"719\">Kollag\u00e9nov\u00fd kr\u00e9m Map Queen<\/strong> je starostlivo vyvinut\u00fd na obnovenie toho, \u010do \u010das odoberie, \u010d\u00edm va\u0161a ple\u0165 dostane \u0161ancu vyzera\u0165 a c\u00edti\u0165 sa op\u00e4\u0165 mlado.<\/p>\n<h3 data-start=\"844\" data-end=\"894\">\u010co rob\u00ed kollag\u00e9nov\u00fd kr\u00e9m Map Queen \u0161peci\u00e1lnym?<\/h3>\n<p data-start=\"896\" data-end=\"1251\">Na rozdiel od be\u017en\u00fdch zvlh\u010dova\u010dov je tento kr\u00e9m obohaten\u00fd o <strong data-start=\"953\" data-end=\"1051\">kolag\u00e9n, kyselinu hyalur\u00f3nov\u00fa, extrakt z Camellia sinensis (zelen\u00fd \u010daj), kofe\u00edn a vitam\u00edny C a E<\/strong>. Tieto akt\u00edvne zlo\u017eky s\u00fa kombinovan\u00e9 pomocou pokro\u010dilej <strong data-start=\"1109\" data-end=\"1130\">formuly 3D efektu<\/strong>, ktor\u00e1 prenik\u00e1 hlboko do pleti, obnovuje elasticitu, minimalizuje vr\u00e1sky a chr\u00e1ni pred vonkaj\u0161\u00edmi po\u0161kodeniami.<\/p>\n<h3 data-start=\"1258\" data-end=\"1294\">Hlavn\u00e9 v\u00fdhody kollag\u00e9nov\u00e9ho kr\u00e9mu<\/h3>\n<h4 data-start=\"1296\" data-end=\"1320\">Redukcia vr\u00e1sok<\/h4>\n<ul data-start=\"1321\" data-end=\"1489\">\n<li data-start=\"1321\" data-end=\"1381\">\n<p data-start=\"1323\" data-end=\"1381\">Cieli na jemn\u00e9 linky okolo o\u010d\u00ed, \u00fast a \u010dela.<\/p>\n<\/li>\n<li data-start=\"1382\" data-end=\"1442\">\n<p data-start=\"1384\" data-end=\"1442\">Vyhladzuje labie stopky, \u00fasmevov\u00e9 linky a vr\u00e1sky okolo pier.<\/p>\n<\/li>\n<li data-start=\"1443\" data-end=\"1489\">\n<p data-start=\"1445\" data-end=\"1489\">Obnovuje prirodzene mladistv\u00fd, svie\u017ei vzh\u013ead.<\/p>\n<\/li>\n<\/ul>\n<h4 data-start=\"1491\" data-end=\"1525\">Hlbok\u00e1 hydrat\u00e1cia a elasticita<\/h4>\n<ul data-start=\"1526\" data-end=\"1675\">\n<li data-start=\"1526\" data-end=\"1612\">\n<p data-start=\"1528\" data-end=\"1612\"><strong data-start=\"1528\" data-end=\"1547\">Kyselina hyalur\u00f3nov\u00e1<\/strong> uzamyk\u00e1 vlhkos\u0165 a zabra\u0148uje suchosti sp\u00f4soben\u00fdm slnkom alebo starnut\u00edm.<\/p>\n<\/li>\n<li data-start=\"1613\" data-end=\"1675\">\n<p data-start=\"1615\" data-end=\"1675\">Zlep\u0161uje elasticitu pleti pre pevnej\u0161\u00ed, pln\u0161\u00ed vzh\u013ead.<\/p>\n<\/li>\n<\/ul>\n<h4 data-start=\"1677\" data-end=\"1706\">Antioxidantov\u00e1 ochrana<\/h4>\n<ul data-start=\"1707\" data-end=\"1868\">\n<li data-start=\"1707\" data-end=\"1783\">\n<p data-start=\"1709\" data-end=\"1783\"><strong data-start=\"1709\" data-end=\"1722\">Vitam\u00edn C<\/strong> rozjas\u0148uje t\u00f3n pleti a podporuje prirodzen\u00fa synt\u00e9zu kolag\u00e9nu.<\/p>\n<\/li>\n<li data-start=\"1784\" data-end=\"1868\">\n<p data-start=\"1786\" data-end=\"1868\"><strong data-start=\"1786\" data-end=\"1799\">Vitam\u00edn E<\/strong> chr\u00e1ni pred vo\u013en\u00fdmi radik\u00e1lmi, po\u0161koden\u00edm slnkom a environment\u00e1lnym stresom.<\/p>\n<\/li>\n<\/ul>\n<h4 data-start=\"1870\" data-end=\"1899\">Pr\u00edrodn\u00e9 rastlinn\u00e9 extrakty<\/h4>\n<ul data-start=\"1900\" data-end=\"2074\">\n<li data-start=\"1900\" data-end=\"1982\">\n<p data-start=\"1902\" data-end=\"1982\"><strong data-start=\"1902\" data-end=\"1936\">Extrakt z listov Camellia sinensis<\/strong> hlboko hydratuje a spoma\u013euje starnutie pleti.<\/p>\n<\/li>\n<li data-start=\"1983\" data-end=\"2074\">\n<p data-start=\"1985\" data-end=\"2074\"><strong data-start=\"1985\" data-end=\"1997\">Kofe\u00edn<\/strong> podporuje krvn\u00fd obeh, bojuje s opuchmi a redukuje po\u0161kodenia sp\u00f4soben\u00e9 UV \u017eiaren\u00edm.<\/p>\n<\/li>\n<\/ul>\n<h4 data-start=\"2076\" data-end=\"2115\">Bielenie a kontrola pigment\u00e1cie<\/h4>\n<ul data-start=\"2116\" data-end=\"2215\">\n<li data-start=\"2116\" data-end=\"2161\">\n<p data-start=\"2118\" data-end=\"2161\">Redukuje tmav\u00e9 \u0161kvrny a hyperpigment\u00e1ciu.<\/p>\n<\/li>\n<li data-start=\"2162\" data-end=\"2215\">\n<p data-start=\"2164\" data-end=\"2215\">Vyrovn\u00e1va t\u00f3n pleti pre prirodzene \u017eiariv\u00fd lesk.<\/p>\n<\/li>\n<\/ul>\n<h3 data-start=\"2222\" data-end=\"2263\">Ako pou\u017e\u00edva\u0165 kollag\u00e9nov\u00fd kr\u00e9m Map Queen<\/h3>\n<ol data-start=\"2265\" data-end=\"2490\">\n<li data-start=\"2265\" data-end=\"2299\">\n<p data-start=\"2268\" data-end=\"2299\">D\u00f4kladne vy\u010distite ple\u0165.<\/p>\n<\/li>\n<li data-start=\"2300\" data-end=\"2352\">\n<p data-start=\"2303\" data-end=\"2352\">Aplikujte r\u00e1no a ve\u010der na tv\u00e1r a krk.<\/p>\n<\/li>\n<li data-start=\"2353\" data-end=\"2416\">\n<p data-start=\"2356\" data-end=\"2416\">Jemne mas\u00edrujte kruhov\u00fdmi pohybmi, k\u00fdm sa plne nevstreb\u00e1.<\/p>\n<\/li>\n<li data-start=\"2417\" data-end=\"2490\">\n<p data-start=\"2420\" data-end=\"2490\">Pou\u017e\u00edvajte denne pre vidite\u013en\u00e9 v\u00fdsledky v hladkosti, pevnosti a \u017eiarivosti.<\/p>\n<\/li>\n<\/ol>\n<h3 data-start=\"2497\" data-end=\"2539\">Pre\u010do si vybra\u0165 kollag\u00e9nov\u00fd kr\u00e9m Map Queen?<\/h3>\n<ul data-start=\"2541\" data-end=\"2828\">\n<li data-start=\"2541\" data-end=\"2603\">\n<p data-start=\"2543\" data-end=\"2603\">In\u0161pirovan\u00fd <strong data-start=\"2555\" data-end=\"2600\">egyptsk\u00fdmi kr\u00e1snymi ritu\u00e1lmi starovek\u00fdch kr\u00e1\u013eovien<\/strong>.<\/p>\n<\/li>\n<li data-start=\"2604\" data-end=\"2667\">\n<p data-start=\"2606\" data-end=\"2667\">Kombinuje modern\u00fa vedu s pr\u00edrodn\u00fdmi, siln\u00fdmi zlo\u017ekami.<\/p>\n<\/li>\n<li data-start=\"2668\" data-end=\"2760\">\n<p data-start=\"2670\" data-end=\"2760\">Viac ne\u017e len zvlh\u010dova\u010d \u2013 je to <strong data-start=\"2709\" data-end=\"2757\">komplexn\u00e1 protistarn\u00faca a bielenie lie\u010dba<\/strong>.<\/p>\n<\/li>\n<li data-start=\"2761\" data-end=\"2828\">\n<p data-start=\"2763\" data-end=\"2828\">Luxusn\u00e9 balenie, ktor\u00e9 odr\u00e1\u017ea nad\u010dasov\u00fa kr\u00e1su a eleganciu.<\/p>\n<\/li>\n<\/ul>\n<p data-start=\"2830\" data-end=\"2873\"><strong data-start=\"2833\" data-end=\"2850\">Vyroben\u00e9 v Egypte<\/strong><br data-start=\"2850\" data-end=\"2853\" \/><strong data-start=\"2856\" data-end=\"2871\">Ve\u013ekos\u0165: 50 ml<\/strong><\/p>\n<h2 data-start=\"2880\" data-end=\"2899\"><\/h2>\n<p data-start=\"2901\" data-end=\"3203\">Starnutie je prirodzen\u00fd proces, ale s spr\u00e1vnou starostlivos\u0165ou o ple\u0165 m\u00f4\u017eete udr\u017ea\u0165 ple\u0165 mlad\u00fa, \u017eiariv\u00fa a pevn\u00fa. <strong data-start=\"3011\" data-end=\"3039\">Kollag\u00e9nov\u00fd kr\u00e9m Map Queen<\/strong> s <strong data-start=\"3045\" data-end=\"3063\">vitam\u00ednmi C a E<\/strong> je va\u0161e ultim\u00e1tne rie\u0161enie na boj proti vrink\u00e1m, zlep\u0161enie elasticity, rozjasnenie ple\u0165ov\u00e9ho t\u00f3nu a ochranu pleti pred environment\u00e1lnymi stresormi.<\/p>\n<h5 data-start=\"3205\" data-end=\"3322\"> Urobte z neho s\u00fa\u010das\u0165 va\u0161ej dennej rutiny a u\u017e\u00edvajte si nad\u010dasov\u00fa kr\u00e1su \u2013 \u017eiariv\u00fa, hladk\u00fa a sebavedom\u00fa, ako kr\u00e1\u013eovn\u00e1.<\/h5>\n<p>&nbsp;<\/p>\n<p style=\"text-align: center;\">\u010eakujeme za n\u00e1kup v <a href=\"https:\/\/bazaar.express\/sk\/\">Bazaar Express<\/a> \u2013 te\u0161\u00edme sa na v\u00e1s!<\/p>\n<p style=\"text-align: center;\">Va\u0161a cesta k lep\u0161ej starostlivosti o seba za\u010d\u00edna tu \u2013 s <a href=\"https:\/\/bazaar.express\/product-category\/beauty-care\/\">Beauty &#038; Care<\/a>, na ktor\u00fa sa m\u00f4\u017eete spo\u013eahn\u00fa\u0165.<\/p>\n","protected":false},"excerpt":{"rendered":"<h3 data-start=\"372\" data-end=\"565\">Pr\u00e9miov\u00fd kollag\u00e9nov\u00fd kr\u00e9m obohaten\u00fd o vitam\u00edny C a E. Navrhnut\u00fd na boj proti vrink\u00e1m, zv\u00fd\u0161enie elasticity a hlbok\u00fa hydrat\u00e1ciu pre \u017eiariv\u00fa, mladistv\u00fa ple\u0165. Ve\u013ekos\u0165: 50 ml.<\/h3>\n","protected":false},"featured_media":43816,"comment_status":"open","ping_status":"closed","template":"","meta":[],"product_brand":[],"product_cat":[1167,1160],"product_tag":[1652,1653,1655,1654],"class_list":{"0":"post-43815","1":"product","2":"type-product","3":"status-publish","4":"has-post-thumbnail","6":"product_cat-najlepsie-z-egypta","7":"product_cat-starostlivost-o-krasu","8":"product_tag-olej","9":"product_tag-prirodny-olej","10":"product_tag-starostlivost-o-krasu","11":"product_tag-starostlivost-o-plet","13":"first","14":"instock","15":"shipping-taxable","16":"purchasable","17":"product-type-simple"},"_links":{"self":[{"href":"https:\/\/bazaar.express\/sk\/wp-json\/wp\/v2\/product\/43815","targetHints":{"allow":["GET"]}}],"collection":[{"href":"https:\/\/bazaar.express\/sk\/wp-json\/wp\/v2\/product"}],"about":[{"href":"https:\/\/bazaar.express\/sk\/wp-json\/wp\/v2\/types\/product"}],"replies":[{"embeddable":true,"href":"https:\/\/bazaar.express\/sk\/wp-json\/wp\/v2\/comments?post=43815"}],"wp:featuredmedia":[{"embeddable":true,"href":"https:\/\/bazaar.express\/sk\/wp-json\/wp\/v2\/media\/43816"}],"wp:attachment":[{"href":"https:\/\/bazaar.express\/sk\/wp-json\/wp\/v2\/media?parent=43815"}],"wp:term":[{"taxonomy":"product_brand","embeddable":true,"href":"https:\/\/bazaar.express\/sk\/wp-json\/wp\/v2\/product_brand?post=43815"},{"taxonomy":"product_cat","embeddable":true,"href":"https:\/\/bazaar.express\/sk\/wp-json\/wp\/v2\/product_cat?post=43815"},{"taxonomy":"product_tag","embeddable":true,"href":"https:\/\/bazaar.express\/sk\/wp-json\/wp\/v2\/product_tag?post=43815"}],"curies":[{"name":"wp","href":"https:\/\/api.w.org\/{rel}","templated":true}]}}