{"id":43824,"date":"2025-08-19T16:32:06","date_gmt":"2025-08-19T16:32:06","guid":{"rendered":"https:\/\/bazaar.express\/product\/marine-collagen-face-cream\/"},"modified":"2026-02-20T13:01:24","modified_gmt":"2026-02-20T13:01:24","slug":"marine-collagen-face-cream","status":"publish","type":"product","link":"https:\/\/bazaar.express\/sk\/produkt\/marine-collagen-face-cream\/","title":{"rendered":"Morsk\u00fd kolag\u00e9nov\u00fd kr\u00e9m na tv\u00e1r"},"content":{"rendered":"<h2 data-start=\"138\" data-end=\"169\">Morsk\u00fd kolag\u00e9nov\u00fd kr\u00e9m na tv\u00e1r \u2013 Luxusn\u00e1 anti-aging starostlivos\u0165 o ple\u0165 so zlatom a kyselinou hyalur\u00f3novou<\/h2>\n<p data-start=\"190\" data-end=\"615\"><strong data-start=\"190\" data-end=\"220\">Morsk\u00fd kolag\u00e9nov\u00fd kr\u00e9m na tv\u00e1r<\/strong> je luxusn\u00fd anti-aging vzorec navrhnut\u00fd na obnovenie mladosti, pevnosti a \u017eiaru poko\u017eky. S vekom kles\u00e1 na\u0161a prirodzen\u00e1 produkcia kolag\u00e9nu, \u010do vedie k jemn\u00fdm link\u00e1m, vr\u00e1skam, ochabnutiu a suchosti. Tento kr\u00e9m kombinuje <strong data-start=\"446\" data-end=\"465\">morsk\u00fd kolag\u00e9n<\/strong>, kyselinu hyalur\u00f3nov\u00fa, zlato a siln\u00e9 vitam\u00edny na hlbiv\u00e9 v\u00fd\u017eivenie, hydrat\u00e1ciu a revitaliz\u00e1ciu va\u0161ej poko\u017eky \u2013 nech\u00e1va ju pevnej\u0161iu, hlad\u0161iu a \u017eiarivej\u0161iu.<\/p>\n<h3 data-start=\"622\" data-end=\"652\">\u010co je morsk\u00fd kolag\u00e9n?<\/h3>\n<p data-start=\"653\" data-end=\"1004\">Morsk\u00fd kolag\u00e9n je pr\u00e9miov\u00fd prote\u00edn poch\u00e1dzaj\u00faci z mora, zn\u00e1my svojou vysokou biologickou dostupnos\u0165ou a schopnos\u0165ou efekt\u00edvne prenikn\u00fa\u0165 do poko\u017eky. Zohr\u00e1va k\u013e\u00fa\u010dov\u00fa \u00falohu pri udr\u017eiavan\u00ed elasticity, pevnosti a hydrat\u00e1cie poko\u017eky. Dodan\u00edm kolag\u00e9nu priamo do poko\u017eky tento kr\u00e9m podporuje regener\u00e1ciu a pom\u00e1ha redukova\u0165 vidite\u013en\u00e9 znaky starnutia.<\/p>\n<h3 data-start=\"1011\" data-end=\"1059\">Hlavn\u00e9 v\u00fdhody morsk\u00e9ho kolag\u00e9nov\u00e9ho kr\u00e9mu na tv\u00e1r<\/h3>\n<h4 data-start=\"1061\" data-end=\"1098\">\u00a0Dop\u013a\u0148a hladinu kolag\u00e9nu<\/h4>\n<p data-start=\"1099\" data-end=\"1239\">Morsk\u00fd kolag\u00e9n p\u00f4sob\u00ed ako \u201esuperpotravina pre va\u0161u poko\u017eku\u201c, stimuluje obnovu buniek a zvy\u0161uje elasticitu pre pln\u0161\u00ed, mladistv\u00fd vzh\u013ead.<\/p>\n<h4 data-start=\"1241\" data-end=\"1280\">\u00a0Redukuje vr\u00e1sky a jemn\u00e9 linky<\/h4>\n<p data-start=\"1281\" data-end=\"1388\">Pom\u00e1ha vyhladi\u0165 existuj\u00face vr\u00e1sky a oddiali\u0165 tvorbu nov\u00fdch, \u010d\u00edm v\u00e1m poskytne vidite\u013ene mlad\u0161iu poko\u017eku.<\/p>\n<h4 data-start=\"1390\" data-end=\"1421\">\u00a0Pevn\u00ed a stiahne poko\u017eku<\/h4>\n<p data-start=\"1422\" data-end=\"1504\">Zlep\u0161uje elasticitu a zdv\u00edha ochabnut\u00fa poko\u017eku, \u010d\u00edm prirodzene vylep\u0161uje obrysy tv\u00e1re.<\/p>\n<h4 data-start=\"1506\" data-end=\"1551\">\u00a0Hlbiv\u00e1 hydrat\u00e1cia s kyselinou hyalur\u00f3novou<\/h4>\n<p data-start=\"1552\" data-end=\"1632\">Uzamkne vlhkos\u0165 a udr\u017euje poko\u017eku svie\u017eu, m\u00e4kk\u00fa a \u010derstv\u00fa po\u010das cel\u00e9ho d\u0148a.<\/p>\n<h4 data-start=\"1634\" data-end=\"1671\">\u00a0Rozjas\u0148uje a vyrovn\u00e1va t\u00f3n poko\u017eky<\/h4>\n<p data-start=\"1672\" data-end=\"1780\">S vitam\u00ednom C a zlatom pom\u00e1ha vybledn\u00fa\u0165 tmav\u00e9 \u0161kvrny, redukova\u0165 kruhy pod o\u010dami a obnovi\u0165 prirodzen\u00fa \u017eiaru.<\/p>\n<h4 data-start=\"1782\" data-end=\"1814\">\u00a0Antioxidantn\u00e1 ochrana<\/h4>\n<p data-start=\"1815\" data-end=\"1923\">Vitam\u00edn E a retin\u00f3l chr\u00e1nia va\u0161u poko\u017eku pred vo\u013en\u00fdmi radik\u00e1lmi a environment\u00e1lnym stresom, ktor\u00fd ur\u00fdch\u013euje starnutie.<\/p>\n<h3 data-start=\"1930\" data-end=\"1956\">Kompletn\u00fd zoznam ingredienci\u00ed<\/h3>\n<ul data-start=\"1957\" data-end=\"2711\">\n<li data-start=\"1957\" data-end=\"2016\">\n<p data-start=\"1959\" data-end=\"2016\"><strong data-start=\"1959\" data-end=\"1978\">Morsk\u00fd kolag\u00e9n<\/strong> \u2013 obnovuje elasticitu a \u0161trukt\u00faru<\/p>\n<\/li>\n<li data-start=\"2017\" data-end=\"2080\">\n<p data-start=\"2019\" data-end=\"2080\"><strong data-start=\"2019\" data-end=\"2038\">Kyselina hyalur\u00f3nov\u00e1<\/strong> \u2013 intenz\u00edvna hydrat\u00e1cia a plniaci efekt<\/p>\n<\/li>\n<li data-start=\"2081\" data-end=\"2143\">\n<p data-start=\"2083\" data-end=\"2143\"><strong data-start=\"2083\" data-end=\"2099\">Extrakt zo zlata<\/strong> \u2013 rozjas\u0148uj\u00face a revitaliza\u010dn\u00e9 vlastnosti<\/p>\n<\/li>\n<li data-start=\"2144\" data-end=\"2210\">\n<p data-start=\"2146\" data-end=\"2210\"><strong data-start=\"2146\" data-end=\"2179\">Hydrogenovan\u00fd sladk\u00fd mand\u013eov\u00fd olej<\/strong> \u2013 hydratuj\u00faci a zm\u00e4k\u010duj\u00faci<\/p>\n<\/li>\n<li data-start=\"2211\" data-end=\"2268\">\n<p data-start=\"2213\" data-end=\"2268\"><strong data-start=\"2213\" data-end=\"2228\">Dimethik\u00f3n<\/strong> \u2013 hladk\u00e1 text\u00fara a bari\u00e9ra vlhkosti<\/p>\n<\/li>\n<li data-start=\"2269\" data-end=\"2330\">\n<p data-start=\"2271\" data-end=\"2330\"><strong data-start=\"2271\" data-end=\"2300\">Kyselina askorbov\u00e1 (vitam\u00edn C)<\/strong> \u2013 antioxidant a rozjas\u0148uj\u00faci<\/p>\n<\/li>\n<li data-start=\"2331\" data-end=\"2394\">\n<p data-start=\"2333\" data-end=\"2394\"><strong data-start=\"2333\" data-end=\"2367\">Tokoferyl acet\u00e1t (vitam\u00edn E)<\/strong> \u2013 vy\u017eivuje a chr\u00e1ni<\/p>\n<\/li>\n<li data-start=\"2395\" data-end=\"2476\">\n<p data-start=\"2397\" data-end=\"2476\"><strong data-start=\"2397\" data-end=\"2430\">Retinyl palmit\u00e1t (vitam\u00edn A)<\/strong> \u2013 redukuje vr\u00e1sky a podporuje obnovu buniek<\/p>\n<\/li>\n<li data-start=\"2477\" data-end=\"2565\">\n<p data-start=\"2479\" data-end=\"2565\"><strong data-start=\"2479\" data-end=\"2539\">Glycer\u00edn, kyselina stearov\u00e1, cetylalkohol, glyceryl stear\u00e1t<\/strong> \u2013 hydrat\u00e1cia a text\u00fara<\/p>\n<\/li>\n<li data-start=\"2566\" data-end=\"2631\">\n<p data-start=\"2568\" data-end=\"2631\"><strong data-start=\"2568\" data-end=\"2615\">Xanthanov\u00e1 guma, trietanolam\u00edn, disodn\u00fd EDTA<\/strong> \u2013 stabiliz\u00e1tory<\/p>\n<\/li>\n<li data-start=\"2632\" data-end=\"2690\">\n<p data-start=\"2634\" data-end=\"2690\"><strong data-start=\"2634\" data-end=\"2667\">Metylparab\u00e9n, fenoxyetanol<\/strong> \u2013 bezpe\u010dn\u00e9 konzervanty<\/p>\n<\/li>\n<li data-start=\"2691\" data-end=\"2711\">\n<p data-start=\"2693\" data-end=\"2711\"><strong data-start=\"2693\" data-end=\"2709\">Voda (Aqua)<\/strong><\/p>\n<\/li>\n<\/ul>\n<h3 data-start=\"2718\" data-end=\"2742\">In\u0161trukcie na pou\u017eitie<\/h3>\n<ol data-start=\"2743\" data-end=\"2980\">\n<li data-start=\"2743\" data-end=\"2793\">\n<p data-start=\"2746\" data-end=\"2793\">Umyte si tv\u00e1r vodou a jemne osu\u0161te.<\/p>\n<\/li>\n<li data-start=\"2794\" data-end=\"2851\">\n<p data-start=\"2797\" data-end=\"2851\">Naneste mal\u00e9 mno\u017estvo kr\u00e9mu na tv\u00e1r a krk.<\/p>\n<\/li>\n<li data-start=\"2852\" data-end=\"2913\">\n<p data-start=\"2855\" data-end=\"2913\">Mas\u00edrujte nahor po kruhu, k\u00fdm sa plne nevstreb\u00e1.<\/p>\n<\/li>\n<li data-start=\"2914\" data-end=\"2980\">\n<p data-start=\"2917\" data-end=\"2980\">Pre najlep\u0161ie v\u00fdsledky pou\u017e\u00edvajte denne ako s\u00fa\u010das\u0165 va\u0161ej rutiny starostlivosti o ple\u0165.<\/p>\n<\/li>\n<\/ol>\n<h3 data-start=\"2987\" data-end=\"3013\">In\u0161trukcie na skladovanie<\/h3>\n<ul data-start=\"3014\" data-end=\"3127\">\n<li data-start=\"3014\" data-end=\"3056\">\n<p data-start=\"3016\" data-end=\"3056\">Skladujte pri izbovej teplote (pod 30 \u00b0C).<\/p>\n<\/li>\n<li data-start=\"3057\" data-end=\"3092\">\n<p data-start=\"3059\" data-end=\"3092\">Vyhnite sa priamemu slne\u010dn\u00e9mu \u017eiareniu a teplu.<\/p>\n<\/li>\n<li data-start=\"3093\" data-end=\"3127\">\n<p data-start=\"3095\" data-end=\"3127\">Skladujte mimo dosahu det\u00ed.<\/p>\n<\/li>\n<\/ul>\n<h3 data-start=\"3134\" data-end=\"3151\">Opatrenia<\/h3>\n<ul data-start=\"3152\" data-end=\"3317\">\n<li data-start=\"3152\" data-end=\"3178\">\n<p data-start=\"3154\" data-end=\"3178\">Len na vonkaj\u0161ie pou\u017eitie.<\/p>\n<\/li>\n<li data-start=\"3179\" data-end=\"3252\">\n<p data-start=\"3181\" data-end=\"3252\">Vyhnite sa priamemu kontaktu s o\u010dami. Ak d\u00f4jde k kontaktu, okam\u017eite opl\u00e1chnite.<\/p>\n<\/li>\n<li data-start=\"3253\" data-end=\"3317\">\n<p data-start=\"3255\" data-end=\"3317\">Nie je ur\u010den\u00e9 na diagnostiku, lie\u010dbu alebo prevenciu zdravotn\u00fdch stavov.<\/p>\n<\/li>\n<\/ul>\n<h3 data-start=\"3324\" data-end=\"3345\">Podrobnosti o produkte<\/h3>\n<ul data-start=\"3346\" data-end=\"3492\">\n<li data-start=\"3346\" data-end=\"3404\">\n<p data-start=\"3348\" data-end=\"3404\"><strong data-start=\"3348\" data-end=\"3365\">N\u00e1zov produktu:<\/strong> Cleopatra Marine Collagen Face Cream<\/p>\n<\/li>\n<li data-start=\"3405\" data-end=\"3435\">\n<p data-start=\"3407\" data-end=\"3435\"><strong data-start=\"3407\" data-end=\"3419\">Spolo\u010dnos\u0165:<\/strong> R&#038;B Cleopatra<\/p>\n<\/li>\n<li data-start=\"3436\" data-end=\"3465\">\n<p data-start=\"3438\" data-end=\"3465\"><strong data-start=\"3438\" data-end=\"3449\">P\u00f4vod:<\/strong> Vyroben\u00e9 v Egypte<\/p>\n<\/li>\n<li data-start=\"3466\" data-end=\"3492\">\n<p data-start=\"3468\" data-end=\"3492\"><strong data-start=\"3468\" data-end=\"3483\">\u010cist\u00e1 hmotnos\u0165:<\/strong> 250 ml<\/p>\n<\/li>\n<\/ul>\n<h3 data-start=\"3499\" data-end=\"3515\"><\/h3>\n<p data-start=\"3516\" data-end=\"3866\"><strong data-start=\"3520\" data-end=\"3550\">Morsk\u00fd kolag\u00e9nov\u00fd kr\u00e9m na tv\u00e1r<\/strong> je viac ne\u017e len hydrata\u010dn\u00fd kr\u00e9m \u2013 je to kompletn\u00e9 anti-aging rie\u0161enie. Kombin\u00e1ciou morsk\u00e9ho kolag\u00e9nu, zlata, kyseliny hyalur\u00f3novej a esenci\u00e1lnych vitam\u00ednov hlbivo vy\u017eivuje va\u0161u poko\u017eku, redukuje vr\u00e1sky, obnovuje pevnos\u0165 a zvy\u0161uje \u017eiaru. Ide\u00e1lne pre t\u00fdch, ktor\u00ed chc\u00fa mladistv\u00fd lesk a prirodzen\u00e9 zdvihnutie \u2013 ka\u017ed\u00fd de\u0148.<\/p>\n<p data-start=\"3516\" data-end=\"3866\">\n<p style=\"text-align: center;\">\u010eakujeme za n\u00e1kup v <a href=\"https:\/\/bazaar.express\/sk\/\">Bazaar Express<\/a> \u2013 te\u0161\u00edme sa na v\u00e1s!<\/p>\n<p style=\"text-align: center;\">Va\u0161a cesta k lep\u0161ej starostlivosti o seba za\u010d\u00edna tu \u2013 s <a href=\"https:\/\/bazaar.express\/product-category\/beauty-care\/\">Beauty &#038; Care<\/a>, na ktor\u00fa sa m\u00f4\u017eete spo\u013eahn\u00fa\u0165.<\/p>\n","protected":false},"excerpt":{"rendered":"<h3 data-start=\"374\" data-end=\"568\">Pr\u00e9miov\u00fd <strong data-start=\"382\" data-end=\"412\">morsk\u00fd kolag\u00e9nov\u00fd kr\u00e9m na tv\u00e1r<\/strong> inf\u00faziou so zlatom, kyselinou hyalur\u00f3novou a vitam\u00ednmi. Navrhnut\u00fd na hydrat\u00e1ciu, spevnenie a vyhladenie poko\u017eky pri s\u00fa\u010dasnej redukcii vr\u00e1sok a obnove mladistvej \u017eiary.<\/h3>\n","protected":false},"featured_media":43822,"comment_status":"open","ping_status":"closed","template":"","meta":[],"product_brand":[],"product_cat":[1160,1169,1167,1161],"product_tag":[1660,1652,1655,1654],"class_list":{"0":"post-43824","1":"product","2":"type-product","3":"status-publish","4":"has-post-thumbnail","6":"product_cat-starostlivost-o-krasu","7":"product_cat-horuce-ponuky","8":"product_cat-najlepsie-z-egypta","9":"product_cat-terapeuticke-oleje","10":"product_tag-masaz","11":"product_tag-olej","12":"product_tag-starostlivost-o-krasu","13":"product_tag-starostlivost-o-plet","15":"first","16":"instock","17":"sale","18":"shipping-taxable","19":"purchasable","20":"product-type-simple"},"_links":{"self":[{"href":"https:\/\/bazaar.express\/sk\/wp-json\/wp\/v2\/product\/43824","targetHints":{"allow":["GET"]}}],"collection":[{"href":"https:\/\/bazaar.express\/sk\/wp-json\/wp\/v2\/product"}],"about":[{"href":"https:\/\/bazaar.express\/sk\/wp-json\/wp\/v2\/types\/product"}],"replies":[{"embeddable":true,"href":"https:\/\/bazaar.express\/sk\/wp-json\/wp\/v2\/comments?post=43824"}],"wp:featuredmedia":[{"embeddable":true,"href":"https:\/\/bazaar.express\/sk\/wp-json\/wp\/v2\/media\/43822"}],"wp:attachment":[{"href":"https:\/\/bazaar.express\/sk\/wp-json\/wp\/v2\/media?parent=43824"}],"wp:term":[{"taxonomy":"product_brand","embeddable":true,"href":"https:\/\/bazaar.express\/sk\/wp-json\/wp\/v2\/product_brand?post=43824"},{"taxonomy":"product_cat","embeddable":true,"href":"https:\/\/bazaar.express\/sk\/wp-json\/wp\/v2\/product_cat?post=43824"},{"taxonomy":"product_tag","embeddable":true,"href":"https:\/\/bazaar.express\/sk\/wp-json\/wp\/v2\/product_tag?post=43824"}],"curies":[{"name":"wp","href":"https:\/\/api.w.org\/{rel}","templated":true}]}}