{"id":43828,"date":"2025-08-16T16:25:23","date_gmt":"2025-08-16T16:25:23","guid":{"rendered":"https:\/\/bazaar.express\/product\/marine-collagen-3\/"},"modified":"2026-02-20T13:01:26","modified_gmt":"2026-02-20T13:01:26","slug":"marine-collagen-3","status":"publish","type":"product","link":"https:\/\/bazaar.express\/sk\/produkt\/marine-collagen-3\/","title":{"rendered":"Kr\u00e9m proti vr\u00e1skam s morsk\u00fdm kolag\u00e9nom"},"content":{"rendered":"<h2 data-start=\"213\" data-end=\"252\">Kr\u00e9m proti vr\u00e1skam s morsk\u00fdm kolag\u00e9nom<\/h2>\n<h3 data-start=\"254\" data-end=\"305\">Objavte tajomstvo mladej, \u017eiarivej poko\u017eky<\/h3>\n<p data-start=\"306\" data-end=\"645\"><strong data-start=\"306\" data-end=\"344\">Kr\u00e9m proti vr\u00e1skam s morsk\u00fdm kolag\u00e9nom<\/strong> od R&#038;B Cleopatra je luxusn\u00e9 rie\u0161enie na starostlivos\u0165 o ple\u0165, navrhnut\u00e9 na boj proti vidite\u013en\u00fdm znakom starnutia a obnovu prirodzen\u00e9ho lesku va\u0161ej poko\u017eky. Obohaten\u00e9 o v\u00fdkonn\u00fd morsk\u00fd kolag\u00e9n a kyselinu hyalur\u00f3nov\u00fa, tento kr\u00e9m hlboko hydratuje, vyhladzuje a vy\u017eivuje va\u0161u poko\u017eku, \u010d\u00edm ju rob\u00ed pevnej\u0161ou, mlad\u0161ou a \u017eiarivej\u0161ou.<\/p>\n<h3 data-start=\"647\" data-end=\"687\">Pre\u010do je kolag\u00e9n d\u00f4le\u017eit\u00fd pre va\u0161u poko\u017eku<\/h3>\n<p data-start=\"688\" data-end=\"1041\">Kolag\u00e9n je \u017eivotne d\u00f4le\u017eit\u00fd prote\u00edn, ktor\u00fd dod\u00e1va poko\u017eke \u0161trukt\u00faru, pevnos\u0165 a elasticitu. S \u010dasom sa prirodzen\u00e1 produkcia kolag\u00e9nu v tele zni\u017euje, \u010do vedie k jemn\u00fdm link\u00e1m, vr\u00e1skam, ochabovaniu poko\u017eky a nerovn\u00e9mu povrchu. N\u00e1\u0161 <strong data-start=\"905\" data-end=\"943\">Kr\u00e9m proti vr\u00e1skam s morsk\u00fdm kolag\u00e9nom<\/strong> dop\u013a\u0148a hladiny kolag\u00e9nu a uzamyk\u00e1 vlhkos\u0165, \u010d\u00edm pom\u00e1ha va\u0161ej poko\u017eke zosta\u0165 mladej a vit\u00e1lnej.<\/p>\n<h3 data-start=\"1043\" data-end=\"1099\">K\u013e\u00fa\u010dov\u00e9 v\u00fdhody Kr\u00e9mu proti vr\u00e1skam s morsk\u00fdm kolag\u00e9nom<\/h3>\n<ul data-start=\"1100\" data-end=\"1467\">\n<li data-start=\"1100\" data-end=\"1169\">\n<p data-start=\"1102\" data-end=\"1169\"><strong data-start=\"1102\" data-end=\"1135\">Zni\u017euje jemn\u00e9 linky a vr\u00e1sky<\/strong> \u2013 vidite\u013ene vyhladzuje text\u00faru poko\u017eky.<\/p>\n<\/li>\n<li data-start=\"1170\" data-end=\"1238\">\n<p data-start=\"1172\" data-end=\"1238\"><strong data-start=\"1172\" data-end=\"1200\">Zlep\u0161uje elasticitu poko\u017eky<\/strong> \u2013 podporuje pevnos\u0165 a odolnos\u0165.<\/p>\n<\/li>\n<li data-start=\"1239\" data-end=\"1316\">\n<p data-start=\"1241\" data-end=\"1316\"><strong data-start=\"1241\" data-end=\"1274\">Zosvet\u013euje tmav\u00e9 \u0161kvrny a kruhy<\/strong> \u2013 podporuje rovnomern\u00fd, \u017eiariv\u00fd vzh\u013ead.<\/p>\n<\/li>\n<li data-start=\"1317\" data-end=\"1392\">\n<p data-start=\"1319\" data-end=\"1392\"><strong data-start=\"1319\" data-end=\"1337\">Hlbok\u00e1 hydrat\u00e1cia<\/strong> \u2013 obohaten\u00e1 o kyselinu hyalur\u00f3nov\u00fa na uzamknutie vlhkosti.<\/p>\n<\/li>\n<li data-start=\"1393\" data-end=\"1467\">\n<p data-start=\"1395\" data-end=\"1467\"><strong data-start=\"1395\" data-end=\"1418\">Vy\u017eivuje a opravuje<\/strong> \u2013 s pr\u00edrodn\u00fdmi olejmi, vitam\u00ednmi a emolientmi.<\/p>\n<\/li>\n<\/ul>\n<h3 data-start=\"1469\" data-end=\"1514\">Pr\u00e9miov\u00e9 ingrediencie pre maxim\u00e1lne v\u00fdsledky<\/h3>\n<p data-start=\"1515\" data-end=\"1558\">Tento kr\u00e9m kombinuje morsk\u00fd kolag\u00e9n s:<\/p>\n<ul data-start=\"1559\" data-end=\"1846\">\n<li data-start=\"1559\" data-end=\"1615\">\n<p data-start=\"1561\" data-end=\"1615\"><strong data-start=\"1561\" data-end=\"1580\">Kyselina hyalur\u00f3nov\u00e1<\/strong> \u2013 udr\u017euje poko\u017eku pln\u00fa a hydratovan\u00fa.<\/p>\n<\/li>\n<li data-start=\"1616\" data-end=\"1697\">\n<p data-start=\"1618\" data-end=\"1697\"><strong data-start=\"1618\" data-end=\"1635\">Vitam\u00edn C a E<\/strong> \u2013 v\u00fdkonn\u00e9 antioxidanty, ktor\u00e9 chr\u00e1nia pred vo\u013en\u00fdmi radik\u00e1lmi.<\/p>\n<\/li>\n<li data-start=\"1698\" data-end=\"1760\">\n<p data-start=\"1700\" data-end=\"1760\"><strong data-start=\"1700\" data-end=\"1720\">Sladk\u00fd mand\u013eov\u00fd olej<\/strong> \u2013 prirodzene zm\u00e4k\u010duje a upokojuje poko\u017eku.<\/p>\n<\/li>\n<li data-start=\"1761\" data-end=\"1846\">\n<p data-start=\"1763\" data-end=\"1846\"><strong data-start=\"1763\" data-end=\"1796\">Glycer\u00edn a pr\u00edrodn\u00e9 emolienty<\/strong> \u2013 vytv\u00e1raj\u00fa ochrann\u00fa vrstvu na zachovanie vlhkosti.<\/p>\n<\/li>\n<\/ul>\n<h3 data-start=\"1848\" data-end=\"1864\">Ako pou\u017e\u00edva\u0165<\/h3>\n<ol data-start=\"1865\" data-end=\"2121\">\n<li data-start=\"1865\" data-end=\"1916\">\n<p data-start=\"1868\" data-end=\"1916\">D\u00f4kladne umyte tv\u00e1r vla\u017enou vodou.<\/p>\n<\/li>\n<li data-start=\"1917\" data-end=\"1956\">\n<p data-start=\"1920\" data-end=\"1956\">Jemne osu\u0161te \u010dist\u00fdm uter\u00e1kom.<\/p>\n<\/li>\n<li data-start=\"1957\" data-end=\"2066\">\n<p data-start=\"1960\" data-end=\"2066\">Naneste mal\u00e9 mno\u017estvo <strong data-start=\"1984\" data-end=\"2022\">Kr\u00e9mu proti vr\u00e1skam s morsk\u00fdm kolag\u00e9nom<\/strong> kr\u00fa\u017eiv\u00fdmi pohybmi, k\u00fdm sa \u00faplne nevstreb\u00e1.<\/p>\n<\/li>\n<li data-start=\"2067\" data-end=\"2121\">\n<p data-start=\"2070\" data-end=\"2121\">Pou\u017e\u00edvajte denne, r\u00e1no a ve\u010der, pre najlep\u0161ie v\u00fdsledky.<\/p>\n<\/li>\n<\/ol>\n<h3 data-start=\"2123\" data-end=\"2145\">Skladovanie a bezpe\u010dnos\u0165<\/h3>\n<ul data-start=\"2146\" data-end=\"2284\">\n<li data-start=\"2146\" data-end=\"2189\">\n<p data-start=\"2148\" data-end=\"2189\">Skladujte pri izbovej teplote (pod 30\u00b0C).<\/p>\n<\/li>\n<li data-start=\"2190\" data-end=\"2216\">\n<p data-start=\"2192\" data-end=\"2216\">Len na vonkaj\u0161ie pou\u017eitie.<\/p>\n<\/li>\n<li data-start=\"2217\" data-end=\"2249\">\n<p data-start=\"2219\" data-end=\"2249\">Vyhnite sa kontaktu s o\u010dami.<\/p>\n<\/li>\n<li data-start=\"2250\" data-end=\"2284\">\n<p data-start=\"2252\" data-end=\"2284\">Uchov\u00e1vajte mimo dosahu det\u00ed.<\/p>\n<\/li>\n<\/ul>\n<h3 data-start=\"2286\" data-end=\"2307\">Podrobnosti o produkte<\/h3>\n<ul data-start=\"2308\" data-end=\"2453\">\n<li data-start=\"2308\" data-end=\"2336\">\n<p data-start=\"2310\" data-end=\"2336\"><strong data-start=\"2310\" data-end=\"2320\">Zna\u010dka:<\/strong> R&#038;B Cleopatra<\/p>\n<\/li>\n<li data-start=\"2337\" data-end=\"2355\">\n<p data-start=\"2339\" data-end=\"2355\"><strong data-start=\"2339\" data-end=\"2348\">Ve\u013ekos\u0165:<\/strong> 250g<\/p>\n<\/li>\n<li data-start=\"2356\" data-end=\"2393\">\n<p data-start=\"2358\" data-end=\"2393\"><strong data-start=\"2358\" data-end=\"2369\">P\u00f4vod:<\/strong> Hrdne vyroben\u00e9 v Egypte<\/p>\n<\/li>\n<li data-start=\"2394\" data-end=\"2453\">\n<p data-start=\"2396\" data-end=\"2453\"><strong data-start=\"2396\" data-end=\"2409\">Kateg\u00f3ria:<\/strong> Pr\u00edrodn\u00e1 kozmetika \u2013 Starostlivos\u0165 o ple\u0165 proti vr\u00e1skam<\/p>\n<\/li>\n<\/ul>\n<h3 data-start=\"2460\" data-end=\"2515\"> Pre\u010do si vybra\u0165 <strong data-start=\"310\" data-end=\"339\">Kr\u00e9m proti starnutiu s kolag\u00e9nom <\/strong>?<\/h3>\n<p data-start=\"2516\" data-end=\"2794\">Tento kr\u00e9m je viac ne\u017e len zvlh\u010dova\u010d \u2013 je to denn\u00fd treatment, ktor\u00fd vy\u017eivuje va\u0161u poko\u017eku zvn\u00fatra. S jedine\u010dnou zmesou kolag\u00e9nu, vitam\u00ednov a pr\u00edrodn\u00fdch olejov vidite\u013ene transformuje v\u00e1\u0161 vzh\u013ead poko\u017eky, \u010d\u00edm ju rob\u00ed m\u00e4k\u0161ou, hlad\u0161ou a vidite\u013ene mlad\u0161ou.<\/p>\n<p data-start=\"2796\" data-end=\"2930\">\ud83d\udc49 <strong data-start=\"2799\" data-end=\"2928\">Investujte do svojej poko\u017eky dnes s R&#038;B Cleopatra Kr\u00e9mom proti vr\u00e1skam s morsk\u00fdm kolag\u00e9nom \u2013 preto\u017ee va\u0161a poko\u017eka si zasl\u00fa\u017ei nad\u010dasov\u00fa kr\u00e1su.<\/strong><\/p>\n<p style=\"text-align: center;\">\u010eakujeme za n\u00e1kup na <a href=\"https:\/\/bazaar.express\/sk\/\">Bazaar Express<\/a> \u2013 te\u0161\u00ed n\u00e1s, \u017ee ste tu!<\/p>\n<p style=\"text-align: center;\">Va\u0161a cesta k lep\u0161ej starostlivosti o seba za\u010d\u00edna tu \u2013 s <a href=\"https:\/\/bazaar.express\/product-category\/beauty-care\/\">Beauty &#038; Care<\/a>, na ktor\u00fa sa m\u00f4\u017eete spo\u013eahn\u00fa\u0165.<\/p>\n","protected":false},"excerpt":{"rendered":"<h3 data-start=\"366\" data-end=\"569\">R&#038;B Cleopatra Kr\u00e9m proti vr\u00e1skam s morsk\u00fdm kolag\u00e9nom hlboko hydratuje, zni\u017euje vr\u00e1sky a zlep\u0161uje elasticitu poko\u017eky. Obohaten\u00fd o morsk\u00fd kolag\u00e9n, kyselinu hyalur\u00f3nov\u00fa a vitam\u00edny pre hladk\u00fa, mlad\u00fa poko\u017eku.<\/h3>\n","protected":false},"featured_media":43823,"comment_status":"open","ping_status":"closed","template":"","meta":[],"product_brand":[],"product_cat":[1160,1167],"product_tag":[1652,1655,1654],"class_list":{"0":"post-43828","1":"product","2":"type-product","3":"status-publish","4":"has-post-thumbnail","6":"product_cat-starostlivost-o-krasu","7":"product_cat-najlepsie-z-egypta","8":"product_tag-olej","9":"product_tag-starostlivost-o-krasu","10":"product_tag-starostlivost-o-plet","12":"first","13":"instock","14":"sale","15":"shipping-taxable","16":"purchasable","17":"product-type-simple"},"_links":{"self":[{"href":"https:\/\/bazaar.express\/sk\/wp-json\/wp\/v2\/product\/43828","targetHints":{"allow":["GET"]}}],"collection":[{"href":"https:\/\/bazaar.express\/sk\/wp-json\/wp\/v2\/product"}],"about":[{"href":"https:\/\/bazaar.express\/sk\/wp-json\/wp\/v2\/types\/product"}],"replies":[{"embeddable":true,"href":"https:\/\/bazaar.express\/sk\/wp-json\/wp\/v2\/comments?post=43828"}],"wp:featuredmedia":[{"embeddable":true,"href":"https:\/\/bazaar.express\/sk\/wp-json\/wp\/v2\/media\/43823"}],"wp:attachment":[{"href":"https:\/\/bazaar.express\/sk\/wp-json\/wp\/v2\/media?parent=43828"}],"wp:term":[{"taxonomy":"product_brand","embeddable":true,"href":"https:\/\/bazaar.express\/sk\/wp-json\/wp\/v2\/product_brand?post=43828"},{"taxonomy":"product_cat","embeddable":true,"href":"https:\/\/bazaar.express\/sk\/wp-json\/wp\/v2\/product_cat?post=43828"},{"taxonomy":"product_tag","embeddable":true,"href":"https:\/\/bazaar.express\/sk\/wp-json\/wp\/v2\/product_tag?post=43828"}],"curies":[{"name":"wp","href":"https:\/\/api.w.org\/{rel}","templated":true}]}}