{"id":43830,"date":"2025-08-16T14:14:46","date_gmt":"2025-08-16T14:14:46","guid":{"rendered":"https:\/\/bazaar.express\/product\/shea-cream\/"},"modified":"2026-02-20T13:01:27","modified_gmt":"2026-02-20T13:01:27","slug":"shea-cream","status":"publish","type":"product","link":"https:\/\/bazaar.express\/sk\/produkt\/shea-cream\/","title":{"rendered":"Kr\u00e9m s maslom karit\u00e9"},"content":{"rendered":"<h2 data-start=\"185\" data-end=\"239\">Kr\u00e9m s maslom karit\u00e9 \u2013 Hlbok\u00e1 hydrat\u00e1cia a v\u00fd\u017eiva poko\u017eky<\/h2>\n<h3 data-start=\"241\" data-end=\"266\">\u010co je maslo karit\u00e9?<\/h3>\n<p data-start=\"267\" data-end=\"661\">Kr\u00e9m s maslom karit\u00e9 je luxusn\u00fd produkt na starostlivos\u0165 o ple\u0165 vyroben\u00fd z <strong data-start=\"321\" data-end=\"363\">masla karit\u00e9, jojobov\u00e9ho oleja a vitam\u00ednu E<\/strong>, ur\u010den\u00fd na hlbok\u00fa hydrat\u00e1ciu a v\u00fd\u017eivu va\u0161ej poko\u017eky. Bohat\u00fd na mastn\u00e9 kyseliny a esenci\u00e1lne vitam\u00edny, tento kr\u00e9m pom\u00e1ha zm\u00e4k\u010di\u0165 such\u00fa poko\u017eku a zlep\u0161i\u0165 jej elasticitu a celkov\u00e9 zdravie. Zn\u00e1m\u00fd svojimi zvlh\u010duj\u00facimi a hojiv\u00fdmi vlastnos\u0165ami je kr\u00e9m s maslom karit\u00e9 nevyhnutnos\u0165ou pre v\u0161etk\u00fdch, ktor\u00ed h\u013eadaj\u00fa prirodzen\u00fa hydrat\u00e1ciu poko\u017eky.<\/p>\n<h3 data-start=\"663\" data-end=\"691\">V\u00fdhody kr\u00e9mu s maslom karit\u00e9<\/h3>\n<ul data-start=\"692\" data-end=\"1255\">\n<li data-start=\"692\" data-end=\"786\">\n<p data-start=\"694\" data-end=\"786\"><strong data-start=\"694\" data-end=\"720\">Intenz\u00edvna hydrat\u00e1cia<\/strong> \u2013 Uzamkne vlhkos\u0165, udr\u017euje poko\u017eku m\u00e4kk\u00fa, hladk\u00fa a pru\u017en\u00fa.<\/p>\n<\/li>\n<li data-start=\"787\" data-end=\"870\">\n<p data-start=\"789\" data-end=\"870\"><strong data-start=\"789\" data-end=\"817\">Upokojuje such\u00fa a hrub\u00fa poko\u017eku<\/strong> \u2013 Najm\u00e4 \u00fa\u010dinn\u00fd na lakte, kolen\u00e1 a nohy.<\/p>\n<\/li>\n<li data-start=\"871\" data-end=\"956\">\n<p data-start=\"873\" data-end=\"956\"><strong data-start=\"873\" data-end=\"905\">Protiz\u00e1palov\u00e9 vlastnosti<\/strong> \u2013 Pom\u00e1ha upokoji\u0165 podr\u00e1\u017edenie poko\u017eky a zn\u00ed\u017ei\u0165 za\u010dervenanie.<\/p>\n<\/li>\n<li data-start=\"957\" data-end=\"1052\">\n<p data-start=\"959\" data-end=\"1052\"><strong data-start=\"959\" data-end=\"982\">Hojenie a oprava<\/strong> \u2013 Podporuje regener\u00e1ciu poko\u017eky a pom\u00e1ha lie\u010di\u0165 drobn\u00e9 rany alebo trhliny.<\/p>\n<\/li>\n<li data-start=\"1053\" data-end=\"1156\">\n<p data-start=\"1055\" data-end=\"1156\"><strong data-start=\"1055\" data-end=\"1090\">Bohat\u00fd na vitam\u00edny a antioxidanty<\/strong> \u2013 Vy\u017eivuje poko\u017eku a chr\u00e1ni ju pred environment\u00e1lnym po\u0161koden\u00edm.<\/p>\n<\/li>\n<li data-start=\"1157\" data-end=\"1255\">\n<p data-start=\"1159\" data-end=\"1255\"><strong data-start=\"1159\" data-end=\"1180\">Protistarn\u00faci efekt<\/strong> \u2013 Zni\u017euje vzh\u013ead jemn\u00fdch vr\u00e1sok a pom\u00e1ha udr\u017ea\u0165 mladistv\u00fa poko\u017eku.<\/p>\n<\/li>\n<\/ul>\n<h3 data-start=\"1257\" data-end=\"1293\">Prirodzen\u00fd p\u00f4vod masla karit\u00e9<\/h3>\n<p data-start=\"1294\" data-end=\"1689\">Maslo karit\u00e9, hlavn\u00e1 zlo\u017eka kr\u00e9mu s maslom karit\u00e9, sa z\u00edskava z orechov stromov <strong data-start=\"1379\" data-end=\"1395\">karit\u00e9<\/strong> nach\u00e1dzaj\u00facich sa v z\u00e1padnej a strednej Afrike. Po st\u00e1ro\u010dia je pou\u017e\u00edvan\u00e9 ako prirodzen\u00fd zvlh\u010dova\u010d, chr\u00e1ni poko\u017eku pred drsn\u00fdm po\u010das\u00edm a obnovuje jej prirodzen\u00fa rovnov\u00e1hu. V kombin\u00e1cii s <strong data-start=\"1579\" data-end=\"1607\">jojobov\u00fdm olejom a vitam\u00ednom E<\/strong> t\u00e1to formula pon\u00faka siln\u00fa hydrat\u00e1ciu s \u013eahkou, netukovou text\u00farou.<\/p>\n<h3 data-start=\"1691\" data-end=\"1718\">Ako pou\u017e\u00edva\u0165 kr\u00e9m s maslom karit\u00e9<\/h3>\n<ul data-start=\"1719\" data-end=\"1957\">\n<li data-start=\"1719\" data-end=\"1751\">\n<p data-start=\"1721\" data-end=\"1751\">Vy\u010distite poko\u017eku d\u00f4kladne.<\/p>\n<\/li>\n<li data-start=\"1752\" data-end=\"1809\">\n<p data-start=\"1754\" data-end=\"1809\">Naneste mal\u00e9 mno\u017estvo kr\u00e9mu s maslom karit\u00e9 na konce prstov.<\/p>\n<\/li>\n<li data-start=\"1810\" data-end=\"1887\">\n<p data-start=\"1812\" data-end=\"1887\">Jemne mas\u00edrujte do poko\u017eky kr\u00fa\u017eiv\u00fdmi pohybmi, k\u00fdm sa \u00faplne nevstreb\u00e1.<\/p>\n<\/li>\n<li data-start=\"1888\" data-end=\"1957\">\n<p data-start=\"1890\" data-end=\"1957\">Pou\u017e\u00edvajte denne ako <strong data-start=\"1905\" data-end=\"1933\">denn\u00fd alebo no\u010dn\u00fd zvlh\u010dova\u010d<\/strong> pre najlep\u0161ie v\u00fdsledky.<\/p>\n<\/li>\n<\/ul>\n<h3 data-start=\"1959\" data-end=\"1988\">Kto m\u00f4\u017ee pou\u017e\u00edva\u0165 maslo karit\u00e9?<\/h3>\n<p data-start=\"1989\" data-end=\"2219\">Kr\u00e9m s maslom karit\u00e9 je vhodn\u00fd pre <strong data-start=\"2016\" data-end=\"2034\">v\u0161etky typy poko\u017eky<\/strong>, najm\u00e4 pre tie s <strong data-start=\"2058\" data-end=\"2091\">suchou, hrubou alebo citlivou poko\u017ekou<\/strong>. Je ide\u00e1lny na denn\u00e9 pou\u017eitie a m\u00f4\u017ee sa aplikova\u0165 na <strong data-start=\"2147\" data-end=\"2192\">tv\u00e1r, ruky, telo a drsnej\u0161ie oblasti poko\u017eky<\/strong>, ktor\u00e9 potrebuj\u00fa extra hydrat\u00e1ciu.<\/p>\n<h3 data-start=\"2221\" data-end=\"2242\">Podrobnosti o produkte<\/h3>\n<ul data-start=\"2243\" data-end=\"2414\">\n<li data-start=\"2243\" data-end=\"2273\">\n<p data-start=\"2245\" data-end=\"2273\"><strong data-start=\"2245\" data-end=\"2255\">Zna\u010dka:<\/strong> Halla Cleopatra<\/p>\n<\/li>\n<li data-start=\"2274\" data-end=\"2292\">\n<p data-start=\"2276\" data-end=\"2292\"><strong data-start=\"2276\" data-end=\"2285\">Ve\u013ekos\u0165:<\/strong> 250g<\/p>\n<\/li>\n<li data-start=\"2293\" data-end=\"2330\">\n<p data-start=\"2295\" data-end=\"2330\"><strong data-start=\"2295\" data-end=\"2306\">P\u00f4vod:<\/strong> S hrdos\u0165ou vyroben\u00e9 v Egypte<\/p>\n<\/li>\n<li data-start=\"2331\" data-end=\"2377\">\n<p data-start=\"2333\" data-end=\"2377\"><strong data-start=\"2333\" data-end=\"2346\">Kateg\u00f3ria:<\/strong> Prirodzen\u00e1 starostlivos\u0165 o ple\u0165 a kozmetika<\/p>\n<\/li>\n<li data-start=\"2378\" data-end=\"2414\">\n<p data-start=\"2380\" data-end=\"2414\"><strong data-start=\"2380\" data-end=\"2390\">Pou\u017eitie:<\/strong> Iba na vonkaj\u0161ie pou\u017eitie<\/p>\n<\/li>\n<\/ul>\n<h3 data-start=\"2416\" data-end=\"2444\">Pre\u010do si vybra\u0165 maslo karit\u00e9?<\/h3>\n<p data-start=\"2445\" data-end=\"2695\">Ak h\u013ead\u00e1te prirodzen\u00e9 rie\u0161enie na starostlivos\u0165 o ple\u0165, ktor\u00e9 nielen zvlh\u010duje, ale aj <strong data-start=\"2520\" data-end=\"2566\">opravuje, vy\u017eivuje a chr\u00e1ni va\u0161u poko\u017eku<\/strong>, kr\u00e9m s maslom karit\u00e9 je ide\u00e1lnou vo\u013ebou. Jeho bohat\u00e1 formula sa r\u00fdchlo vstreb\u00e1va a zanech\u00e1va poko\u017eku m\u00e4kk\u00fa, \u017eiariv\u00fa a kr\u00e1sne zdrav\u00fa.<\/p>\n<h3 data-start=\"2697\" data-end=\"2744\">Z\u00e1vern\u00e1 pozn\u00e1mka \u2013 O\u017eivte svoju poko\u017eku<\/h3>\n<p data-start=\"2745\" data-end=\"3006\">Starajte sa o svoju poko\u017eku tak, ako si zasl\u00fa\u017ei. <strong data-start=\"2788\" data-end=\"2802\">Kr\u00e9m s maslom karit\u00e9<\/strong> je viac ne\u017e len zvlh\u010dova\u010d \u2013 je to prirodzen\u00fd liek na suchos\u0165, hrubos\u0165 a prv\u00e9 znaky starnutia. Pridajte ho do svojej dennej rutiny starostlivosti o ple\u0165 a za\u017eite <strong data-start=\"2966\" data-end=\"3003\">luxus vy\u017eivenej, \u017eiarivej poko\u017eky<\/strong>.<\/p>\n<p style=\"text-align: center;\">\u010eakujeme za n\u00e1kup v <a href=\"https:\/\/bazaar.express\/sk\/\">Bazaar Express<\/a> \u2013 te\u0161\u00edme sa na v\u00e1s!<\/p>\n<p style=\"text-align: center;\">Va\u0161a cesta k lep\u0161ej starostlivosti o seba za\u010d\u00edna tu \u2014 s <a href=\"https:\/\/bazaar.express\/product-category\/beauty-care\/\">Beauty &#038; Care<\/a>, na ktor\u00fa sa m\u00f4\u017eete spo\u013eahn\u00fa\u0165.<\/p>\n","protected":false},"excerpt":{"rendered":"<h3 data-start=\"335\" data-end=\"551\">Luxusn\u00fd <strong data-start=\"345\" data-end=\"359\">kr\u00e9m s maslom karit\u00e9<\/strong> obohaten\u00fd o maslo karit\u00e9, jojobov\u00fd olej a vitam\u00edn E. Poskytuje hlbok\u00fa hydrat\u00e1ciu, zm\u00e4k\u010duje drsn\u00e9 oblasti, upokojuje podr\u00e1\u017edenie a zlep\u0161uje elasticitu poko\u017eky. Vhodn\u00fd na denn\u00e9 pou\u017eitie \u2013 250g, Vyroben\u00e9 v Egypte.<\/h3>\n","protected":false},"featured_media":43831,"comment_status":"open","ping_status":"closed","template":"","meta":[],"product_brand":[],"product_cat":[1160,1169,1167,1161],"product_tag":[1660,1652,1655,1654,1656],"class_list":{"0":"post-43830","1":"product","2":"type-product","3":"status-publish","4":"has-post-thumbnail","6":"product_cat-starostlivost-o-krasu","7":"product_cat-horuce-ponuky","8":"product_cat-najlepsie-z-egypta","9":"product_cat-terapeuticke-oleje","10":"product_tag-masaz","11":"product_tag-olej","12":"product_tag-starostlivost-o-krasu","13":"product_tag-starostlivost-o-plet","14":"product_tag-tavie-mlieko","16":"first","17":"instock","18":"sale","19":"shipping-taxable","20":"purchasable","21":"product-type-simple"},"_links":{"self":[{"href":"https:\/\/bazaar.express\/sk\/wp-json\/wp\/v2\/product\/43830","targetHints":{"allow":["GET"]}}],"collection":[{"href":"https:\/\/bazaar.express\/sk\/wp-json\/wp\/v2\/product"}],"about":[{"href":"https:\/\/bazaar.express\/sk\/wp-json\/wp\/v2\/types\/product"}],"replies":[{"embeddable":true,"href":"https:\/\/bazaar.express\/sk\/wp-json\/wp\/v2\/comments?post=43830"}],"wp:featuredmedia":[{"embeddable":true,"href":"https:\/\/bazaar.express\/sk\/wp-json\/wp\/v2\/media\/43831"}],"wp:attachment":[{"href":"https:\/\/bazaar.express\/sk\/wp-json\/wp\/v2\/media?parent=43830"}],"wp:term":[{"taxonomy":"product_brand","embeddable":true,"href":"https:\/\/bazaar.express\/sk\/wp-json\/wp\/v2\/product_brand?post=43830"},{"taxonomy":"product_cat","embeddable":true,"href":"https:\/\/bazaar.express\/sk\/wp-json\/wp\/v2\/product_cat?post=43830"},{"taxonomy":"product_tag","embeddable":true,"href":"https:\/\/bazaar.express\/sk\/wp-json\/wp\/v2\/product_tag?post=43830"}],"curies":[{"name":"wp","href":"https:\/\/api.w.org\/{rel}","templated":true}]}}