{"id":43845,"date":"2025-08-11T13:15:23","date_gmt":"2025-08-11T13:15:23","guid":{"rendered":"https:\/\/bazaar.express\/product\/apple-cider-vinegar-cream\/"},"modified":"2026-02-20T13:01:30","modified_gmt":"2026-02-20T13:01:30","slug":"apple-cider-vinegar-cream","status":"publish","type":"product","link":"https:\/\/bazaar.express\/sk\/produkt\/apple-cider-vinegar-cream\/","title":{"rendered":"Kr\u00e9em s jabl\u010dn\u00fdm octom"},"content":{"rendered":"<h2 data-start=\"153\" data-end=\"238\">Kr\u00e9em s jabl\u010dn\u00fdm octom \u2013 Pr\u00edrodn\u00e1 \u00fa\u013eava od opuchov, k\u0155\u010dov a k\u0155\u010dov\u00fdch \u017e\u00edl<\/h2>\n<h3 data-start=\"240\" data-end=\"301\">Objavte silu jabl\u010dn\u00e9ho octu pre starostlivos\u0165 o telo<\/h3>\n<p data-start=\"302\" data-end=\"700\">Jabl\u010dn\u00fd ocot sa po st\u00e1ro\u010dia pou\u017e\u00edva pre svoje terapeutick\u00e9 \u00fa\u010dinky. V <strong data-start=\"383\" data-end=\"429\">Hurghada Bedwins Kr\u00e9me s jabl\u010dn\u00fdm octom<\/strong> je t\u00e1to starod\u00e1vna zlo\u017eka skombinovan\u00e1 s v\u00fdkonn\u00fdmi pr\u00edrodn\u00fdmi komponentmi na vytvorenie upokojuj\u00faceho a efekt\u00edvneho mas\u00e1\u017eneho kr\u00e9mu. Navrhnut\u00fd na pomoc pri \u00fa\u013eave od opuchov, svalov\u00fdch k\u0155\u010dov a zlep\u0161en\u00ed cirkul\u00e1cie, je obzvl\u00e1\u0161\u0165 prospe\u0161n\u00fd pre t\u00fdch, ktor\u00ed bojuj\u00fa s <strong data-start=\"679\" data-end=\"697\">k\u0155\u010dov\u00fdmi \u017eilami<\/strong>.<\/p>\n<h3 data-start=\"702\" data-end=\"743\">Pr\u00e9miov\u00fd vzorec pre cielen\u00fa \u00fa\u013eavu<\/h3>\n<p data-start=\"744\" data-end=\"922\">N\u00e1\u0161 kr\u00e9m sp\u00e1ja <strong data-start=\"761\" data-end=\"784\">jabl\u010dn\u00fd ocot<\/strong>, <strong data-start=\"786\" data-end=\"797\">kafr<\/strong>, <strong data-start=\"799\" data-end=\"817\">eukalyptov\u00fd olej<\/strong>, <strong data-start=\"819\" data-end=\"830\">mentol<\/strong> a <strong data-start=\"836\" data-end=\"847\">v\u010del\u00ed vosk<\/strong> do hladkej, v\u00fd\u017eivnej text\u00fary. Tieto ingrediencie p\u00f4sobia v harm\u00f3nii na:<\/p>\n<ul data-start=\"923\" data-end=\"1105\">\n<li data-start=\"923\" data-end=\"981\">\n<p data-start=\"925\" data-end=\"981\">Stimul\u00e1ciu krvn\u00e9ho obehu a zmiernenie nepohodlia k\u0155\u010dov\u00fdch \u017e\u00edl<\/p>\n<\/li>\n<li data-start=\"982\" data-end=\"1018\">\n<p data-start=\"984\" data-end=\"1018\">Zn\u00ed\u017eenie opuchov a z\u00e1palov<\/p>\n<\/li>\n<li data-start=\"1019\" data-end=\"1061\">\n<p data-start=\"1021\" data-end=\"1061\">Uvo\u013enenie nap\u00e4t\u00fdch svalov a \u00fa\u013eavu od k\u0155\u010dov<\/p>\n<\/li>\n<li data-start=\"1062\" data-end=\"1105\">\n<p data-start=\"1064\" data-end=\"1105\">Poskytnutie osvie\u017euj\u00faceho chladiv\u00e9ho pocitu<\/p>\n<\/li>\n<\/ul>\n<h3 data-start=\"1107\" data-end=\"1123\">Ako pou\u017e\u00edva\u0165<\/h3>\n<p data-start=\"1124\" data-end=\"1339\">Aplikujte vhodn\u00e9 mno\u017estvo kr\u00e9mu na postihnut\u00fa oblas\u0165. Jemne mas\u00edrujte do ko\u017ee kr\u00fa\u017eiv\u00fdmi pohybmi, k\u00fdm sa \u00faplne nevstreb\u00e1. Pre najlep\u0161ie v\u00fdsledky pou\u017e\u00edvajte pravidelne na udr\u017eanie zdravej cirkul\u00e1cie a zmiernenie nepohodlia.<\/p>\n<h3 data-start=\"1341\" data-end=\"1362\">Podrobnosti o produkte<\/h3>\n<ul data-start=\"1363\" data-end=\"1518\">\n<li data-start=\"1363\" data-end=\"1394\">\n<p data-start=\"1365\" data-end=\"1394\"><strong data-start=\"1365\" data-end=\"1375\">Zna\u010dka:<\/strong> Hurghada Bedwins<\/p>\n<\/li>\n<li data-start=\"1395\" data-end=\"1413\">\n<p data-start=\"1397\" data-end=\"1413\"><strong data-start=\"1397\" data-end=\"1406\">Ve\u013ekos\u0165:<\/strong> 150g<\/p>\n<\/li>\n<li data-start=\"1414\" data-end=\"1446\">\n<p data-start=\"1416\" data-end=\"1446\"><strong data-start=\"1416\" data-end=\"1444\">Vyroben\u00e9 s hrdos\u0165ou v Egypte<\/strong><\/p>\n<\/li>\n<li data-start=\"1447\" data-end=\"1492\">\n<p data-start=\"1449\" data-end=\"1492\"><strong data-start=\"1449\" data-end=\"1462\">Kateg\u00f3ria:<\/strong> Pr\u00edrodn\u00e1 mas\u00e1\u017e a starostlivos\u0165 o telo<\/p>\n<\/li>\n<li data-start=\"1493\" data-end=\"1518\">\n<p data-start=\"1495\" data-end=\"1518\">Len na vonkaj\u0161ie pou\u017eitie<\/p>\n<\/li>\n<\/ul>\n<h3 data-start=\"1520\" data-end=\"1580\">Pre\u010do si vybra\u0165 Hurghada Bedwins Kr\u00e9m s jabl\u010dn\u00fdm octom?<\/h3>\n<p data-start=\"1581\" data-end=\"1856\">Hurghada Bedwins sa zav\u00e4zuje vytv\u00e1ra\u0165 vysoko kvalitn\u00fa pr\u00edrodn\u00fa kozmetiku in\u0161pirovan\u00fa tradi\u010dn\u00fdmi prostriedkami a vylep\u0161en\u00fa modern\u00fdmi technikami formul\u00e1cie. Tento kr\u00e9m je ide\u00e1lny pre t\u00fdch, ktor\u00ed h\u013eadaj\u00fa bezpe\u010dn\u00e9, efekt\u00edvne a pr\u00edrodn\u00e9 rie\u0161enie na podporu zdravia svalov a \u017e\u00edl.<\/p>\n<h3 data-start=\"1858\" data-end=\"1907\">Urobte prv\u00fd krok k pohodliu a \u00fa\u013eave<\/h3>\n<p data-start=\"1908\" data-end=\"2068\">Nenechajte, aby v\u00e1s opuchy, k\u0155\u010de alebo k\u0155\u010dov\u00e9 \u017eily spomalili. Za\u017eite upokojuj\u00facu silu <strong data-start=\"2002\" data-end=\"2031\">kr\u00e9mu s jabl\u010dn\u00fdm octom<\/strong> a u\u017e\u00edvajte si pohodlie, ktor\u00e9 si zasl\u00fa\u017eite.<\/p>\n<p data-start=\"2070\" data-end=\"2145\"><strong data-start=\"2070\" data-end=\"2083\">Objednajte si teraz<\/strong> a prive\u010fte si domov lie\u010div\u00fd dotyk Egypta.<\/p>\n<p style=\"text-align: center;\">\u010eakujeme za n\u00e1kup v <a href=\"https:\/\/bazaar.express\/sk\/\">Bazaar Express<\/a> \u2013 te\u0161\u00edme sa na v\u00e1s!<\/p>\n<p style=\"text-align: center;\">Va\u0161a cesta k lep\u0161ej starostlivosti o seba sa za\u010d\u00edna tu \u2013 s <a href=\"https:\/\/bazaar.express\/product-category\/beauty-care\/\">kr\u00e1sou a starostlivos\u0165ou<\/a>, na ktor\u00fa sa m\u00f4\u017eete spo\u013eahn\u00fa\u0165.<\/p>\n","protected":false},"excerpt":{"rendered":"<h3 data-start=\"399\" data-end=\"551\">Hurghada Bedwins Mas\u00e1\u017eny kr\u00e9m s jabl\u010dn\u00fdm octom \u2013 150g. U\u013eavuje od k\u0155\u010dov\u00fdch \u017e\u00edl, opuchov a k\u0155\u010dov upokojuj\u00facou zmesou pr\u00edrodn\u00fdch ingredienci\u00ed.<\/h3>\n","protected":false},"featured_media":43846,"comment_status":"open","ping_status":"closed","template":"","meta":[],"product_brand":[],"product_cat":[1160,1169,1167,1161],"product_tag":[1652,1655,1654,1656],"class_list":{"0":"post-43845","1":"product","2":"type-product","3":"status-publish","4":"has-post-thumbnail","6":"product_cat-starostlivost-o-krasu","7":"product_cat-horuce-ponuky","8":"product_cat-najlepsie-z-egypta","9":"product_cat-terapeuticke-oleje","10":"product_tag-olej","11":"product_tag-starostlivost-o-krasu","12":"product_tag-starostlivost-o-plet","13":"product_tag-tavie-mlieko","15":"first","16":"instock","17":"sale","18":"shipping-taxable","19":"purchasable","20":"product-type-simple"},"_links":{"self":[{"href":"https:\/\/bazaar.express\/sk\/wp-json\/wp\/v2\/product\/43845","targetHints":{"allow":["GET"]}}],"collection":[{"href":"https:\/\/bazaar.express\/sk\/wp-json\/wp\/v2\/product"}],"about":[{"href":"https:\/\/bazaar.express\/sk\/wp-json\/wp\/v2\/types\/product"}],"replies":[{"embeddable":true,"href":"https:\/\/bazaar.express\/sk\/wp-json\/wp\/v2\/comments?post=43845"}],"wp:featuredmedia":[{"embeddable":true,"href":"https:\/\/bazaar.express\/sk\/wp-json\/wp\/v2\/media\/43846"}],"wp:attachment":[{"href":"https:\/\/bazaar.express\/sk\/wp-json\/wp\/v2\/media?parent=43845"}],"wp:term":[{"taxonomy":"product_brand","embeddable":true,"href":"https:\/\/bazaar.express\/sk\/wp-json\/wp\/v2\/product_brand?post=43845"},{"taxonomy":"product_cat","embeddable":true,"href":"https:\/\/bazaar.express\/sk\/wp-json\/wp\/v2\/product_cat?post=43845"},{"taxonomy":"product_tag","embeddable":true,"href":"https:\/\/bazaar.express\/sk\/wp-json\/wp\/v2\/product_tag?post=43845"}],"curies":[{"name":"wp","href":"https:\/\/api.w.org\/{rel}","templated":true}]}}