{"id":43870,"date":"2025-07-30T23:49:14","date_gmt":"2025-07-30T23:49:14","guid":{"rendered":"https:\/\/bazaar.express\/product\/collagen-cream-4\/"},"modified":"2026-02-20T13:01:34","modified_gmt":"2026-02-20T13:01:34","slug":"collagen-cream-4","status":"publish","type":"product","link":"https:\/\/bazaar.express\/sk\/produkt\/collagen-cream-4\/","title":{"rendered":"Kollag\u00e9nov\u00fd kr\u00e9m"},"content":{"rendered":"<h2 data-section-id=\"a8azvp\" data-start=\"1441\" data-end=\"1477\">Kollag\u00e9nov\u00fd kr\u00e9m \u2013 Tajomstvo ve\u010dnej, mladej pleti<\/h2>\n<p data-start=\"351\" data-end=\"565\">H\u013ead\u00e1te siln\u00fd sp\u00f4sob, ako obnovi\u0165 \u017eiaru a pevnos\u0165 va\u0161ej pleti? Objavte transforma\u010dn\u00e9 v\u00fdhody <strong data-start=\"460\" data-end=\"478\">kollag\u00e9nov\u00e9ho kr\u00e9mu<\/strong> \u2013 ultim\u00e1tne rie\u0161enie proti starnutiu v starostlivosti o ple\u0165, ktor\u00e9mu d\u00f4veruj\u00fa milovn\u00edci kr\u00e1sy po celom svete.<\/p>\n<p data-start=\"567\" data-end=\"908\">S prib\u00fadaj\u00facim vekom prirodzen\u00e1 produkcia <strong data-start=\"618\" data-end=\"630\">kolag\u00e9nu<\/strong> a vlhkosti v pleti kles\u00e1. To vedie k suchosti, jemn\u00fdm link\u00e1m a vidite\u013enej strate pevnosti. Tieto zmeny v\u0161ak nemusia by\u0165 trval\u00e9. S pravidelnou starostlivos\u0165ou a spr\u00e1vnymi ingredienciami sa va\u0161a ple\u0165 m\u00f4\u017ee vr\u00e1ti\u0165 \u2013 \u017eiarivej\u0161ia, hydratovanej\u0161ia a mladistvej\u0161ia ako kedyko\u013evek predt\u00fdm.<\/p>\n<h3 data-section-id=\"5gyqu9\" data-start=\"910\" data-end=\"962\">\u010co je kolag\u00e9n a pre\u010do ho va\u0161a ple\u0165 potrebuje?<\/h3>\n<p data-start=\"964\" data-end=\"1217\"><strong data-start=\"964\" data-end=\"976\">Kolag\u00e9n<\/strong> je prirodzen\u00fd prote\u00edn, ktor\u00fd dod\u00e1va \u0161trukt\u00faru, elasticitu a pevnos\u0165 va\u0161ej pleti. Je to on, \u010do udr\u017euje va\u0161u tv\u00e1r pevn\u00fa a hladk\u00fa. Bohu\u017eia\u013e, starnutie, slne\u010dn\u00e9 \u017eiarenie a environment\u00e1lne stresory postupne vy\u010derp\u00e1vaj\u00fa tento cenn\u00fd prote\u00edn.<\/p>\n<p data-start=\"1219\" data-end=\"1439\">N\u00e1\u0161 kr\u00e9m bohat\u00fd na kolag\u00e9n je \u0161peci\u00e1lne navrhnut\u00fd na obnovu straten\u00e9ho kolag\u00e9nu, zn\u00ed\u017eenie vidite\u013en\u00fdch vr\u00e1sok a hlbiv\u00e9 v\u00fd\u017eivenie pleti zvn\u00fatra. Je vhodn\u00fd pre <strong data-start=\"1375\" data-end=\"1393\">v\u0161etky typy pleti<\/strong> a ide\u00e1lny na <strong data-start=\"1411\" data-end=\"1438\">denn\u00e9 a no\u010dn\u00e9 pou\u017eitie<\/strong>.<\/p>\n<h3 data-section-id=\"a8azvp\" data-start=\"1441\" data-end=\"1477\">Pokro\u010dil\u00e9 v\u00fdhody kollag\u00e9nov\u00e9ho kr\u00e9mu<\/h3>\n<p data-start=\"1479\" data-end=\"1618\">Tento luxusn\u00fd kr\u00e9m sp\u00e1ja vedu a pr\u00edrodu, aby priniesol vidite\u013en\u00e9 zlep\u0161enia text\u00fary a t\u00f3nu va\u0161ej pleti. Tu je to, \u010do m\u00f4\u017eete o\u010dak\u00e1va\u0165:<\/p>\n<ul data-start=\"1620\" data-end=\"1986\">\n<li data-start=\"1620\" data-end=\"1686\">\n<p data-start=\"1622\" data-end=\"1686\">\u2705 <strong data-start=\"1624\" data-end=\"1649\">Vidite\u013ene hlad\u0161ia ple\u0165<\/strong> s menej jemn\u00fdmi linkami a vr\u00e1skami<\/p>\n<\/li>\n<li data-start=\"1687\" data-end=\"1732\">\n<p data-start=\"1689\" data-end=\"1732\">\u2705 <strong data-start=\"1691\" data-end=\"1709\">Hlbok\u00e1 hydrat\u00e1cia<\/strong>, ktor\u00e1 vydr\u017e\u00ed hodiny<\/p>\n<\/li>\n<li data-start=\"1733\" data-end=\"1779\">\n<p data-start=\"1735\" data-end=\"1779\">\u2705 <strong data-start=\"1737\" data-end=\"1777\">Posilnen\u00e1 elasticita a pevnos\u0165 pleti<\/strong><\/p>\n<\/li>\n<li data-start=\"1780\" data-end=\"1847\">\n<p data-start=\"1782\" data-end=\"1847\">\u2705 <strong data-start=\"1784\" data-end=\"1808\">Jemn\u00e9 pr\u00edrodn\u00e9 v\u00f4ne<\/strong> pre osvie\u017euj\u00faci z\u00e1\u017eitok zo starostlivosti o ple\u0165<\/p>\n<\/li>\n<li data-start=\"1848\" data-end=\"1892\">\n<p data-start=\"1850\" data-end=\"1892\">\u2705 <strong data-start=\"1852\" data-end=\"1890\">Netukov\u00e1, r\u00fdchlo sa vstreb\u00e1vaj\u00faca text\u00fara<\/strong><\/p>\n<\/li>\n<li data-start=\"1893\" data-end=\"1938\">\n<p data-start=\"1895\" data-end=\"1938\">\u2705 Ide\u00e1lny pre <strong data-start=\"1907\" data-end=\"1936\">such\u00fa, unaven\u00fa alebo starn\u00facu ple\u0165<\/strong><\/p>\n<\/li>\n<li data-start=\"1939\" data-end=\"1986\">\n<p data-start=\"1941\" data-end=\"1986\">\u2705 250g sklenen\u00e1 n\u00e1doba navrhnut\u00e1 na dlhodob\u00e9 pou\u017eitie<\/p>\n<\/li>\n<\/ul>\n<h3 data-section-id=\"1635pxr\" data-start=\"1988\" data-end=\"2019\">Ako pou\u017ei\u0165 pre najlep\u0161ie v\u00fdsledky<\/h3>\n<p data-start=\"2021\" data-end=\"2245\">Naneste ve\u013ekorys\u00e9 mno\u017estvo na \u010dist\u00fa, such\u00fa ple\u0165 \u2013 najm\u00e4 pred span\u00edm \u2013 aby sa umo\u017enilo hlbok\u00e9 preniknutie cez noc. Pou\u017e\u00edvajte denne pre maxim\u00e1lnu hydrat\u00e1ciu a podporu regener\u00e1cie kolag\u00e9nu. Vhodn\u00fd na tv\u00e1r a krk. Vyhnite sa kontaktu s o\u010dami.<\/p>\n<blockquote data-start=\"2247\" data-end=\"2326\">\n<p data-start=\"2249\" data-end=\"2326\">Tip: Pou\u017e\u00edvajte s jemn\u00fdm \u010distiacim prostriedkom a tonerom na maximaliz\u00e1ciu absorpcie a v\u00fdsledkov.<\/p>\n<\/blockquote>\n<h3 data-section-id=\"1hfcx8z\" data-start=\"2328\" data-end=\"2362\">Pre\u010do si vybra\u0165 n\u00e1\u0161 kollag\u00e9nov\u00fd kr\u00e9m?<\/h3>\n<p data-start=\"2364\" data-end=\"2684\">Vyroben\u00fd s starostlivos\u0165ou spolo\u010dnos\u0165ou <strong data-start=\"2385\" data-end=\"2403\">Royal &#038; Beauty<\/strong>, n\u00e1\u0161 kollag\u00e9nov\u00fd kr\u00e9m je vyroben\u00fd z ingredienci\u00ed bezpe\u010dn\u00fdch pre ple\u0165 a testovan\u00fd na dlhotrvaj\u00facu hydrat\u00e1ciu a vidite\u013en\u00e9 v\u00fdsledky proti starnutiu. \u010ci u\u017e za\u010d\u00ednate so svojou rutinou starostlivosti o ple\u0165 alebo chcete vylep\u0161i\u0165 svoje produkty, tento kr\u00e9m poskytne presne to, \u010do va\u0161a ple\u0165 potrebuje na prirodzen\u00fd lesk.<\/p>\n<p data-start=\"2686\" data-end=\"2800\">Na\u0161a formula je bez drsn\u00fdch chemik\u00e1li\u00ed, parab\u00e9nov a umel\u00fdch farb\u00edv, \u010do ju rob\u00ed bezpe\u010dnou aj pre citliv\u00fa ple\u0165.<\/p>\n<p data-start=\"2807\" data-end=\"2925\"><strong data-start=\"2807\" data-end=\"2881\">Vyroben\u00e9 spolo\u010dnos\u0165ou Royal &#038; Beauty \u2013 Experti na pr\u00edrodn\u00e9 rie\u0161enia v starostlivosti o ple\u0165<\/strong><br data-start=\"2881\" data-end=\"2884\" \/><strong data-start=\"2884\" data-end=\"2925\">Vyroben\u00e9 v Egypte \u2013 Len na vonkaj\u0161ie pou\u017eitie<\/strong><\/p>\n<p data-start=\"2927\" data-end=\"3057\">Za\u017eite kr\u00e1su mladej, \u017eiarivej pleti \u2013 prirodzene.<br data-start=\"2987\" data-end=\"2990\" \/><strong data-start=\"2990\" data-end=\"3008\">Kollag\u00e9nov\u00fd kr\u00e9m<\/strong> nie je len starostlivos\u0165 o ple\u0165. Je to starostlivos\u0165 o seba, zdokonalen\u00e1.<\/p>\n<p style=\"text-align: center;\">\u010eakujeme za n\u00e1kup v <a href=\"https:\/\/bazaar.express\/sk\/\">Bazaar Express<\/a> \u2013 sme nad\u0161en\u00ed, \u017ee ste tu!<\/p>\n<p style=\"text-align: center;\">Va\u0161a cesta k lep\u0161ej starostlivosti o seba za\u010d\u00edna tu \u2013 s <a href=\"https:\/\/bazaar.express\/product-category\/beauty-care\/\">Beauty &#038; Care<\/a>, na ktor\u00fa sa m\u00f4\u017eete spo\u013eahn\u00fa\u0165.<\/p>\n","protected":false},"excerpt":{"rendered":"<h3 data-start=\"470\" data-end=\"619\">Hlboko hydratuj\u00faci kollag\u00e9nov\u00fd kr\u00e9m, ktor\u00fd zni\u017euje vr\u00e1sky, spev\u0148uje ple\u0165 a obnovuje v\u00e1\u0161 prirodzen\u00fd lesk. 250g sklenen\u00e1 n\u00e1doba od Royal &#038; Beauty. Vyroben\u00e9 v Egypte.<\/h3>\n","protected":false},"featured_media":43873,"comment_status":"open","ping_status":"closed","template":"","meta":[],"product_brand":[],"product_cat":[1160],"product_tag":[1655,1654],"class_list":{"0":"post-43870","1":"product","2":"type-product","3":"status-publish","4":"has-post-thumbnail","6":"product_cat-starostlivost-o-krasu","7":"product_tag-starostlivost-o-krasu","8":"product_tag-starostlivost-o-plet","10":"first","11":"instock","12":"sale","13":"shipping-taxable","14":"purchasable","15":"product-type-simple"},"_links":{"self":[{"href":"https:\/\/bazaar.express\/sk\/wp-json\/wp\/v2\/product\/43870","targetHints":{"allow":["GET"]}}],"collection":[{"href":"https:\/\/bazaar.express\/sk\/wp-json\/wp\/v2\/product"}],"about":[{"href":"https:\/\/bazaar.express\/sk\/wp-json\/wp\/v2\/types\/product"}],"replies":[{"embeddable":true,"href":"https:\/\/bazaar.express\/sk\/wp-json\/wp\/v2\/comments?post=43870"}],"wp:featuredmedia":[{"embeddable":true,"href":"https:\/\/bazaar.express\/sk\/wp-json\/wp\/v2\/media\/43873"}],"wp:attachment":[{"href":"https:\/\/bazaar.express\/sk\/wp-json\/wp\/v2\/media?parent=43870"}],"wp:term":[{"taxonomy":"product_brand","embeddable":true,"href":"https:\/\/bazaar.express\/sk\/wp-json\/wp\/v2\/product_brand?post=43870"},{"taxonomy":"product_cat","embeddable":true,"href":"https:\/\/bazaar.express\/sk\/wp-json\/wp\/v2\/product_cat?post=43870"},{"taxonomy":"product_tag","embeddable":true,"href":"https:\/\/bazaar.express\/sk\/wp-json\/wp\/v2\/product_tag?post=43870"}],"curies":[{"name":"wp","href":"https:\/\/api.w.org\/{rel}","templated":true}]}}