{"id":43888,"date":"2025-11-03T17:00:21","date_gmt":"2025-11-03T17:00:21","guid":{"rendered":"https:\/\/bazaar.express\/product\/luxury-natural-clay\/"},"modified":"2026-02-20T13:01:09","modified_gmt":"2026-02-20T13:01:09","slug":"luxury-natural-clay","status":"publish","type":"product","link":"https:\/\/bazaar.express\/sk\/produkt\/luxury-natural-clay\/","title":{"rendered":"Luxusn\u00e1 maska z pr\u00edrodnej hliny"},"content":{"rendered":"<h2 id=\"luxury-natural-clay-mask--premium-detoxification-m\" class=\"mb-2 mt-4 font-display font-semimedium text-base first:mt-0 md:text-lg [hr+&#038;]:mt-4\">Luxusn\u00e1 maska z pr\u00edrodnej hliny \u2013 Pr\u00e9miov\u00e1 detoxik\u00e1cia vyroben\u00e1 v Egypte<\/h2>\n<h3 class=\"mb-2 mt-4 font-display font-semimedium text-base first:mt-0\">Objavte luxusn\u00fa starostlivos\u0165 o ple\u0165 s autentickou detoxik\u00e1ciou z pr\u00edrodnej hliny<\/h3>\n<p class=\"my-2 [&#038;+p]:mt-4 [&#038;_strong:has(+br)]:inline-block [&#038;_strong:has(+br)]:pb-2\">Doprajte si na\u0161u exkluz\u00edvnu luxusn\u00fa pr\u00edrodn\u00fa kozmetick\u00fa lie\u010dbu z\u00edskan\u00fa a vyroben\u00fa v Egypte pod\u013ea pr\u00e9miov\u00fdch \u0161tandardov kvality. Toto luxusn\u00e9 detoxika\u010dn\u00e9 rie\u0161enie kombinuje \u00fa\u010dinn\u00e9 miner\u00e1ly s rafinovan\u00fdmi wellness trad\u00edciami, aby poskytlo v\u00fdnimo\u010dn\u00e9 v\u00fdsledky pre v\u0161etky typy pleti. Na\u0161a starostlivo vyroben\u00e1 luxusn\u00e1 lie\u010dba rie\u0161i s\u00fa\u010dasne viacero probl\u00e9mov s ple\u0165ou, poskytuje profesion\u00e1lne \u010distenie, rafinovan\u00e9 zu\u017eovanie p\u00f3rov a \u00fapln\u00fa pr\u00edrodn\u00fa regener\u00e1ciu v jednej luxusnej aplik\u00e1cii.<\/p>\n<h3 class=\"mb-2 mt-4 font-display font-semimedium text-base first:mt-0\">Pr\u00e9miov\u00fd vzorec a pr\u00edrodn\u00e1 veda za luxusnou lie\u010dbou<\/h3>\n<p class=\"my-2 [&#038;+p]:mt-4 [&#038;_strong:has(+br)]:inline-block [&#038;_strong:has(+br)]:pb-2\">N\u00e1\u0161 exkluz\u00edvny luxusn\u00fd miner\u00e1lny vzorec vyu\u017e\u00edva siln\u00e9 pr\u00edrodn\u00e9 detoxika\u010dn\u00e9 vlastnosti zdokonalen\u00e9 gener\u00e1ciami kozmetick\u00fdch trad\u00edci\u00ed. T\u00e1to pr\u00e9miov\u00e1 lie\u010dba prenik\u00e1 hlboko, odstra\u0148uje ne\u010distoty a prebyto\u010dn\u00fd olej, pri\u010dom prirodzene obnovuje optim\u00e1lnu pH rovnov\u00e1hu pleti. Rafinovan\u00e1 akcia odha\u013euje \u017eiariv\u00fa \u010d\u00edros\u0165 a vidite\u013en\u00fa purifik\u00e1ciu pri ka\u017edom luxusnom pou\u017eit\u00ed.<\/p>\n<h3 class=\"mb-2 mt-4 font-display font-semimedium text-base first:mt-0\">V\u00fdnimo\u010dn\u00e9 luxusn\u00e9 v\u00fdhody a profesion\u00e1lne v\u00fdsledky<\/h3>\n<p class=\"my-2 [&#038;+p]:mt-4 [&#038;_strong:has(+br)]:inline-block [&#038;_strong:has(+br)]:pb-2\"><strong>Profesion\u00e1lna h\u013abkov\u00e1 detoxik\u00e1cia:<\/strong>\u00a0Pr\u00e9miov\u00e9 pr\u00edrodn\u00e9 miner\u00e1ly vytv\u00e1raj\u00fa komplexn\u00fa purifik\u00e1ciu, ktor\u00e1 p\u00f4sob\u00ed pod povrchom, efekt\u00edvne absorbuje prebyto\u010dn\u00fd olej a environment\u00e1lne tox\u00edny. T\u00e1to luxusn\u00e1 lie\u010dba zanech\u00e1va ple\u0165 vidite\u013ene \u010distej\u0161iu a osvie\u017een\u00fa.<\/p>\n<p class=\"my-2 [&#038;+p]:mt-4 [&#038;_strong:has(+br)]:inline-block [&#038;_strong:has(+br)]:pb-2\"><strong>Pr\u00e9miov\u00e9 zu\u017eovanie p\u00f3rov:<\/strong>\u00a0Stiahne a rafinuje p\u00f3ry na tv\u00e1ri, pri\u010dom zabra\u0148uje bud\u00facemu upch\u00e1vaniu, \u010d\u00edm vytv\u00e1ra vidite\u013ene hlad\u0161iu, le\u0161ten\u00fa ple\u0165, ktor\u00e1 vy\u017earuje luxusn\u00fa kr\u00e1su.<\/p>\n<p class=\"my-2 [&#038;+p]:mt-4 [&#038;_strong:has(+br)]:inline-block [&#038;_strong:has(+br)]:pb-2\"><strong>Prirodzen\u00e1 rovnov\u00e1ha a kontrola oleja:<\/strong>\u00a0Prirodzene vyva\u017euje produkciu mazu bez nadmern\u00e9ho vysu\u0161ovania pleti. T\u00e1to luxusn\u00e1 lie\u010dba je ide\u00e1lna pre kombinovan\u00fa a mastn\u00fa ple\u0165 h\u013eadaj\u00facu rafinovan\u00fa rovnov\u00e1hu.<\/p>\n<p class=\"my-2 [&#038;+p]:mt-4 [&#038;_strong:has(+br)]:inline-block [&#038;_strong:has(+br)]:pb-2\"><strong>Zosvetlenie a pr\u00e9miov\u00e1 obnova:<\/strong>\u00a0Odstra\u0148uje nudn\u00fd povrchov\u00fd n\u00e1let a podporuje zdrav\u00fa obnovu buniek, \u010d\u00edm odha\u013euje jasnej\u0161iu, lumin\u00f3znej\u0161iu ple\u0165 pri konzistentnom luxusnom pou\u017e\u00edvan\u00ed.<\/p>\n<p class=\"my-2 [&#038;+p]:mt-4 [&#038;_strong:has(+br)]:inline-block [&#038;_strong:has(+br)]:pb-2\"><strong>Pokro\u010dil\u00e1 extrakcia tox\u00ednov:<\/strong>\u00a0Siln\u00e9 absorp\u010dn\u00e9 vlastnosti odstra\u0148uj\u00fa hlboko usaden\u00e9 tox\u00edny a \u010dastice zne\u010distenia, \u010d\u00edm podporuj\u00fa prirodzen\u00e9 hojenie s profesion\u00e1lnou \u00fa\u010dinnos\u0165ou.<\/p>\n<h3 class=\"mb-2 mt-4 font-display font-semimedium text-base first:mt-0\">Ide\u00e1lna luxusn\u00e1 lie\u010dba pre ka\u017ed\u00fd typ pleti<\/h3>\n<p class=\"my-2 [&#038;+p]:mt-4 [&#038;_strong:has(+br)]:inline-block [&#038;_strong:has(+br)]:pb-2\"><strong>Mastn\u00e1 ple\u0165:<\/strong>\u00a0Absorbuje prebyto\u010dn\u00fd lesk pri zachovan\u00ed prirodzenej vlhkostnej rovnov\u00e1hy s luxusnou presnos\u0165ou.<\/p>\n<p class=\"my-2 [&#038;+p]:mt-4 [&#038;_strong:has(+br)]:inline-block [&#038;_strong:has(+br)]:pb-2\"><strong>Kombinovan\u00e1 ple\u0165:<\/strong>\u00a0Vyva\u017euje hydrat\u00e1ciu naprie\u010d z\u00f3nami tv\u00e1re bez sp\u00f4soben\u00e9ho ne\u017eiaduceho vysu\u0161enia alebo podr\u00e1\u017edenia.<\/p>\n<p class=\"my-2 [&#038;+p]:mt-4 [&#038;_strong:has(+br)]:inline-block [&#038;_strong:has(+br)]:pb-2\"><strong>Ple\u0165 n\u00e1chyln\u00e1 na akn\u00e9:<\/strong>\u00a0Prirodzen\u00e9 antibakteri\u00e1lne vlastnosti odstra\u0148uj\u00fa ne\u010distoty a efekt\u00edvne zabra\u0148uj\u00fa v\u00fdskytom.<\/p>\n<p class=\"my-2 [&#038;+p]:mt-4 [&#038;_strong:has(+br)]:inline-block [&#038;_strong:has(+br)]:pb-2\"><strong>Citliv\u00e1 ple\u0165:<\/strong>\u00a0Jemn\u00e9 luxusn\u00e9 vzorce upokojuje a purifikuje bez drsn\u00e9ho podr\u00e1\u017edenia alebo po\u0161kodenia jemnej pleti.<\/p>\n<p class=\"my-2 [&#038;+p]:mt-4 [&#038;_strong:has(+br)]:inline-block [&#038;_strong:has(+br)]:pb-2\"><strong>Zrel\u00e1 ple\u0165:<\/strong>\u00a0Podporuje pr\u00e9miov\u00fa obnovu a zosvetlenie pri rie\u0161en\u00ed probl\u00e9mov s unavenou, nudnou ple\u0165ou.<\/p>\n<h3 class=\"mb-2 mt-4 font-display font-semimedium text-base first:mt-0\">Pr\u00e9miov\u00e9 pr\u00edrodn\u00e9 miner\u00e1lne zlo\u017eenie<\/h3>\n<p class=\"my-2 [&#038;+p]:mt-4 [&#038;_strong:has(+br)]:inline-block [&#038;_strong:has(+br)]:pb-2\">\u010cist\u00e9 pr\u00edrodn\u00e9 miner\u00e1ly z hliny, Kaol\u00edn, Illit, Hor\u010d\u00edk, Kreme\u0148, Zinok, V\u00e1pnik, \u017delezo a pr\u00edrodn\u00e9 stopov\u00e9 miner\u00e1ly p\u00f4sobia synergicky pre maxim\u00e1lne luxusn\u00e9 v\u00fdhody a bezpe\u010dnos\u0165.<\/p>\n<h3 class=\"mb-2 mt-4 font-display font-semimedium text-base first:mt-0\">Profesion\u00e1lne in\u0161trukcie na aplik\u00e1ciu<\/h3>\n<p class=\"my-2 [&#038;+p]:mt-4 [&#038;_strong:has(+br)]:inline-block [&#038;_strong:has(+br)]:pb-2\">Zmie\u0161ajte vhodn\u00e9 mno\u017estvo s vodou na vytvorenie hladkej pastovej konzistencie. Naneste rovnomerne na \u010dist\u00fa tv\u00e1r, vyhnite sa jemnej oblasti o\u010d\u00ed. Nechajte p\u00f4sobi\u0165 10-15 min\u00fat, k\u00fdm nevyschne. Odstr\u00e1\u0148te jemne teplou vodou a m\u00e4kk\u00fdmi kruhov\u00fdmi pohybmi. Pokra\u010dujte hydrata\u010dn\u00fdm kr\u00e9mom. Pou\u017e\u00edvajte 1-2 kr\u00e1t t\u00fd\u017edenne pre optim\u00e1lne vidite\u013en\u00e9 luxusn\u00e9 v\u00fdsledky.<\/p>\n<h3 class=\"mb-2 mt-4 font-display font-semimedium text-base first:mt-0\">Autentick\u00e9 egyptsk\u00e9 luxusn\u00e9 \u0161tandardy kvality<\/h3>\n<p class=\"my-2 [&#038;+p]:mt-4 [&#038;_strong:has(+br)]:inline-block [&#038;_strong:has(+br)]:pb-2\">Na\u0161a pr\u00e9miov\u00e1 lie\u010dba je autenticky z\u00edskan\u00e1 a spracovan\u00e1 v Egypte pomocou tradi\u010dn\u00fdch met\u00f3d, ktor\u00e9 zachov\u00e1vaj\u00fa maxim\u00e1lnu miner\u00e1lnu \u00fa\u010dinnos\u0165 a luxusn\u00e9 v\u00fdhody. Ka\u017ed\u00e1 100G n\u00e1doba predstavuje z\u00e1v\u00e4zok k autentickej, \u010distej pr\u00edrodnej starostlivosti o ple\u0165 vyrobenej pod\u013ea exkluz\u00edvnych medzin\u00e1rodn\u00fdch \u0161tandardov kvality.<\/p>\n<p class=\"my-2 [&#038;+p]:mt-4 [&#038;_strong:has(+br)]:inline-block [&#038;_strong:has(+br)]:pb-2\"><strong>Za\u017eite luxusn\u00fa pr\u00edrodn\u00fa kr\u00e1su s na\u0161ou pr\u00e9miovou hlinkovou lie\u010dbou dnes. Objednajte si svoju 100G n\u00e1dobu teraz a objavte \u00fapln\u00fa luxusn\u00fa purifik\u00e1ciu pleti.<\/strong><\/p>\n<p>&nbsp;<\/p>\n<h5 style=\"text-align: center;\">\u010eakujeme za n\u00e1kup v <a href=\"https:\/\/bazaar.express\/sk\/\">Bazaar Express<\/a> \u2013 te\u0161\u00edme sa na v\u00e1s!<\/h5>\n<h5 style=\"text-align: center;\">Va\u0161a cesta k lep\u0161ej starostlivosti o seba za\u010d\u00edna tu \u2013 s <a href=\"https:\/\/bazaar.express\/sk\/kategoria-produktu\/starostlivost-o-krasu\/\">Starostlivos\u0165ou o kr\u00e1su<\/a>, na ktor\u00fa sa m\u00f4\u017eete spo\u013eahn\u00fa\u0165!<\/h5>\n","protected":false},"excerpt":{"rendered":"<h3>Luxusn\u00e1 pr\u00edrodn\u00e1 hlina 100G vyroben\u00e1 v Egypte s pr\u00e9miov\u00fdmi miner\u00e1lmi pre profesion\u00e1lnu detoxik\u00e1ciu, zu\u017eovanie p\u00f3rov a \u00fapln\u00fa luxusn\u00fa purifik\u00e1ciu pleti.<\/h3>\n","protected":false},"featured_media":43889,"comment_status":"open","ping_status":"closed","template":"","meta":[],"product_brand":[],"product_cat":[1160,1175],"product_tag":[1655,1654],"class_list":{"0":"post-43888","1":"product","2":"type-product","3":"status-publish","4":"has-post-thumbnail","6":"product_cat-starostlivost-o-krasu","7":"product_cat-zoganon","8":"product_tag-starostlivost-o-krasu","9":"product_tag-starostlivost-o-plet","11":"first","12":"instock","13":"sale","14":"shipping-taxable","15":"purchasable","16":"product-type-simple"},"_links":{"self":[{"href":"https:\/\/bazaar.express\/sk\/wp-json\/wp\/v2\/product\/43888","targetHints":{"allow":["GET"]}}],"collection":[{"href":"https:\/\/bazaar.express\/sk\/wp-json\/wp\/v2\/product"}],"about":[{"href":"https:\/\/bazaar.express\/sk\/wp-json\/wp\/v2\/types\/product"}],"replies":[{"embeddable":true,"href":"https:\/\/bazaar.express\/sk\/wp-json\/wp\/v2\/comments?post=43888"}],"wp:featuredmedia":[{"embeddable":true,"href":"https:\/\/bazaar.express\/sk\/wp-json\/wp\/v2\/media\/43889"}],"wp:attachment":[{"href":"https:\/\/bazaar.express\/sk\/wp-json\/wp\/v2\/media?parent=43888"}],"wp:term":[{"taxonomy":"product_brand","embeddable":true,"href":"https:\/\/bazaar.express\/sk\/wp-json\/wp\/v2\/product_brand?post=43888"},{"taxonomy":"product_cat","embeddable":true,"href":"https:\/\/bazaar.express\/sk\/wp-json\/wp\/v2\/product_cat?post=43888"},{"taxonomy":"product_tag","embeddable":true,"href":"https:\/\/bazaar.express\/sk\/wp-json\/wp\/v2\/product_tag?post=43888"}],"curies":[{"name":"wp","href":"https:\/\/api.w.org\/{rel}","templated":true}]}}