{"id":43893,"date":"2025-11-01T19:02:01","date_gmt":"2025-11-01T19:02:01","guid":{"rendered":"https:\/\/bazaar.express\/product\/deluxe-camel-milk-lotion-bundle\/"},"modified":"2026-02-20T13:01:10","modified_gmt":"2026-02-20T13:01:10","slug":"deluxe-camel-milk-lotion-bundle","status":"publish","type":"product","link":"https:\/\/bazaar.express\/sk\/produkt\/deluxe-camel-milk-lotion-bundle\/","title":{"rendered":"Deluxe bal\u00edk losonu s \u0165av\u00edm mliekom"},"content":{"rendered":"<h3 class=\"mb-2 mt-4 font-display font-semimedium text-base first:mt-0\">Za\u017eite luxusn\u00fd bal\u00edk losonu s \u0165av\u00edm mliekom \u2013 P\u00e4\u0165 pr\u00e9miov\u00fdch egyptsk\u00fdch hydrata\u010dn\u00fdch kr\u00e9mov<\/h3>\n<p class=\"my-2 [&#038;+p]:mt-4 [&#038;_strong:has(+br)]:inline-block [&#038;_strong:has(+br)]:pb-2\">Doprajte si ultim\u00e1tny <strong>Deluxe bal\u00edk losonu s \u0165av\u00edm mliekom<\/strong>, ktor\u00fd obsahuje p\u00e4\u0165 vynikaj\u00facich egyptsk\u00fdch kr\u00e9mov na kr\u00e1su, expertne vyroben\u00fdch \u0161pecialistami na pr\u00e9miov\u00e9 produkty. Ka\u017ed\u00e1 f\u013ea\u0161a vyu\u017e\u00edva ultra-pr\u00e9miov\u00fd extrakt z \u0165avieho mlieka v kombin\u00e1cii s odli\u0161n\u00fdmi v\u00f4\u0148ov\u00fdmi profilmi. Tento exkluz\u00edvny deluxe bal\u00edk poskytuje intenz\u00edvnu hydrat\u00e1ciu, v\u00fdkonn\u00fa anti-aging starostlivos\u0165 a vidite\u013en\u00fa transform\u00e1ciu poko\u017eky. S hrdos\u0165ou vyroben\u00fd v Egypte pod\u013ea najvy\u0161\u0161\u00edch \u0161tandardov kvality, t\u00e1to kolekcia prin\u00e1\u0161a autentick\u00fa pr\u00e9miov\u00fa p\u00fa\u0161t\u043d\u0443 kr\u00e1su do cel\u00e9ho sveta.<\/p>\n<h3 class=\"mb-2 mt-4 font-display font-semimedium text-base first:mt-0\">Deluxe kolekcia \u2013 P\u00e4\u0165 pr\u00e9miov\u00fdch vzorcov hydrata\u010dn\u00fdch kr\u00e9mov s \u0165av\u00edm mliekom<\/h3>\n<p class=\"my-2 [&#038;+p]:mt-4 [&#038;_strong:has(+br)]:inline-block [&#038;_strong:has(+br)]:pb-2\">Na\u0161a deluxe kolekcia predstavuje p\u00e4\u0165 luxusn\u00fdch vzorcov, z ktor\u00fdch ka\u017ed\u00fd poskytuje v\u00fdnimo\u010dn\u00e9 pr\u00e9miov\u00e9 v\u00fdhody s jedine\u010dn\u00fdmi senzorick\u00fdmi z\u00e1\u017eitkami.<\/p>\n<p class=\"my-2 [&#038;+p]:mt-4 [&#038;_strong:has(+br)]:inline-block [&#038;_strong:has(+br)]:pb-2\"><strong>1- Kokosov\u00fd loson s \u0165av\u00edm mliekom 250 ml<\/strong> \u2013 exotick\u00fd tropick\u00fd luxus s opojnou kokosovou v\u00f4\u0148ou. Pr\u00e9miov\u00e9 \u0165avie mlieko sa kombinuje s bohatou kokosovou esenciou, ktor\u00e1 poskytuje hlbok\u00fa intenz\u00edvnu hydrat\u00e1ciu. Ide\u00e1lny pre nad\u0161encov starostlivosti o ple\u0165 h\u013eadaj\u00facich v\u00fd\u017eivu.<\/p>\n<p class=\"my-2 [&#038;+p]:mt-4 [&#038;_strong:has(+br)]:inline-block [&#038;_strong:has(+br)]:pb-2\"><strong>2- Citr\u00f3nov\u00fd loson s \u0165av\u00edm mliekom 250 ml<\/strong> \u2013 revitalizuj\u00faci a rozjas\u0148uj\u00faci s \u010derstvou pr\u00edrodnou citr\u00f3novou v\u00f4\u0148ou. Energizuj\u00faci citr\u00f3nov\u00fd extrakt synergicky p\u00f4sob\u00ed s \u0165av\u00edm mliekom na poskytnutie v\u00fdkonn\u00e9ho rozjas\u0148uj\u00faceho \u00fa\u010dinku. Zmen\u0161ite tmav\u00e9 \u0161kvrny, vyrovnajte t\u00f3n pleti a dosiahnite \u017eiariv\u00fd lesk.<\/p>\n<p class=\"my-2 [&#038;+p]:mt-4 [&#038;_strong:has(+br)]:inline-block [&#038;_strong:has(+br)]:pb-2\"><strong>3- Levandu\u013eov\u00fd loson s \u0165av\u00edm mliekom 250 ml<\/strong> \u2013 pokojn\u00fd upokojuj\u00faci luxus s terapeutickou levandu\u013eovou v\u00f4\u0148ou. O\u010daruj\u00faca levandu\u013eov\u00e1 esencia vytv\u00e1ra k\u00fape\u013en\u00fd raj, zatia\u013e \u010do pr\u00e9miov\u00e9 \u0165avie mlieko upokojuje reakt\u00edvnu ple\u0165. Perfektn\u00fd pre citliv\u00fa, vystresovan\u00fa ple\u0165.<\/p>\n<p class=\"my-2 [&#038;+p]:mt-4 [&#038;_strong:has(+br)]:inline-block [&#038;_strong:has(+br)]:pb-2\"><strong>4- Pi\u017emov\u00fd loson s \u0165av\u00edm mliekom 250 ml<\/strong> \u2013 sofistikovan\u00e1 elegancia s luxusnou pi\u017emovou v\u00f4\u0148ou. Tento pr\u00e9miov\u00fd rafinovan\u00fd vzorec vytv\u00e1ra vynikaj\u00faci senzorick\u00fd z\u00e1\u017eitok z kr\u00e1sy s sofistikovanou pi\u017emovou esenciou v kombin\u00e1cii s terapeutick\u00fdmi vlastnos\u0165ami \u0165avieho mlieka.<\/p>\n<p class=\"my-2 [&#038;+p]:mt-4 [&#038;_strong:has(+br)]:inline-block [&#038;_strong:has(+br)]:pb-2\"><strong>5- \u010cist\u00fd loson s \u0165av\u00edm mliekom 250 ml<\/strong> \u2013 \u010dist\u00fd terapeutick\u00fd vzorec s bezv\u00f4\u0148ov\u00fdm zlo\u017een\u00edm. Pr\u00e9miov\u00fd pre t\u00fdch, ktor\u00ed h\u013eadaj\u00fa citliv\u00fa ple\u0165, tento neleskn\u00faci loson poskytuje \u010dist\u00e9 v\u00fdhody \u0165avieho mlieka bez umel\u00fdch v\u00f4n\u00ed alebo dr\u00e1\u017ediv\u00fdch l\u00e1tok.<\/p>\n<h3 class=\"mb-2 mt-4 font-display font-semimedium text-base first:mt-0\">V\u00fdnimo\u010dn\u00e9 v\u00fdhody starostlivosti o ple\u0165 v celej deluxe kolekcii<\/h3>\n<p class=\"my-2 [&#038;+p]:mt-4 [&#038;_strong:has(+br)]:inline-block [&#038;_strong:has(+br)]:pb-2\"><strong>Hlbok\u00e1 intenz\u00edvna hydrat\u00e1cia:<\/strong> Ka\u017ed\u00fd pr\u00e9miov\u00fd vzorec vytv\u00e1ra pokro\u010dil\u00fa ochrann\u00fa bari\u00e9ru vlhkosti, ktor\u00e1 intenz\u00edvne uzamyk\u00e1 hydrat\u00e1ciu v pleti. Ple\u0165 sa stane vidite\u013ene jemnej\u0161ou, pln\u0161ou a pohodlnou po\u010das cel\u00e9ho d\u0148a a noci.<\/p>\n<p class=\"my-2 [&#038;+p]:mt-4 [&#038;_strong:has(+br)]:inline-block [&#038;_strong:has(+br)]:pb-2\"><strong>V\u00fdkonn\u00e1 anti-aging excelentnos\u0165:<\/strong> Hojne pr\u00edtomn\u00e9 siln\u00e9 antioxidanty a prirodzene sa vyskytuj\u00face retinoidy agres\u00edvne bojuj\u00fa proti vidite\u013en\u00fdm znakom starnutia. Jemn\u00e9 vr\u00e1sky sa v\u00fdrazne zmiernia, vr\u00e1sky sa vidite\u013ene zmen\u0161ia a vekov\u00e9 \u0161kvrny v\u00fdrazne vybledn\u00fa.<\/p>\n<p class=\"my-2 [&#038;+p]:mt-4 [&#038;_strong:has(+br)]:inline-block [&#038;_strong:has(+br)]:pb-2\"><strong>Prirodzen\u00e9 pr\u00e9miov\u00e9 zlep\u0161enie \u017eiarivosti:<\/strong> Ultra-pr\u00e9miov\u00e9 \u0165avie mlieko hlboko vy\u017eivuje, obnovuje v\u00fdnimo\u010dn\u00fa prirodzen\u00fa \u017eiarivos\u0165 a zvy\u0161uje lesk. T\u00f3n pleti sa v\u00fdrazne vyrovn\u00e1 a ple\u0165 dosiahne \u017eiariv\u00fd, \u017eiv\u00fd zdrav\u00fd lesk.<\/p>\n<p class=\"my-2 [&#038;+p]:mt-4 [&#038;_strong:has(+br)]:inline-block [&#038;_strong:has(+br)]:pb-2\"><strong>Pr\u00e9miov\u00e9 upokojuj\u00face a hojiv\u00e9 vlastnosti:<\/strong> Siln\u00e9 protiz\u00e1palov\u00e9 a antibakteri\u00e1lne vlastnosti hlboko upokojuj\u00fa reakt\u00edvnu ple\u0165, v\u00fdrazne zni\u017euj\u00fa za\u010dervenanie a dramaticky ur\u00fdch\u013euj\u00fa hojenie. V\u0161etky vzorce perfektne vyhovuj\u00fa citlivej pleti.<\/p>\n<h3 class=\"mb-2 mt-4 font-display font-semimedium text-base first:mt-0\">Perfektn\u00fd pre ka\u017ed\u00fd typ pleti<\/h3>\n<p class=\"my-2 [&#038;+p]:mt-4 [&#038;_strong:has(+br)]:inline-block [&#038;_strong:has(+br)]:pb-2\"><strong>Such\u00e1 ple\u0165:<\/strong> Hlbok\u00e1 intenz\u00edvna hydrat\u00e1cia obnovuje pohodlie s vynikaj\u00facou jemnou text\u00farou.<\/p>\n<p class=\"my-2 [&#038;+p]:mt-4 [&#038;_strong:has(+br)]:inline-block [&#038;_strong:has(+br)]:pb-2\"><strong>Citliv\u00e1 ple\u0165:<\/strong> Pr\u00e9miov\u00e9 jemn\u00e9 vzorce upokojuj\u00fa z\u00e1pal a v\u00fdrazne zni\u017euj\u00fa za\u010dervenanie.<\/p>\n<p class=\"my-2 [&#038;+p]:mt-4 [&#038;_strong:has(+br)]:inline-block [&#038;_strong:has(+br)]:pb-2\"><strong>Mastn\u00e1 ple\u0165:<\/strong> \u013dahk\u00e9, r\u00fdchlo sa vstreb\u00e1vaj\u00face text\u00fary poskytuj\u00fa hydrat\u00e1ciu bez mastnoty.<\/p>\n<p class=\"my-2 [&#038;+p]:mt-4 [&#038;_strong:has(+br)]:inline-block [&#038;_strong:has(+br)]:pb-2\"><strong>Kombinovan\u00e1 ple\u0165:<\/strong> Perfektne vyva\u017euje hydrat\u00e1ciu naprie\u010d v\u0161etk\u00fdmi z\u00f3nami tv\u00e1re.<\/p>\n<p class=\"my-2 [&#038;+p]:mt-4 [&#038;_strong:has(+br)]:inline-block [&#038;_strong:has(+br)]:pb-2\"><strong>Zrel\u00e1 ple\u0165:<\/strong> Cieli na probl\u00e9my so starnut\u00edm s v\u00fdkonn\u00fdmi anti-aging ingredienciami.<\/p>\n<h3 class=\"mb-2 mt-4 font-display font-semimedium text-base first:mt-0\">V\u00fdhody pr\u00e9miov\u00e9ho bal\u00edka<\/h3>\n<p class=\"my-2 [&#038;+p]:mt-4 [&#038;_strong:has(+br)]:inline-block [&#038;_strong:has(+br)]:pb-2\">N\u00e1kup na\u0161ej kompletnej deluxe kolekcie poskytuje v\u00fdnimo\u010dn\u00fa hodnotu. Presk\u00famajte p\u00e4\u0165 odli\u0161n\u00fdch pr\u00e9miov\u00fdch v\u00f4\u0148ov\u00fdch z\u00e1\u017eitkov, objavte osobn\u00e9 ob\u013e\u00faben\u00e9 alebo prisp\u00f4sobte komplexn\u00e9 rutiny starostlivosti o ple\u0165 na z\u00e1klade denn\u00fdch preferenci\u00ed a sez\u00f3nnych potrieb. Ka\u017ed\u00fd loson poskytuje pr\u00e9miov\u00e9 v\u00fdhody samostatne.<\/p>\n<h3 class=\"mb-2 mt-4 font-display font-semimedium text-base first:mt-0\">Ako pou\u017e\u00edva\u0165 pr\u00e9miov\u00fd loson<\/h3>\n<p class=\"my-2 [&#038;+p]:mt-4 [&#038;_strong:has(+br)]:inline-block [&#038;_strong:has(+br)]:pb-2\">Aplikujte vhodn\u00e9 mno\u017estvo na \u010dist\u00fa, mierne vlhk\u00fa ple\u0165 a jemne mas\u00edrujte pohybmi smerom nahor. Pou\u017e\u00edvajte r\u00e1no a ve\u010der pravidelne. Pre intenz\u00edvnu no\u010dn\u00fa pr\u00e9miov\u00fa lie\u010dbu aplikujte hojne. Skladujte pri izbovej teplote nepresahuj\u00facej 30 \u00b0C.<\/p>\n<h3 class=\"mb-2 mt-4 font-display font-semimedium text-base first:mt-0\">Autentick\u00e1 egyptsk\u00e1 excelentnos\u0165 \u2013 Pr\u00e9miov\u00e1 kvalita certifikovan\u00e1<\/h3>\n<p class=\"my-2 [&#038;+p]:mt-4 [&#038;_strong:has(+br)]:inline-block [&#038;_strong:has(+br)]:pb-2\">V\u0161etky pr\u00e9miov\u00e9 vzorce s\u00fa s hrdos\u0165ou vyroben\u00e9 v Egypte s pou\u017eit\u00edm ultra-pr\u00e9miov\u00e9ho extraktu z \u0165avieho mlieka a najlep\u0161\u00edch pr\u00edrodn\u00fdch ingredienci\u00ed. Ka\u017ed\u00e1 f\u013ea\u0161a predstavuje autentick\u00fa egyptsk\u00fa pr\u00e9miov\u00fa expert\u00edzu v oblasti kr\u00e1sy, pr\u00edsne testovan\u00fa na v\u00fdnimo\u010dn\u00fa \u010distotu a bezpe\u010dnos\u0165 pod\u013ea medzin\u00e1rodn\u00fdch kozmetick\u00fdch \u0161tandardov.<\/p>\n<p class=\"my-2 [&#038;+p]:mt-4 [&#038;_strong:has(+br)]:inline-block [&#038;_strong:has(+br)]:pb-2\"><strong>Pozdvihnite svoju kompletn\u00fa ritu\u00e1lu starostlivosti o ple\u0165 s na\u0161\u00edm Deluxe egyptsk\u00fdm bal\u00edkom losonu s \u0165av\u00edm mliekom dnes. Objednajte si svoj deluxe p\u00e4\u0165f\u013ea\u0161kov\u00fd pr\u00e9miov\u00fd bal\u00edk teraz a za\u017eite v\u00fdnimo\u010dn\u00fd luxus egyptsk\u00e9ho \u0165avieho mlieka pre ka\u017ed\u00fa potrebu starostlivosti o ple\u0165.<\/strong><\/p>\n<p>&nbsp;<\/p>\n<h5 style=\"text-align: center;\">\u010eakujeme za n\u00e1kup v <a href=\"https:\/\/bazaar.express\/sk\/\">Bazaar Express<\/a> \u2013 te\u0161\u00edme sa na v\u00e1s!<\/h5>\n<h5 style=\"text-align: center;\">Va\u0161a cesta k lep\u0161ej starostlivosti o seba za\u010d\u00edna tu \u2013 s <a href=\"https:\/\/bazaar.express\/sk\/kategoria-produktu\/starostlivost-o-krasu\/\">Starostlivos\u0165ou o kr\u00e1su<\/a>, na ktor\u00fa sa m\u00f4\u017eete spo\u013eahn\u00fa\u0165.<\/h5>\n","protected":false},"excerpt":{"rendered":"<h3>Deluxe pr\u00e9miov\u00fd bal\u00edk losonu s \u0165av\u00edm mliekom \u2013 P\u00e4\u0165 luxusn\u00fdch egyptsk\u00fdch hydrata\u010dn\u00fdch kr\u00e9mov s \u0165av\u00edm mliekom s kokosov\u00fdmi, citr\u00f3nov\u00fdmi, levandu\u013eov\u00fdmi, pi\u017emov\u00fdmi a bezv\u00f4\u0148ov\u00fdmi vzormi. Pr\u00e9miov\u00e1 kvalita vyroben\u00e1 v Egypte.<\/h3>\n","protected":false},"featured_media":43894,"comment_status":"open","ping_status":"closed","template":"","meta":[],"product_brand":[],"product_cat":[1160,1169,1167,1161],"product_tag":[1652,1653,1655,1654,1656],"class_list":{"0":"post-43893","1":"product","2":"type-product","3":"status-publish","4":"has-post-thumbnail","6":"product_cat-starostlivost-o-krasu","7":"product_cat-horuce-ponuky","8":"product_cat-najlepsie-z-egypta","9":"product_cat-terapeuticke-oleje","10":"product_tag-olej","11":"product_tag-prirodny-olej","12":"product_tag-starostlivost-o-krasu","13":"product_tag-starostlivost-o-plet","14":"product_tag-tavie-mlieko","16":"first","17":"instock","18":"sale","19":"shipping-taxable","20":"purchasable","21":"product-type-simple"},"_links":{"self":[{"href":"https:\/\/bazaar.express\/sk\/wp-json\/wp\/v2\/product\/43893","targetHints":{"allow":["GET"]}}],"collection":[{"href":"https:\/\/bazaar.express\/sk\/wp-json\/wp\/v2\/product"}],"about":[{"href":"https:\/\/bazaar.express\/sk\/wp-json\/wp\/v2\/types\/product"}],"replies":[{"embeddable":true,"href":"https:\/\/bazaar.express\/sk\/wp-json\/wp\/v2\/comments?post=43893"}],"wp:featuredmedia":[{"embeddable":true,"href":"https:\/\/bazaar.express\/sk\/wp-json\/wp\/v2\/media\/43894"}],"wp:attachment":[{"href":"https:\/\/bazaar.express\/sk\/wp-json\/wp\/v2\/media?parent=43893"}],"wp:term":[{"taxonomy":"product_brand","embeddable":true,"href":"https:\/\/bazaar.express\/sk\/wp-json\/wp\/v2\/product_brand?post=43893"},{"taxonomy":"product_cat","embeddable":true,"href":"https:\/\/bazaar.express\/sk\/wp-json\/wp\/v2\/product_cat?post=43893"},{"taxonomy":"product_tag","embeddable":true,"href":"https:\/\/bazaar.express\/sk\/wp-json\/wp\/v2\/product_tag?post=43893"}],"curies":[{"name":"wp","href":"https:\/\/api.w.org\/{rel}","templated":true}]}}