{"id":43901,"date":"2025-11-01T01:34:01","date_gmt":"2025-11-01T01:34:01","guid":{"rendered":"https:\/\/bazaar.express\/product\/lemon-camel-milk-lotion\/"},"modified":"2026-02-20T13:01:12","modified_gmt":"2026-02-20T13:01:12","slug":"lemon-camel-milk-lotion","status":"publish","type":"product","link":"https:\/\/bazaar.express\/sk\/produkt\/lemon-camel-milk-lotion\/","title":{"rendered":"Loson s citr\u00f3nov\u00fdm \u0165av\u00edm mliekom"},"content":{"rendered":"<h2 class=\"mb-2 mt-4 font-display font-semimedium text-base first:mt-0\">Za\u017eite svie\u017ei loson s citr\u00f3nov\u00fdm \u0165av\u00edm mliekom 250 ml \u2013 Pr\u00edrodn\u00e9 svie\u017ee rozjas\u0148uj\u00face rie\u0161enie<\/h2>\n<p class=\"my-2 [&#038;+p]:mt-4 [&#038;_strong:has(+br)]:inline-block [&#038;_strong:has(+br)]:pb-2 animate-in fade-in-25 duration-700\">Obnovte svoju rutinu starostlivosti o ple\u0165 s <strong>losonom s citr\u00f3nov\u00fdm \u0165av\u00edm mliekom 250 ml<\/strong>, inovat\u00edvnym hydrata\u010dn\u00fdm kr\u00e9mom, ktor\u00fd kombinuje pr\u00e9miov\u00e9 \u0165avie mlieko s osvie\u017euj\u00facou pr\u00edrodnou citr\u00f3novou v\u00f4\u0148ou. T\u00e1to pozoruhodn\u00e1 egyptsk\u00e1 formul\u00e1cia poskytuje intenz\u00edvnu hydrat\u00e1ciu, siln\u00e9 rozjas\u0148uj\u00face \u00fa\u010dinky a vidite\u013en\u00fa transform\u00e1ciu pleti pre v\u0161etky typy pleti. Obohaten\u00fd o pr\u00e9miov\u00fd extrakt z \u0165avieho mlieka a \u017eiv\u00fa citr\u00f3nov\u00fa esenciu prin\u00e1\u0161a tento luxusn\u00fd loson autentick\u00fa egyptsk\u00fa m\u00fadros\u0165 kr\u00e1sy v kombin\u00e1cii so stredomorsk\u00fdm \u017eiariv\u00fdm vzh\u013eadom.<\/p>\n<h3 class=\"mb-2 mt-4 font-display font-semimedium text-base first:mt-0\">Starovek\u00e1 trad\u00edcia stret\u00e1va modern\u00fa kr\u00e1su \u2013 V\u00fdhoda \u0165avieho mlieka<\/h3>\n<p class=\"my-2 [&#038;+p]:mt-4 [&#038;_strong:has(+br)]:inline-block [&#038;_strong:has(+br)]:pb-2 animate-in fade-in-25 duration-700\">Po tis\u00edcro\u010dia je \u0165avie mlieko uctievan\u00e9 ako najvy\u0161\u0161\u00ed poklad pr\u00edrody pre starostlivos\u0165 o ple\u0165. Starovek\u00e9 egyptsk\u00e9 kr\u00e1\u013eovn\u00e9 pravidelne oddychovali v luxusn\u00fdch ritu\u00e1loch kr\u00e1sy s \u0165av\u00edm mliekom, aby zachovali svoju legend\u00e1rnu ple\u0165. Modern\u00fd dermatologick\u00fd v\u00fdskum potvrdzuje tieto praktiky a dokazuje, \u017ee \u0165avie mlieko obsahuje v\u00fdnimo\u010dn\u00e9 koncentr\u00e1cie vitam\u00ednov A, B, C a D, plus esenci\u00e1lne mastn\u00e9 kyseliny, prote\u00edny a miner\u00e1ly.<\/p>\n<p class=\"my-2 [&#038;+p]:mt-4 [&#038;_strong:has(+br)]:inline-block [&#038;_strong:has(+br)]:pb-2 animate-in fade-in-25 duration-700\"><strong>Loson s citr\u00f3nov\u00fdm \u0165av\u00edm mliekom 250 ml<\/strong> vyu\u017e\u00edva t\u00fato legend\u00e1rnu ingredienciu v kombin\u00e1cii s pr\u00edrodn\u00fdm citr\u00f3nov\u00fdm extraktom pre siln\u00e9 rozjas\u0148uj\u00face \u00fa\u010dinky. Pr\u00edrodn\u00e1 citr\u00f3nov\u00e1 kyselina poskytuje jemn\u00e9 exfoli\u00e1ciu, zatia\u013e \u010do \u0165avie mlieko dod\u00e1va trval\u00fa retenciu vlhkosti a skuto\u010dn\u00fa bunkov\u00fa v\u00fd\u017eivu, \u010do vedie k vidite\u013ene zdrav\u0161ej a \u017eiarivej\u0161ej pleti.<\/p>\n<h3 class=\"mb-2 mt-4 font-display font-semimedium text-base first:mt-0\">Komplexn\u00e1 transform\u00e1cia starostlivosti o ple\u0165<\/h3>\n<p class=\"my-2 [&#038;+p]:mt-4 [&#038;_strong:has(+br)]:inline-block [&#038;_strong:has(+br)]:pb-2 animate-in fade-in-25 duration-700\"><strong>Hlbok\u00e1 intenz\u00edvna hydrat\u00e1cia:<\/strong> Bohat\u00e1 formul\u00e1cia vytv\u00e1ra pokro\u010dil\u00fa vlhkostn\u00fa bari\u00e9ru, ktor\u00e1 uzamyk\u00e1 hydrat\u00e1ciu v pleti na dlh\u0161ie obdobia. Va\u0161a ple\u0165 sa stane vidite\u013ene jemnej\u0161ou, pln\u0161ou, mladistvej\u0161ou a pohodlne pohodlnou po\u010das d\u0148a aj noci.<\/p>\n<p class=\"my-2 [&#038;+p]:mt-4 [&#038;_strong:has(+br)]:inline-block [&#038;_strong:has(+br)]:pb-2 animate-in fade-in-25 duration-700\"><strong>Pr\u00edrodn\u00e9 rozjasnenie a \u017eiarivos\u0165:<\/strong> Citr\u00f3nov\u00fd extrakt poskytuje siln\u00e9 rozjas\u0148uj\u00face \u00fa\u010dinky, zatia\u013e \u010do \u0165avie mlieko hlboko vy\u017eivuje. Tmav\u00e9 \u0161kvrny bledn\u00fa, t\u00f3n pleti sa kr\u00e1sne vyrovn\u00e1va a va\u0161a ple\u0165 dosahuje \u017eiariv\u00fd zdrav\u00fd lesk, ktor\u00fd vy\u017earuje zvn\u00fatra.<\/p>\n<p class=\"my-2 [&#038;+p]:mt-4 [&#038;_strong:has(+br)]:inline-block [&#038;_strong:has(+br)]:pb-2 animate-in fade-in-25 duration-700\"><strong>Siln\u00e1 anti-aging excelencia:<\/strong> Naplnen\u00fd siln\u00fdmi antioxidantmi a prirodzene sa vyskytuj\u00facimi retinoidmi tento pr\u00e9miov\u00fd loson akt\u00edvne bojuje proti vidite\u013en\u00fdm znakom starnutia. Jemn\u00e9 linky sa zm\u00e4k\u010duj\u00fa, vr\u00e1sky sa zmen\u0161uj\u00fa, vekov\u00e9 \u0161kvrny bledn\u00fa a produkcia kolag\u00e9nu sa zvy\u0161uje.<\/p>\n<p class=\"my-2 [&#038;+p]:mt-4 [&#038;_strong:has(+br)]:inline-block [&#038;_strong:has(+br)]:pb-2 animate-in fade-in-25 duration-700\"><strong>\u010cistiaci a purifika\u010dn\u00fd \u00fa\u010dinok:<\/strong> Pr\u00edrodn\u00e9 vlastnosti citr\u00f3nu pom\u00e1haj\u00fa \u010disti\u0165 ple\u0165 a zni\u017eova\u0165 nedokonalosti, zatia\u013e \u010do \u0165avie mlieko upokojuje a lie\u010di. Protiz\u00e1palov\u00e9 a antibakteri\u00e1lne vlastnosti upokojuj\u00fa reakt\u00edvnu ple\u0165 bez drsn\u00fdch chemik\u00e1li\u00ed.<\/p>\n<h3 class=\"mb-2 mt-4 font-display font-semimedium text-base first:mt-0\">Osvie\u017euj\u00faca citr\u00f3nov\u00e1 v\u00f4\u0148a<\/h3>\n<p class=\"my-2 [&#038;+p]:mt-4 [&#038;_strong:has(+br)]:inline-block [&#038;_strong:has(+br)]:pb-2 animate-in fade-in-25 duration-700\">Osvie\u017euj\u00faca pr\u00edrodn\u00e1 citr\u00f3nov\u00e1 v\u00f4\u0148a premie\u0148a va\u0161u denn\u00fa starostlivos\u0165 o ple\u0165 na revitaliza\u010dn\u00fd \u00fanik do spa. \u010cerstv\u00e1 ar\u00f3ma povzn\u00e1\u0161a va\u0161e zmysly, zatia\u013e \u010do citr\u00f3nov\u00e1 esencia poskytuje \u010fal\u0161ie pr\u00edrodn\u00e9 \u010distiace a rozjas\u0148uj\u00face v\u00fdhody, \u010d\u00edm nech\u00e1va ple\u0165 osvie\u017een\u00fa a neodolate\u013ene \u017eiariv\u00fa.<\/p>\n<h3 class=\"mb-2 mt-4 font-display font-semimedium text-base first:mt-0\">Ide\u00e1lne pre ka\u017ed\u00fd typ pleti<\/h3>\n<p class=\"my-2 [&#038;+p]:mt-4 [&#038;_strong:has(+br)]:inline-block [&#038;_strong:has(+br)]:pb-2 animate-in fade-in-25 duration-700\"><strong>Such\u00e1 ple\u0165:<\/strong> Intenz\u00edvna hydrat\u00e1cia obnovuje pohodlie vysu\u0161enej pleti, zatia\u013e \u010do citr\u00f3n rozjas\u0148uje.<\/p>\n<p class=\"my-2 [&#038;+p]:mt-4 [&#038;_strong:has(+br)]:inline-block [&#038;_strong:has(+br)]:pb-2 animate-in fade-in-25 duration-700\"><strong>Citliv\u00e1 ple\u0165:<\/strong> Jemn\u00e1 formula upokojuje z\u00e1pal a zni\u017euje za\u010dervenanie s pr\u00edrodn\u00fdmi vlastnos\u0165ami citr\u00f3nu.<\/p>\n<p class=\"my-2 [&#038;+p]:mt-4 [&#038;_strong:has(+br)]:inline-block [&#038;_strong:has(+br)]:pb-2 animate-in fade-in-25 duration-700\"><strong>Mastn\u00e1 ple\u0165:<\/strong> \u013dahk\u00e1 r\u00fdchlo sa vstrebate\u013en\u00e1 text\u00fara s \u010distiacim \u00fa\u010dinkom citr\u00f3nu poskytuje hydrat\u00e1ciu bez mastnoty.<\/p>\n<p class=\"my-2 [&#038;+p]:mt-4 [&#038;_strong:has(+br)]:inline-block [&#038;_strong:has(+br)]:pb-2 animate-in fade-in-25 duration-700\"><strong>Kombinovan\u00e1 ple\u0165:<\/strong> Perfektne vyva\u017euje hydrat\u00e1ciu, zatia\u013e \u010do citr\u00f3n \u010dist\u00ed mastn\u00e9 oblasti.<\/p>\n<p class=\"my-2 [&#038;+p]:mt-4 [&#038;_strong:has(+br)]:inline-block [&#038;_strong:has(+br)]:pb-2 animate-in fade-in-25 duration-700\"><strong>Zrel\u00e1 ple\u0165:<\/strong> Cieli na probl\u00e9my starnutia \u2013 jemn\u00e9 linky, stratu elasticity, nudnos\u0165 \u2013 s siln\u00fdmi anti-aging a rozjas\u0148uj\u00facimi ingredienciami.<\/p>\n<h3 class=\"mb-2 mt-4 font-display font-semimedium text-base first:mt-0\">Ako pou\u017e\u00edva\u0165<\/h3>\n<p class=\"my-2 [&#038;+p]:mt-4 [&#038;_strong:has(+br)]:inline-block [&#038;_strong:has(+br)]:pb-2 animate-in fade-in-25 duration-700\">Aplikujte vhodn\u00e9 mno\u017estvo na \u010dist\u00fa mierne vlhk\u00fa ple\u0165 a jemne mas\u00edrujte pohybmi nahor. Pou\u017e\u00edvajte r\u00e1no a ve\u010der pre optim\u00e1lne hydrata\u010dn\u00e9 a rozjas\u0148uj\u00face v\u00fdhody. Pre intenz\u00edvnu no\u010dn\u00fa lie\u010dbu aplikujte hojne a umo\u017enite hlbok\u00fa absorpciu. Skladujte pri izbovej teplote neprekra\u010duj\u00facej 30 \u00b0C, aby sa zachovala maxim\u00e1lna \u00fa\u010dinnos\u0165.<\/p>\n<h3 class=\"mb-2 mt-4 font-display font-semimedium text-base first:mt-0\">\u0160pecifik\u00e1cie produktu<\/h3>\n<ul class=\"marker:text-quiet list-disc\">\n<li class=\"py-0 my-0 prose-p:pt-0 prose-p:mb-2 prose-p:my-0 [&#038;>p]:pt-0 [&#038;>p]:mb-2 [&#038;>p]:my-0 animate-in fade-in-25 duration-700&#8243;>\n<p class=\"my-2 [&#038;+p]:mt-4 [&#038;_strong:has(+br)]:inline-block [&#038;_strong:has(+br)]:pb-2 animate-in fade-in-25 duration-700\"><strong>Form\u00e1t:<\/strong> Pr\u00e9miov\u00fd hydrata\u010dn\u00fd loson<\/p>\n<\/li>\n<li class=\"py-0 my-0 prose-p:pt-0 prose-p:mb-2 prose-p:my-0 [&#038;>p]:pt-0 [&#038;>p]:mb-2 [&#038;>p]:my-0 animate-in fade-in-25 duration-700&#8243;>\n<p class=\"my-2 [&#038;+p]:mt-4 [&#038;_strong:has(+br)]:inline-block [&#038;_strong:has(+br)]:pb-2 animate-in fade-in-25 duration-700\"><strong>Objem:<\/strong> 250 ml<\/p>\n<\/li>\n<li class=\"py-0 my-0 prose-p:pt-0 prose-p:mb-2 prose-p:my-0 [&#038;>p]:pt-0 [&#038;>p]:mb-2 [&#038;>p]:my-0 animate-in fade-in-25 duration-700&#8243;>\n<p class=\"my-2 [&#038;+p]:mt-4 [&#038;_strong:has(+br)]:inline-block [&#038;_strong:has(+br)]:pb-2 animate-in fade-in-25 duration-700\"><strong>V\u00f4\u0148a:<\/strong> Pr\u00edrodn\u00fd citr\u00f3n<\/p>\n<\/li>\n<li class=\"py-0 my-0 prose-p:pt-0 prose-p:mb-2 prose-p:my-0 [&#038;>p]:pt-0 [&#038;>p]:mb-2 [&#038;>p]:my-0 animate-in fade-in-25 duration-700&#8243;>\n<p class=\"my-2 [&#038;+p]:mt-4 [&#038;_strong:has(+br)]:inline-block [&#038;_strong:has(+br)]:pb-2 animate-in fade-in-25 duration-700\"><strong>P\u00f4vod:<\/strong> Vyroben\u00e9 v Egypte<\/p>\n<\/li>\n<li class=\"py-0 my-0 prose-p:pt-0 prose-p:mb-2 prose-p:my-0 [&#038;>p]:pt-0 [&#038;>p]:mb-2 [&#038;>p]:my-0 animate-in fade-in-25 duration-700&#8243;>\n<p class=\"my-2 [&#038;+p]:mt-4 [&#038;_strong:has(+br)]:inline-block [&#038;_strong:has(+br)]:pb-2 animate-in fade-in-25 duration-700\"><strong>K\u013e\u00fa\u010dov\u00e9 ingrediencie:<\/strong> Extrakt z \u0165avieho mlieka, Citr\u00f3nov\u00fd extrakt<\/p>\n<\/li>\n<\/ul>\n<h3 class=\"mb-2 mt-4 font-display font-semimedium text-base first:mt-0\">Egyptsk\u00e1 excelencia \u2013 Pr\u00e9miov\u00e1 kvalita zaru\u010den\u00e1<\/h3>\n<p class=\"my-2 [&#038;+p]:mt-4 [&#038;_strong:has(+br)]:inline-block [&#038;_strong:has(+br)]:pb-2 animate-in fade-in-25 duration-700\">Tento pr\u00e9miov\u00fd loson s citr\u00f3nov\u00fdm \u0165av\u00edm mliekom je hrdne vyroben\u00fd v Egypte s pou\u017eit\u00edm pr\u00e9miov\u00e9ho extraktu z \u0165avieho mlieka, pr\u00edrodnej citr\u00f3novej esencie a najlep\u0161\u00edch botanick\u00fdch ingredienci\u00ed. Ka\u017ed\u00e1 f\u013ea\u0161a predstavuje autentick\u00fa egyptsk\u00fa expert\u00edzu kr\u00e1sy, pr\u00edsne testovan\u00fa na \u010distotu, \u00fa\u010dinnos\u0165 a bezpe\u010dnos\u0165 pod\u013ea medzin\u00e1rodn\u00fdch kozmetick\u00fdch \u0161tandardov.<\/p>\n<p class=\"my-2 [&#038;+p]:mt-4 [&#038;_strong:has(+br)]:inline-block [&#038;_strong:has(+br)]:pb-2 animate-in fade-in-25 duration-700\"><strong>Obnovte svoju ple\u0165 s losonom s citr\u00f3nov\u00fdm \u0165av\u00edm mliekom u\u017e dnes. Objednajte si svoju f\u013ea\u0161u 250 ml teraz a za\u017eite transforma\u010dn\u00fd rozdiel, ktor\u00fd vytv\u00e1ra pr\u00e9miov\u00e9 egyptsk\u00e9 \u0165avie mlieko s pr\u00edrodn\u00fdm citr\u00f3nom.<\/strong><\/p>\n<p>&nbsp;<\/p>\n<h5 style=\"text-align: center;\">\u010eakujeme za n\u00e1kup v <a href=\"https:\/\/bazaar.express\/sk\/\">Bazaar Express<\/a> \u2013 te\u0161\u00edme sa, \u017ee ste tu!<\/h5>\n<h5 style=\"text-align: center;\">Va\u0161a cesta k lep\u0161ej starostlivosti o seba za\u010d\u00edna tu \u2013 so <a href=\"https:\/\/bazaar.express\/sk\/kategoria-produktu\/starostlivost-o-krasu\/\">Starostlivos\u0165ou o kr\u00e1su<\/a>, na ktor\u00fa sa m\u00f4\u017eete spo\u013eahn\u00fa\u0165.<\/h5>\n","protected":false},"excerpt":{"rendered":"<h3 class=\"my-2 [&#038;+p]:mt-4 [&#038;_strong:has(+br)]:inline-block [&#038;_strong:has(+br)]:pb-2\">Loson s citr\u00f3nov\u00fdm \u0165av\u00edm mliekom 250 ml \u2013 Osvie\u017euj\u00faci egyptsk\u00fd loson s \u0165av\u00edm mliekom s pr\u00edrodn\u00fdm citr\u00f3nov\u00fdm extraktom na rozjasnenie a hlbok\u00fa hydrat\u00e1ciu. Vyroben\u00e9 v Egypte.<\/h3>\n","protected":false},"featured_media":43902,"comment_status":"open","ping_status":"closed","template":"","meta":[],"product_brand":[],"product_cat":[1160],"product_tag":[1664,1655,1656],"class_list":{"0":"post-43901","1":"product","2":"type-product","3":"status-publish","4":"has-post-thumbnail","6":"product_cat-starostlivost-o-krasu","7":"product_tag-pokozka","8":"product_tag-starostlivost-o-krasu","9":"product_tag-tavie-mlieko","11":"first","12":"instock","13":"sale","14":"shipping-taxable","15":"purchasable","16":"product-type-simple"},"_links":{"self":[{"href":"https:\/\/bazaar.express\/sk\/wp-json\/wp\/v2\/product\/43901","targetHints":{"allow":["GET"]}}],"collection":[{"href":"https:\/\/bazaar.express\/sk\/wp-json\/wp\/v2\/product"}],"about":[{"href":"https:\/\/bazaar.express\/sk\/wp-json\/wp\/v2\/types\/product"}],"replies":[{"embeddable":true,"href":"https:\/\/bazaar.express\/sk\/wp-json\/wp\/v2\/comments?post=43901"}],"wp:featuredmedia":[{"embeddable":true,"href":"https:\/\/bazaar.express\/sk\/wp-json\/wp\/v2\/media\/43902"}],"wp:attachment":[{"href":"https:\/\/bazaar.express\/sk\/wp-json\/wp\/v2\/media?parent=43901"}],"wp:term":[{"taxonomy":"product_brand","embeddable":true,"href":"https:\/\/bazaar.express\/sk\/wp-json\/wp\/v2\/product_brand?post=43901"},{"taxonomy":"product_cat","embeddable":true,"href":"https:\/\/bazaar.express\/sk\/wp-json\/wp\/v2\/product_cat?post=43901"},{"taxonomy":"product_tag","embeddable":true,"href":"https:\/\/bazaar.express\/sk\/wp-json\/wp\/v2\/product_tag?post=43901"}],"curies":[{"name":"wp","href":"https:\/\/api.w.org\/{rel}","templated":true}]}}