{"id":43904,"date":"2025-11-01T00:03:08","date_gmt":"2025-11-01T00:03:08","guid":{"rendered":"https:\/\/bazaar.express\/product\/premium-camel-lotion\/"},"modified":"2026-02-20T13:01:12","modified_gmt":"2026-02-20T13:01:12","slug":"premium-camel-lotion","status":"publish","type":"product","link":"https:\/\/bazaar.express\/sk\/produkt\/premium-camel-lotion\/","title":{"rendered":"Pr\u00e9miov\u00fd los\u00f3n z \u0165avieho mlieka"},"content":{"rendered":"<h2 id=\"premium-tropical-camel-lotion-250ml--unlock-your-s\" class=\"mb-2 mt-4 font-display font-semimedium text-base first:mt-0 md:text-lg [hr+&#038;]:mt-4\">Pr\u00e9miov\u00fd los\u00f3n z \u0165avieho mlieka 250 ml \u2013 Odkryte prirodzen\u00fd lesk va\u0161ej pleti<\/h2>\n<h3 class=\"mb-2 mt-4 font-display font-semimedium text-base first:mt-0\">Za\u017eite autentick\u00fa egyptsk\u00fa kr\u00e1su s pr\u00e9miov\u00fdm tropick\u00fdm los\u00f3nom z \u0165avieho mlieka 250 ml<\/h3>\n<p class=\"my-2 [&#038;+p]:mt-4 [&#038;_strong:has(+br)]:inline-block [&#038;_strong:has(+br)]:pb-2\">Transformujte svoju rutinu starostlivosti o ple\u0165 s\u00a0<strong>pr\u00e9miov\u00fdm tropick\u00fdm los\u00f3nom z \u0165avieho mlieka 250 ml<\/strong>, luxusn\u00fdm hydrata\u010dn\u00fdm prostriedkom, ktor\u00fd sp\u00e1ja nad\u010dasov\u00fa egyptsk\u00fa m\u00fadros\u0165 kr\u00e1sy s modernou inov\u00e1ciou v starostlivosti o ple\u0165. T\u00e1to vynikaj\u00faca formul\u00e1cia vyu\u017e\u00edva pr\u00e9miov\u00e9 \u0165avie mlieko obohaten\u00e9 o pr\u00edjemn\u00fa tropick\u00fa kokosov\u00fa v\u00f4\u0148u, ktor\u00e1 poskytuje intenz\u00edvnu hydrat\u00e1ciu, vidite\u013en\u00e9 anti-aging benefity a pozoruhodn\u00fa obnovu pleti. S hrdos\u0165ou vyroben\u00fd v Egypte pod\u013ea pr\u00edsnych \u0161tandardov kvality, tento pr\u00e9miov\u00fd los\u00f3n prin\u00e1\u0161a autentick\u00fa p\u00fa\u0161t\u043d\u0443 kr\u00e1su nad\u0161encom starostlivosti o ple\u0165 po celom svete.<\/p>\n<h3 class=\"mb-2 mt-4 font-display font-semimedium text-base first:mt-0\">Starovek\u00fd tajomstvo \u2013 Legend\u00e1rna sila \u0165avieho mlieka<\/h3>\n<p class=\"my-2 [&#038;+p]:mt-4 [&#038;_strong:has(+br)]:inline-block [&#038;_strong:has(+br)]:pb-2\">Po\u010das hist\u00f3rie bolo \u0165avie mlieko pova\u017eovan\u00e9 za najv\u00fdnimo\u010dnej\u0161iu pr\u00edrodn\u00fa ingredienciu v starostlivosti o ple\u0165. Starovek\u00e9 egyptsk\u00e9 kr\u00e1\u013eovn\u00e9, vr\u00e1tane ikonickej Kleopatry, pravidelne vyu\u017e\u00edvali luxusn\u00e9 kozmetick\u00e9 o\u0161etrenia s \u0165av\u00edm mliekom na udr\u017eanie ich nad\u010dasovej, \u017eiarivej pleti. S\u00fa\u010dasn\u00e1 veda o starostlivosti o ple\u0165 potvrdzuje tieto starovek\u00e9 praktiky t\u00fdm, \u017ee potvrdzuje, \u017ee \u0165avie mlieko obsahuje v\u00fdnimo\u010dn\u00e9 koncentr\u00e1cie vitam\u00ednov A, B, C a D, esenci\u00e1lnych mastn\u00fdch kysel\u00edn, prote\u00ednov a miner\u00e1lov.<\/p>\n<p class=\"my-2 [&#038;+p]:mt-4 [&#038;_strong:has(+br)]:inline-block [&#038;_strong:has(+br)]:pb-2\"><strong>Pr\u00e9miov\u00fd tropick\u00fd los\u00f3n z \u0165avieho mlieka 250 ml<\/strong>\u00a0vyu\u017e\u00edva t\u00fato legend\u00e1rnu ingredienciu ako siln\u00fd pr\u00edrodn\u00fd humektant, ktor\u00fd pri\u0165ahuje vlhkos\u0165 do pleti a z\u00e1rove\u0148 posil\u0148uje jej ochrann\u00fa bari\u00e9ru. Na rozdiel od syntetick\u00fdch hydrata\u010dn\u00fdch prostriedkov, ktor\u00e9 poskytuj\u00fa iba do\u010dasn\u00fa povrchov\u00fa hydrat\u00e1ciu, \u0165avie mlieko zabezpe\u010duje trval\u00fa retenciu vlhkosti a skuto\u010dn\u00fa bunkov\u00fa v\u00fd\u017eivu, \u010do vedie k vidite\u013ene zdrav\u0161ej a \u017eiarivej\u0161ej pleti.<\/p>\n<h3 class=\"mb-2 mt-4 font-display font-semimedium text-base first:mt-0\">Transforma\u010dn\u00e9 benefity starostlivosti o ple\u0165<\/h3>\n<p class=\"my-2 [&#038;+p]:mt-4 [&#038;_strong:has(+br)]:inline-block [&#038;_strong:has(+br)]:pb-2\"><strong>Hlbok\u00e1, intenz\u00edvna hydrat\u00e1cia:<\/strong>\u00a0Bohat\u00e1 formul\u00e1cia vytv\u00e1ra pokro\u010dil\u00fa vlhkostn\u00fa bari\u00e9ru, ktor\u00e1 uzamyk\u00e1 hydrat\u00e1ciu v pleti na dlh\u0161ie obdobia. Va\u0161a ple\u0165 sa stane vidite\u013ene jemnej\u0161ou, pln\u0161ou, mladistvej\u0161ou a pohodlnej\u0161ou po\u010das d\u0148a aj noci.<\/p>\n<p class=\"my-2 [&#038;+p]:mt-4 [&#038;_strong:has(+br)]:inline-block [&#038;_strong:has(+br)]:pb-2\"><strong>Siln\u00e1 anti-aging excelencia:<\/strong>\u00a0Naplnen\u00fd potentn\u00fdmi antioxidantmi a prirodzene sa vyskytuj\u00facimi retinoidmi tento pr\u00e9miov\u00fd los\u00f3n akt\u00edvne bojuje proti vidite\u013en\u00fdm znakom starnutia. Jemn\u00e9 vr\u00e1sky sa zmier\u0148uj\u00fa, vr\u00e1sky sa redukuj\u00fa, pigmentov\u00e9 \u0161kvrny bledn\u00fa a produkcia kolag\u00e9nu sa zvy\u0161uje pre obnoven\u00fa elasticitu a pevnos\u0165.<\/p>\n<p class=\"my-2 [&#038;+p]:mt-4 [&#038;_strong:has(+br)]:inline-block [&#038;_strong:has(+br)]:pb-2\"><strong>Zv\u00fd\u0161enie \u017eiarivosti a jasu:<\/strong>\u00a0Prirodzen\u00e9 alfa hydroxy kyseliny jemne odlupuj\u00fa odumret\u00e9 bunky pleti, odha\u013euj\u00fac svie\u017eu, \u017eiariv\u00fa ple\u0165. Tmav\u00e9 \u0161kvrny bledn\u00fa, t\u00f3n pleti sa vyrovn\u00e1va a va\u0161a ple\u0165 dosahuje \u017eiariv\u00fd, zdrav\u00fd lesk, ktor\u00fd vy\u017earuje zvn\u00fatra.<\/p>\n<p class=\"my-2 [&#038;+p]:mt-4 [&#038;_strong:has(+br)]:inline-block [&#038;_strong:has(+br)]:pb-2\"><strong>Uklud\u0148uj\u00face a zr\u00fdchlen\u00e9 hojenie:<\/strong>\u00a0Protiz\u00e1palov\u00e9 a antibakteri\u00e1lne vlastnosti upokojuj\u00fa reakt\u00edvnu ple\u0165, zni\u017euj\u00fa za\u010dervenanie, zmier\u0148uj\u00fa podr\u00e1\u017edenie a zr\u00fdch\u013euj\u00fa hojenie bez drsn\u00fdch chemik\u00e1li\u00ed.<\/p>\n<h3 class=\"mb-2 mt-4 font-display font-semimedium text-base first:mt-0\">O\u010daruj\u00faca tropick\u00e1 kokosov\u00e1 v\u00f4\u0148a<\/h3>\n<p class=\"my-2 [&#038;+p]:mt-4 [&#038;_strong:has(+br)]:inline-block [&#038;_strong:has(+br)]:pb-2\">Pr\u00edjemn\u00e1 kokosov\u00e1 v\u00f4\u0148a transformuje va\u0161u denn\u00fa starostlivos\u0165 o ple\u0165 na luxusn\u00fd k\u00fape\u013en\u00fd \u00fanik. Tropick\u00e1 ar\u00f3ma povzn\u00e1\u0161a va\u0161e zmysly, zatia\u013e \u010do esencia kokosu poskytuje dodato\u010dn\u00e9 pr\u00edrodn\u00e9 hydrata\u010dn\u00e9 benefity, zanech\u00e1vaj\u00fac ple\u0165 vo\u0148av\u00fa, jemn\u00fa a nezodpovedate\u013ene dotykov\u00fa.<\/p>\n<h3 class=\"mb-2 mt-4 font-display font-semimedium text-base first:mt-0\">Univerz\u00e1lne benefity pre ka\u017ed\u00fd typ pleti<\/h3>\n<p class=\"my-2 [&#038;+p]:mt-4 [&#038;_strong:has(+br)]:inline-block [&#038;_strong:has(+br)]:pb-2\"><strong>Such\u00e1 ple\u0165:<\/strong>\u00a0Intenz\u00edvna hydrat\u00e1cia obnovuje pohodlie vysu\u0161enej pleti, rob\u00ed ju vidite\u013ene pln\u0161ou a \u017eiarivej\u0161ou.<\/p>\n<p class=\"my-2 [&#038;+p]:mt-4 [&#038;_strong:has(+br)]:inline-block [&#038;_strong:has(+br)]:pb-2\"><strong>Citliv\u00e1 ple\u0165:<\/strong>\u00a0Jemn\u00e9, upokojuj\u00face zlo\u017eenie zmier\u0148uje z\u00e1pal a zni\u017euje za\u010dervenanie bez drsn\u00fdch dr\u00e1\u017ediv\u00fdch l\u00e1tok.<\/p>\n<p class=\"my-2 [&#038;+p]:mt-4 [&#038;_strong:has(+br)]:inline-block [&#038;_strong:has(+br)]:pb-2\"><strong>Mastn\u00e1 ple\u0165:<\/strong>\u00a0\u013dahk\u00e1, r\u00fdchlo sa vstreb\u00e1vaj\u00faca text\u00fara poskytuje hydrat\u00e1ciu bez mastn\u00e9ho zvy\u0161ku alebo upch\u00e1vania p\u00f3rov.<\/p>\n<p class=\"my-2 [&#038;+p]:mt-4 [&#038;_strong:has(+br)]:inline-block [&#038;_strong:has(+br)]:pb-2\"><strong>Kombinovan\u00e1 ple\u0165:<\/strong>\u00a0Dokonalo vyva\u017euje hydrat\u00e1ciu naprie\u010d z\u00f3nami tv\u00e1re pre harmonick\u00fa, zdrav\u00fa ple\u0165.<\/p>\n<p class=\"my-2 [&#038;+p]:mt-4 [&#038;_strong:has(+br)]:inline-block [&#038;_strong:has(+br)]:pb-2\"><strong>Zrel\u00e1 ple\u0165:<\/strong>\u00a0Cie\u013eom starnutia \u2013 jemn\u00e9 vr\u00e1sky, strata elasticity, nudnos\u0165 \u2013 s potentn\u00fdmi pr\u00edrodn\u00fdmi anti-aging ingredienciami.<\/p>\n<h3 class=\"mb-2 mt-4 font-display font-semimedium text-base first:mt-0\">Ako pou\u017e\u00edva\u0165<\/h3>\n<p class=\"my-2 [&#038;+p]:mt-4 [&#038;_strong:has(+br)]:inline-block [&#038;_strong:has(+br)]:pb-2\">Aplikujte vhodn\u00e9 mno\u017estvo na \u010dist\u00fa, mierne vlhk\u00fa ple\u0165 a jemne mas\u00edrujte pohybmi nahor. Pou\u017e\u00edvajte r\u00e1no a ve\u010der pre optim\u00e1lnu hydrat\u00e1ciu a vidite\u013en\u00e9 benefity. Pre intenz\u00edvne no\u010dn\u00e9 o\u0161etrenie aplikujte hojne a umo\u017enite hlbok\u00fa absorpciu. Skladujte pri izbovej teplote neprekra\u010duj\u00facej 30 \u00b0C na udr\u017eanie maxim\u00e1lnej \u00fa\u010dinnosti.<\/p>\n<h3 class=\"mb-2 mt-4 font-display font-semimedium text-base first:mt-0\">\u0160pecifik\u00e1cie produktu<\/h3>\n<ul class=\"marker:text-quiet list-disc\">\n<li class=\"py-0 my-0 prose-p:pt-0 prose-p:mb-2 prose-p:my-0 [&#038;>p]:pt-0 [&#038;>p]:mb-2 [&#038;>p]:my-0&#8243;>\n<p class=\"my-2 [&#038;+p]:mt-4 [&#038;_strong:has(+br)]:inline-block [&#038;_strong:has(+br)]:pb-2\"><strong>Form\u00e1t:<\/strong>\u00a0Pr\u00e9miov\u00fd hydrata\u010dn\u00fd los\u00f3n<\/p>\n<\/li>\n<li class=\"py-0 my-0 prose-p:pt-0 prose-p:mb-2 prose-p:my-0 [&#038;>p]:pt-0 [&#038;>p]:mb-2 [&#038;>p]:my-0&#8243;>\n<p class=\"my-2 [&#038;+p]:mt-4 [&#038;_strong:has(+br)]:inline-block [&#038;_strong:has(+br)]:pb-2\"><strong>Objem:<\/strong>\u00a0250 ml<\/p>\n<\/li>\n<li class=\"py-0 my-0 prose-p:pt-0 prose-p:mb-2 prose-p:my-0 [&#038;>p]:pt-0 [&#038;>p]:mb-2 [&#038;>p]:my-0&#8243;>\n<p class=\"my-2 [&#038;+p]:mt-4 [&#038;_strong:has(+br)]:inline-block [&#038;_strong:has(+br)]:pb-2\"><strong>V\u00f4\u0148a:<\/strong>\u00a0Tropick\u00e1 kokosov\u00e1<\/p>\n<\/li>\n<li class=\"py-0 my-0 prose-p:pt-0 prose-p:mb-2 prose-p:my-0 [&#038;>p]:pt-0 [&#038;>p]:mb-2 [&#038;>p]:my-0&#8243;>\n<p class=\"my-2 [&#038;+p]:mt-4 [&#038;_strong:has(+br)]:inline-block [&#038;_strong:has(+br)]:pb-2\"><strong>P\u00f4vod:<\/strong>\u00a0Vyroben\u00e9 v Egypte<\/p>\n<\/li>\n<li class=\"py-0 my-0 prose-p:pt-0 prose-p:mb-2 prose-p:my-0 [&#038;>p]:pt-0 [&#038;>p]:mb-2 [&#038;>p]:my-0&#8243;>\n<p class=\"my-2 [&#038;+p]:mt-4 [&#038;_strong:has(+br)]:inline-block [&#038;_strong:has(+br)]:pb-2\"><strong>K\u013e\u00fa\u010dov\u00e1 ingrediencia:<\/strong>\u00a0Extrakt z \u0165avieho mlieka<\/p>\n<\/li>\n<\/ul>\n<h3 class=\"mb-2 mt-4 font-display font-semimedium text-base first:mt-0\">Egyptsk\u00e1 excelencia \u2013 Zaru\u010den\u00e1 pr\u00e9miov\u00e1 kvalita<\/h3>\n<p class=\"my-2 [&#038;+p]:mt-4 [&#038;_strong:has(+br)]:inline-block [&#038;_strong:has(+br)]:pb-2\"><strong>Pr\u00e9miov\u00fd tropick\u00fd los\u00f3n z \u0165avieho mlieka 250 ml<\/strong>\u00a0je s hrdos\u0165ou vyroben\u00fd v Egypte s pou\u017eit\u00edm pr\u00e9miov\u00e9ho extraktu z \u0165avieho mlieka a najlep\u0161\u00edch pr\u00edrodn\u00fdch ingredienci\u00ed. Ka\u017ed\u00e1 f\u013ea\u0161a predstavuje autentick\u00fa egyptsk\u00fa expert\u00edzu kr\u00e1sy, pr\u00edsne testovan\u00fa na \u010distotu a bezpe\u010dnos\u0165 pod\u013ea medzin\u00e1rodn\u00fdch kozmetick\u00fdch \u0161tandardov.<\/p>\n<p class=\"my-2 [&#038;+p]:mt-4 [&#038;_strong:has(+br)]:inline-block [&#038;_strong:has(+br)]:pb-2\"><strong>O\u017eivte svoju ple\u0165 s pr\u00e9miov\u00fdm tropick\u00fdm los\u00f3nom z \u0165avieho mlieka dnes. Objednajte si svoju f\u013ea\u0161u 250 ml teraz a za\u017eite transforma\u010dn\u00fd rozdiel, ktor\u00fd vytv\u00e1ra pr\u00e9miov\u00fd egyptsk\u00fd los\u00f3n z \u0165avieho mlieka.<\/strong><\/p>\n<p>&nbsp;<\/p>\n<h5 style=\"text-align: center;\">\u010eakujeme za n\u00e1kup v <a href=\"https:\/\/bazaar.express\/sk\/\">Bazaar Express<\/a> \u2013 te\u0161\u00edme sa, \u017ee ste tu!<\/h5>\n<h5 style=\"text-align: center;\">Va\u0161a cesta k lep\u0161ej starostlivosti o seba za\u010d\u00edna tu \u2013 s <a href=\"https:\/\/bazaar.express\/sk\/kategoria-produktu\/starostlivost-o-krasu\/\">Starostlivos\u0165ou o kr\u00e1su<\/a>, na ktor\u00fa sa m\u00f4\u017eete spo\u013eahn\u00fa\u0165.<\/h5>\n","protected":false},"excerpt":{"rendered":"<h3>Pr\u00e9miov\u00fd tropick\u00fd los\u00f3n z \u0165avieho mlieka 250 ml \u2013 Luxusn\u00fd egyptsk\u00fd los\u00f3n z \u0165avieho mlieka s kokosovou v\u00f4\u0148ou pre hlbok\u00fa hydrat\u00e1ciu a anti-aging benefity. Vyroben\u00fd v Egypte.<\/h3>\n","protected":false},"featured_media":43905,"comment_status":"open","ping_status":"closed","template":"","meta":[],"product_brand":[],"product_cat":[1160],"product_tag":[1652,1655,1654,1656],"class_list":{"0":"post-43904","1":"product","2":"type-product","3":"status-publish","4":"has-post-thumbnail","6":"product_cat-starostlivost-o-krasu","7":"product_tag-olej","8":"product_tag-starostlivost-o-krasu","9":"product_tag-starostlivost-o-plet","10":"product_tag-tavie-mlieko","12":"first","13":"instock","14":"sale","15":"shipping-taxable","16":"purchasable","17":"product-type-simple"},"_links":{"self":[{"href":"https:\/\/bazaar.express\/sk\/wp-json\/wp\/v2\/product\/43904","targetHints":{"allow":["GET"]}}],"collection":[{"href":"https:\/\/bazaar.express\/sk\/wp-json\/wp\/v2\/product"}],"about":[{"href":"https:\/\/bazaar.express\/sk\/wp-json\/wp\/v2\/types\/product"}],"replies":[{"embeddable":true,"href":"https:\/\/bazaar.express\/sk\/wp-json\/wp\/v2\/comments?post=43904"}],"wp:featuredmedia":[{"embeddable":true,"href":"https:\/\/bazaar.express\/sk\/wp-json\/wp\/v2\/media\/43905"}],"wp:attachment":[{"href":"https:\/\/bazaar.express\/sk\/wp-json\/wp\/v2\/media?parent=43904"}],"wp:term":[{"taxonomy":"product_brand","embeddable":true,"href":"https:\/\/bazaar.express\/sk\/wp-json\/wp\/v2\/product_brand?post=43904"},{"taxonomy":"product_cat","embeddable":true,"href":"https:\/\/bazaar.express\/sk\/wp-json\/wp\/v2\/product_cat?post=43904"},{"taxonomy":"product_tag","embeddable":true,"href":"https:\/\/bazaar.express\/sk\/wp-json\/wp\/v2\/product_tag?post=43904"}],"curies":[{"name":"wp","href":"https:\/\/api.w.org\/{rel}","templated":true}]}}