{"id":43917,"date":"2025-12-19T15:21:17","date_gmt":"2025-12-19T15:21:17","guid":{"rendered":"https:\/\/bazaar.express\/product\/luxury-collagen-cream-with-shea-butter\/"},"modified":"2026-02-20T13:01:40","modified_gmt":"2026-02-20T13:01:40","slug":"luxury-collagen-cream-with-shea-butter","status":"publish","type":"product","link":"https:\/\/bazaar.express\/sk\/produkt\/luxury-collagen-cream-with-shea-butter\/","title":{"rendered":"Luxusn\u00fd kolag\u00e9nov\u00fd kr\u00e9m s bambuck\u00fdm maslom"},"content":{"rendered":"<h2 id=\"luxury-collagen-cream-with-shea-butter--premium-eg\" class=\"mb-2 mt-4 font-display font-semimedium text-base first:mt-0 md:text-lg [hr+&#038;]:mt-4\">Luxusn\u00fd kolag\u00e9nov\u00fd kr\u00e9m s bambuck\u00fdm maslom \u2013 Pr\u00e9miov\u00fd egyptsk\u00fd profesion\u00e1lny anti-aging s elitnou transform\u00e1ciou poko\u017eky<\/h2>\n<h3 class=\"mb-2 mt-4 font-display font-semimedium text-base first:mt-0\">Za\u017eite elitn\u00fa starostlivos\u0165 o ple\u0165 s autentick\u00fdm pr\u00e9miov\u00fdm kolag\u00e9nov\u00fdm kr\u00e9mom a profesion\u00e1lnou lie\u010dbou na zlep\u0161enie mladistvosti<\/h3>\n<p class=\"my-2 [&#038;+p]:mt-4 [&#038;_strong:has(+br)]:inline-block [&#038;_strong:has(+br)]:pb-2\">Doprajte si vrchol luxusn\u00e9ho anti-aging s na\u0161\u00edm exkluz\u00edvnym pr\u00e9miov\u00fdm kolag\u00e9nov\u00fdm kr\u00e9mom s bambuck\u00fdm maslom, luxusnou egyptskou kozmetickou esenciou vyvinutou pre n\u00e1ro\u010dn\u00fdch z\u00e1kazn\u00edkov s vysokou koncentr\u00e1ciou elitn\u00fdch akt\u00edvnych zlo\u017eiek. Na\u0161a starostlivo vyroben\u00e1 luxusn\u00e1 formula sp\u00e1ja autentick\u00fd pr\u00e9miov\u00fd kolag\u00e9n s rafinovan\u00fdmi egyptsk\u00fdmi trad\u00edciami, aby poskytla profesion\u00e1lnu anti-aging excelentnos\u0165, intenz\u00edvnu transform\u00e1ciu poko\u017eky a vidite\u013en\u00e9 omladzuj\u00face rejuven\u00e1ciu. N\u00e1\u0161 starostlivo formulovan\u00fd pr\u00e9miov\u00fd kolag\u00e9nov\u00fd kr\u00e9m v baleniach 165 ml je navrhnut\u00fd pre rafinovan\u00fa luxusn\u00fa starostlivos\u0165 o ple\u0165 s v\u00fdnimo\u010dnou \u010distotou, zv\u00fd\u0161en\u00fdmi profesion\u00e1lnymi v\u00fdsledkami a vynikaj\u00facou transform\u00e1ciou kr\u00e1sy.<\/p>\n<h3 class=\"mb-2 mt-4 font-display font-semimedium text-base first:mt-0\">Pre\u010do si vybra\u0165 pr\u00e9miov\u00fd luxusn\u00fd kolag\u00e9nov\u00fd kr\u00e9m s bambuck\u00fdm maslom?<\/h3>\n<p class=\"my-2 [&#038;+p]:mt-4 [&#038;_strong:has(+br)]:inline-block [&#038;_strong:has(+br)]:pb-2\"><strong>Profesion\u00e1lny elitn\u00fd kolag\u00e9n s vysokou koncentr\u00e1ciou:<\/strong>\u00a0N\u00e1\u0161 pr\u00e9miov\u00fd kolag\u00e9nov\u00fd kr\u00e9m s bambuck\u00fdm maslom vyu\u017e\u00edva silu profesion\u00e1lneho pr\u00e9miov\u00e9ho kolag\u00e9nu na presn\u00e9 redukovanie vr\u00e1sok. Formulovan\u00fd s vysokou koncentr\u00e1ciou elitn\u00fdch akt\u00edvnych zlo\u017eiek, tento luxusn\u00fd kr\u00e9m poskytuje intenz\u00edvne profesion\u00e1lne anti-aging v\u00fdsledky pri ka\u017edom pou\u017eit\u00ed. Vysok\u00e9 percento kolag\u00e9nu zabezpe\u010duje hlb\u0161ie profesion\u00e1lne v\u00fd\u017eivenie, zv\u00fd\u0161en\u00fa efektivitu a vynikaj\u00face vidite\u013en\u00e9 zlep\u0161enia v porovnan\u00ed so \u0161tandardn\u00fdmi formulami.<\/p>\n<p class=\"my-2 [&#038;+p]:mt-4 [&#038;_strong:has(+br)]:inline-block [&#038;_strong:has(+br)]:pb-2\"><strong>Pr\u00e9miov\u00e1 luxusn\u00e1 hydrat\u00e1cia s bambuck\u00fdm maslom:<\/strong> Obohaten\u00fd o pr\u00edrodn\u00e9 bambuck\u00e9 maslo, na\u0161a luxusn\u00e1 formula poskytuje intenz\u00edvnu vlhkos\u0165, ktor\u00e1 prenik\u00e1 hlboko do vrstiev poko\u017eky. T\u00e1to elitn\u00e1 zmes zm\u00e4k\u010duje poko\u017eku, v\u00fdrazne redukuje jemn\u00e9 linky a vr\u00e1sky, pri\u010dom obnovuje prirodzen\u00fd lesk poko\u017eky. Vysok\u00e1 koncentr\u00e1cia zabezpe\u010duje maxim\u00e1lnu v\u00fd\u017eivu a kondicionovanie poko\u017eky.<\/p>\n<p class=\"my-2 [&#038;+p]:mt-4 [&#038;_strong:has(+br)]:inline-block [&#038;_strong:has(+br)]:pb-2\"><strong>Profesion\u00e1lna stimul\u00e1cia produkcie kolag\u00e9nu a anti-aging:<\/strong> N\u00e1\u0161 pr\u00e9miov\u00fd luxusn\u00fd kr\u00e9m stimuluje prirodzen\u00fa produkciu kolag\u00e9nu a elast\u00ednu, \u010do je nevyhnutn\u00e9 pre udr\u017eanie elasticity a pevnosti poko\u017eky. To v\u00fdrazne redukuje vzh\u013ead jemn\u00fdch liniek a vr\u00e1sok, najm\u00e4 okolo o\u010d\u00ed a \u010dela. Pr\u00e9miov\u00e1 formula podporuje mladistv\u00fa poko\u017eku.<\/p>\n<p class=\"my-2 [&#038;+p]:mt-4 [&#038;_strong:has(+br)]:inline-block [&#038;_strong:has(+br)]:pb-2\"><strong>Profesion\u00e1lne spevnenie a luxusn\u00e9 stiahnuie:<\/strong> S potentnou zmesou kolag\u00e9nu a bambuck\u00e9ho masla tento luxusn\u00fd kr\u00e9m vidite\u013ene zdvihne a stiahne poko\u017eku, vytv\u00e1raj\u00fac mladistvej\u0161\u00ed vzh\u013ead. Profesion\u00e1lne vyhladzuj\u00face \u00fa\u010dinky redukuj\u00fa jemn\u00e9 linky a zlep\u0161uj\u00fa prirodzen\u00fd lesk poko\u017eky.<\/p>\n<p class=\"my-2 [&#038;+p]:mt-4 [&#038;_strong:has(+br)]:inline-block [&#038;_strong:has(+br)]:pb-2\"><strong>Profesion\u00e1lna hydrat\u00e1cia a luxusn\u00e9 zm\u00e4k\u010denie:<\/strong> Vhodn\u00fd pre v\u0161etky typy poko\u017eky, t\u00e1to formula poskytuje kontinu\u00e1lnu hydrat\u00e1ciu a zm\u00e4k\u010denie. Kombin\u00e1cia bambuck\u00e9ho masla a kolag\u00e9nu vytv\u00e1ra ochrann\u00fa bari\u00e9ru, ktor\u00e1 uzamyk\u00e1 vlhkos\u0165 na dlh\u0161\u00ed \u010das.<\/p>\n<h3 class=\"mb-2 mt-4 font-display font-semimedium text-base first:mt-0\">V\u00fdnimo\u010dn\u00e9 profesion\u00e1lne v\u00fdhody pr\u00e9miov\u00e9ho luxusn\u00e9ho kolag\u00e9nov\u00e9ho kr\u00e9mu s bambuck\u00fdm maslom<\/h3>\n<ul class=\"marker:text-quiet list-disc\">\n<li class=\"py-0 my-0 prose-p:pt-0 prose-p:mb-2 prose-p:my-0 [&#038;>p]:pt-0 [&#038;>p]:mb-2 [&#038;>p]:my-0&#8243;>\n<p class=\"my-2 [&#038;+p]:mt-4 [&#038;_strong:has(+br)]:inline-block [&#038;_strong:has(+br)]:pb-2\">Profesion\u00e1lna elitn\u00e1 redukcia vr\u00e1sok a anti-aging excelentnos\u0165<\/p>\n<\/li>\n<li class=\"py-0 my-0 prose-p:pt-0 prose-p:mb-2 prose-p:my-0 [&#038;>p]:pt-0 [&#038;>p]:mb-2 [&#038;>p]:my-0&#8243;>\n<p class=\"my-2 [&#038;+p]:mt-4 [&#038;_strong:has(+br)]:inline-block [&#038;_strong:has(+br)]:pb-2\">Pr\u00e9miov\u00e1 vysok\u00e1 koncentr\u00e1cia akt\u00edvnych kolag\u00e9nov\u00fdch zlo\u017eiek<\/p>\n<\/li>\n<li class=\"py-0 my-0 prose-p:pt-0 prose-p:mb-2 prose-p:my-0 [&#038;>p]:pt-0 [&#038;>p]:mb-2 [&#038;>p]:my-0&#8243;>\n<p class=\"my-2 [&#038;+p]:mt-4 [&#038;_strong:has(+br)]:inline-block [&#038;_strong:has(+br)]:pb-2\">Profesion\u00e1lna elitn\u00e1 stimul\u00e1cia produkcie kolag\u00e9nu a elast\u00ednu<\/p>\n<\/li>\n<li class=\"py-0 my-0 prose-p:pt-0 prose-p:mb-2 prose-p:my-0 [&#038;>p]:pt-0 [&#038;>p]:mb-2 [&#038;>p]:my-0&#8243;>\n<p class=\"my-2 [&#038;+p]:mt-4 [&#038;_strong:has(+br)]:inline-block [&#038;_strong:has(+br)]:pb-2\">Profesion\u00e1lne elitn\u00e9 spevnenie a luxusn\u00e9 stiahnuie<\/p>\n<\/li>\n<li class=\"py-0 my-0 prose-p:pt-0 prose-p:mb-2 prose-p:my-0 [&#038;>p]:pt-0 [&#038;>p]:mb-2 [&#038;>p]:my-0&#8243;>\n<p class=\"my-2 [&#038;+p]:mt-4 [&#038;_strong:has(+br)]:inline-block [&#038;_strong:has(+br)]:pb-2\">Pr\u00e9miov\u00e1 profesion\u00e1lna hydrat\u00e1cia a elitn\u00e9 zm\u00e4k\u010denie<\/p>\n<\/li>\n<li class=\"py-0 my-0 prose-p:pt-0 prose-p:mb-2 prose-p:my-0 [&#038;>p]:pt-0 [&#038;>p]:mb-2 [&#038;>p]:my-0&#8243;>\n<p class=\"my-2 [&#038;+p]:mt-4 [&#038;_strong:has(+br)]:inline-block [&#038;_strong:has(+br)]:pb-2\">Vhodn\u00fd pre v\u0161etky typy poko\u017eky s profesion\u00e1lnou excelentnos\u0165ou<\/p>\n<\/li>\n<li class=\"py-0 my-0 prose-p:pt-0 prose-p:mb-2 prose-p:my-0 [&#038;>p]:pt-0 [&#038;>p]:mb-2 [&#038;>p]:my-0&#8243;>\n<p class=\"my-2 [&#038;+p]:mt-4 [&#038;_strong:has(+br)]:inline-block [&#038;_strong:has(+br)]:pb-2\">Pr\u00e9miov\u00e1 luxusn\u00e1 v\u00fd\u017eiva bambuck\u00fdm maslom s presnos\u0165ou<\/p>\n<\/li>\n<li class=\"py-0 my-0 prose-p:pt-0 prose-p:mb-2 prose-p:my-0 [&#038;>p]:pt-0 [&#038;>p]:mb-2 [&#038;>p]:my-0&#8243;>\n<p class=\"my-2 [&#038;+p]:mt-4 [&#038;_strong:has(+br)]:inline-block [&#038;_strong:has(+br)]:pb-2\">Profesion\u00e1lne elitn\u00e9 zlep\u0161enie elasticity a pevnosti poko\u017eky<\/p>\n<\/li>\n<li class=\"py-0 my-0 prose-p:pt-0 prose-p:mb-2 prose-p:my-0 [&#038;>p]:pt-0 [&#038;>p]:mb-2 [&#038;>p]:my-0&#8243;>\n<p class=\"my-2 [&#038;+p]:mt-4 [&#038;_strong:has(+br)]:inline-block [&#038;_strong:has(+br)]:pb-2\">Profesion\u00e1lny prirodzen\u00fd, \u017eiariv\u00fd vzh\u013ead poko\u017eky s excelentnos\u0165ou<\/p>\n<\/li>\n<li class=\"py-0 my-0 prose-p:pt-0 prose-p:mb-2 prose-p:my-0 [&#038;>p]:pt-0 [&#038;>p]:mb-2 [&#038;>p]:my-0&#8243;>\n<p class=\"my-2 [&#038;+p]:mt-4 [&#038;_strong:has(+br)]:inline-block [&#038;_strong:has(+br)]:pb-2\">Elitn\u00e1 profesion\u00e1lna luxusn\u00e1 anti-aging starostlivos\u0165<\/p>\n<\/li>\n<\/ul>\n<h3 class=\"mb-2 mt-4 font-display font-semimedium text-base first:mt-0\">\u010co rob\u00ed n\u00e1\u0161 pr\u00e9miov\u00fd kolag\u00e9nov\u00fd kr\u00e9m v\u00fdnimo\u010dn\u00fdm?<\/h3>\n<p class=\"my-2 [&#038;+p]:mt-4 [&#038;_strong:has(+br)]:inline-block [&#038;_strong:has(+br)]:pb-2\">N\u00e1\u0161 pr\u00e9miov\u00fd luxusn\u00fd kolag\u00e9nov\u00fd kr\u00e9m s bambuck\u00fdm maslom predstavuje elitn\u00fa anti-aging vedu spojen\u00fa s rafinovan\u00fdm egyptsk\u00fdm dedi\u010dstvom kr\u00e1sy a profesion\u00e1lnou excelentnos\u0165ou. Starostliv\u00e1 zmes profesion\u00e1lneho pr\u00e9miov\u00e9ho kolag\u00e9nu, pr\u00edrodn\u00e9ho bambuck\u00e9ho masla, elitn\u00fdch botanick\u00fdch zlo\u017eiek a zvlh\u010dova\u010dov vytv\u00e1ra v\u00fdnimo\u010dn\u00fd luxusn\u00fd anti-aging produkt podlo\u017een\u00fd egyptsk\u00fdm dedi\u010dstvom a pr\u00e9miovou excelentnos\u0165ou. Ka\u017ed\u00e9 balenie 165 ml predstavuje n\u00e1\u0161 z\u00e1v\u00e4zok k profesion\u00e1lnej, efekt\u00edvnej luxusnej pr\u00edrodnej starostlivosti o ple\u0165 s elitnou kvalitou.<\/p>\n<h3 class=\"mb-2 mt-4 font-display font-semimedium text-base first:mt-0\">Ako aplikova\u0165 v\u00e1\u0161 pr\u00e9miov\u00fd kolag\u00e9nov\u00fd kr\u00e9m<\/h3>\n<p class=\"my-2 [&#038;+p]:mt-4 [&#038;_strong:has(+br)]:inline-block [&#038;_strong:has(+br)]:pb-2\">Aplikujte hojne na \u010dist\u00fa poko\u017eku r\u00e1no a ve\u010der profesion\u00e1lnou technikou. Jemne mas\u00edrujte tento luxusn\u00fd kr\u00e9m do tv\u00e1re a krku, k\u00fdm sa plne nevstreb\u00e1 pohybmi nahor. Pre lep\u0161ie anti-aging v\u00fdsledky aplikujte extra mno\u017estvo na jemn\u00e9 linky a oblasti vr\u00e1sok. Pou\u017e\u00edvajte denne pre optim\u00e1lne anti-aging v\u00fdhody a transform\u00e1ciu poko\u017eky.<\/p>\n<h3 class=\"mb-2 mt-4 font-display font-semimedium text-base first:mt-0\">Pr\u00e9miov\u00e9 luxusn\u00e9 skladovanie a profesion\u00e1lne v\u00fdsledky<\/h3>\n<p class=\"my-2 [&#038;+p]:mt-4 [&#038;_strong:has(+br)]:inline-block [&#038;_strong:has(+br)]:pb-2\">Skladujte v\u00e1\u0161 pr\u00e9miov\u00fd kolag\u00e9nov\u00fd kr\u00e9m pri izbovej teplote mimo priameho slne\u010dn\u00e9ho \u017eiarenia pre maxim\u00e1lnu \u00fa\u010dinnos\u0165 a trvanlivos\u0165. V\u00fdsledky sa zlep\u0161uj\u00fa s pravidelnou dennou aplik\u00e1ciou. V\u00e4\u010d\u0161ina pou\u017e\u00edvate\u013eov zaznamen\u00e1 v\u00fdnimo\u010dn\u00fa redukciu vr\u00e1sok a zlep\u0161enie pevnosti poko\u017eky do 2 a\u017e 4 t\u00fd\u017ed\u0148ov pou\u017e\u00edvania s vidite\u013enou elitnou transform\u00e1ciou.<\/p>\n<p class=\"my-2 [&#038;+p]:mt-4 [&#038;_strong:has(+br)]:inline-block [&#038;_strong:has(+br)]:pb-2\"><strong>Za\u017eite elitn\u00fa profesion\u00e1lnu anti-aging transform\u00e1ciu s na\u0161\u00edm pr\u00e9miov\u00fdm kolag\u00e9nov\u00fdm kr\u00e9mom s bambuck\u00fdm maslom u\u017e dnes. Objednajte si svoje balenie 165 ml teraz a odha\u013ete svoju najluxusnej\u0161iu, \u017eiariv\u00fa a profesion\u00e1lne rafinovan\u00fa poko\u017eku.<\/strong><\/p>\n<p>&nbsp;<\/p>\n<p style=\"text-align: center;\">\u010eakujeme za n\u00e1kup v\u00a0<a href=\"https:\/\/bazaar.express\/sk\/\">Bazaar Express<\/a>\u00a0\u2013 te\u0161\u00edme sa na v\u00e1s!<\/p>\n<p style=\"text-align: center;\">Va\u0161a cesta k lep\u0161ej starostlivosti o seba za\u010d\u00edna tu \u2014 s\u00a0<a href=\"https:\/\/bazaar.express\/product-category\/beauty-care\/\">Beauty Care<\/a>, na ktor\u00fa sa m\u00f4\u017eete spo\u013eahn\u00fa\u0165.<\/p>\n","protected":false},"excerpt":{"rendered":"<h3>Luxusn\u00fd kolag\u00e9nov\u00fd kr\u00e9m s bambuck\u00fdm maslom 165 ml \u2013 Pr\u00e9miov\u00fd profesion\u00e1lny anti-aging s elitn\u00fdm kolag\u00e9nom a pr\u00edrodn\u00fdm bambuck\u00fdm maslom. Luxusn\u00e1 redukcia vr\u00e1sok a profesion\u00e1lne spevnenie poko\u017eky.<\/h3>\n","protected":false},"featured_media":43918,"comment_status":"open","ping_status":"closed","template":"","meta":[],"product_brand":[],"product_cat":[1175,1169,1167,1160],"product_tag":[1653,1655,1654],"class_list":{"0":"post-43917","1":"product","2":"type-product","3":"status-publish","4":"has-post-thumbnail","6":"product_cat-zoganon","7":"product_cat-horuce-ponuky","8":"product_cat-najlepsie-z-egypta","9":"product_cat-starostlivost-o-krasu","10":"product_tag-prirodny-olej","11":"product_tag-starostlivost-o-krasu","12":"product_tag-starostlivost-o-plet","14":"first","15":"instock","16":"sale","17":"shipping-taxable","18":"purchasable","19":"product-type-simple"},"_links":{"self":[{"href":"https:\/\/bazaar.express\/sk\/wp-json\/wp\/v2\/product\/43917","targetHints":{"allow":["GET"]}}],"collection":[{"href":"https:\/\/bazaar.express\/sk\/wp-json\/wp\/v2\/product"}],"about":[{"href":"https:\/\/bazaar.express\/sk\/wp-json\/wp\/v2\/types\/product"}],"replies":[{"embeddable":true,"href":"https:\/\/bazaar.express\/sk\/wp-json\/wp\/v2\/comments?post=43917"}],"wp:featuredmedia":[{"embeddable":true,"href":"https:\/\/bazaar.express\/sk\/wp-json\/wp\/v2\/media\/43918"}],"wp:attachment":[{"href":"https:\/\/bazaar.express\/sk\/wp-json\/wp\/v2\/media?parent=43917"}],"wp:term":[{"taxonomy":"product_brand","embeddable":true,"href":"https:\/\/bazaar.express\/sk\/wp-json\/wp\/v2\/product_brand?post=43917"},{"taxonomy":"product_cat","embeddable":true,"href":"https:\/\/bazaar.express\/sk\/wp-json\/wp\/v2\/product_cat?post=43917"},{"taxonomy":"product_tag","embeddable":true,"href":"https:\/\/bazaar.express\/sk\/wp-json\/wp\/v2\/product_tag?post=43917"}],"curies":[{"name":"wp","href":"https:\/\/api.w.org\/{rel}","templated":true}]}}