{"id":43919,"date":"2025-12-18T02:32:22","date_gmt":"2025-12-18T02:32:22","guid":{"rendered":"https:\/\/bazaar.express\/product\/luxury-goat-milk-cream\/"},"modified":"2026-02-20T13:01:41","modified_gmt":"2026-02-20T13:01:41","slug":"luxury-goat-milk-cream","status":"publish","type":"product","link":"https:\/\/bazaar.express\/sk\/produkt\/luxury-goat-milk-cream\/","title":{"rendered":"Luxusn\u00fd koz\u00ed mlie\u010dny kr\u00e9m"},"content":{"rendered":"<h2 id=\"luxury-goat-milk-cream--premium-egyptian-professio\" class=\"mb-2 mt-4 font-display font-semimedium text-base first:mt-0 md:text-lg [hr+&#038;]:mt-4\">Luxusn\u00fd koz\u00ed mlie\u010dny kr\u00e9m \u2013 Pr\u00e9miov\u00e1 egyptsk\u00e1 profesion\u00e1lna 24-hodinov\u00e1 hydrat\u00e1cia s elitn\u00fdm intenz\u00edvnym v\u00fd\u017eivou<\/h2>\n<h3 class=\"mb-2 mt-4 font-display font-semimedium text-base first:mt-0\">Za\u017eite elitn\u00fa starostlivos\u0165 o ple\u0165 s autentick\u00fdm pr\u00e9miov\u00fdm koz\u00edm mlie\u010dnym kr\u00e9mom a profesion\u00e1lnou 24-hodinovou beauty lie\u010dbou<\/h3>\n<p class=\"my-2 [&#038;+p]:mt-4 [&#038;_strong:has(+br)]:inline-block [&#038;_strong:has(+br)]:pb-2\">Doprajte si vrchol pr\u00edrodnej starostlivosti o ple\u0165 s na\u0161\u00edm exkluz\u00edvnym pr\u00e9miov\u00fdm koz\u00edm mlie\u010dnym kr\u00e9mom, luxusnou egyptskou beauty esenciou vyvinutou pre n\u00e1ro\u010dn\u00fdch z\u00e1kazn\u00edkov s vysokou koncentr\u00e1ciou elitn\u00fdch akt\u00edvnych ingredienci\u00ed. Na\u0161a starostlivo vyroben\u00e1 luxusn\u00e1 formula sp\u00e1ja autentick\u00e9 pr\u00e9miov\u00e9 kozie mlieko s rafinovan\u00fdmi egyptsk\u00fdmi trad\u00edciami, aby poskytla profesion\u00e1lnu 24-hodinov\u00fa hydrat\u00e1ciu, intenz\u00edvnu anti-aging transform\u00e1ciu a vidite\u013en\u00fa excelentn\u00fa regener\u00e1ciu pleti. N\u00e1\u0161 starostlivo formulovan\u00fd pr\u00e9miov\u00fd koz\u00ed mlie\u010dny kr\u00e9m v pr\u00e9miov\u00fdch baleniach 165 ml je navrhnut\u00fd pre rafinovan\u00fa luxusn\u00fa starostlivos\u0165 o ple\u0165 s v\u00fdnimo\u010dnou \u010distotou, zv\u00fd\u0161en\u00fdmi profesion\u00e1lnymi v\u00fdsledkami a nad\u0161tandardnou beauty transform\u00e1ciou.<\/p>\n<h3 class=\"mb-2 mt-4 font-display font-semimedium text-base first:mt-0\">Pre\u010do si vybra\u0165 pr\u00e9miov\u00fd luxusn\u00fd koz\u00ed mlie\u010dny kr\u00e9m?<\/h3>\n<p class=\"my-2 [&#038;+p]:mt-4 [&#038;_strong:has(+br)]:inline-block [&#038;_strong:has(+br)]:pb-2\"><strong>Profesion\u00e1lna elitn\u00e1 24-hodinov\u00e1 kontinu\u00e1lna hydrat\u00e1cia:<\/strong>\u00a0N\u00e1\u0161 pr\u00e9miov\u00fd koz\u00ed mlie\u010dny kr\u00e9m vyu\u017e\u00edva silu autentick\u00e9ho pr\u00e9miov\u00e9ho kozieho mlieka na poskytnutie profesion\u00e1lnej kontinu\u00e1lnej hydrat\u00e1cie na cel\u00fdch 24 hod\u00edn s presnos\u0165ou. Formulovan\u00fd s zv\u00fd\u0161enou vysokou koncentr\u00e1ciou elitn\u00fdch akt\u00edvnych ingredienci\u00ed, tento luxusn\u00fd kr\u00e9m zabezpe\u010duje intenzifikovan\u00e9 profesion\u00e1lne v\u00fdsledky pri ka\u017edom pou\u017eit\u00ed. Pr\u00e9miov\u00e9 zv\u00fd\u0161en\u00e9 percento kozieho mlieka zaru\u010duje hlb\u0161iu profesion\u00e1lnu v\u00fd\u017eivu, zv\u00fd\u0161en\u00fa elitn\u00fa \u00fa\u010dinnos\u0165 a nad\u0161tandardn\u00e9 vidite\u013en\u00e9 zlep\u0161enia v porovnan\u00ed so \u0161tandardn\u00fdmi formulami.<\/p>\n<p class=\"my-2 [&#038;+p]:mt-4 [&#038;_strong:has(+br)]:inline-block [&#038;_strong:has(+br)]:pb-2\"><strong>Profesion\u00e1lne pr\u00edrodn\u00e9 mastn\u00e9 kyseliny a elitn\u00e1 ochrana bari\u00e9ry:<\/strong>\u00a0Bohat\u00fd na pr\u00e9miov\u00e9 kaprylov\u00e9 a kaprov\u00e9 mastn\u00e9 kyseliny, n\u00e1\u0161 luxusn\u00fd kr\u00e9m odr\u00e1\u017ea profesion\u00e1lne pr\u00edrodn\u00e9 oleje, ktor\u00e9 produkuje va\u0161a rafinovan\u00e1 ple\u0165, \u010do umo\u017e\u0148uje plynul\u00fa elitn\u00fa integr\u00e1ciu s va\u0161ou profesion\u00e1lnou ko\u017enou bari\u00e9rou. To vytv\u00e1ra luxusn\u00fa ochrann\u00fa vrstvu, ktor\u00e1 zabra\u0148uje strate elitnej vlhkosti, pri\u010dom udr\u017eiava profesion\u00e1lnu m\u00e4kkos\u0165 pleti na dlh\u0161ie obdobie s presnos\u0165ou. Profesion\u00e1lna formula podporuje prirodzen\u00fa rovnov\u00e1hu rafinovanej pleti bez upch\u00e1vania p\u00f3rov.<\/p>\n<p class=\"my-2 [&#038;+p]:mt-4 [&#038;_strong:has(+br)]:inline-block [&#038;_strong:has(+br)]:pb-2\"><strong>Elitn\u00e1 profesion\u00e1lna kyselina mlie\u010dna a luxusn\u00e1 hydrat\u00e1cia:<\/strong>\u00a0Na\u0161a pr\u00e9miov\u00e1 formula obsahuje elitn\u00fa pr\u00edrodn\u00fa kyselinu mlie\u010dnu z pr\u00e9miov\u00e9ho kozieho mlieka, siln\u00fa profesion\u00e1lnu alfa hydroxy kyselinu p\u00f4sobiacu ako molekul\u00e1rna huba. Absorbuje a uklad\u00e1 vlhkos\u0165 v hlbok\u00fdch vrstv\u00e1ch profesion\u00e1lnej pleti s presnos\u0165ou. To zabezpe\u010duje kontinu\u00e1lnu profesion\u00e1lnu hydrat\u00e1ciu aj v n\u00e1ro\u010dn\u00fdch such\u00fdch podmienkach. Profesion\u00e1lne jemn\u00e9 exfoliuj\u00face vlastnosti odstra\u0148uj\u00fa odumret\u00e9 bunky, \u010do umo\u017e\u0148uje efekt\u00edvne prenikanie profesion\u00e1lnych hydrata\u010dn\u00fdch ingredienci\u00ed.<\/p>\n<p class=\"my-2 [&#038;+p]:mt-4 [&#038;_strong:has(+br)]:inline-block [&#038;_strong:has(+br)]:pb-2\"><strong>Profesion\u00e1lna produkcia kolag\u00e9nu a elitn\u00e9 anti-aging:<\/strong>\u00a0Obohaten\u00fd o pr\u00e9miov\u00e9 vitam\u00edny C a E, n\u00e1\u0161 luxusn\u00fd koz\u00ed mlie\u010dny kr\u00e9m stimuluje profesion\u00e1lnu prirodzen\u00fa produkciu kolag\u00e9nu a elast\u00ednu, zodpovedn\u00fdch za elitn\u00fa elasticitu pleti a profesion\u00e1lnu pevnos\u0165. To dramaticky zni\u017euje jemn\u00e9 linky a profesion\u00e1lne vr\u00e1sky, najm\u00e4 okolo o\u010d\u00ed a oblast\u00ed \u010dela. Pr\u00e9miov\u00e9 siln\u00e9 antioxidanty ako sel\u00e9n poskytuj\u00fa profesion\u00e1lnu ochranu pred oxida\u010dn\u00fdm po\u0161koden\u00edm.<\/p>\n<p class=\"my-2 [&#038;+p]:mt-4 [&#038;_strong:has(+br)]:inline-block [&#038;_strong:has(+br)]:pb-2\"><strong>Profesion\u00e1lna lie\u010dba stavu pleti a elitn\u00e9 wellness:<\/strong>\u00a0Perfektne prisp\u00f4soben\u00fd pH profesion\u00e1lnej pleti 5,5, tento luxusn\u00fd kr\u00e9m poskytuje elitn\u00e9 rie\u0161enie pre trpiacich ekz\u00e9mom a psori\u00e1zou s profesion\u00e1lnou presnos\u0165ou. Pr\u00e9miov\u00e9 protiz\u00e1palov\u00e9 vlastnosti zmier\u0148uj\u00fa za\u010dervenanie a profesion\u00e1lne svrbenie efekt\u00edvne. Pr\u00e9miov\u00e9 mastn\u00e9 kyseliny opravuj\u00fa po\u0161koden\u00e9 profesion\u00e1lne ko\u017en\u00e9 bari\u00e9ry, zatia\u013e \u010do prirodzen\u00e9 probiotik\u00e1 podporuj\u00fa zdrav\u00fa profesion\u00e1lnu mikrobi\u00f3mu pleti.<\/p>\n<h3 class=\"mb-2 mt-4 font-display font-semimedium text-base first:mt-0\">V\u00fdnimo\u010dn\u00e9 profesion\u00e1lne v\u00fdhody pr\u00e9miov\u00e9ho kozieho mlie\u010dneho kr\u00e9mu<\/h3>\n<ul class=\"marker:text-quiet list-disc\">\n<li class=\"py-0 my-0 prose-p:pt-0 prose-p:mb-2 prose-p:my-0 [>p]:pt-0 [>p]:mb-2 [>p]:my-0&#8243;>\n<p class=\"my-2 [&#038;+p]:mt-4 [&#038;_strong:has(+br)]:inline-block [&#038;_strong:has(+br)]:pb-2\">Profesion\u00e1lna elitn\u00e1 24-hodinov\u00e1 kontinu\u00e1lna hydrat\u00e1cia<\/p>\n<\/li>\n<li class=\"py-0 my-0 prose-p:pt-0 prose-p:mb-2 prose-p:my-0 [>p]:pt-0 [>p]:mb-2 [>p]:my-0&#8243;>\n<p class=\"my-2 [&#038;+p]:mt-4 [&#038;_strong:has(+br)]:inline-block [&#038;_strong:has(+br)]:pb-2\">Vysok\u00e1 koncentr\u00e1cia pr\u00e9miov\u00fdch akt\u00edvnych ingredienci\u00ed pre intenzifikovan\u00e9 profesion\u00e1lne v\u00fdsledky<\/p>\n<\/li>\n<li class=\"py-0 my-0 prose-p:pt-0 prose-p:mb-2 prose-p:my-0 [>p]:pt-0 [>p]:mb-2 [>p]:my-0&#8243;>\n<p class=\"my-2 [&#038;+p]:mt-4 [&#038;_strong:has(+br)]:inline-block [&#038;_strong:has(+br)]:pb-2\">Profesion\u00e1lne pr\u00edrodn\u00e9 mastn\u00e9 kyseliny pre elitn\u00fa ochranu bari\u00e9ry<\/p>\n<\/li>\n<li class=\"py-0 my-0 prose-p:pt-0 prose-p:mb-2 prose-p:my-0 [>p]:pt-0 [>p]:mb-2 [>p]:my-0&#8243;>\n<p class=\"my-2 [&#038;+p]:mt-4 [&#038;_strong:has(+br)]:inline-block [&#038;_strong:has(+br)]:pb-2\">Elitn\u00e1 profesion\u00e1lna kyselina mlie\u010dna pre jemn\u00fa exfoli\u00e1ciu<\/p>\n<\/li>\n<li class=\"py-0 my-0 prose-p:pt-0 prose-p:mb-2 prose-p:my-0 [>p]:pt-0 [>p]:mb-2 [>p]:my-0&#8243;>\n<p class=\"my-2 [&#038;+p]:mt-4 [&#038;_strong:has(+br)]:inline-block [&#038;_strong:has(+br)]:pb-2\">Vitam\u00edn A pre profesion\u00e1lnu obnovu buniek a opravu tkan\u00edv<\/p>\n<\/li>\n<li class=\"py-0 my-0 prose-p:pt-0 prose-p:mb-2 prose-p:my-0 [>p]:pt-0 [>p]:mb-2 [>p]:my-0&#8243;>\n<p class=\"my-2 [&#038;+p]:mt-4 [&#038;_strong:has(+br)]:inline-block [&#038;_strong:has(+br)]:pb-2\">Profesion\u00e1lny vitam\u00ednov\u00fd B komplex pre elitn\u00fa cirkul\u00e1ciu pleti<\/p>\n<\/li>\n<li class=\"py-0 my-0 prose-p:pt-0 prose-p:mb-2 prose-p:my-0 [>p]:pt-0 [>p]:mb-2 [>p]:my-0&#8243;>\n<p class=\"my-2 [&#038;+p]:mt-4 [&#038;_strong:has(+br)]:inline-block [&#038;_strong:has(+br)]:pb-2\">Profesion\u00e1lna formula na podporu kolag\u00e9nu pre anti-aging excelenciu<\/p>\n<\/li>\n<li class=\"py-0 my-0 prose-p:pt-0 prose-p:mb-2 prose-p:my-0 [>p]:pt-0 [>p]:mb-2 [>p]:my-0&#8243;>\n<p class=\"my-2 [&#038;+p]:mt-4 [&#038;_strong:has(+br)]:inline-block [&#038;_strong:has(+br)]:pb-2\">Vhodn\u00fd pre v\u0161etky typy pleti s profesion\u00e1lnym zdokona\u013eovan\u00edm<\/p>\n<\/li>\n<li class=\"py-0 my-0 prose-p:pt-0 prose-p:mb-2 prose-p:my-0 [>p]:pt-0 [>p]:mb-2 [>p]:my-0&#8243;>\n<p class=\"my-2 [&#038;+p]:mt-4 [&#038;_strong:has(+br)]:inline-block [&#038;_strong:has(+br)]:pb-2\">Profesion\u00e1lna prirodzen\u00e1 probiotick\u00e1 podpora pre elitn\u00fa mikrobi\u00f3mu pleti<\/p>\n<\/li>\n<\/ul>\n<h3 class=\"mb-2 mt-4 font-display font-semimedium text-base first:mt-0\">\u010co rob\u00ed n\u00e1\u0161 pr\u00e9miov\u00fd koz\u00ed mlie\u010dny kr\u00e9m v\u00fdnimo\u010dn\u00fdm?<\/h3>\n<p class=\"my-2 [&#038;+p]:mt-4 [&#038;_strong:has(+br)]:inline-block [&#038;_strong:has(+br)]:pb-2\">N\u00e1\u0161 pr\u00e9miov\u00fd luxusn\u00fd koz\u00ed mlie\u010dny kr\u00e9m predstavuje elitn\u00fa vedu o starostlivosti o ple\u0165 spojen\u00fa s rafinovan\u00fdm egyptsk\u00fdm dedi\u010dstvom kr\u00e1sy. Starostliv\u00e1 zmes pr\u00edrodn\u00e9ho z\u00e1kladu mydla, glycer\u00ednu, pr\u00e9miov\u00fdch prote\u00ednov kozieho mlieka, elitn\u00fdch botanick\u00fdch ingredienci\u00ed, pr\u00e9miov\u00e9ho vitam\u00ednu A, profesion\u00e1lneho vitam\u00ednov\u00e9ho B komplexu a prirodzen\u00fdch probiot\u00edk vytv\u00e1ra v\u00fdnimo\u010dn\u00fd luxusn\u00fd hydrata\u010dn\u00fd produkt podlo\u017een\u00fd egyptsk\u00fdm dedi\u010dstvom. Ka\u017ed\u00e9 pr\u00e9miov\u00e9 balenie 165 ml predstavuje n\u00e1\u0161 z\u00e1v\u00e4zok k profesion\u00e1lnej, efekt\u00edvnej luxusnej pr\u00edrodnej starostlivosti o ple\u0165.<\/p>\n<h3 class=\"mb-2 mt-4 font-display font-semimedium text-base first:mt-0\">Ako aplikova\u0165 v\u00e1\u0161 pr\u00e9miov\u00fd koz\u00ed mlie\u010dny kr\u00e9m<\/h3>\n<p class=\"my-2 [&#038;+p]:mt-4 [&#038;_strong:has(+br)]:inline-block [&#038;_strong:has(+br)]:pb-2\">Aplikujte hojne na \u010dist\u00fa ple\u0165 r\u00e1no a ve\u010der s profesion\u00e1lnou technikou. Jemne mas\u00edrujte tento luxusn\u00fd kr\u00e9m do tv\u00e1re a tela, k\u00fdm sa plne nevstreb\u00e1 s presnos\u0165ou. Pre zv\u00fd\u0161en\u00e9 profesion\u00e1lne anti-aging v\u00fdsledky aplikujte na jemn\u00e9 linky a citliv\u00e9 oblasti s luxusnou presnos\u0165ou. Pou\u017e\u00edvajte denne pre optim\u00e1lnu profesion\u00e1lnu 24-hodinov\u00fa hydrat\u00e1ciu a komplexn\u00e9 elitn\u00e9 v\u00fdhody pre ple\u0165.<\/p>\n<h3 class=\"mb-2 mt-4 font-display font-semimedium text-base first:mt-0\">Pr\u00e9miov\u00e9 luxusn\u00e9 skladovanie a v\u00fdsledky<\/h3>\n<p class=\"my-2 [&#038;+p]:mt-4 [&#038;_strong:has(+br)]:inline-block [&#038;_strong:has(+br)]:pb-2\">Skladujte v\u00e1\u0161 pr\u00e9miov\u00fd koz\u00ed mlie\u010dny kr\u00e9m pri izbovej teplote mimo priameho slne\u010dn\u00e9ho \u017eiarenia pre maxim\u00e1lnu profesion\u00e1lnu \u00fa\u010dinnos\u0165. V\u00fdsledky sa zlep\u0161uj\u00fa s pravidelnou dennou profesion\u00e1lnou aplik\u00e1ciou. V\u00e4\u010d\u0161ina pou\u017e\u00edvate\u013eov si v\u0161imne v\u00fdnimo\u010dn\u00e9 24-hodinov\u00e9 zlep\u0161enie pleti a profesion\u00e1lne hydrata\u010dn\u00e9 v\u00fdhody do 1 a\u017e 2 t\u00fd\u017ed\u0148ov luxusn\u00e9ho pou\u017e\u00edvania.<\/p>\n<p class=\"my-2 [&#038;+p]:mt-4 [&#038;_strong:has(+br)]:inline-block [&#038;_strong:has(+br)]:pb-2\"><strong>Za\u017eite elitn\u00fa profesion\u00e1lnu 24-hodinov\u00fa transforma\u010dn\u00fa hydrat\u00e1ciu s na\u0161\u00edm pr\u00e9miov\u00fdm koz\u00edm mlie\u010dnym kr\u00e9mom dnes. Objednajte si svoje pr\u00e9miov\u00e9 balenie 165 ml teraz a odha\u013ete svoju najluxusnej\u0161iu, \u017eiariv\u00fa a profesion\u00e1lne hydratovan\u00fa ple\u0165.<\/strong><\/p>\n<p>&nbsp;<\/p>\n<p style=\"text-align: center;\">\u010eakujeme za n\u00e1kup v\u00a0<a href=\"https:\/\/bazaar.express\/sk\/\">Bazaar Express<\/a>\u00a0\u2013 sme nad\u0161en\u00ed, \u017ee ste tu!<\/p>\n<p style=\"text-align: center;\">Va\u0161a cesta k lep\u0161ej starostlivosti o seba za\u010d\u00edna tu \u2014 s\u00a0<a href=\"https:\/\/bazaar.express\/product-category\/beauty-care\/\">Beauty &#038; Care<\/a>, na ktor\u00fa sa m\u00f4\u017eete spo\u013eahn\u00fa\u0165.<\/p>\n","protected":false},"excerpt":{"rendered":"<h3>Luxusn\u00fd koz\u00ed mlie\u010dny kr\u00e9m 165 ml \u2013 Pr\u00e9miov\u00e1 profesion\u00e1lna 24-hodinov\u00e1 hydrat\u00e1cia s elitn\u00fdm koz\u00edm mliekom a akt\u00edvnymi ingredienciami. Luxusn\u00e9 anti-aging, profesion\u00e1lna v\u00fd\u017eiva.<\/h3>\n","protected":false},"featured_media":43920,"comment_status":"open","ping_status":"closed","template":"","meta":[],"product_brand":[],"product_cat":[1175,1169,1160],"product_tag":[1653,1655,1654,1656],"class_list":{"0":"post-43919","1":"product","2":"type-product","3":"status-publish","4":"has-post-thumbnail","6":"product_cat-zoganon","7":"product_cat-horuce-ponuky","8":"product_cat-starostlivost-o-krasu","9":"product_tag-prirodny-olej","10":"product_tag-starostlivost-o-krasu","11":"product_tag-starostlivost-o-plet","12":"product_tag-tavie-mlieko","14":"first","15":"instock","16":"sale","17":"shipping-taxable","18":"purchasable","19":"product-type-simple"},"_links":{"self":[{"href":"https:\/\/bazaar.express\/sk\/wp-json\/wp\/v2\/product\/43919","targetHints":{"allow":["GET"]}}],"collection":[{"href":"https:\/\/bazaar.express\/sk\/wp-json\/wp\/v2\/product"}],"about":[{"href":"https:\/\/bazaar.express\/sk\/wp-json\/wp\/v2\/types\/product"}],"replies":[{"embeddable":true,"href":"https:\/\/bazaar.express\/sk\/wp-json\/wp\/v2\/comments?post=43919"}],"wp:featuredmedia":[{"embeddable":true,"href":"https:\/\/bazaar.express\/sk\/wp-json\/wp\/v2\/media\/43920"}],"wp:attachment":[{"href":"https:\/\/bazaar.express\/sk\/wp-json\/wp\/v2\/media?parent=43919"}],"wp:term":[{"taxonomy":"product_brand","embeddable":true,"href":"https:\/\/bazaar.express\/sk\/wp-json\/wp\/v2\/product_brand?post=43919"},{"taxonomy":"product_cat","embeddable":true,"href":"https:\/\/bazaar.express\/sk\/wp-json\/wp\/v2\/product_cat?post=43919"},{"taxonomy":"product_tag","embeddable":true,"href":"https:\/\/bazaar.express\/sk\/wp-json\/wp\/v2\/product_tag?post=43919"}],"curies":[{"name":"wp","href":"https:\/\/api.w.org\/{rel}","templated":true}]}}