{"id":43927,"date":"2025-03-04T02:22:54","date_gmt":"2025-03-04T02:22:54","guid":{"rendered":"https:\/\/bazaar.express\/product\/brightening-cream\/"},"modified":"2026-02-20T12:52:06","modified_gmt":"2026-02-20T12:52:06","slug":"brightening-cream","status":"publish","type":"product","link":"https:\/\/bazaar.express\/sk\/produkt\/brightening-cream\/","title":{"rendered":"Rozjas\u0148uj\u00faci kr\u00e9m"},"content":{"rendered":"<h2 data-start=\"354\" data-end=\"438\">Rozjas\u0148uj\u00faci kr\u00e9m \u2013 Int\u00edmny lesk a starostlivos\u0165 o m\u00e4kk\u00fa, ru\u017eov\u00fa a \u017eiariv\u00fa poko\u017eku (450 ml)<\/h2>\n<p data-start=\"440\" data-end=\"844\">Odha\u013ete prirodzen\u00fa kr\u00e1su va\u0161ich najjemnej\u0161\u00edch oblast\u00ed s na\u0161\u00edm <strong data-start=\"503\" data-end=\"542\">Rozjas\u0148uj\u00facim kr\u00e9mom pre int\u00edmnu poko\u017eku<\/strong> \u2013 \u0161peci\u00e1lne vyroben\u00fdm na rozjasnenie tmav\u00fdch \u0161kv\u0155n, hlbok\u00fa hydrat\u00e1ciu a zanechanie zvodnej v\u00f4ne, ktor\u00e1 vydr\u017e\u00ed a\u017e 48 hod\u00edn. Ide\u00e1lny pre <strong data-start=\"671\" data-end=\"731\">l\u00edniu bikiny, labia, podpazu\u0161ie a in\u00e9 citliv\u00e9 oblasti<\/strong>, tento kr\u00e9m v\u00e1m dod\u00e1 m\u00e4kk\u00fd, ru\u017eov\u00fd a svie\u017ei vzh\u013ead, pri\u010dom posiln\u00ed va\u0161u sebad\u00f4veru a \u017eensk\u00fd \u0161arm.<\/p>\n<p data-start=\"846\" data-end=\"1161\">Vyroben\u00fd s pr\u00edrodn\u00fdmi ingredienciami ako <strong data-start=\"887\" data-end=\"953\">\u0160e\u00e1 maslo, kakaov\u00e9 maslo, organick\u00fd kokosov\u00fd olej a oxid zino\u010dnat\u00fd<\/strong>, poskytuje vidite\u013en\u00e9 v\u00fdsledky bezpe\u010dne a efekt\u00edvne. \u010ci sa pripravujete na \u0161peci\u00e1lnu noc alebo chcete ka\u017ed\u00fd de\u0148 c\u00edti\u0165 \u017eiarivos\u0165, tento kr\u00e9m pon\u00faka <strong data-start=\"1109\" data-end=\"1160\">kompletn\u00fa int\u00edmnu starostlivos\u0165 v jednej luxusnej formule<\/strong>.<\/p>\n<h3 data-start=\"1168\" data-end=\"1221\">K\u013e\u00fa\u010dov\u00e9 v\u00fdhody n\u00e1\u0161ho int\u00edmneho rozjas\u0148uj\u00faceho kr\u00e9mu<\/h3>\n<h4 data-start=\"1223\" data-end=\"1270\">\u2714 Rozjas\u0148uje a obnovuje prirodzen\u00fd ru\u017eov\u00fd t\u00f3n<\/h4>\n<p data-start=\"1271\" data-end=\"1408\">Navrhnut\u00fd na vidite\u013en\u00e9 <strong data-start=\"1291\" data-end=\"1317\">rozjasnenie tmav\u00fdch oblast\u00ed<\/strong>, pom\u00e1ha obnovi\u0165 <strong data-start=\"1340\" data-end=\"1360\">prirodzen\u00fd ru\u017eov\u00fd odtie\u0148<\/strong> int\u00edmnej poko\u017eky pre mladistv\u00fd a svie\u017ei vzh\u013ead.<\/p>\n<h4 data-start=\"1410\" data-end=\"1456\">\u2714 Zvodn\u00e1 v\u00f4\u0148a, ktor\u00e1 vydr\u017e\u00ed 48 hod\u00edn<\/h4>\n<p data-start=\"1457\" data-end=\"1638\">Zmie\u0161an\u00fd s <strong data-start=\"1470\" data-end=\"1488\">pr\u00e9miov\u00fdmi v\u00f4\u0148ami<\/strong> z v\u00fdchodnej a z\u00e1padnej parfum\u00e9rie, tento kr\u00e9m zosil\u0148uje prirodzen\u00fa v\u00f4\u0148u v\u00e1\u0161ho tela s <strong data-start=\"1576\" data-end=\"1602\">dlhotrvaj\u00facou v\u00f4\u0148ou<\/strong> a <strong data-start=\"1607\" data-end=\"1637\">p\u00fatavos\u0165ou zosil\u0148uj\u00facou ferom\u00f3ny<\/strong>.<\/p>\n<h4 data-start=\"1640\" data-end=\"1678\">\u2714 Hlbok\u00e1 hydrat\u00e1cia pre hodv\u00e1bnu poko\u017eku<\/h4>\n<p data-start=\"1679\" data-end=\"1844\">Obohaten\u00fd o <strong data-start=\"1693\" data-end=\"1740\">\u0160e\u00e1 maslo, kakaov\u00e9 maslo a organick\u00e9 oleje<\/strong>, poskytuje intenz\u00edvnu vlhkos\u0165 na boj proti suchosti, zanech\u00e1vaj\u00fac poko\u017eku <strong data-start=\"1803\" data-end=\"1830\">sametovo m\u00e4kk\u00fa a hladk\u00fa<\/strong> cel\u00fd de\u0148.<\/p>\n<h4 data-start=\"1846\" data-end=\"1890\">\u2714 Posil\u0148uje sebad\u00f4veru a \u017eensk\u00fa energiu<\/h4>\n<p data-start=\"1891\" data-end=\"2026\">C\u00edtite sa neodolate\u013ene s <strong data-start=\"1916\" data-end=\"1956\">hmatate\u013enou text\u00farou a pr\u00ed\u0165a\u017elivou ar\u00f3mou<\/strong>, ktor\u00e1 v\u00e1s udr\u017eiava \u010dist\u00fa, sexy a sebavedom\u00fa cel\u00fd de\u0148.<\/p>\n<h4 data-start=\"2028\" data-end=\"2067\">\u2714 Bezpe\u010dn\u00fd a jemn\u00fd na citliv\u00fa poko\u017eku<\/h4>\n<p data-start=\"2068\" data-end=\"2219\">S <strong data-start=\"2073\" data-end=\"2113\">Lanol\u00ednom (hypoalerg\u00e9nny), oxidom zino\u010dnat\u00fdm<\/strong> a pr\u00edrodn\u00fdmi emolientmi tento kr\u00e9m upokojuje citliv\u00fa poko\u017eku, <strong data-start=\"2174\" data-end=\"2193\">zmier\u0148uje za\u010dervenanie<\/strong> a predch\u00e1dza podr\u00e1\u017edeniu.<\/p>\n<h4 data-start=\"2221\" data-end=\"2262\">\u2714 Kontrola z\u00e1pachu a 48-hodinov\u00e1 svie\u017eos\u0165<\/h4>\n<p data-start=\"2263\" data-end=\"2389\">Neutralizuje ne\u017eiaduce pachy a <strong data-start=\"2294\" data-end=\"2326\">udr\u017eiava int\u00edmnu svie\u017eos\u0165<\/strong> a\u017e dva cel\u00e9 dni \u2013 ide\u00e1lne pre upon\u00e1h\u013ean\u00fd \u017eivotn\u00fd \u0161t\u00fdl alebo cestovanie.<\/p>\n<h3 data-start=\"2396\" data-end=\"2431\">\u00a0Mocn\u00e9 pr\u00edrodn\u00e9 ingrediencie<\/h3>\n<h4 data-start=\"2433\" data-end=\"2452\">\u2714 Oxid zino\u010dnat\u00fd<\/h4>\n<p data-start=\"2453\" data-end=\"2563\">Jemn\u00e9 rozjas\u0148uj\u00face \u010dinidlo, ktor\u00e9 zni\u017euje pigment\u00e1ciu a <strong data-start=\"2510\" data-end=\"2544\">zosil\u0148uje prirodzen\u00fd ru\u017eov\u00fd lesk<\/strong> citlivej poko\u017eky.<\/p>\n<h4 data-start=\"2565\" data-end=\"2600\">\u2714 \u0160e\u00e1 maslo a kakaov\u00e9 maslo<\/h4>\n<p data-start=\"2601\" data-end=\"2705\">Tieto pr\u00edrodn\u00e9 zvlh\u010dova\u010de <strong data-start=\"2628\" data-end=\"2647\">zm\u00e4k\u010duj\u00fa poko\u017eku<\/strong>, predch\u00e1dzaj\u00fa hrubosti a vytv\u00e1raj\u00fa <strong data-start=\"2681\" data-end=\"2704\">sat\u00e9novo-hladk\u00fd fini\u0161<\/strong>.<\/p>\n<h4 data-start=\"2707\" data-end=\"2748\">\u2714 Organick\u00fd kokosov\u00fd olej a jojobov\u00fd olej<\/h4>\n<p data-start=\"2749\" data-end=\"2852\">Obnovuj\u00fa elasticitu poko\u017eky, zni\u017euj\u00fa tmav\u00e9 \u0161kvrny a poskytuj\u00fa <strong data-start=\"2807\" data-end=\"2851\">antibakteri\u00e1lnu a antioxida\u010dn\u00fa ochranu<\/strong>.<\/p>\n<h4 data-start=\"2854\" data-end=\"2888\">\u2714 Zna\u010dkov\u00fd zmes v\u00f4n\u00ed<\/h4>\n<p data-start=\"2889\" data-end=\"3021\">Tajn\u00e1 zmes <strong data-start=\"2905\" data-end=\"2935\">v\u00fdchodn\u00fdch a z\u00e1padn\u00fdch ar\u00f3m<\/strong> poskytuje <strong data-start=\"2947\" data-end=\"2977\">luxusn\u00fd vo\u0148av\u00fd z\u00e1\u017eitok<\/strong>, pri\u010dom zosil\u0148uje va\u0161u jedine\u010dn\u00fa telesn\u00fa ch\u00e9miu.<\/p>\n<h4 data-start=\"3023\" data-end=\"3055\">\u2714 Lanol\u00edn (anti-alerg\u00e9nny)<\/h4>\n<p data-start=\"3056\" data-end=\"3161\">Zmier\u0148uje podr\u00e1\u017edenie, <strong data-start=\"3077\" data-end=\"3099\">upokojuje z\u00e1pal<\/strong> a vytv\u00e1ra ochrann\u00fa bari\u00e9ru proti citlivosti.<\/p>\n<h3 data-start=\"3168\" data-end=\"3201\">\u00a0Ako pou\u017e\u00edva\u0165 pre najlep\u0161ie v\u00fdsledky<\/h3>\n<ul data-start=\"3203\" data-end=\"3443\">\n<li data-start=\"3203\" data-end=\"3259\">\n<p data-start=\"3205\" data-end=\"3259\">Aplikujte na <strong data-start=\"3214\" data-end=\"3233\">\u010dist\u00fa, such\u00fa poko\u017eku<\/strong> r\u00e1no a ve\u010der.<\/p>\n<\/li>\n<li data-start=\"3260\" data-end=\"3339\">\n<p data-start=\"3262\" data-end=\"3339\">Jemne <strong data-start=\"3269\" data-end=\"3301\">mas\u00edrujte, k\u00fdm sa plne nevstreb\u00e1<\/strong> pre maxim\u00e1lnu hydrat\u00e1ciu a \u017eiarivos\u0165.<\/p>\n<\/li>\n<li data-start=\"3340\" data-end=\"3443\">\n<p data-start=\"3342\" data-end=\"3443\">Pou\u017e\u00edvajte pravidelne <strong data-start=\"3363\" data-end=\"3379\">2 a\u017e 4 t\u00fd\u017edne<\/strong> pre vidite\u013en\u00fa transform\u00e1ciu v m\u00e4kkosti, t\u00f3ne a v\u00f4ni.<\/p>\n<\/li>\n<\/ul>\n<h3 data-start=\"3450\" data-end=\"3469\">\u00a0\u010co z\u00edskate<\/h3>\n<ul data-start=\"3471\" data-end=\"3728\">\n<li data-start=\"3471\" data-end=\"3528\">\n<p data-start=\"3473\" data-end=\"3528\"><strong data-start=\"3473\" data-end=\"3482\">Ve\u013ekos\u0165:<\/strong> 450 ml \u2013 \u0160tedn\u00e9 mno\u017estvo pre dlhodob\u00e9 pou\u017eitie<\/p>\n<\/li>\n<li data-start=\"3529\" data-end=\"3588\">\n<p data-start=\"3531\" data-end=\"3588\"><strong data-start=\"3531\" data-end=\"3540\">Typ:<\/strong> 100% Pr\u00edrodn\u00fd \u2013 Bez alkoholu, bez drsn\u00fdch chemik\u00e1li\u00ed<\/p>\n<\/li>\n<li data-start=\"3589\" data-end=\"3671\">\n<p data-start=\"3591\" data-end=\"3671\"><strong data-start=\"3591\" data-end=\"3602\">P\u00f4vod:<\/strong> Hrdne vyroben\u00e9 v <strong data-start=\"3619\" data-end=\"3628\">Egypt<\/strong>, schv\u00e1len\u00e9 Egyptskou liekovou autoritou<\/p>\n<\/li>\n<li data-start=\"3672\" data-end=\"3728\">\n<p data-start=\"3674\" data-end=\"3728\"><strong data-start=\"3674\" data-end=\"3686\">Text\u00fara:<\/strong> \u013dahk\u00fd, nelepiv\u00fd, r\u00fdchlo sa vstreb\u00e1vaj\u00faci kr\u00e9m<\/p>\n<\/li>\n<\/ul>\n<p data-start=\"3913\" data-end=\"4037\">\n<h3 data-start=\"4044\" data-end=\"4085\">\u00a0Objavte svoj prirodzen\u00fd \u017eensk\u00fd lesk<\/h3>\n<p data-start=\"4087\" data-end=\"4327\">Za\u017eite <strong data-start=\"4102\" data-end=\"4142\">transform\u00e1ciu va\u0161ej int\u00edmnej poko\u017eky<\/strong> \u2013 \u017eiarivej\u0161iu, jemnej\u0161iu a vo\u0148avej\u0161iu ako kedyko\u013evek predt\u00fdm. Tento kr\u00e9m je va\u0161a nov\u00e1 <strong data-start=\"4224\" data-end=\"4270\">denn\u00e1 nevyhnutnos\u0165 pre kompletn\u00fa \u017eensk\u00fa starostlivos\u0165<\/strong>, postaven\u00e1 na d\u00f4vere, trad\u00edcii a modernej vede o starostlivosti o poko\u017eku.<\/p>\n<p data-start=\"4334\" data-end=\"4452\"><strong data-start=\"4334\" data-end=\"4452\">C\u00edtite sa svie\u017ea, sebavedom\u00e1 a kr\u00e1sne sama sebou \u2013 ka\u017ed\u00fd de\u0148. Vysk\u00fa\u0161ajte n\u00e1\u0161 Rozjas\u0148uj\u00faci kr\u00e9m a objavte znovu svoj \u017eensk\u00fd lesk.<\/strong><\/p>\n<p style=\"text-align: center;\">\u010eakujeme za n\u00e1kup v <em data-start=\"415\" data-end=\"431\"><a href=\"https:\/\/bazaar.express\/sk\/\">Bazaar Express<\/a><\/em> \u2013 te\u0161\u00edme sa na v\u00e1s!<\/p>\n<p style=\"text-align: center;\">Va\u0161a cesta k lep\u0161ej starostlivosti o seba za\u010d\u00edna tu \u2013 s <a href=\"https:\/\/bazaar.express\/product-category\/beauty-care\/\">Beauty &#038; Care<\/a>, na ktor\u00fa sa m\u00f4\u017eete spo\u013eahn\u00fa\u0165.<\/p>\n","protected":false},"excerpt":{"rendered":"<h3 data-start=\"476\" data-end=\"665\">N\u00e1\u0161 450 ml Rozjas\u0148uj\u00faci kr\u00e9m poskytuje m\u00e4kk\u00fd, ru\u017eov\u00fd lesk int\u00edmnym oblastiam s hlbokou vlhkos\u0165ou a zvodnou 48-hodinovou v\u00f4\u0148ou. Bezpe\u010dn\u00fd, pr\u00edrodn\u00fd a ide\u00e1lny pre l\u00edniu bikiny, podpazu\u0161ie a \u010fal\u0161ie oblasti.<\/h3>\n","protected":false},"featured_media":43933,"comment_status":"open","ping_status":"closed","template":"","meta":[],"product_brand":[],"product_cat":[1160,1169,1167,1161],"product_tag":[1652,1653,1655,1654],"class_list":{"0":"post-43927","1":"product","2":"type-product","3":"status-publish","4":"has-post-thumbnail","6":"product_cat-starostlivost-o-krasu","7":"product_cat-horuce-ponuky","8":"product_cat-najlepsie-z-egypta","9":"product_cat-terapeuticke-oleje","10":"product_tag-olej","11":"product_tag-prirodny-olej","12":"product_tag-starostlivost-o-krasu","13":"product_tag-starostlivost-o-plet","14":"pa_l-xl-450ml","16":"first","17":"instock","18":"sale","19":"shipping-taxable","20":"purchasable","21":"product-type-simple"},"_links":{"self":[{"href":"https:\/\/bazaar.express\/sk\/wp-json\/wp\/v2\/product\/43927","targetHints":{"allow":["GET"]}}],"collection":[{"href":"https:\/\/bazaar.express\/sk\/wp-json\/wp\/v2\/product"}],"about":[{"href":"https:\/\/bazaar.express\/sk\/wp-json\/wp\/v2\/types\/product"}],"replies":[{"embeddable":true,"href":"https:\/\/bazaar.express\/sk\/wp-json\/wp\/v2\/comments?post=43927"}],"wp:featuredmedia":[{"embeddable":true,"href":"https:\/\/bazaar.express\/sk\/wp-json\/wp\/v2\/media\/43933"}],"wp:attachment":[{"href":"https:\/\/bazaar.express\/sk\/wp-json\/wp\/v2\/media?parent=43927"}],"wp:term":[{"taxonomy":"product_brand","embeddable":true,"href":"https:\/\/bazaar.express\/sk\/wp-json\/wp\/v2\/product_brand?post=43927"},{"taxonomy":"product_cat","embeddable":true,"href":"https:\/\/bazaar.express\/sk\/wp-json\/wp\/v2\/product_cat?post=43927"},{"taxonomy":"product_tag","embeddable":true,"href":"https:\/\/bazaar.express\/sk\/wp-json\/wp\/v2\/product_tag?post=43927"}],"curies":[{"name":"wp","href":"https:\/\/api.w.org\/{rel}","templated":true}]}}