{"id":43937,"date":"2025-02-28T16:15:19","date_gmt":"2025-02-28T16:15:19","guid":{"rendered":"https:\/\/bazaar.express\/product\/collagen-marine-cream\/"},"modified":"2026-02-20T12:52:07","modified_gmt":"2026-02-20T12:52:07","slug":"collagen-marine-cream","status":"publish","type":"product","link":"https:\/\/bazaar.express\/sk\/produkt\/collagen-marine-cream\/","title":{"rendered":"Morsk\u00fd kolag\u00e9nov\u00fd kr\u00e9m"},"content":{"rendered":"<h2 class=\"\" data-start=\"374\" data-end=\"458\">Morsk\u00fd kolag\u00e9nov\u00fd kr\u00e9m \u2013 Najlep\u0161ie rie\u0161enie pre starostlivos\u0165 o ple\u0165 pre \u017eiariv\u00fa, mladistv\u00fa poko\u017eku<\/h2>\n<h3 class=\"\" data-start=\"460\" data-end=\"501\">Objavte silu morsk\u00e9ho kolag\u00e9nu<\/h3>\n<p class=\"\" data-start=\"503\" data-end=\"865\"><strong data-start=\"503\" data-end=\"528\">Morsk\u00fd kolag\u00e9nov\u00fd kr\u00e9m<\/strong> je pr\u00e9miov\u00e9 rie\u0161enie pre starostlivos\u0165 o ple\u0165, ktor\u00e9 je navrhnut\u00e9 na hlbiv\u00e9 v\u00fd\u017eivenie, hydrat\u00e1ciu a regener\u00e1ciu poko\u017eky pomocou \u00fa\u010dinn\u00e9ho <strong data-start=\"636\" data-end=\"663\">morsk\u00e9ho kolag\u00e9nu<\/strong>. S jeho \u013eahkou, r\u00fdchlo sa vstrebate\u013enou text\u00farou a vedecky pokro\u010dil\u00fdmi ingredienciami podporuje <strong data-start=\"763\" data-end=\"782\">elasticitu poko\u017eky<\/strong>, zlep\u0161uje <strong data-start=\"793\" data-end=\"815\">zadr\u017eiavanie vlhkosti<\/strong> a podporuje <strong data-start=\"832\" data-end=\"864\">prirodzene \u017eiariv\u00fd vzh\u013ead<\/strong>.<\/p>\n<p class=\"\" data-start=\"867\" data-end=\"1013\">Tento kr\u00e9m je ide\u00e1lny pre v\u0161etk\u00fdch, ktor\u00ed chc\u00fa bojova\u0165 proti zn\u00e1mkam starnutia, obnovi\u0165 pevnos\u0165 poko\u017eky a dosiahnu\u0165 mladistvej\u0161\u00ed lesk \u2013 prirodzene a efekt\u00edvne.<\/p>\n<h3 class=\"\" data-start=\"1020\" data-end=\"1057\">Pre\u010do si vybra\u0165 morsk\u00fd kolag\u00e9nov\u00fd kr\u00e9m?<\/h3>\n<p class=\"\" data-start=\"1059\" data-end=\"1362\">Na rozdiel od be\u017en\u00fdch hydrata\u010dn\u00fdch kr\u00e9mov je <strong data-start=\"1089\" data-end=\"1114\">morsk\u00fd kolag\u00e9nov\u00fd kr\u00e9m<\/strong> navrhnut\u00fd tak, aby pracoval v s\u00falade s prirodzen\u00fdmi procesmi va\u0161ej poko\u017eky. Podporuje <strong data-start=\"1192\" data-end=\"1214\">synt\u00e9zu kolag\u00e9nu<\/strong>, stimuluje <strong data-start=\"1227\" data-end=\"1248\">regener\u00e1ciu buniek<\/strong> a posil\u0148uje <strong data-start=\"1277\" data-end=\"1299\">ochrann\u00fa bari\u00e9ru poko\u017eky<\/strong>, \u010d\u00edm sa st\u00e1va komplexn\u00fdm rie\u0161en\u00edm pre dlhodob\u00e9 zdravie poko\u017eky.<\/p>\n<ul data-start=\"1364\" data-end=\"1627\">\n<li class=\"\" data-start=\"1364\" data-end=\"1415\">\n<p class=\"\" data-start=\"1366\" data-end=\"1415\"><strong data-start=\"1369\" data-end=\"1390\">Hlboko prenik\u00e1<\/strong> pre maxim\u00e1lnu v\u00fd\u017eivu.<\/p>\n<\/li>\n<li class=\"\" data-start=\"1416\" data-end=\"1480\">\n<p class=\"\" data-start=\"1418\" data-end=\"1480\">Zlep\u0161uje <strong data-start=\"1427\" data-end=\"1458\">prirodzen\u00fa produkciu kolag\u00e9nu<\/strong> pre vidite\u013en\u00fa pevnos\u0165.<\/p>\n<\/li>\n<li class=\"\" data-start=\"1481\" data-end=\"1549\">\n<p class=\"\" data-start=\"1483\" data-end=\"1549\">Ide\u00e1lny pre <strong data-start=\"1495\" data-end=\"1513\">v\u0161etky typy poko\u017eky<\/strong>, vr\u00e1tane mastnej a citlivej.<\/p>\n<\/li>\n<li class=\"\" data-start=\"1550\" data-end=\"1627\">\n<p class=\"\" data-start=\"1552\" data-end=\"1627\">Poskytuje <strong data-start=\"1561\" data-end=\"1582\">dlhotrvaj\u00facu hydrat\u00e1ciu<\/strong> a ochranu pred environment\u00e1lnym po\u0161koden\u00edm.<\/p>\n<\/li>\n<\/ul>\n<h3 class=\"\" data-start=\"1634\" data-end=\"1675\">Hlavn\u00e9 v\u00fdhody morsk\u00e9ho kolag\u00e9nov\u00e9ho kr\u00e9mu<\/h3>\n<h4 class=\"\" data-start=\"1677\" data-end=\"1717\">\u2714 Redukuje vr\u00e1sky a jemn\u00e9 linky<\/h4>\n<p class=\"\" data-start=\"1718\" data-end=\"1884\">Morsk\u00fd kolag\u00e9n stimuluje prirodzen\u00fd proces regener\u00e1cie poko\u017eky, zni\u017euje vzh\u013ead vr\u00e1sok a jemn\u00fdch liniek a z\u00e1rove\u0148 obnovuje hladkos\u0165 a pevnos\u0165 poko\u017eky.<\/p>\n<h4 class=\"\" data-start=\"1886\" data-end=\"1935\">\u2714 Intenz\u00edvna hydrat\u00e1cia a zadr\u017eiavanie vlhkosti<\/h4>\n<p class=\"\" data-start=\"1936\" data-end=\"2091\">Obohaten\u00fd humektantmi kr\u00e9m uzamyk\u00e1 vlhkos\u0165 a vytv\u00e1ra bari\u00e9ru proti dehydrat\u00e1cii \u2013 udr\u017euje poko\u017eku m\u00e4kk\u00fa, pru\u017en\u00fa a bez \u0161up\u00edn po\u010das cel\u00e9ho d\u0148a.<\/p>\n<h4 class=\"\" data-start=\"2093\" data-end=\"2139\">\u2714 Zlep\u0161uje elasticitu a pevnos\u0165 poko\u017eky<\/h4>\n<p class=\"\" data-start=\"2140\" data-end=\"2298\">Zlep\u0161en\u00edm hustoty kolag\u00e9nu v dermise tento kr\u00e9m posil\u0148uje \u0161trukt\u00faru poko\u017eky a pom\u00e1ha redukova\u0165 ochabnutie, \u010d\u00edm va\u0161ej tv\u00e1ri dod\u00e1va zdvihnutej\u0161\u00ed, t\u00f3novan\u00fd vzh\u013ead.<\/p>\n<h4 class=\"\" data-start=\"2300\" data-end=\"2338\">\u2714 Rozjas\u0148uje a vyrovn\u00e1va t\u00f3n poko\u017eky<\/h4>\n<p class=\"\" data-start=\"2339\" data-end=\"2478\">Prirodzen\u00e9 rozjas\u0148uj\u00face \u010dinidl\u00e1 vybledn\u00fa <strong data-start=\"2371\" data-end=\"2385\">tmav\u00e9 \u0161kvrny<\/strong>, <strong data-start=\"2387\" data-end=\"2408\">hyperpigment\u00e1ciu<\/strong> a <strong data-start=\"2414\" data-end=\"2431\">decolor\u00e1ciu<\/strong>, \u010do vedie k rovnomernej\u0161iemu, \u017eiariv\u00e9mu vzh\u013eadu.<\/p>\n<h4 class=\"\" data-start=\"2480\" data-end=\"2521\">\u2714 Opravuje a upokojuje po\u0161koden\u00fa poko\u017eku<\/h4>\n<p class=\"\" data-start=\"2522\" data-end=\"2667\">S protiz\u00e1palov\u00fdmi ingredienciami upokojuje podr\u00e1\u017edenie a za\u010dervenanie, \u010do ho rob\u00ed ide\u00e1lnym pre <strong data-start=\"2611\" data-end=\"2624\">citliv\u00fa<\/strong>, <strong data-start=\"2626\" data-end=\"2638\">reakt\u00edvnu<\/strong> alebo <strong data-start=\"2643\" data-end=\"2661\">po lie\u010dbe<\/strong> poko\u017eku.<\/p>\n<h4 class=\"\" data-start=\"2669\" data-end=\"2710\">\u2714 \u013dahk\u00e1 a nelepiv\u00e1 formula<\/h4>\n<p class=\"\" data-start=\"2711\" data-end=\"2826\">R\u00fdchlo sa vstreb\u00e1va bez upch\u00e1vania p\u00f3rov alebo zanechania zvy\u0161kov \u2013 ide\u00e1lne pre mastn\u00e9, akn\u00f3zne a kombinovan\u00e9 typy poko\u017eky.<\/p>\n<h4 class=\"\" data-start=\"2828\" data-end=\"2876\">\u2714 Chr\u00e1ni pred environment\u00e1lnymi stresormi<\/h4>\n<p class=\"\" data-start=\"2877\" data-end=\"3021\">Inf\u00faziou antioxidantov vytv\u00e1ra ochrann\u00fa bari\u00e9ru proti <strong data-start=\"2942\" data-end=\"2953\">UV l\u00fa\u010dom<\/strong>, <strong data-start=\"2955\" data-end=\"2968\">zne\u010disteniu<\/strong> a in\u00fdm vo\u013en\u00fdm radik\u00e1lom, ktor\u00e9 sp\u00f4sobuj\u00fa pred\u010dasn\u00e9 starnutie.<\/p>\n<h4 class=\"\" data-start=\"3023\" data-end=\"3055\">\u2714 Zvy\u0161uje prirodzen\u00fd lesk<\/h4>\n<p class=\"\" data-start=\"3056\" data-end=\"3183\">Dod\u00e1va esenci\u00e1lne \u017eiviny, ktor\u00e9 zlep\u0161uj\u00fa <strong data-start=\"3098\" data-end=\"3115\">obmenu buniek<\/strong> a odha\u013euj\u00fa zdrav\u0161\u00ed, svie\u017eej\u0161\u00ed a lumin\u00f3znej\u0161\u00ed vzh\u013ead poko\u017eky.<\/p>\n<h4 class=\"\" data-start=\"3185\" data-end=\"3227\">\u2714 Posil\u0148uje funkciu bari\u00e9ry poko\u017eky<\/h4>\n<p class=\"\" data-start=\"3228\" data-end=\"3351\">Posil\u0148uje <strong data-start=\"3249\" data-end=\"3274\">prirodzen\u00fa lipidov\u00fa bari\u00e9ru poko\u017eky<\/strong>, zvy\u0161uje odolnos\u0165 vo\u010di dr\u00e1\u017edidl\u00e1m, alerg\u00e9nom a environment\u00e1lnym zne\u010dis\u0165ovate\u013eom.<\/p>\n<h4 class=\"\" data-start=\"3353\" data-end=\"3393\">\u2714 Revitalizuje unaven\u00fa a nudn\u00fa poko\u017eku<\/h4>\n<p class=\"\" data-start=\"3394\" data-end=\"3509\">Obnovuje vitalitu vystresovanej a unavenej poko\u017eky, podporuje <strong data-start=\"3455\" data-end=\"3468\">osvie\u017een\u00fd<\/strong>, <strong data-start=\"3470\" data-end=\"3485\">vyh\u00fdban\u00fd<\/strong> a <strong data-start=\"3491\" data-end=\"3503\">mladistv\u00fd<\/strong> vzh\u013ead.<\/p>\n<h3 class=\"\" data-start=\"3516\" data-end=\"3569\">Ako pou\u017e\u00edva\u0165 morsk\u00fd kolag\u00e9nov\u00fd kr\u00e9m pre najlep\u0161ie v\u00fdsledky<\/h3>\n<ol data-start=\"3571\" data-end=\"3819\">\n<li class=\"\" data-start=\"3571\" data-end=\"3619\">\n<p class=\"\" data-start=\"3574\" data-end=\"3619\"><strong data-start=\"3574\" data-end=\"3585\">Vy\u010distite<\/strong> si tv\u00e1r d\u00f4kladne a osu\u0161te ju.<\/p>\n<\/li>\n<li class=\"\" data-start=\"3620\" data-end=\"3683\">\n<p class=\"\" data-start=\"3623\" data-end=\"3683\"><strong data-start=\"3623\" data-end=\"3647\">Aplikujte mal\u00e9 mno\u017estvo<\/strong> kr\u00e9mu na tv\u00e1r a krk.<\/p>\n<\/li>\n<li class=\"\" data-start=\"3684\" data-end=\"3747\">\n<p class=\"\" data-start=\"3687\" data-end=\"3747\"><strong data-start=\"3687\" data-end=\"3725\">Jemne mas\u00edrujte kruhov\u00fdmi pohybmi<\/strong>, k\u00fdm sa plne nevstreb\u00e1.<\/p>\n<\/li>\n<li class=\"\" data-start=\"3748\" data-end=\"3819\">\n<p class=\"\" data-start=\"3751\" data-end=\"3819\">Pou\u017e\u00edvajte <strong data-start=\"3755\" data-end=\"3770\">dvakr\u00e1t denne<\/strong> \u2013 r\u00e1no a ve\u010der \u2013 pre maxim\u00e1lne v\u00fdhody.<\/p>\n<\/li>\n<\/ol>\n<p class=\"\" data-start=\"3821\" data-end=\"3917\">Pre lep\u0161ie v\u00fdsledky ho kombinujte s s\u00e9rom alebo esenciou s morsk\u00fdm kolag\u00e9nom pred aplik\u00e1ciou kr\u00e9mu.<\/p>\n<h3 class=\"\" data-start=\"3924\" data-end=\"3965\">Kto by mal pou\u017e\u00edva\u0165 morsk\u00fd kolag\u00e9nov\u00fd kr\u00e9m?<\/h3>\n<p class=\"\" data-start=\"3967\" data-end=\"4039\">T\u00e1to v\u0161estrann\u00e1 formula je navrhnut\u00e1 pre \u0161irok\u00fa \u0161k\u00e1lu pou\u017e\u00edvate\u013eov, vr\u00e1tane:<\/p>\n<ul data-start=\"4041\" data-end=\"4369\">\n<li class=\"\" data-start=\"4041\" data-end=\"4092\">\n<p class=\"\" data-start=\"4043\" data-end=\"4092\">Jedinci za\u017e\u00edvaj\u00faci <strong data-start=\"4068\" data-end=\"4092\">po\u010diato\u010dn\u00e9 zn\u00e1mky starnutia<\/strong><\/p>\n<\/li>\n<li class=\"\" data-start=\"4093\" data-end=\"4144\">\n<p class=\"\" data-start=\"4095\" data-end=\"4144\">\u013dudia s <strong data-start=\"4107\" data-end=\"4144\">dehydratovanou, nudnou alebo ochabnutou poko\u017ekou<\/strong><\/p>\n<\/li>\n<li class=\"\" data-start=\"4145\" data-end=\"4207\">\n<p class=\"\" data-start=\"4147\" data-end=\"4207\">T\u00ed, ktor\u00ed s\u00fa pravidelne vystaven\u00ed <strong data-start=\"4174\" data-end=\"4207\">mestsk\u00e9mu zne\u010disteniu alebo po\u0161kodeniu slnkom<\/strong><\/p>\n<\/li>\n<li class=\"\" data-start=\"4208\" data-end=\"4284\">\n<p class=\"\" data-start=\"4210\" data-end=\"4284\">Ktoko\u013evek h\u013eadaj\u00faci <strong data-start=\"4231\" data-end=\"4256\">prirodzen\u00fd a efekt\u00edvny<\/strong> anti-aging produkt pre starostlivos\u0165 o ple\u0165<\/p>\n<\/li>\n<li class=\"\" data-start=\"4285\" data-end=\"4369\">\n<p class=\"\" data-start=\"4287\" data-end=\"4369\">\u013dudia h\u013eadaj\u00faci <strong data-start=\"4304\" data-end=\"4320\">bez parabenov<\/strong>, <strong data-start=\"4322\" data-end=\"4335\">netoxick\u00fd<\/strong> a <strong data-start=\"4341\" data-end=\"4357\">ekologicky \u0161etrn\u00fd<\/strong> hydrata\u010dn\u00fd kr\u00e9m<\/p>\n<\/li>\n<\/ul>\n<h3 class=\"\" data-start=\"4376\" data-end=\"4398\">V\u00fdhody produktu<\/h3>\n<ul data-start=\"4400\" data-end=\"4642\">\n<li class=\"\" data-start=\"4400\" data-end=\"4422\">\n<p class=\"\" data-start=\"4402\" data-end=\"4422\"><strong data-start=\"4402\" data-end=\"4414\">Vyroben\u00e9 v:<\/strong> Egypt<\/p>\n<\/li>\n<li class=\"\" data-start=\"4423\" data-end=\"4494\">\n<p class=\"\" data-start=\"4425\" data-end=\"4494\"><strong data-start=\"4425\" data-end=\"4441\">Formul\u00e1cia:<\/strong> 100% Pr\u00edrodn\u00e1 | Na b\u00e1ze mora | Testovan\u00e1 dermatol\u00f3gmi<\/p>\n<\/li>\n<li class=\"\" data-start=\"4495\" data-end=\"4541\">\n<p class=\"\" data-start=\"4497\" data-end=\"4541\"><strong data-start=\"4497\" data-end=\"4511\">Typ poko\u017eky:<\/strong> Vhodn\u00e9 pre v\u0161etky typy poko\u017eky<\/p>\n<\/li>\n<li class=\"\" data-start=\"4542\" data-end=\"4590\">\n<p class=\"\" data-start=\"4544\" data-end=\"4590\"><strong data-start=\"4544\" data-end=\"4556\">Text\u00fara:<\/strong> \u013dahk\u00e1, kr\u00e9mov\u00e1, nelepkav\u00e1<\/p>\n<\/li>\n<li class=\"\" data-start=\"4591\" data-end=\"4642\">\n<p class=\"\" data-start=\"4593\" data-end=\"4642\"><strong data-start=\"4593\" data-end=\"4608\">Trvanlivos\u0165:<\/strong> 24 mesiacov od d\u00e1tumu v\u00fdroby<\/p>\n<\/li>\n<\/ul>\n<h3 class=\"\" data-start=\"4899\" data-end=\"4936\">Odha\u013ete prirodzen\u00fa kr\u00e1su va\u0161ej poko\u017eky<\/h3>\n<p class=\"\" data-start=\"4938\" data-end=\"5143\">Neuspokojte sa s priemernou starostlivos\u0165ou o ple\u0165 \u2013 vyberte si formulu podporen\u00fa pr\u00edrodou a zdokonalen\u00fa vedou. <strong data-start=\"5030\" data-end=\"5055\">Morsk\u00fd kolag\u00e9nov\u00fd kr\u00e9m<\/strong> pom\u00e1ha odhali\u0165 \u017eiarivej\u0161iu, hlad\u0161iu a mladistvej\u0161iu poko\u017eku pri ka\u017edej aplik\u00e1cii.<\/p>\n<p class=\"\" data-start=\"5145\" data-end=\"5273\">\u2705 Formula odpor\u00fa\u010dan\u00e1 dermatol\u00f3gmi<br data-start=\"5180\" data-end=\"5183\" \/>\u2705 Netoxick\u00e1, bez krutosti a bez parabenov<br data-start=\"5226\" data-end=\"5229\" \/>\u2705 Vidite\u013en\u00e9 zlep\u0161enia u\u017e za p\u00e1r t\u00fd\u017ed\u0148ov<\/p>\n<h3 class=\"\" data-start=\"5280\" data-end=\"5325\">Objednajte si teraz a transformujte svoju poko\u017eku prirodzene<\/h3>\n<p class=\"\" data-start=\"5327\" data-end=\"5509\"> Rozl\u00fa\u010dte sa s nudnou, unavenou poko\u017ekou. Z\u00edskajte sp\u00e4\u0165 svoj prirodzen\u00fd lesk s <strong data-start=\"5394\" data-end=\"5419\">morsk\u00fdm kolag\u00e9nov\u00fdm kr\u00e9mom<\/strong> dnes!<br data-start=\"5426\" data-end=\"5429\" \/> Vychutnajte si <strong data-start=\"5438\" data-end=\"5467\">Bezplatn\u00fa dopravu v Hurghade<\/strong> a <strong data-start=\"5472\" data-end=\"5494\">Doru\u010denie po celom svete<\/strong> na v\u0161etky objedn\u00e1vky.<\/p>\n<p>&nbsp;<\/p>\n<p style=\"text-align: center;\">\u010eakujeme za n\u00e1kup v <em data-start=\"415\" data-end=\"431\"><a href=\"https:\/\/bazaar.express\/sk\/\">Bazaar Express<\/a><\/em> \u2013 te\u0161\u00edme sa na v\u00e1s!<\/p>\n<p style=\"text-align: center;\">Va\u0161a cesta k lep\u0161ej starostlivosti o seba za\u010d\u00edna tu \u2013 s <a href=\"https:\/\/bazaar.express\/product-category\/beauty-care\/\">Beauty &#038; Care<\/a>, na ktor\u00fa sa m\u00f4\u017eete spo\u013eahn\u00fa\u0165.<\/p>\n","protected":false},"excerpt":{"rendered":"<h3 data-start=\"498\" data-end=\"717\">Morsk\u00fd kolag\u00e9nov\u00fd kr\u00e9m je r\u00fdchlo sa vstrebate\u013en\u00fd, nelepkav\u00fd hydrata\u010dn\u00fd kr\u00e9m vyroben\u00fd s morsk\u00fdm kolag\u00e9nom na spevnenie, hydrat\u00e1ciu a rozjasnenie va\u0161ej poko\u017eky. Ide\u00e1lny pre v\u0161etky typy poko\u017eky, redukuje vr\u00e1sky a o\u017eivuje nudn\u00fa, unaven\u00fa poko\u017eku prirodzene.<\/h3>\n","protected":false},"featured_media":43941,"comment_status":"open","ping_status":"closed","template":"","meta":[],"product_brand":[],"product_cat":[1160,1161],"product_tag":[],"class_list":{"0":"post-43937","1":"product","2":"type-product","3":"status-publish","4":"has-post-thumbnail","6":"product_cat-starostlivost-o-krasu","7":"product_cat-terapeuticke-oleje","8":"pa_l-xl-120ml","10":"first","11":"instock","12":"sale","13":"shipping-taxable","14":"purchasable","15":"product-type-simple"},"_links":{"self":[{"href":"https:\/\/bazaar.express\/sk\/wp-json\/wp\/v2\/product\/43937","targetHints":{"allow":["GET"]}}],"collection":[{"href":"https:\/\/bazaar.express\/sk\/wp-json\/wp\/v2\/product"}],"about":[{"href":"https:\/\/bazaar.express\/sk\/wp-json\/wp\/v2\/types\/product"}],"replies":[{"embeddable":true,"href":"https:\/\/bazaar.express\/sk\/wp-json\/wp\/v2\/comments?post=43937"}],"wp:featuredmedia":[{"embeddable":true,"href":"https:\/\/bazaar.express\/sk\/wp-json\/wp\/v2\/media\/43941"}],"wp:attachment":[{"href":"https:\/\/bazaar.express\/sk\/wp-json\/wp\/v2\/media?parent=43937"}],"wp:term":[{"taxonomy":"product_brand","embeddable":true,"href":"https:\/\/bazaar.express\/sk\/wp-json\/wp\/v2\/product_brand?post=43937"},{"taxonomy":"product_cat","embeddable":true,"href":"https:\/\/bazaar.express\/sk\/wp-json\/wp\/v2\/product_cat?post=43937"},{"taxonomy":"product_tag","embeddable":true,"href":"https:\/\/bazaar.express\/sk\/wp-json\/wp\/v2\/product_tag?post=43937"}],"curies":[{"name":"wp","href":"https:\/\/api.w.org\/{rel}","templated":true}]}}