{"id":43970,"date":"2025-02-23T16:40:31","date_gmt":"2025-02-23T16:40:31","guid":{"rendered":"https:\/\/bazaar.express\/product\/camel-milk-cream-2\/"},"modified":"2026-02-20T12:52:11","modified_gmt":"2026-02-20T12:52:11","slug":"camel-milk-cream-2","status":"publish","type":"product","link":"https:\/\/bazaar.express\/sk\/produkt\/camel-milk-cream-2\/","title":{"rendered":"Kr\u00e9em z \u0165avej mlieka"},"content":{"rendered":"<h2 data-start=\"249\" data-end=\"330\">Kr\u00e9em z \u0165avej mlieka \u2013 Najlep\u0161\u00ed pr\u00edrodn\u00fd hydrata\u010dn\u00fd prostriedok pre \u017eiariv\u00fa, mladistv\u00fa poko\u017eku<\/h2>\n<h3 data-start=\"332\" data-end=\"394\">Objavte starovek\u00fd bl\u00edzko-v\u00fdchodn\u00fd tajomstvo pre \u017eiariv\u00fa poko\u017eku<\/h3>\n<p data-start=\"396\" data-end=\"746\">Prebu\u010fte silu pr\u00edrody s na\u0161\u00edm 100% \u010dist\u00fdm kr\u00e9mom z \u0165avej mlieka \u2013 luxusn\u00fdm hydrata\u010dn\u00fdm prostriedkom vyroben\u00fdm v Egypte z prav\u00e9ho \u0165avieho mlieka, ktor\u00e9 je po st\u00e1ro\u010dia zn\u00e1me svojimi regenera\u010dn\u00fdmi vlastnos\u0165ami pre poko\u017eku. Bohat\u00fd na esenci\u00e1lne vitam\u00edny, prote\u00edny a pr\u00edrodn\u00e9 \u017eiviny, tento kr\u00e9m je navrhnut\u00fd na hlbok\u00fa hydrat\u00e1ciu, redukciu znakov starnutia a obnovenie prirodzen\u00e9ho lesku poko\u017eky.<\/p>\n<p data-start=\"748\" data-end=\"975\">Pou\u017e\u00edvan\u00fd p\u00fa\u0161tni\u010dmi nom\u00e1dmi a odovzd\u00e1van\u00fd z gener\u00e1cie na gener\u00e1ciu, \u0165avie mlieko je overen\u00e9 rie\u0161enie starostlivosti o ple\u0165, teraz dostupn\u00e9 v jemnej, bezchemickej formule ide\u00e1lnej pre v\u0161etky typy pleti, vr\u00e1tane citlivej, suchej alebo akn\u00f3znej pleti.<\/p>\n<h3 data-start=\"982\" data-end=\"1018\">Pre\u010do si vybra\u0165 n\u00e1\u0161 kr\u00e9m z \u0165avej mlieka?<\/h3>\n<h4 data-start=\"1020\" data-end=\"1060\">\u2714 Intenz\u00edvna hydrat\u00e1cia a oprava poko\u017eky<\/h4>\n<p data-start=\"1061\" data-end=\"1262\">\u0164avie mlieko je prirodzene bohat\u00e9 na kyselinu mlie\u010dnu, esenci\u00e1lne mastn\u00e9 kyseliny a prote\u00edny, ktor\u00e9 hlboko zvlh\u010duj\u00fa poko\u017eku, podporuj\u00fa regener\u00e1ciu buniek a zlep\u0161uj\u00fa ko\u017en\u00fa bari\u00e9ru. Ide\u00e1lne pre such\u00fa alebo po\u0161koden\u00fa poko\u017eku.<\/p>\n<h4 data-start=\"1264\" data-end=\"1301\">\u2714 Siln\u00e9 anti-aging benefity<\/h4>\n<p data-start=\"1302\" data-end=\"1484\">Obohaten\u00fd o vitam\u00edny A, B1, B2, B12 a C, tento kr\u00e9m stimuluje tvorbu kolag\u00e9nu, zni\u017euje vzh\u013ead vr\u00e1sok a jemn\u00fdch liniek a zlep\u0161uje pevnos\u0165 a elasticitu poko\u017eky.<\/p>\n<h4 data-start=\"1486\" data-end=\"1525\">\u2714 Jasnej\u0161\u00ed a rovnomern\u00fd t\u00f3n poko\u017eky<\/h4>\n<p data-start=\"1526\" data-end=\"1708\">Pr\u00edrodn\u00e9 enz\u00fdmy a antioxidanty ako karotenoidy pom\u00e1haj\u00fa jemne odlupova\u0165 odumret\u00e9 bunky poko\u017eky, rozjas\u0148uj\u00fa pigment\u00e1ciu, vybledzuj\u00fa tmav\u00e9 \u0161kvrny a jazvy po akn\u00e9 a podporuj\u00fa lumin\u00f3znej\u0161\u00ed vzh\u013ead.<\/p>\n<h4 data-start=\"1710\" data-end=\"1751\">\u2714 Uklud\u0148uje citliv\u00fa a podr\u00e1\u017eden\u00fa poko\u017eku<\/h4>\n<p data-start=\"1752\" data-end=\"1910\">S jeho prirodzen\u00fdmi antibakteri\u00e1lnymi a protiz\u00e1palov\u00fdmi vlastnos\u0165ami kr\u00e9m z \u0165avej mlieka upokojuje za\u010dervenanie, sp\u00e1lenie od slnka a z\u00e1chvaty ekz\u00e9mu, psori\u00e1zy a ru\u017eovky.<\/p>\n<h4 data-start=\"1912\" data-end=\"1956\">\u2714 \u013dahk\u00e1, r\u00fdchlo sa vstreb\u00e1vaj\u00faca formula<\/h4>\n<p data-start=\"1957\" data-end=\"2116\">Na rozdiel od \u0165a\u017ek\u00fdch hydrata\u010dn\u00fdch prostriedkov sa tento kr\u00e9m \u013eahko nan\u00e1\u0161a a r\u00fdchlo vstreb\u00e1va bez upch\u00e1vania p\u00f3rov, \u010do ho rob\u00ed ide\u00e1lnym na denn\u00e9 pou\u017eitie pod make-upom alebo slne\u010dnou ochranou.<\/p>\n<h4 data-start=\"2118\" data-end=\"2159\">\u2714 \u010cist\u00fd, pr\u00edrodn\u00fd a bez ch\u00e9mie<\/h4>\n<p data-start=\"2160\" data-end=\"2317\">Bez parabenov, sulf\u00e1tov, syntetick\u00fdch v\u00f4n\u00ed a drsn\u00fdch pr\u00edsad je tento kr\u00e9m jemn\u00fd k poko\u017eke a ide\u00e1lny pre t\u00fdch, ktor\u00ed h\u013eadaj\u00fa \u010dist\u00fa beauty rutinu.<\/p>\n<h3 data-start=\"2324\" data-end=\"2355\">Ako pou\u017e\u00edva\u0165 pre najlep\u0161ie v\u00fdsledky<\/h3>\n<ol data-start=\"2357\" data-end=\"2620\">\n<li data-start=\"2357\" data-end=\"2450\">\n<p data-start=\"2360\" data-end=\"2450\"><strong data-start=\"2360\" data-end=\"2381\">Vy\u010distite poko\u017eku<\/strong> \u2013 Jemne umyte tv\u00e1r alebo telo miernym \u010distiacim prostriedkom, ktor\u00fd neodstra\u0148uje prirodzen\u00e9 oleje.<\/p>\n<\/li>\n<li data-start=\"2451\" data-end=\"2536\">\n<p data-start=\"2454\" data-end=\"2536\"><strong data-start=\"2454\" data-end=\"2473\">Naneste kr\u00e9m<\/strong> \u2013 Vmas\u00edrujte mal\u00e9 mno\u017estvo do poko\u017eky kr\u00fa\u017eiv\u00fdmi pohybmi.<\/p>\n<\/li>\n<li data-start=\"2537\" data-end=\"2620\">\n<p data-start=\"2540\" data-end=\"2620\"><strong data-start=\"2540\" data-end=\"2559\">Pou\u017e\u00edvajte dvakr\u00e1t denne<\/strong> \u2013 Pre najlep\u0161ie v\u00fdsledky aplikujte r\u00e1no a pred span\u00edm.<\/p>\n<\/li>\n<\/ol>\n<p data-start=\"2622\" data-end=\"2709\"><em data-start=\"2622\" data-end=\"2628\">Tip:<\/em> Pre vylep\u0161en\u00e9 v\u00fdsledky kombinujte s hydrata\u010dn\u00fdm tonerom alebo s\u00e9rom pred aplik\u00e1ciou.<\/p>\n<h3 data-start=\"2716\" data-end=\"2752\">Kto by mal pou\u017e\u00edva\u0165 kr\u00e9m z \u0165avej mlieka?<\/h3>\n<ul data-start=\"2754\" data-end=\"3108\">\n<li data-start=\"2754\" data-end=\"2820\">\n<p data-start=\"2756\" data-end=\"2820\"><strong data-start=\"2756\" data-end=\"2777\">Such\u00e1 alebo \u0161upinat\u00e1 poko\u017eka<\/strong> \u2013 Hlboko vy\u017eivuje a hydratuje cel\u00fd de\u0148.<\/p>\n<\/li>\n<li data-start=\"2821\" data-end=\"2901\">\n<p data-start=\"2823\" data-end=\"2901\"><strong data-start=\"2823\" data-end=\"2854\">Citliv\u00e1 alebo podr\u00e1\u017eden\u00e1 poko\u017eka<\/strong> \u2013 Uklud\u0148uje z\u00e1pal a zni\u017euje nepohodlie.<\/p>\n<\/li>\n<li data-start=\"2902\" data-end=\"2963\">\n<p data-start=\"2904\" data-end=\"2963\"><strong data-start=\"2904\" data-end=\"2918\">Starn\u00faca poko\u017eka<\/strong> \u2013 Zm\u00e4k\u010duje vr\u00e1sky a spev\u0148uje ochabuj\u00facu poko\u017eku.<\/p>\n<\/li>\n<li data-start=\"2964\" data-end=\"3035\">\n<p data-start=\"2966\" data-end=\"3035\"><strong data-start=\"2966\" data-end=\"2986\">Nerovnomern\u00fd t\u00f3n poko\u017eky<\/strong> \u2013 Rozjas\u0148uje nudn\u00fa poko\u017eku a vybledzuje sfarbenie.<\/p>\n<\/li>\n<li data-start=\"3036\" data-end=\"3108\">\n<p data-start=\"3038\" data-end=\"3108\"><strong data-start=\"3038\" data-end=\"3057\">Akn\u00f3zna poko\u017eka<\/strong> \u2013 Nekomedog\u00e9nna formula, ktor\u00e1 vyva\u017euje a lie\u010di.<\/p>\n<\/li>\n<\/ul>\n<h3 data-start=\"3115\" data-end=\"3175\">Vyroben\u00e9 v Egypte \u2013 Zakorenen\u00e9 v trad\u00edcii, podlo\u017een\u00e9 vedou<\/h3>\n<p data-start=\"3177\" data-end=\"3364\">N\u00e1\u0161 kr\u00e9m z \u0165avej mlieka je hrd\u00fd na v\u00fdrobu v Egypte s pou\u017eit\u00edm studen\u00fdm lisovan\u00e9ho, \u017eivinami bohat\u00e9ho \u0165avieho mlieka. Ka\u017ed\u00e1 125 ml n\u00e1doba je balen\u00e1 v ochrann\u00fa tmav\u00fa sklenen\u00fa f\u013ea\u0161u na zachovanie svie\u017eosti a \u00fa\u010dinnosti.<\/p>\n<p data-start=\"3366\" data-end=\"3557\">Certifikovan\u00fd pod\u013ea \u0161tandardov kvality ISO, tento pr\u00e9miov\u00fd kr\u00e9m sp\u00e1ja tradi\u010dn\u00fa m\u00fadros\u0165 starostlivosti o ple\u0165 s modern\u00fdmi technikami formul\u00e1cie, aby pon\u00fakol luxusn\u00fd, efekt\u00edvny produkt pre milovn\u00edkov pr\u00edrodnej kr\u00e1sy.<\/p>\n<p data-start=\"3788\" data-end=\"3917\"><strong data-start=\"3788\" data-end=\"3849\">Transformujte svoju poko\u017eku s lie\u010divou silou \u0165avieho mlieka.<\/strong><br data-start=\"3849\" data-end=\"3852\" \/>Objednajte si teraz a objime hladk\u00fa, \u017eiariv\u00fa, mladistv\u00fa poko\u017eku \u2013 prirodzene!<\/p>\n<p style=\"text-align: center;\">\u010eakujeme za n\u00e1kup v <em data-start=\"415\" data-end=\"431\"><a href=\"https:\/\/bazaar.express\/sk\/\">Bazaar Express<\/a><\/em> \u2013 te\u0161\u00edme sa na v\u00e1s!<\/p>\n<p style=\"text-align: center;\">Va\u0161a cesta k lep\u0161ej starostlivosti o seba za\u010d\u00edna tu \u2013 s <a href=\"https:\/\/bazaar.express\/product-category\/beauty-care\/\">Beauty &#038; Care<\/a>, na ktor\u00fa sa m\u00f4\u017eete spo\u013eahn\u00fa\u0165.<\/p>\n","protected":false},"excerpt":{"rendered":"<h3 data-start=\"410\" data-end=\"621\">Za\u017eite hlbok\u00fa hydrat\u00e1ciu a mladistv\u00fd lesk s na\u0161\u00edm 125 ml kr\u00e9mom z \u0165avej mlieka. Naplnen\u00fd vitam\u00ednmi a antioxidantmi na zm\u00e4k\u010denie, upokojenie a rozjasnenie v\u0161etk\u00fdch typov pleti.<\/h3>\n","protected":false},"featured_media":43973,"comment_status":"open","ping_status":"closed","template":"","meta":[],"product_brand":[],"product_cat":[1160,1167],"product_tag":[1652,1653,1655,1654],"class_list":{"0":"post-43970","1":"product","2":"type-product","3":"status-publish","4":"has-post-thumbnail","6":"product_cat-starostlivost-o-krasu","7":"product_cat-najlepsie-z-egypta","8":"product_tag-olej","9":"product_tag-prirodny-olej","10":"product_tag-starostlivost-o-krasu","11":"product_tag-starostlivost-o-plet","12":"pa_l-xl-125ml","14":"first","15":"instock","16":"shipping-taxable","17":"purchasable","18":"product-type-simple"},"_links":{"self":[{"href":"https:\/\/bazaar.express\/sk\/wp-json\/wp\/v2\/product\/43970","targetHints":{"allow":["GET"]}}],"collection":[{"href":"https:\/\/bazaar.express\/sk\/wp-json\/wp\/v2\/product"}],"about":[{"href":"https:\/\/bazaar.express\/sk\/wp-json\/wp\/v2\/types\/product"}],"replies":[{"embeddable":true,"href":"https:\/\/bazaar.express\/sk\/wp-json\/wp\/v2\/comments?post=43970"}],"wp:featuredmedia":[{"embeddable":true,"href":"https:\/\/bazaar.express\/sk\/wp-json\/wp\/v2\/media\/43973"}],"wp:attachment":[{"href":"https:\/\/bazaar.express\/sk\/wp-json\/wp\/v2\/media?parent=43970"}],"wp:term":[{"taxonomy":"product_brand","embeddable":true,"href":"https:\/\/bazaar.express\/sk\/wp-json\/wp\/v2\/product_brand?post=43970"},{"taxonomy":"product_cat","embeddable":true,"href":"https:\/\/bazaar.express\/sk\/wp-json\/wp\/v2\/product_cat?post=43970"},{"taxonomy":"product_tag","embeddable":true,"href":"https:\/\/bazaar.express\/sk\/wp-json\/wp\/v2\/product_tag?post=43970"}],"curies":[{"name":"wp","href":"https:\/\/api.w.org\/{rel}","templated":true}]}}