{"id":44011,"date":"2025-02-17T00:06:52","date_gmt":"2025-02-17T00:06:52","guid":{"rendered":"https:\/\/bazaar.express\/product\/hibiscus-tea\/"},"modified":"2026-02-20T12:52:18","modified_gmt":"2026-02-20T12:52:18","slug":"hibiscus-tea","status":"publish","type":"product","link":"https:\/\/bazaar.express\/sk\/produkt\/hibiscus-tea\/","title":{"rendered":"\u010caj z ibi\u0161teka"},"content":{"rendered":"<h2 data-start=\"280\" data-end=\"351\">\u010caj z ibi\u0161teka \u2013 Osvie\u017euj\u00faci bylinn\u00fd n\u00e1poj pln\u00fd zdravotn\u00fdch benefitov<\/h2>\n<h3 data-start=\"353\" data-end=\"378\">\u010co je \u010daj z ibi\u0161teka?<\/h3>\n<p data-start=\"380\" data-end=\"821\">\u010caj z ibi\u0161teka je prirodzene bezkofe\u00ednov\u00fd bylinn\u00fd n\u00e1lev pripraven\u00fd z su\u0161en\u00fdch okv\u011btn\u00fdch listov (\u010de\u0161n\u00ed) kvetu ibi\u0161teka (<em data-start=\"498\" data-end=\"519\">Hibiscus sabdariffa<\/em>). Je zn\u00e1my svojou \u017eiarivo rub\u00ednovo-\u010dervenou farbou a kyslastou, brusnicovou pr\u00edchu\u0165ou, tento \u010daj je osvie\u017euj\u00faci a bohat\u00fd na prospe\u0161n\u00e9 vlastnosti pre zdravie. \u010ci sa pod\u00e1va hor\u00faci alebo \u013eadov\u00fd, \u010daj z ibi\u0161teka sa na celom svete oce\u0148uje pre svoju schopnos\u0165 podporova\u0165 zdravie srdca, pom\u00e1ha\u0165 tr\u00e1veniu a poskytova\u0165 siln\u00fd antioxida\u010dn\u00fd efekt.<\/p>\n<h3 data-start=\"823\" data-end=\"867\">Siln\u00e9 zdravotn\u00e9 benefity \u010daju z ibi\u0161teka<\/h3>\n<h4 data-start=\"869\" data-end=\"920\">Podporuje zdravie srdca a reguluje krvn\u00fd tlak<\/h4>\n<p data-start=\"921\" data-end=\"1200\">Pravideln\u00e1 konzum\u00e1cia \u010daju z ibi\u0161teka m\u00f4\u017ee pom\u00f4c\u0165 zn\u00ed\u017ei\u0165 vysok\u00fd krvn\u00fd tlak a zn\u00ed\u017ei\u0165 hladiny LDL (zl\u00e9ho) cholesterolu. Klinick\u00e9 \u0161t\u00fadie uk\u00e1zali, \u017ee ibi\u0161tek dok\u00e1\u017ee uvo\u013eni\u0165 cievy a zlep\u0161i\u0165 cirkul\u00e1ciu \u2013 \u010do ho rob\u00ed vynikaj\u00facim pr\u00edrodn\u00fdm prostriedkom na udr\u017eanie kardiovaskul\u00e1rneho zdravia.<\/p>\n<h4 data-start=\"1202\" data-end=\"1233\">Pln\u00fd antioxidantov<\/h4>\n<p data-start=\"1234\" data-end=\"1531\">Okv\u011btn\u00e9 listy ibi\u0161teka s\u00fa nabit\u00e9 antioxidantmi ako vitam\u00edn C, polyfenoly a antoky\u00e1ny. Tieto zl\u00fa\u010deniny neutralizuj\u00fa \u0161kodliv\u00e9 vo\u013en\u00e9 radik\u00e1ly v tele, zni\u017euj\u00fa z\u00e1pal a posil\u0148uj\u00fa imunitn\u00fd syst\u00e9m. To rob\u00ed z \u010daju z ibi\u0161teka siln\u00fa denn\u00fa obranu proti oxida\u010dn\u00e9mu stresu a pred\u010dasn\u00e9mu starnutiu.<\/p>\n<h4 data-start=\"1533\" data-end=\"1582\">Podporuje tr\u00e1venie a detoxik\u00e1ciu<\/h4>\n<p data-start=\"1583\" data-end=\"1848\">\u010caj z ibi\u0161teka p\u00f4sob\u00ed ako pr\u00edrodn\u00fd diuretikum, ktor\u00e9 pom\u00e1ha odstra\u0148ova\u0165 prebyto\u010dn\u00e9 tekutiny a tox\u00edny z tela. Zlep\u0161uje tr\u00e1venie, zmier\u0148uje nad\u00favanie a podporuje funkciu obli\u010diek a pe\u010dene. Je to skvel\u00e1 vo\u013eba pre t\u00fdch, ktor\u00ed h\u013eadaj\u00fa jemn\u00fa o\u010distu alebo podporu detoxik\u00e1cie.<\/p>\n<h4 data-start=\"1850\" data-end=\"1882\">Pom\u00e1ha pri riaden\u00ed hmotnosti<\/h4>\n<p data-start=\"1883\" data-end=\"2158\">Niektor\u00e9 v\u00fdskumy nazna\u010duj\u00fa, \u017ee \u010daj z ibi\u0161teka m\u00f4\u017ee pom\u00f4c\u0165 zn\u00ed\u017ei\u0165 telesn\u00fd tuk, zlep\u0161i\u0165 metabolizmus a obmedzi\u0165 absorpciu sacharidov. Ako n\u00e1poj s nulovou kalorickou hodnotou je to inteligentn\u00e1 a chutn\u00e1 alternat\u00edva k sladk\u00fdm n\u00e1pojom a je vhodn\u00fd pre keto, n\u00edzkosacharidov\u00e9 alebo intervalov\u00e9 p\u00f4stne di\u00e9ty.<\/p>\n<h4 data-start=\"2160\" data-end=\"2199\">Hydratuje a prirodzene osvie\u017euje<\/h4>\n<p data-start=\"2200\" data-end=\"2401\">\u010ci hor\u00faci alebo studen\u00fd, \u010daj z ibi\u0161teka pom\u00e1ha udr\u017eiava\u0165 hydrat\u00e1ciu, pri\u010dom dod\u00e1va chu\u0165 a \u017eiviny. Je to uspokojuj\u00faca n\u00e1hrada za s\u00f3du, d\u017e\u00fasy alebo umelo ochuten\u00e9 n\u00e1poje, najm\u00e4 v hor\u00facich d\u0148och.<\/p>\n<h3 data-start=\"2408\" data-end=\"2436\">Ako pripravi\u0165 \u010daj z ibi\u0161teka<\/h3>\n<h4 data-start=\"2438\" data-end=\"2459\">Hor\u00faci \u010daj z ibi\u0161teka<\/h4>\n<ul data-start=\"2460\" data-end=\"2654\">\n<li data-start=\"2460\" data-end=\"2515\">\n<p data-start=\"2462\" data-end=\"2515\">Pridajte <strong data-start=\"2466\" data-end=\"2505\">1 \u010dajov\u00fa ly\u017ei\u010dku su\u0161en\u00fdch okv\u011btn\u00fdch listov ibi\u0161teka<\/strong> do \u0161\u00e1lky.<\/p>\n<\/li>\n<li data-start=\"2516\" data-end=\"2554\">\n<p data-start=\"2518\" data-end=\"2554\">Nalievajte <strong data-start=\"2526\" data-end=\"2553\">hor\u00facu (nie vriacu) vodu<\/strong>.<\/p>\n<\/li>\n<li data-start=\"2555\" data-end=\"2588\">\n<p data-start=\"2557\" data-end=\"2588\">Nechajte l\u00fahova\u0165 <strong data-start=\"2571\" data-end=\"2587\">5\u201310 min\u00fat<\/strong>.<\/p>\n<\/li>\n<li data-start=\"2589\" data-end=\"2654\">\n<p data-start=\"2591\" data-end=\"2654\">Prece\u010fte, osla\u010fte <strong data-start=\"2612\" data-end=\"2631\">medom alebo st\u00e9viou<\/strong>, ak chcete, a vychutnajte si.<\/p>\n<\/li>\n<\/ul>\n<h4 data-start=\"2656\" data-end=\"2678\">\u013dadov\u00fd \u010daj z ibi\u0161teka<\/h4>\n<ul data-start=\"2679\" data-end=\"2854\">\n<li data-start=\"2679\" data-end=\"2740\">\n<p data-start=\"2681\" data-end=\"2740\">Namo\u010dte su\u0161en\u00e9 okv\u011btn\u00e9 listy ibi\u0161teka do <strong data-start=\"2711\" data-end=\"2725\">studen\u00e9 vody<\/strong> na 4\u20136 hod\u00edn.<\/p>\n<\/li>\n<li data-start=\"2741\" data-end=\"2786\">\n<p data-start=\"2743\" data-end=\"2786\">Prece\u010fte, pridajte <strong data-start=\"2755\" data-end=\"2762\">\u013ead<\/strong> a sladidlo pod\u013ea chuti.<\/p>\n<\/li>\n<li data-start=\"2787\" data-end=\"2854\">\n<p data-start=\"2789\" data-end=\"2854\">Pod\u00e1vajte vychladen\u00fd s <strong data-start=\"2810\" data-end=\"2836\">pl\u00e1tkom citr\u00f3na alebo m\u00e4ty<\/strong> pre extra chu\u0165.<\/p>\n<\/li>\n<\/ul>\n<h3 data-start=\"2861\" data-end=\"2893\">Kto by mal vysk\u00fa\u0161a\u0165 \u010daj z ibi\u0161teka?<\/h3>\n<p data-start=\"2895\" data-end=\"2921\">\u010caj z ibi\u0161teka je ide\u00e1lny pre:<\/p>\n<ul data-start=\"2922\" data-end=\"3260\">\n<li data-start=\"2922\" data-end=\"3011\">\n<p data-start=\"2924\" data-end=\"3011\"><strong data-start=\"2924\" data-end=\"2964\">Jedincov s vysok\u00fdm krvn\u00fdm tlakom<\/strong> \u2013 Podporuje zdrav\u00fa kardiovaskul\u00e1rnu funkciu.<\/p>\n<\/li>\n<li data-start=\"3012\" data-end=\"3097\">\n<p data-start=\"3014\" data-end=\"3097\"><strong data-start=\"3014\" data-end=\"3045\">T\u00fdch, ktor\u00ed riadia svoju hmotnos\u0165<\/strong> \u2013 Bezkalorick\u00fd n\u00e1poj, ktor\u00fd m\u00f4\u017ee zlep\u0161i\u0165 metabolizmus.<\/p>\n<\/li>\n<li data-start=\"3098\" data-end=\"3182\">\n<p data-start=\"3100\" data-end=\"3182\"><strong data-start=\"3100\" data-end=\"3133\">\u013dud\u00ed z\u00e1ujemcov o detoxik\u00e1ciu<\/strong> \u2013 Prirodzene podporuje \u010distenie obli\u010diek a pe\u010dene.<\/p>\n<\/li>\n<li data-start=\"3183\" data-end=\"3260\">\n<p data-start=\"3185\" data-end=\"3260\"><strong data-start=\"3185\" data-end=\"3199\">Milovn\u00edkov \u010daju<\/strong> \u2013 Pon\u00faka kysl\u00fa, osvie\u017euj\u00facu alternat\u00edvu k tradi\u010dn\u00fdm \u010dajom.<\/p>\n<\/li>\n<\/ul>\n<blockquote data-start=\"3262\" data-end=\"3415\">\n<p data-start=\"3264\" data-end=\"3415\"><strong data-start=\"3264\" data-end=\"3273\">Pozn\u00e1mka:<\/strong> Ak m\u00e1te n\u00edzky krvn\u00fd tlak alebo u\u017e\u00edvate lieky na hypertenziu, pora\u010fte sa s lek\u00e1rom pred pravidelnou konzum\u00e1ciou \u010daju z ibi\u0161teka.<\/p>\n<\/blockquote>\n<h3 data-start=\"3422\" data-end=\"3444\">V\u00fdhody produktu<\/h3>\n<ul data-start=\"3446\" data-end=\"3689\">\n<li data-start=\"3446\" data-end=\"3504\">\n<p data-start=\"3448\" data-end=\"3504\"><strong data-start=\"3451\" data-end=\"3466\">Ingrediencie<\/strong>: 100% Pr\u00edrodn\u00e9 Su\u0161en\u00e9 Okv\u011btn\u00e9 listy ibi\u0161teka<\/p>\n<\/li>\n<li data-start=\"3505\" data-end=\"3542\">\n<p data-start=\"3507\" data-end=\"3542\"><strong data-start=\"3510\" data-end=\"3540\">Bez kofe\u00ednu a bez cukru<\/strong><\/p>\n<\/li>\n<li data-start=\"3543\" data-end=\"3599\">\n<p data-start=\"3545\" data-end=\"3599\"><strong data-start=\"3548\" data-end=\"3597\">Bohat\u00fd na vitam\u00edn C, antioxidanty a polyfenoly<\/strong><\/p>\n<\/li>\n<li data-start=\"3600\" data-end=\"3648\">\n<p data-start=\"3602\" data-end=\"3648\"><strong data-start=\"3605\" data-end=\"3646\">Vhodn\u00fd pre veg\u00e1nov, keto a bez lepku<\/strong><\/p>\n<\/li>\n<li data-start=\"3649\" data-end=\"3689\">\n<p data-start=\"3651\" data-end=\"3689\"><strong data-start=\"3654\" data-end=\"3687\">Bez pr\u00edsad alebo konzervantov<\/strong><\/p>\n<\/li>\n<\/ul>\n<h3 data-start=\"3696\" data-end=\"3728\">Pre\u010do si vybra\u0165 n\u00e1\u0161 \u010daj z ibi\u0161teka?<\/h3>\n<p data-start=\"3730\" data-end=\"4082\">N\u00e1\u0161 pr\u00e9miov\u00fd \u010daj z ibi\u0161teka je z\u00edskan\u00fd z najlep\u0161\u00edch kvetov, starostlivo su\u0161en\u00fd, aby sa zachovali ich \u017eiviny, farba a chu\u0165. Ka\u017ed\u00e1 \u0161\u00e1lka dod\u00e1va nielen chu\u0165, ale aj siln\u00e9 vlastnosti zlep\u0161uj\u00face zdravie. \u010ci u\u017e sa \u010dist\u00edte, hydratujete alebo si jednoducho u\u017e\u00edvate chv\u00ed\u013eu pokoja, \u010daj z ibi\u0161teka je perfektn\u00fdm doplnkom k va\u0161ej dennej wellness rutine.<\/p>\n<p data-start=\"4432\" data-end=\"4556\"><strong data-start=\"4432\" data-end=\"4556\">Za\u010dnite de\u0148 \u0161\u00e1lkou \u017eiariv\u00e9ho \u010daju z ibi\u0161teka a prijmite jeho osvie\u017euj\u00face, podporuj\u00face srdce a posil\u0148uj\u00face imunitu \u00fa\u010dinky.<\/strong><\/p>\n<p style=\"text-align: center;\">\u010eakujeme za n\u00e1kup v <em data-start=\"415\" data-end=\"431\"><a href=\"https:\/\/bazaar.express\/sk\/\">Bazaar Express<\/a><\/em> \u2013 te\u0161\u00edme sa, \u017ee ste u n\u00e1s!<\/p>\n<p style=\"text-align: center;\">Ochutnajte trad\u00edciu s na\u0161ou ru\u010dne vybranou selekciou <a href=\"https:\/\/bazaar.express\/product-category\/egyptian-flavors\/\">Egyptsk\u00fdch chut\u00ed<\/a> a koren\u00edn.<\/p>\n","protected":false},"excerpt":{"rendered":"<h3>\u010caj z ibi\u0161teka je bezkofe\u00ednov\u00fd bylinn\u00fd n\u00e1poj zn\u00e1my svojou v\u00fdraznou farbou a kyslou chu\u0165ou. Pln\u00fd antioxidantov a vitam\u00ednu C, pom\u00e1ha podporova\u0165 zdravie srdca, regulova\u0165 krvn\u00fd tlak, zlep\u0161ova\u0165 metabolizmus a tr\u00e1venie. Vychutnajte si ho hor\u00faci alebo studen\u00fd pre prirodzen\u00fd wellness boost.<\/h3>\n","protected":false},"featured_media":44013,"comment_status":"open","ping_status":"closed","template":"","meta":[],"product_brand":[],"product_cat":[1163,1167],"product_tag":[1667],"class_list":{"0":"post-44011","1":"product","2":"type-product","3":"status-publish","4":"has-post-thumbnail","6":"product_cat-egyptske-chute","7":"product_cat-najlepsie-z-egypta","8":"product_tag-zdravy","9":"pa_l-xl-250gm","11":"first","12":"instock","13":"sale","14":"shipping-taxable","15":"purchasable","16":"product-type-simple"},"_links":{"self":[{"href":"https:\/\/bazaar.express\/sk\/wp-json\/wp\/v2\/product\/44011","targetHints":{"allow":["GET"]}}],"collection":[{"href":"https:\/\/bazaar.express\/sk\/wp-json\/wp\/v2\/product"}],"about":[{"href":"https:\/\/bazaar.express\/sk\/wp-json\/wp\/v2\/types\/product"}],"replies":[{"embeddable":true,"href":"https:\/\/bazaar.express\/sk\/wp-json\/wp\/v2\/comments?post=44011"}],"wp:featuredmedia":[{"embeddable":true,"href":"https:\/\/bazaar.express\/sk\/wp-json\/wp\/v2\/media\/44013"}],"wp:attachment":[{"href":"https:\/\/bazaar.express\/sk\/wp-json\/wp\/v2\/media?parent=44011"}],"wp:term":[{"taxonomy":"product_brand","embeddable":true,"href":"https:\/\/bazaar.express\/sk\/wp-json\/wp\/v2\/product_brand?post=44011"},{"taxonomy":"product_cat","embeddable":true,"href":"https:\/\/bazaar.express\/sk\/wp-json\/wp\/v2\/product_cat?post=44011"},{"taxonomy":"product_tag","embeddable":true,"href":"https:\/\/bazaar.express\/sk\/wp-json\/wp\/v2\/product_tag?post=44011"}],"curies":[{"name":"wp","href":"https:\/\/api.w.org\/{rel}","templated":true}]}}