{"id":44014,"date":"2025-02-16T20:45:59","date_gmt":"2025-02-16T20:45:59","guid":{"rendered":"https:\/\/bazaar.express\/product\/massage-cream\/"},"modified":"2026-02-20T12:52:18","modified_gmt":"2026-02-20T12:52:18","slug":"massage-cream","status":"publish","type":"product","link":"https:\/\/bazaar.express\/sk\/produkt\/massage-cream\/","title":{"rendered":"Mas\u00e1\u017eny kr\u00e9m s tukom z p\u0161trosa"},"content":{"rendered":"<h2 data-start=\"222\" data-end=\"298\">Mas\u00e1\u017eny kr\u00e9m s tukom z p\u0161trosa \u2013 Hlbok\u00e1 \u00fa\u013eava pre svaly, k\u013aby a stres<\/h2>\n<p data-start=\"300\" data-end=\"661\">Za\u017eite hlbok\u00e9 hojenie a prirodzen\u00fa relax\u00e1ciu s na\u0161\u00edm <strong data-start=\"356\" data-end=\"390\">Mas\u00e1\u017enym kr\u00e9mom s tukom z p\u0161trosa<\/strong> \u2013 pr\u00e9miov\u00fdm rie\u0161en\u00edm pre t\u00fdch, ktor\u00ed trpia svalov\u00fdm nap\u00e4t\u00edm, nepohodou k\u013abov alebo fyzick\u00fdm stresom. Obohaten\u00fd o \u010dist\u00fd tuk z p\u0161trosa, tento kr\u00e9m pon\u00faka siln\u00e9 protiz\u00e1palov\u00e9 a regenera\u010dn\u00e9 \u00fa\u010dinky, ide\u00e1lne pre denn\u00e9 pou\u017eitie, regener\u00e1ciu po \u0161porte alebo terapeutick\u00e9 o\u0161etrenie tela.<\/p>\n<h3 data-start=\"663\" data-end=\"701\">Pre\u010do pou\u017e\u00edva\u0165 mas\u00e1\u017eny kr\u00e9m s tukom z p\u0161trosa?<\/h3>\n<ul data-start=\"703\" data-end=\"1402\">\n<li data-start=\"703\" data-end=\"854\">\n<p data-start=\"705\" data-end=\"854\"><strong data-start=\"705\" data-end=\"730\">Efekt\u00edvna \u00fa\u013eava od bolesti<\/strong>: Pom\u00e1ha zni\u017eova\u0165 boles\u0165 a z\u00e1pal v k\u013aboch, svaloch a nervoch \u2013 skvel\u00e9 pre artrit\u00eddu, fibromyalgiu, ischias a \u010fal\u0161ie.<\/p>\n<\/li>\n<li data-start=\"855\" data-end=\"1015\">\n<p data-start=\"857\" data-end=\"1015\"><strong data-start=\"857\" data-end=\"888\">Pr\u00edrodn\u00e9 hojiv\u00e9 ingrediencie<\/strong>: Obsahuje kvalitn\u00fd olej z tuku p\u0161trosa, bohat\u00fd na omega mastn\u00e9 kyseliny, \u010do z neho rob\u00ed siln\u00fd pr\u00edrodn\u00fd liek na chronick\u00e9 nepohodlie.<\/p>\n<\/li>\n<li data-start=\"1016\" data-end=\"1171\">\n<p data-start=\"1018\" data-end=\"1171\"><strong data-start=\"1018\" data-end=\"1049\">R\u00fdchlo sa vstreb\u00e1va a nie je mastn\u00fd<\/strong>: Formula sa r\u00fdchlo vstreb\u00e1va bez toho, aby zanechala lepkav\u00fd alebo mastn\u00fd zvy\u0161ok \u2013 ide\u00e1lne pre mas\u00e1\u017enu terapiu alebo denn\u00e9 pou\u017eitie.<\/p>\n<\/li>\n<li data-start=\"1172\" data-end=\"1278\">\n<p data-start=\"1174\" data-end=\"1278\"><strong data-start=\"1174\" data-end=\"1195\">Bezpe\u010dn\u00e9 pre v\u0161etky vekov\u00e9 skupiny<\/strong>: Jemn\u00e9 dos\u0165 pre seniorov a siln\u00e9 dos\u0165 pre \u0161portovcov alebo akt\u00edvnych jedincov.<\/p>\n<\/li>\n<li data-start=\"1279\" data-end=\"1402\">\n<p data-start=\"1281\" data-end=\"1402\"><strong data-start=\"1281\" data-end=\"1305\">Zlep\u0161uje cirkul\u00e1ciu<\/strong>: Podporuje prekrvenie postihnut\u00fdch oblast\u00ed, \u010do pom\u00e1ha r\u00fdchlej\u0161ej regener\u00e1cii svalov a flexibilite k\u013abov.<\/p>\n<\/li>\n<\/ul>\n<h3 data-start=\"1404\" data-end=\"1444\">Zdravotn\u00e9 benefity kr\u00e9mu s tukom z p\u0161trosa<\/h3>\n<ul data-start=\"1446\" data-end=\"1763\">\n<li data-start=\"1446\" data-end=\"1494\">\n<p data-start=\"1448\" data-end=\"1494\">U\u013eavuje od bolesti chrbta, ramien, krku a kolien<\/p>\n<\/li>\n<li data-start=\"1495\" data-end=\"1539\">\n<p data-start=\"1497\" data-end=\"1539\">Zni\u017euje stuhnutos\u0165 a z\u00e1pal k\u013abov<\/p>\n<\/li>\n<li data-start=\"1540\" data-end=\"1586\">\n<p data-start=\"1542\" data-end=\"1586\">Uvo\u013e\u0148uje bolav\u00e9, unaven\u00e9 svaly po cvi\u010den\u00ed<\/p>\n<\/li>\n<li data-start=\"1587\" data-end=\"1639\">\n<p data-start=\"1589\" data-end=\"1639\">Pom\u00e1ha pri regener\u00e1cii po zraneniach a po tr\u00e9ningu<\/p>\n<\/li>\n<li data-start=\"1640\" data-end=\"1689\">\n<p data-start=\"1642\" data-end=\"1689\">Podporuje celkov\u00fa relax\u00e1ciu a \u00fa\u013eavu od stresu<\/p>\n<\/li>\n<li data-start=\"1690\" data-end=\"1763\">\n<p data-start=\"1692\" data-end=\"1763\">Zm\u00e4kk\u010duje poko\u017eku a zlep\u0161uje jej text\u00faru v\u010faka zvlh\u010duj\u00facim vlastnostiam<\/p>\n<\/li>\n<\/ul>\n<h3 data-start=\"1765\" data-end=\"1793\">Ako pou\u017e\u00edva\u0165 mas\u00e1\u017eny kr\u00e9m<\/h3>\n<ol data-start=\"1795\" data-end=\"2030\">\n<li data-start=\"1795\" data-end=\"1853\">\n<p data-start=\"1798\" data-end=\"1853\">Aplikujte mal\u00e9 mno\u017estvo kr\u00e9mu na postihnut\u00fa oblas\u0165.<\/p>\n<\/li>\n<li data-start=\"1854\" data-end=\"1930\">\n<p data-start=\"1857\" data-end=\"1930\">Jemne mas\u00edrujte kruhov\u00fdmi pohybmi 5-10 min\u00fat, k\u00fdm sa plne nevstreb\u00e1.<\/p>\n<\/li>\n<li data-start=\"1931\" data-end=\"1967\">\n<p data-start=\"1934\" data-end=\"1967\">Pou\u017e\u00edvajte dvakr\u00e1t denne pre najlep\u0161ie v\u00fdsledky.<\/p>\n<\/li>\n<li data-start=\"1968\" data-end=\"2030\">\n<p data-start=\"1971\" data-end=\"2030\">Pre hlb\u0161iu \u00fa\u013eavu aplikujte po teplom sprchovan\u00ed alebo pred span\u00edm.<\/p>\n<\/li>\n<\/ol>\n<p data-start=\"2032\" data-end=\"2116\">Ide\u00e1lne na pou\u017eitie v profesion\u00e1lnych terapeutick\u00fdch sedeniach, regener\u00e1cii po \u0161porte alebo dom\u00e1cich mas\u00e1\u017each.<\/p>\n<h3 data-start=\"2118\" data-end=\"2136\">Pre koho je ur\u010den\u00fd?<\/h3>\n<ul data-start=\"2138\" data-end=\"2350\">\n<li data-start=\"2138\" data-end=\"2177\">\n<p data-start=\"2140\" data-end=\"2177\">\u013dudia s artrit\u00eddou alebo boles\u0165ou k\u013abov<\/p>\n<\/li>\n<li data-start=\"2178\" data-end=\"2222\">\n<p data-start=\"2180\" data-end=\"2222\">\u0160portovci so svalov\u00fdm nap\u00e4t\u00edm alebo stuhnutos\u0165ou<\/p>\n<\/li>\n<li data-start=\"2223\" data-end=\"2280\">\n<p data-start=\"2225\" data-end=\"2280\">Seniori potrebuj\u00faci pr\u00edrodn\u00fa \u00fa\u013eavu od chronick\u00fdch stavov<\/p>\n<\/li>\n<li data-start=\"2281\" data-end=\"2350\">\n<p data-start=\"2283\" data-end=\"2350\">Ktoko\u013evek h\u013eadaj\u00faci pr\u00edrodn\u00fa alternat\u00edvu k chemick\u00fdm kr\u00e9mom na \u00fa\u013eavu od bolesti<\/p>\n<\/li>\n<\/ul>\n<h3 data-start=\"2352\" data-end=\"2372\">Vlastnosti produktu<\/h3>\n<ul data-start=\"2374\" data-end=\"2516\">\n<li data-start=\"2374\" data-end=\"2388\">\n<p data-start=\"2376\" data-end=\"2388\">Ve\u013ekos\u0165: 145g<\/p>\n<\/li>\n<li data-start=\"2389\" data-end=\"2406\">\n<p data-start=\"2391\" data-end=\"2406\">Vyroben\u00e9 v Egypte<\/p>\n<\/li>\n<li data-start=\"2407\" data-end=\"2443\">\n<p data-start=\"2409\" data-end=\"2443\">K\u013e\u00fa\u010dov\u00e1 ingrediencia: \u010cist\u00fd tuk z p\u0161trosa<\/p>\n<\/li>\n<li data-start=\"2444\" data-end=\"2465\">\n<p data-start=\"2446\" data-end=\"2465\">Pou\u017eitie len navonok<\/p>\n<\/li>\n<li data-start=\"2466\" data-end=\"2516\">\n<p data-start=\"2468\" data-end=\"2516\">Bez syntetick\u00fdch pr\u00edsad alebo drsn\u00fdch chemik\u00e1li\u00ed<\/p>\n<\/li>\n<\/ul>\n<p>&nbsp;<\/p>\n<p data-start=\"2714\" data-end=\"2855\"><strong data-start=\"2714\" data-end=\"2855\">U\u017e\u00edvajte si r\u00fdchlej\u0161iu regener\u00e1ciu, lep\u0161iu pohyblivos\u0165 a \u00fapln\u00fa relax\u00e1ciu tela. <\/strong><\/p>\n<p data-start=\"2714\" data-end=\"2855\"><strong data-start=\"2714\" data-end=\"2855\">Objednajte si dnes mas\u00e1\u017eny kr\u00e9m s tukom z p\u0161trosa a poc\u00ed\u0165te rozdiel!<\/strong><\/p>\n<p style=\"text-align: center;\">\u010eakujeme za n\u00e1kup v <em data-start=\"415\" data-end=\"431\"><a href=\"https:\/\/bazaar.express\/sk\/\">Bazaar Express<\/a><\/em> \u2013 te\u0161\u00edme sa na v\u00e1s!<\/p>\n<p style=\"text-align: center;\">Va\u0161a cesta k lep\u0161ej starostlivosti o seba za\u010d\u00edna tu \u2013 s <a href=\"https:\/\/bazaar.express\/product-category\/beauty-care\/\">Beauty &#038; Care<\/a>, na ktor\u00fa sa m\u00f4\u017eete spo\u013eahn\u00fa\u0165.<\/p>\n","protected":false},"excerpt":{"rendered":"<h3 data-start=\"522\" data-end=\"803\">Objavte hojiv\u00fa silu <strong data-start=\"552\" data-end=\"586\">Mas\u00e1\u017eneho kr\u00e9mu s tukom z p\u0161trosa<\/strong>, prirodzen\u00e9ho rie\u0161enia pre svalov\u00e9 nap\u00e4tie, boles\u0165 k\u013abov a \u00fa\u013eavu od stresu. Tento r\u00fdchlo sa vstreb\u00e1vaj\u00faci kr\u00e9m poskytuje hlbok\u00fa hydrat\u00e1ciu a terapeutick\u00e9 benefity, \u010do ho rob\u00ed ide\u00e1lnym pre denn\u00e9 pou\u017eitie, regener\u00e1ciu po \u0161porte a fyzioterapiu.<\/h3>\n","protected":false},"featured_media":44016,"comment_status":"open","ping_status":"closed","template":"","meta":[],"product_brand":[],"product_cat":[1160],"product_tag":[1660,1652,1653,1654],"class_list":{"0":"post-44014","1":"product","2":"type-product","3":"status-publish","4":"has-post-thumbnail","6":"product_cat-starostlivost-o-krasu","7":"product_tag-masaz","8":"product_tag-olej","9":"product_tag-prirodny-olej","10":"product_tag-starostlivost-o-plet","12":"first","13":"instock","14":"sale","15":"shipping-taxable","16":"purchasable","17":"product-type-simple"},"_links":{"self":[{"href":"https:\/\/bazaar.express\/sk\/wp-json\/wp\/v2\/product\/44014","targetHints":{"allow":["GET"]}}],"collection":[{"href":"https:\/\/bazaar.express\/sk\/wp-json\/wp\/v2\/product"}],"about":[{"href":"https:\/\/bazaar.express\/sk\/wp-json\/wp\/v2\/types\/product"}],"replies":[{"embeddable":true,"href":"https:\/\/bazaar.express\/sk\/wp-json\/wp\/v2\/comments?post=44014"}],"wp:featuredmedia":[{"embeddable":true,"href":"https:\/\/bazaar.express\/sk\/wp-json\/wp\/v2\/media\/44016"}],"wp:attachment":[{"href":"https:\/\/bazaar.express\/sk\/wp-json\/wp\/v2\/media?parent=44014"}],"wp:term":[{"taxonomy":"product_brand","embeddable":true,"href":"https:\/\/bazaar.express\/sk\/wp-json\/wp\/v2\/product_brand?post=44014"},{"taxonomy":"product_cat","embeddable":true,"href":"https:\/\/bazaar.express\/sk\/wp-json\/wp\/v2\/product_cat?post=44014"},{"taxonomy":"product_tag","embeddable":true,"href":"https:\/\/bazaar.express\/sk\/wp-json\/wp\/v2\/product_tag?post=44014"}],"curies":[{"name":"wp","href":"https:\/\/api.w.org\/{rel}","templated":true}]}}